{"id":14496,"date":"2021-03-21T14:37:39","date_gmt":"2021-03-21T12:37:39","guid":{"rendered":"https:\/\/www.infozdrave.com\/vrashtane-i-zamyana\/"},"modified":"2023-11-03T10:57:14","modified_gmt":"2023-11-03T08:57:14","slug":"vrashtane-i-zamyana","status":"publish","type":"page","link":"https:\/\/www.infozdrave.com\/ro\/vrashtane-i-zamyana\/","title":{"rendered":"Returul m\u0103rfurilor"},"content":{"rendered":"\n<ul class=\"wp-block-list\" id=\"yui_3_12_0_1_1690449091425_386\">\n<li>Fiecare consumator are dreptul de a returna bunurile comandate \u00een termen de 14 zile lucr\u0103toare de la primire \u0219i dac\u0103 bunurile \u00eendeplinesc urm\u0103toarele condi\u021bii:<\/li>\n\n\n\n<li>f\u0103r\u0103 deterior\u0103ri mecanice;<\/li>\n\n\n\n<li>are ambalajul original, inclusiv toate foliile de nailon de protec\u021bie \u0219i alte materiale utilizate pentru ambalarea produsului, precum \u0219i un aspect comercial impecabil;<\/li>\n\n\n\n<li>este \u00eenso\u021bit de cardul de garan\u021bie ata\u0219at, documentele \u00eenso\u021bitoare \u0219i accesoriile cu care a fost primit.<\/li>\n\n\n\n<li>Cump\u0103r\u0103torul trebuie s\u0103 contacteze operatorul prin telefon 0899 973 924 \u0219i s\u0103 notifice refuzul acestuia. Ne angaj\u0103m s\u0103 restituim suma pl\u0103tit\u0103 pentru bunuri \u00een termen de 7 zile lucr\u0103toare de la data la care a fost primit\u0103 \u00eenapoi sau s\u0103 o \u00eenlocuim. Rambursarea se face prin ramburs la momentul primirii bunurilor returnate sau prin transfer bancar dup\u0103 primirea expedierii.<\/li>\n\n\n\n<li>Dac\u0103 dori\u021bi, produsul pe care dori\u021bi s\u0103 \u00eel returna\u021bi poate fi schimbat cu altul sau cu al\u021bii de aceea\u0219i valoare.<\/li>\n\n\n\n<li>La \u00eentoarcerea la produs, trebuie s\u0103 ne trimite\u021bi bunurile primite cu toate documentele, garan\u021biile \u0219i altele ata\u0219ate acestuia. Fi\u0219ierul trebuie trimis cu o op\u021biune de previzualizare. V\u0103 rug\u0103m s\u0103 re\u021bine\u021bi c\u0103 chitan\u021ba pe care o ve\u021bi primi de la grefier, ca dovad\u0103 a pl\u0103\u021bii trimise c\u0103tre noi, poate fi necesar\u0103 pentru referin\u021b\u0103.<\/li>\n\n\n\n<li>Dac\u0103 crede\u021bi c\u0103 vi s-au \u00eenc\u0103lcat drepturile de consum, pute\u021bi consulta Comisia pentru protec\u021bia consumatorilor, adresa: Str. Vrabcha 1, Fl. 3,4 \u0219i 5 \u0219i tel. 0700 111 22.<\/li>\n\n\n\n<li>V\u0103 rug\u0103m s\u0103 completa\u021bi <a href=\"https:\/\/www.infozdrave.com\/wp-content\/uploads\/2023\/11\/Reklamacia.docx\" data-type=\"link\" data-id=\"https:\/\/www.infozdrave.com\/wp-content\/uploads\/2023\/11\/Reklamacia.docx\"><mark style=\"background-color:rgba(0, 0, 0, 0)\" class=\"has-inline-color has-vivid-red-color\">formularul de reclama\u021bie<\/mark><\/a>.<\/li>\n<\/ul>\n","protected":false},"excerpt":{"rendered":"","protected":false},"author":2,"featured_media":0,"parent":0,"menu_order":0,"comment_status":"closed","ping_status":"closed","template":"","meta":{"_acf_changed":false,"_seopress_robots_primary_cat":"","_seopress_titles_title":"","_seopress_titles_desc":"","_seopress_robots_index":"","footnotes":""},"class_list":["post-14496","page","type-page","status-publish"],"acf":[],"_links":{"self":[{"href":"https:\/\/www.infozdrave.com\/ro\/wp-json\/wp\/v2\/pages\/14496","targetHints":{"allow":["GET"]}}],"collection":[{"href":"https:\/\/www.infozdrave.com\/ro\/wp-json\/wp\/v2\/pages"}],"about":[{"href":"https:\/\/www.infozdrave.com\/ro\/wp-json\/wp\/v2\/types\/page"}],"author":[{"embeddable":true,"href":"https:\/\/www.infozdrave.com\/ro\/wp-json\/wp\/v2\/users\/2"}],"replies":[{"embeddable":true,"href":"https:\/\/www.infozdrave.com\/ro\/wp-json\/wp\/v2\/comments?post=14496"}],"version-history":[{"count":3,"href":"https:\/\/www.infozdrave.com\/ro\/wp-json\/wp\/v2\/pages\/14496\/revisions"}],"predecessor-version":[{"id":17739,"href":"https:\/\/www.infozdrave.com\/ro\/wp-json\/wp\/v2\/pages\/14496\/revisions\/17739"}],"wp:attachment":[{"href":"https:\/\/www.infozdrave.com\/ro\/wp-json\/wp\/v2\/media?parent=14496"}],"curies":[{"name":"wp","href":"https:\/\/api.w.org\/{rel}","templated":true}]}}