{"id":14509,"date":"2021-03-21T14:49:47","date_gmt":"2021-03-21T12:49:47","guid":{"rendered":"https:\/\/www.infozdrave.com\/za-nas\/"},"modified":"2023-07-27T13:04:07","modified_gmt":"2023-07-27T10:04:07","slug":"za-nas","status":"publish","type":"page","link":"https:\/\/www.infozdrave.com\/ro\/za-nas\/","title":{"rendered":"Despre noi"},"content":{"rendered":"\n<p>Suntem o echip\u0103 care selecteaz\u0103 cu aten\u021bie bunurile pe care le ofer\u0103 \u0219i alege cele mai bune de pe pia\u021b\u0103 cu \u00eengrijirea s\u0103n\u0103t\u0103\u021bii. Suntem consumatori ai produselor noastre, ceea ce demonstreaz\u0103 calitatea lor. Oferim cele mai bune pre\u021buri, promo\u021bii lunare constante, men\u021binem pe site echipamente de garan\u021bie \u0219i f\u0103r\u0103 garan\u021bie.<\/p>\n\n\n\n<p>Trat\u0103m clien\u021bii cu grij\u0103 \u0219i v\u0103 sf\u0103tuim cu privire la cea mai bun\u0103 alegere.<\/p>\n\n\n\n<p><\/p>\n\n\n\n<p><\/p>\n\n\n\n<p><\/p>\n\n\n\n<iframe src=\"https:\/\/www.google.com\/maps\/embed?pb=!1m18!1m12!1m3!1d23459.161692935948!2d23.305848892278075!3d42.69535181659867!2m3!1f0!2f0!3f0!3m2!1i1024!2i768!4f13.1!3m3!1m2!1s0x40aa856dd1517c85%3A0xffb5a61b370ddfaa!2sSofia%20Center%2C%20Sofia!5e0!3m2!1sen!2sbg!4v1655464967319!5m2!1sen!2sbg\" width=\"100%\" height=\"450\" style=\"border:0;\" allowfullscreen=\"\" loading=\"lazy\" referrerpolicy=\"no-referrer-when-downgrade\"><\/iframe>\n","protected":false},"excerpt":{"rendered":"<p>Suntem o echip\u0103 care selecteaz\u0103 cu aten\u021bie bunurile pe care le ofer\u0103 \u0219i alege cele mai bune de pe pia\u021b\u0103 [&hellip;]<\/p>\n","protected":false},"author":2,"featured_media":0,"parent":0,"menu_order":0,"comment_status":"closed","ping_status":"closed","template":"","meta":{"_acf_changed":false,"_seopress_robots_primary_cat":"","_seopress_titles_title":"","_seopress_titles_desc":"","_seopress_robots_index":"","footnotes":""},"class_list":["post-14509","page","type-page","status-publish"],"acf":[],"_links":{"self":[{"href":"https:\/\/www.infozdrave.com\/ro\/wp-json\/wp\/v2\/pages\/14509","targetHints":{"allow":["GET"]}}],"collection":[{"href":"https:\/\/www.infozdrave.com\/ro\/wp-json\/wp\/v2\/pages"}],"about":[{"href":"https:\/\/www.infozdrave.com\/ro\/wp-json\/wp\/v2\/types\/page"}],"author":[{"embeddable":true,"href":"https:\/\/www.infozdrave.com\/ro\/wp-json\/wp\/v2\/users\/2"}],"replies":[{"embeddable":true,"href":"https:\/\/www.infozdrave.com\/ro\/wp-json\/wp\/v2\/comments?post=14509"}],"version-history":[{"count":2,"href":"https:\/\/www.infozdrave.com\/ro\/wp-json\/wp\/v2\/pages\/14509\/revisions"}],"predecessor-version":[{"id":14515,"href":"https:\/\/www.infozdrave.com\/ro\/wp-json\/wp\/v2\/pages\/14509\/revisions\/14515"}],"wp:attachment":[{"href":"https:\/\/www.infozdrave.com\/ro\/wp-json\/wp\/v2\/media?parent=14509"}],"curies":[{"name":"wp","href":"https:\/\/api.w.org\/{rel}","templated":true}]}}