{"id":14534,"date":"2021-02-16T17:11:45","date_gmt":"2021-02-16T15:11:45","guid":{"rendered":"https:\/\/www.infozdrave.com\/lichni-danni\/"},"modified":"2023-07-28T10:38:52","modified_gmt":"2023-07-28T07:38:52","slug":"lichni-danni","status":"publish","type":"page","link":"https:\/\/www.infozdrave.com\/ro\/lichni-danni\/","title":{"rendered":"Politica de confiden\u021bialitate"},"content":{"rendered":"\n<h2 class=\"wp-block-heading\">Protec\u021bie a vie\u021bii private<\/h2>\n\n\n\n<p>Dragi clien\u021bi, pentru a utiliza serviciile furnizate de magazinul online www.infozdrave.com, v\u0103 furniza\u021bi datele personale.<\/p>\n\n\n\n<p>Le furniza\u021bi atunci c\u00e2nd completa\u021bi formularul de \u00eenregistrare \u0219i, de asemenea, la achizi\u021bionarea oric\u0103rui produs. Datele cu caracter personal sunt prelucrate de Impulse 777 Ltd., UIC&nbsp;201340405, cu sediul social \u0219i adresa: Dimitrovgrad, Bulevardul Bulgaria, Republica Bulgaria, reprezentat\u0103 de Veneta Pavlova Ivanova, \u00een calitate de administrator de date cu caracter personal.<\/p>\n\n\n\n<p>Veneta Pavlova Ivanova este, de asemenea, responsabil cu protec\u021bia datelor. Pentru a o contacta, v\u0103 rug\u0103m s\u0103 utiliza\u021bi urm\u0103toarele detalii de contact:<\/p>\n\n\n\n<p>E-mail:&nbsp;office@infozdrave.com<\/p>\n\n\n\n<p>Num\u0103r de telefon mobil: +359 876 977 880<\/p>\n\n\n\n<p>Datele dvs. personale sunt procesate pentru \u00eenregistrarea \u0219i \u00eentre\u021binerea profilului unui client \u00een magazinul online www.infozdrave.com \u0219i pentru procesarea \u0219i executarea comenzii dvs. de m\u0103rfuri. \u00cen acest scop, datele vor fi stocate p\u00e2n\u0103 la expirarea perioadei de garan\u021bie pentru produsele de garan\u021bie achizi\u021bionate \u0219i pentru restul - p\u00e2n\u0103 la 3 luni.<\/p>\n\n\n\n<p>V\u0103 garant\u0103m protec\u021bia complet\u0103 a datelor cu caracter personal. Informa\u021biile personale ale fiec\u0103rui utilizator nu vor fi publicate nic\u0103ieri \u0219i din niciun motiv.<\/p>\n\n\n\n<p><strong>Ter\u021be p\u0103r\u021bi cu acces la date:<\/strong><\/p>\n\n\n\n<p>Marfa este livrat\u0103 de o companie de curierat Speedy. V\u0103 oferim datele dvs. personale astfel \u00eenc\u00e2t acestea s\u0103 poat\u0103 livra bunurile cump\u0103rate la adresa dorit\u0103.<\/p>\n\n\n\n<p>Putem atribui unor exper\u021bi externi s\u0103 proceseze datele dvs. personale \u00een scopuri contabile \u0219i s\u0103 emit\u0103 facturi electronice, asigur\u00e2ndu-le protec\u021bia \u0219i prelucrarea legal\u0103.<\/p>\n\n\n\n<p><strong>Drepturile tale:<\/strong><\/p>\n\n\n\n<p>V\u0103 pute\u021bi exercita dreptul de a accesa, corecta sau \u0219terge datele dvs. personale, precum \u0219i dreptul de a restric\u021biona prelucrarea prin trimiterea unei cereri respective, utiliz\u00e2nd formularul de contact.<\/p>\n\n\n\n<p>Utilizatorii site-ului web sunt singurii responsabili pentru protejarea numelui de utilizator \u0219i a parolei, precum \u0219i pentru toate ac\u021biunile efectuate de ace\u0219tia sau de o ter\u021b\u0103 parte autorizat\u0103 de ace\u0219tia.<\/p>\n\n\n\n<p>De asemenea, ave\u021bi dreptul de a depune o reclama\u021bie la Comisia pentru protec\u021bia datelor cu caracter personal pentru prelucrarea ilegal\u0103 a datelor dumneavoastr\u0103 cu caracter personal.<\/p>\n","protected":false},"excerpt":{"rendered":"<p>Protec\u021bie a vie\u021bii private Dragi clien\u021bi, pentru a utiliza serviciile furnizate de magazinul online www.infozdrave.com, v\u0103 furniza\u021bi datele personale. Le [&hellip;]<\/p>\n","protected":false},"author":1,"featured_media":0,"parent":0,"menu_order":0,"comment_status":"closed","ping_status":"open","template":"","meta":{"_acf_changed":false,"_seopress_robots_primary_cat":"","_seopress_titles_title":"","_seopress_titles_desc":"","_seopress_robots_index":"yes","footnotes":""},"class_list":["post-14534","page","type-page","status-publish"],"acf":[],"_links":{"self":[{"href":"https:\/\/www.infozdrave.com\/ro\/wp-json\/wp\/v2\/pages\/14534","targetHints":{"allow":["GET"]}}],"collection":[{"href":"https:\/\/www.infozdrave.com\/ro\/wp-json\/wp\/v2\/pages"}],"about":[{"href":"https:\/\/www.infozdrave.com\/ro\/wp-json\/wp\/v2\/types\/page"}],"author":[{"embeddable":true,"href":"https:\/\/www.infozdrave.com\/ro\/wp-json\/wp\/v2\/users\/1"}],"replies":[{"embeddable":true,"href":"https:\/\/www.infozdrave.com\/ro\/wp-json\/wp\/v2\/comments?post=14534"}],"version-history":[{"count":2,"href":"https:\/\/www.infozdrave.com\/ro\/wp-json\/wp\/v2\/pages\/14534\/revisions"}],"predecessor-version":[{"id":14543,"href":"https:\/\/www.infozdrave.com\/ro\/wp-json\/wp\/v2\/pages\/14534\/revisions\/14543"}],"wp:attachment":[{"href":"https:\/\/www.infozdrave.com\/ro\/wp-json\/wp\/v2\/media?parent=14534"}],"curies":[{"name":"wp","href":"https:\/\/api.w.org\/{rel}","templated":true}]}}