{"id":14557,"date":"2021-03-21T14:52:21","date_gmt":"2021-03-21T12:52:21","guid":{"rendered":"https:\/\/www.infozdrave.com\/uslovia-za-polzvane\/"},"modified":"2023-11-03T12:00:55","modified_gmt":"2023-11-03T10:00:55","slug":"uslovia-za-polzvane","status":"publish","type":"page","link":"https:\/\/www.infozdrave.com\/ro\/uslovia-za-polzvane\/","title":{"rendered":"Termeni \u0219i condi\u021bii"},"content":{"rendered":"\n<p>V\u0103 rug\u0103m s\u0103 citi\u021bi cu aten\u021bie acest text. Reprezint\u0103 un acord \u00eentre dvs. \u0219i www.infozdrave.com \u0219i indic\u0103 condi\u021biile \u00een care pute\u021bi utiliza site-ul, precum \u0219i obliga\u021biile noastre fa\u021b\u0103 de dvs.<\/p>\n\n\n\n<p>Prin achizi\u021bionarea oric\u0103rui produs din magazinul online www.infozdrave.com sunte\u021bi de acord cu ace\u0219ti Termeni de utilizare.<\/p>\n\n\n\n<h2 class=\"wp-block-heading\"><strong>1.&nbsp;Comerciant, adresa comerciantului.<\/strong><\/h2>\n\n\n\n<p>Comerciant este Proton 7 Ltd, cu\u00a0IBAN\u00a0BG\u00a089\u00a0CECB\u00a09790 10J1 0243 00, BIC CECBBGSF. Adresa de \u00eenregistrare este Sofia, 40 Pop Bogomil Str., Reprezentan\u021b\u0103 \u00een Sofia, Studentski grad. Fara inregistrare in TVA.<\/p>\n\n\n\n<h2 class=\"wp-block-heading\"><strong>2. Protec\u021bia datelor cu caracter personal. Politica de confiden\u021bialitate<\/strong><strong>.<\/strong><\/h2>\n\n\n\n<p>Dragi clien\u021bi, pentru a utiliza serviciile furnizate de magazinul online www.infozdrave.com, v\u0103 furniza\u021bi datele personale.<\/p>\n\n\n\n<p>Ne le furniza\u021bi atunci c\u00e2nd completa\u021bi formularul de \u00eenregistrare \u0219i, de asemenea, la achizi\u021bionarea oric\u0103rui produs. Datele cu caracter personal sunt prelucrate de Proton 7 Ltd., UIC\u00a0206831669, cu sediul principal \u0219i adresa conducerii: Sofia, 40 Pop Bogomil Str, Republica Bulgaria, reprezentat\u0103 de Veneta Pavlova Ivanova, \u00een calitate de administrator de date cu caracter personal.<\/p>\n\n\n\n<p>Veneta Pavlova Ivanova este, de asemenea, responsabil cu protec\u021bia datelor. Pentru a o contacta, v\u0103 rug\u0103m s\u0103 utiliza\u021bi urm\u0103toarele detalii de contact:<\/p>\n\n\n\n<p>E-mail:&nbsp;office@infozdrave.com<\/p>\n\n\n\n<p>Num\u0103r de telefon mobil: +359 876 977 880<\/p>\n\n\n\n<p>Datele dvs. personale sunt procesate pentru \u00eenregistrarea \u0219i \u00eentre\u021binerea profilului unui client \u00een magazinul online&nbsp;<a href=\"http:\/\/www.infozdrave.com\/\">www.infozdrave.com<\/a>&nbsp;\u0219i pentru procesarea \u0219i executarea comenzii dvs. de m\u0103rfuri. \u00cen acest scop, datele vor fi stocate p\u00e2n\u0103 la expirarea perioadei de garan\u021bie pentru produsele de garan\u021bie achizi\u021bionate \u0219i pentru restul - p\u00e2n\u0103 la 3 luni.<\/p>\n\n\n\n<p>V\u0103 garant\u0103m protec\u021bia complet\u0103 a datelor cu caracter personal. Informa\u021biile personale ale fiec\u0103rui utilizator nu vor fi publicate nic\u0103ieri \u0219i din niciun motiv.<\/p>\n\n\n\n<p><strong>Third parties with access to the data:<\/strong><\/p>\n\n\n\n<p>The goods are delivered by a courier company Speedy. We provide your personal data to them so that they can deliver the purchased goods to your desired address.<\/p>\n\n\n\n<p>We may assign to external experts to process your personal data for accounting purposes and to issue electronic invoices by ensuring their protection and lawful processing.<\/p>\n\n\n\n<p><strong>Your rights:<\/strong><\/p>\n\n\n\n<p>You may exercise your right to access, correct or delete your personal data, as well as your right to restrict the processing by submitting a respective application, by using the contact form.<\/p>\n\n\n\n<p>Users of the website are solely responsible for protecting their username and password, as well as for all actions performed by them or by a third party authorized by them.<\/p>\n\n\n\n<p>You also have the right to file a complaint with the Personal Data Protection Commission for unlawful processing of your personal data.<\/p>\n\n\n\n<h2 class=\"wp-block-heading\"><strong>3.&nbsp;Pre\u021burile m\u0103rfurilor<\/strong><strong>.<\/strong><\/h2>\n\n\n\n<p>Pre\u021bul specificat pentru fiecare articol este definitiv \u0219i este pentru 1 articol. Pre\u021burile sunt \u00een euro. Valoarea livr\u0103rii nu este inclus\u0103 \u00een pre\u021bul produselor \u0219i se determin\u0103 \u00een conformitate cu tarifele companiilor de curierat. Dac\u0103 sunte\u021bi comerciant, pute\u021bi profita de pre\u021burile distribuitorului. Vom emite o factur\u0103 simplificat\u0103.<\/p>\n\n\n\n<p>La achizi\u021bionarea a peste \u20ac80 EUR, expedierea este pe cheltuiala noastr\u0103.<\/p>\n\n\n\n<p><strong>4.&nbsp;Modificarea pre\u021burilor<\/strong><strong>.<\/strong><\/p>\n\n\n\n<p>infozdrave.com are dreptul de a modifica pre\u021burile produselor oferite pe site f\u0103r\u0103 a anun\u021ba \u00een prealabil utilizatorii. Fiecare client al magazinului online este obligat s\u0103 pl\u0103teasc\u0103 pre\u021bul actual la momentul semn\u0103rii contractului, \u00een conformitate cu ace\u0219ti Termeni \u0219i Condi\u021bii Generale.<\/p>\n\n\n\n<h2 class=\"wp-block-heading\"><strong>5.&nbsp;Ordin<\/strong><strong>.<\/strong><\/h2>\n\n\n\n<p id=\"yui_3_12_0_1_1690530857081_386\">Pute\u021bi comanda utiliz\u00e2nd butonul \u201eCump\u0103ra\u021bi\u201d, precum \u0219i prin telefon: +359 876 977 880 sau prin e-mail: office@infozdrave.com.<\/p>\n\n\n\n<p>Pasul 1 - Informa\u021bii despre livrare<br>C\u00e2nd utiliza\u021bi butonul \u201eCump\u0103ra\u021bi\u201d, completa\u021bi formularul cu informa\u021bii despre livrare. Aceste informa\u021bii sunt necesare pentru compania de curierat care va livra marfa la adresa sau la biroul dvs. De asemenea, pute\u021bi plasa o comand\u0103 prin e-mail:&nbsp;office@infozdrave.com sau prin telefon: +359 876977880.<\/p>\n\n\n\n<p>Important: c\u00e2nd specifica\u021bi o adres\u0103 de livrare, asigura\u021bi-v\u0103 c\u0103 \u00een ziua lucr\u0103toare \u00een care urmeaz\u0103 s\u0103 fie livrate bunurile, dumneavoastr\u0103 sau o alt\u0103 persoan\u0103 pe care a\u021bi autorizat s\u0103 o lua\u021bi, sunte\u021bi prezen\u021bi la adresa respectiv\u0103.<\/p>\n\n\n\n<p>Pasul 2 - C\u00e2nd comanda\u021bi prin telefon, ve\u021bi stabili metoda de livrare \u0219i ziua primirii. Dac\u0103 comanda\u021bi prin butonul \u201eCump\u0103ra\u021bi\u201d sau prin e-mail, ve\u021bi primi o scrisoare de confirmare pentru o comand\u0103 primit\u0103.<\/p>\n\n\n\n<h2 class=\"wp-block-heading\"><strong>6.&nbsp;Metode de plata<\/strong><strong>.<\/strong><\/h2>\n\n\n\n<p>Plata se face \u00een numerar la primirea bunurilor. Punem op\u021biunea \u201eRevizuire\u201d \u0219i, dac\u0103 este necesar, \u201eTest\u201d. Pute\u021bi efectua un transfer bancar. Cont:<\/p>\n\n\n\n<p>Proton 7 Ltd.<\/p>\n\n\n\n<p>Banca Central\u0103 Cooperativ\u0103<\/p>\n\n\n\n<p>IBAN&nbsp;BG&nbsp;89&nbsp;CECB&nbsp;9790 10J1 0243 00<\/p>\n\n\n\n<p>BIC CECBBGSF<\/p>\n\n\n\n<h2 class=\"wp-block-heading\"><strong>7.&nbsp;Livrarea bunurilor<\/strong><strong>.<\/strong><\/h2>\n\n\n\n<p>Livr\u0103rile se efectueaz\u0103 de c\u0103tre o companie de curierat Speedy.<\/p>\n\n\n\n<p>Dac\u0103 dori\u021bi o livrare cu o companie de curierat pe care a\u021bi specificat-o, expedierea se face de la adresa depozitului nostru.<\/p>\n\n\n\n<p>Livrarea are loc \u00een 4-5 zile pentru \u021b\u0103rile din Europa.<\/p>\n\n\n\n<p>Livrarea bunurilor se face pe cheltuiala destinatarului, pentru \u021b\u0103ri diferite de Bulgaria, conform tarifelor curierului respectiv.<\/p>\n\n\n\n<p>To\u021bi cei care achizi\u021bioneaz\u0103 bunuri cu peste 360 EUR primesc un voucher pentru cump\u0103r\u0103turi gratuite \u00een valoare de 20 EUR EUR.<\/p>\n\n\n\n<h2 class=\"wp-block-heading\"><strong>8.&nbsp;Returul m\u0103rfurilor<\/strong><strong>.<\/strong><\/h2>\n\n\n\n<p>Fiecare utilizator are dreptul de a returna bunurile comandate \u00een termen de 14 zile lucr\u0103toare de la primire \u0219i dac\u0103 produsul \u00eendepline\u0219te urm\u0103toarele condi\u021bii:<\/p>\n\n\n\n<p>- Nu exist\u0103 deterior\u0103ri mecanice;<\/p>\n\n\n\n<p>- Are ambalajul s\u0103u original, incluz\u00e2nd toate foliile de protec\u021bie din nailon \u0219i alte materiale utilizate la \u00eenf\u0103\u0219urarea produsului, precum \u0219i un aspect comercial impecabil;<\/p>\n\n\n\n<p>- Este \u00eenso\u021bit de cardul de garan\u021bie ata\u0219at, documentele \u00eenso\u021bitoare \u0219i accesoriile cu care a fost primit.<\/p>\n\n\n\n<p>Cump\u0103r\u0103torul trebuie s\u0103 contacteze un operator la num\u0103rul 0876977880 \u0219i s\u0103 raporteze refuzul acestuia. Ne angaj\u0103m s\u0103 ramburs\u0103m suma pl\u0103tit\u0103 pentru produs \u00een termen de 7 zile lucr\u0103toare de la data primirii \u00eenapoi sau s\u0103 \u00eel \u00eenlocuim. Costul transportului este pe cheltuiala cump\u0103r\u0103torului.<\/p>\n\n\n\n<p>Compania ofer\u0103 servicii de garan\u021bie, iar pentru unele produse, de asemenea, \u00een afara serviciului de garan\u021bie. Acest lucru este indicat \u00een descrierea produsului respectiv.<\/p>\n\n\n\n<p>&nbsp;<strong>9.&nbsp;Contacta\u021bi-ne<\/strong><strong>.<\/strong><\/p>\n\n\n\n<p>Ne pute\u021bi contacta pentru informa\u021bii despre produsele oferite, termenele de comand\u0103 \u0219i livrare \u0219i pentru a verifica starea comenzii dumneavoastr\u0103. Ve\u021bi primi informa\u021biile care v\u0103 intereseaz\u0103 at\u00e2ta timp c\u00e2t sunt de competen\u021ba noastr\u0103, indiferent dac\u0103 ne contacta\u021bi prin e-mail sau telefonic. Costurile telefonice pe care le face\u021bi apel\u00e2nd: +359 876977880 sunt pe cheltuiala dvs. conform planului dvs. tarifar. Ne pute\u021bi scrie folosind adresa de e-mail: office@infozdrave.com.<\/p>\n\n\n\n<h2 class=\"wp-block-heading\"><strong>10.&nbsp;Responsabilit\u0103\u021bi<\/strong><strong>.<\/strong><\/h2>\n\n\n\n<p>Prin utilizarea serviciilor oferite de infozdrave.com, sunte\u021bi de acord c\u0103 utilizarea produselor oferite pe site este pe propriul risc.<\/p>\n\n\n\n<h2 class=\"wp-block-heading\"><strong>11.&nbsp;Drepturile site-ului<\/strong><strong>.<\/strong><\/h2>\n\n\n\n<p>\u00centregul con\u021binut al site-ului este de\u021binut de Proton 7 Ltd. Este conceput pentru a ajuta clien\u021bii no\u0219tri s\u0103 profite la maximum de bunurile pe care le oferim. Orice alt\u0103 utilizare a con\u021binutului site-ului, inclusiv modificarea, reproducerea \u0219i distribuirea f\u0103r\u0103 permisiunea scris\u0103 a Proton 7 Ltd., se pedepse\u0219te prin lege. Echipa infozdrave.com se ocup\u0103 de serviciul bun pentru clien\u021bi al magazinului electronic. Dac\u0103 ave\u021bi \u00eentreb\u0103ri \u0219i recomand\u0103ri cu privire la utilizarea site-ului, v\u0103 rug\u0103m s\u0103 ne contacta\u021bi prin telefon: 0876977880 sau s\u0103 scrie\u021bi la acest e-mail: office@infozdrave.com. Opinia dvs. este important\u0103, astfel \u00eenc\u00e2t s\u0103 facem magazinul \u0219i mai convenabil \u0219i mai util!<\/p>\n\n\n\n<h2 class=\"wp-block-heading\"><strong>12. Returul m\u0103rfurilor.<\/strong>&nbsp;<\/h2>\n\n\n\n<p><a href=\"https:\/\/www.infozdrave.com\/wp-content\/uploads\/2023\/11\/Reklamacia.docx\">Un formular de returnare poate fi desc\u0103rcat de aici.<\/a><\/p>\n","protected":false},"excerpt":{"rendered":"<p>V\u0103 rug\u0103m s\u0103 citi\u021bi cu aten\u021bie acest text. Reprezint\u0103 un acord \u00eentre dvs. \u0219i www.infozdrave.com \u0219i indic\u0103 condi\u021biile \u00een care [&hellip;]<\/p>\n","protected":false},"author":2,"featured_media":0,"parent":0,"menu_order":0,"comment_status":"closed","ping_status":"closed","template":"","meta":{"_acf_changed":false,"_seopress_robots_primary_cat":"","_seopress_titles_title":"","_seopress_titles_desc":"","_seopress_robots_index":"yes","footnotes":""},"class_list":["post-14557","page","type-page","status-publish"],"acf":[],"_links":{"self":[{"href":"https:\/\/www.infozdrave.com\/ro\/wp-json\/wp\/v2\/pages\/14557","targetHints":{"allow":["GET"]}}],"collection":[{"href":"https:\/\/www.infozdrave.com\/ro\/wp-json\/wp\/v2\/pages"}],"about":[{"href":"https:\/\/www.infozdrave.com\/ro\/wp-json\/wp\/v2\/types\/page"}],"author":[{"embeddable":true,"href":"https:\/\/www.infozdrave.com\/ro\/wp-json\/wp\/v2\/users\/2"}],"replies":[{"embeddable":true,"href":"https:\/\/www.infozdrave.com\/ro\/wp-json\/wp\/v2\/comments?post=14557"}],"version-history":[{"count":4,"href":"https:\/\/www.infozdrave.com\/ro\/wp-json\/wp\/v2\/pages\/14557\/revisions"}],"predecessor-version":[{"id":17761,"href":"https:\/\/www.infozdrave.com\/ro\/wp-json\/wp\/v2\/pages\/14557\/revisions\/17761"}],"wp:attachment":[{"href":"https:\/\/www.infozdrave.com\/ro\/wp-json\/wp\/v2\/media?parent=14557"}],"curies":[{"name":"wp","href":"https:\/\/api.w.org\/{rel}","templated":true}]}}