{"id":11888,"date":"2023-07-24T23:45:41","date_gmt":"2023-07-24T20:45:41","guid":{"rendered":"https:\/\/www.infozdrave.com\/p\/detoxifiant-mk-901\/"},"modified":"2025-12-01T00:30:37","modified_gmt":"2025-11-30T22:30:37","slug":"detoxifiant-mk-901","status":"publish","type":"product","link":"https:\/\/www.infozdrave.com\/ro\/pr\/detoxifiant-mk-901\/","title":{"rendered":"Detoxifiant MK 901 - cur\u0103\u021b\u0103 corpul din toxine"},"content":{"rendered":"<h3><strong>Trusa contine :<\/strong><\/h3>\n<ol>\n<li>Detoxifiant<\/li>\n<li>Electrod pentru detoxifiere<\/li>\n<li>Bratara - pt \u00eenchidere pe circuitul<\/li>\n<li>centura pentru infraro\u015fu c\u0103ldur\u0103<\/li>\n<li>Cablu<\/li>\n<\/ol>\n<h3><strong>Caracteristici :<\/strong><\/h3>\n<ol>\n<li>vineri programe pentru limpezire<\/li>\n<li>Grafic\u0103 pentru urm\u0103rire pe procesul<\/li>\n<li>Raportare pe vremea pentru detoxifiere<\/li>\n<li>Monitorizarea pe intensitatea pe detoxifiere<\/li>\n<\/ol>\n<p>24 de luni garan\u021bie pentru fizic persoane .<\/p>\n<p>Origine : China<\/p>\n<p>Pentru consultatii si comenzi , tel . 0899 973 924.<\/p>\n","protected":false},"excerpt":{"rendered":"<h2 style=\"text-align: center;\"><strong>DETOXICATOR MK 901<\/strong><\/h2>\n<p><strong>\u00a0<\/strong><\/p>\n<p>Detoxifiantul MK 901 este al nostru formul\u0103 pentru sanatate . Acum , Detoxifier MK 901, po\u021bi da tu experimentezi pl\u0103cere toata lumea zi . Detoxifiantul MK 901 ajut\u0103 pe corpul tu da Tot eliberare din toxine \u0219i inutile substan\u021be care se acumuleaz\u0103 _ Tot toata lumea zi .<\/p>\n<h3><strong>\u00ceMBUN\u0102T\u0102\u021aI-V\u0102 S\u0102N\u0102TATEA<\/strong><\/h3>\n<p>Detoxifierea Nu numai asist\u0103 cel extern amabil , dar \u0219i se \u00eembun\u0103t\u0103\u021be\u0219te generalul s\u0103n\u0103tos starea . Mai bine energie , mai bine functionare pe organe \u0219i sisteme \u0219i mai puternice imunitatea .<\/p>\n<h3><strong>VOI AREA Str\u0103lucitor<\/strong><\/h3>\n<p>Detoxifierea se \u00eenmoaie pielea , oferind s\u0103n\u0103tate din interior afara . Uit\u0103-l pentru uscat\u0103 \u0219i epuizat\u0103 pielea . 100% natural . Noi credem \u00een putere pe natura .<\/p>\n<h3><strong>U\u0218OR DE FOLOSIT<\/strong><\/h3>\n<p>Nu este nevoie din complicat proceduri . Doar ad\u0103uga detoxifiantul \u00een a ta \u00een timpul zilei mod \u0219i las\u0103 corpul tu Tot \u00eenc\u0103rcat cu energie \u0219i prospe\u021bime . Detoxifiere corpul asta -i tot simt mai bine din interior afara . Simte Tot tr\u0103ie\u0219te , str\u0103luce\u0219te \u0219i fii sanatos .<\/p>\n<p><strong>\u00a0<\/strong><\/p>\n<h3><strong>Clien\u021bi \u0219i practicieni sistemul ei raporteaz\u0103 pentru mult pozitiv efecte din utilizarea acestuia<\/strong><\/h3>\n<ul>\n<li>\u00eembun\u0103t\u0103\u021bit\u0103 circula\u0163ie pe articula\u021biile ;<\/li>\n<li>scutire din articula\u021biile dureri la artrita si guta ;<\/li>\n<li>\u00eembun\u0103t\u0103\u0163ire pe somnul ;<\/li>\n<li>\u00eembun\u0103t\u0103\u021bit\u0103 total starea si sanatatea ;<\/li>\n<li>Mai mult for\u021be \u0219i energie ;<\/li>\n<li>ajutor si asistenta pe vindecare procese ;<\/li>\n<li>elevat vitalitate \u0219i \u00eencredere \u00een sine etc.<\/li>\n<\/ul>\n<h3><strong>Avantaj din lucrul cu Detoxifier<\/strong><\/h3>\n<ul>\n<li>activeaz\u0103 Tot activitatea pe celule \u0219i \u021besuturi ,<\/li>\n<li>\u00eent\u0103re\u0219te Tot imun sistem ,<\/li>\n<li>amelioreaz\u0103 Tot durere \u0219i rigiditate pe articula\u021biile _<\/li>\n<li>reglementeaz\u0103 Tot visul _<\/li>\n<li>elimina Tot greu metale ,<\/li>\n<li>se \u00eembun\u0103t\u0103\u021be\u0219te Tot functia pe organele ,<\/li>\n<li>scade vremea pentru recuperare din boli ,<\/li>\n<li>stimuleaz\u0103 Tot functionare pe gastrointestinal tract ,<\/li>\n<li>scade Tot nivelul pe cei liberi radicali .<\/li>\n<\/ul>\n<p>Aparatul este un produs pe cel modern de vest \u0219tiin\u021b\u0103 , aplicat\u0103 pe practica , conform \u00een\u0163elegeri pe cea de est filozofic sistem pentru umanul \u0219i umanul corp . El nu este medical produs \u0219i lucrul cu el Nu se stinge conformitate pe re\u021betele pe cel oficial medicina .<\/p>\n<h3><strong>CONTRAINDICA\u021aII<\/strong><\/h3>\n<p>Cu toate c\u0103 acea metoda este simpla si usoara disponibil\u0103 , detoxifierea ionic\u0103 nu este potrivit\u0103 pentru toat\u0103 lumea . Exist\u0103 niste Limite de atitudine pe utilizare : persoane cu stimulatoare cardiace , implantate organe , suflet bolnav , bolnav din epilepsie .<\/p>\n","protected":false},"featured_media":11913,"comment_status":"closed","ping_status":"closed","template":"","meta":{"_acf_changed":false,"_seopress_robots_primary_cat":"none","_seopress_titles_title":"","_seopress_titles_desc":"","_seopress_robots_index":""},"product_brand":[],"product_cat":[5252],"product_tag":[],"class_list":{"0":"post-11888","1":"product","2":"type-product","3":"status-publish","4":"has-post-thumbnail","6":"product_cat-detoxifiant-ionic","7":"pa_garantsia-24-ro","8":"pa_oldid-1-ro","9":"pa_oldurlbg-https-www-infozdrave-com-detoksikator-mk-901-izchistva-tyaloto-ot-toksini-ro","10":"pa_oldurlel-https-www-infozdrave-com--mk-901-ro","11":"pa_oldurlen-https-www-infozdrave-com-ion-cleanse-detox-machine-mk-901-ro","12":"pa_oldurlro-https-www-infozdrave-com-detoxifiant-mk-901-ro","13":"pif-has-gallery","15":"first","16":"instock","17":"purchasable","18":"product-type-simple"},"acf":[],"_links":{"self":[{"href":"https:\/\/www.infozdrave.com\/ro\/wp-json\/wp\/v2\/product\/11888","targetHints":{"allow":["GET"]}}],"collection":[{"href":"https:\/\/www.infozdrave.com\/ro\/wp-json\/wp\/v2\/product"}],"about":[{"href":"https:\/\/www.infozdrave.com\/ro\/wp-json\/wp\/v2\/types\/product"}],"replies":[{"embeddable":true,"href":"https:\/\/www.infozdrave.com\/ro\/wp-json\/wp\/v2\/comments?post=11888"}],"wp:featuredmedia":[{"embeddable":true,"href":"https:\/\/www.infozdrave.com\/ro\/wp-json\/wp\/v2\/media\/11913"}],"wp:attachment":[{"href":"https:\/\/www.infozdrave.com\/ro\/wp-json\/wp\/v2\/media?parent=11888"}],"wp:term":[{"taxonomy":"product_brand","embeddable":true,"href":"https:\/\/www.infozdrave.com\/ro\/wp-json\/wp\/v2\/product_brand?post=11888"},{"taxonomy":"product_cat","embeddable":true,"href":"https:\/\/www.infozdrave.com\/ro\/wp-json\/wp\/v2\/product_cat?post=11888"},{"taxonomy":"product_tag","embeddable":true,"href":"https:\/\/www.infozdrave.com\/ro\/wp-json\/wp\/v2\/product_tag?post=11888"}],"curies":[{"name":"wp","href":"https:\/\/api.w.org\/{rel}","templated":true}]}}