{"id":11917,"date":"2023-07-24T23:45:41","date_gmt":"2023-07-24T20:45:41","guid":{"rendered":"https:\/\/www.infozdrave.com\/p\/detoxifiant-b-01\/"},"modified":"2025-12-01T00:30:37","modified_gmt":"2025-11-30T22:30:37","slug":"detoxifiant-b-01","status":"publish","type":"product","link":"https:\/\/www.infozdrave.com\/ro\/pr\/detoxifiant-b-01\/","title":{"rendered":"Detoxifiant B 01, Cur\u0103\u021b\u0103 corpul din toxine"},"content":{"rendered":"<h3><strong>SETUL CON\u021aINE:<\/strong><\/h3>\n<ol>\n<li>Detoxifiant<\/li>\n<li>Electrod pentru detoxifiere<\/li>\n<li>Bratara - pt \u00eenchidere pe circuitul<\/li>\n<li>centura pentru infraro\u015fu c\u0103ldur\u0103<\/li>\n<li>Masaj electrozi<\/li>\n<li>Cablu<\/li>\n<\/ol>\n<h3><strong>CARACTERISTICI:<\/strong><\/h3>\n<ol>\n<li>vineri programe pentru limpezire<\/li>\n<li>Grafic\u0103 pentru urm\u0103rire pe procesul<\/li>\n<li>Raportare pe vremea pentru detoxifiere<\/li>\n<li>Raportare valorile pentru intensitatea pe detoxifiere<\/li>\n<li>masaj electric _ impulsuri , prin intermediul Dou\u0103 masaj electrodul<\/li>\n<li>O oportunitate pentru masaj cu terapeu\u021bi de masaj papuci<\/li>\n<li>Misiune modul pe \u00eenc\u0103lzi\u021bi \u0219i masa\u021bi<\/li>\n<\/ol>\n<p>24 de luni garan\u021bie pentru fizic persoane .<\/p>\n<p>Origine : China<\/p>\n<p>Pentru consultatii si comenzi , tel . 0899 973 924.<\/p>\n","protected":false},"excerpt":{"rendered":"<h2 style=\"text-align: center;\"><strong>Binele s\u0103n\u0103tate \u00eencepe cu detoxifierea.<\/strong><\/h2>\n<h2 style=\"text-align: center;\"><strong>Eliberare Tot din toxine \u0219i retur vitalitate pe a ta organism cu detoxifiant B01<\/strong><\/h2>\n<p>&nbsp;<\/p>\n<p>Cel modern civiliza\u0163ie ast\u0103zi d\u0103 oportunitate pentru ob\u021bine pe \u00eenalt material bun\u0103stare , dar \u00een acela\u0219i timp cele \u00eenalte niveluri pe stres cauz\u0103 suferin\u0163\u0103 din Tot Mai mult boli . Peste 7,2 milioane suflete Sunt pe moarte fiecare an din cordial boli . Orice anul 8,6 milioane suflete Sunt pe moarte din cancer . 5,5 milioane suflete Sunt pe moarte din cordial lovitur\u0103 . 394 milioane suflete suferi din diabet . S-a stabilit c\u0103\u00a0 acest num\u0103r voi Tot cre\u0219te la 500 de milioane \u0219i v\u00e2rsta pe bolnavul voi c\u0103dea jos mai mult . 325 milioane suflete suferi din artrita . Mai mult de 160.000 de oameni tr\u0103iesc \u00een spitale din cauza boli \u0219i 100.000 de oameni Sunt pe moarte din aceasta . 39 de milioane suflete suferi din dementa . Obezitatea Tot se ridic\u0103 cu uimire niveluri .<\/p>\n<p>Introduce tu esti acum sentimentul pe prospe\u021bime \u0219i refacere dup\u0103 lung \u0219i \u00eencordat zi . Nu a\u0219tepta mai mult , pentru da Tot eliberare din toxine si da \u00eentoarcere vitalitate tu esti Investi \u00een a ta s\u0103n\u0103tate \u0219i bun\u0103stare ! Nu numai voi Tot simt mai bine , dar va fi arati mai bine . Incepe cel nou tu esti \u00eengrijire pentru s\u0103n\u0103tate azi! Acum disponibil revolu\u0163ionar aparat , Detoxifiant , pt\u00a0 familie \u00eengrijire pentru sanatate . Detoxifiant B01 pasi pe cel \u0219tiin\u021bific concept pe cele de ap\u0103 canale \u00een celular membrane , care descoperire \u00eenvinge Nobel adjudecare de chimie pentru 2003<\/p>\n<p><strong>\u00a0<\/strong><\/p>\n<h2><strong>CUM FUNc\u021bioneaz\u0103 DETOXIFICAREA CU UN DETOXICATOR<\/strong><\/h2>\n<p>Detoxifierea cu Detoxifier B01 este un proces pentru \u00eendep\u0103rtare pe toxine \u0219i de\u0219euri produse din corpul cu un scop \u00eembun\u0103t\u0103\u0163ire pe s\u0103n\u0103tate \u0219i general\u0103 bun\u0103stare . Extracte detoxifiante B01 poluare prin proces pe ionizare . Detoxifierea ionic\u0103 este complet\u0103 nedureroas\u0103 \u0219i eficient\u0103 procedura care _ utiliz\u0103ri cele negative ionii \u0219i lor propriet\u0103\u021bi .<\/p>\n<p>\u00cen toate celular biochimic proceselor larg participa electroni \u0219i ioni . \u00cen proces pe metabolismul , toat\u0103 lumea organe legume \u015fi fructe biologic curent , de exemplu cordial curent , cerebral curent , muscular curent . Toata lumea organ tu esti exist\u0103 proprii tensiune . Inima tensiunea este de 90mV, creierul - 60mV. La fel de ca corpul suntem conductori , bioelectricitatea este ca _ r\u00e2u care _ curge din creierul la toate p\u0103r\u021bi pe corpul . \u00cen ea are 12 canale . \u0218i sistemul din canalele este un sistem pentru circula\u0163ie pe energie , diferit\u0103 din restul sisteme . Acesta este primul sistem pentru circula\u0163ie pe electricitate .<\/p>\n<p>&nbsp;<\/p>\n<h2><strong>CANALELE SI PATOLOGIA<\/strong><\/h2>\n<p>C\u00e2nd persoan\u0103 Tot s-a \u00eemboln\u0103vit , al lui biotoc Tot sup\u0103r\u0103toare iar pentru cele diferite boli exist\u0103 diferit abateri . Bolnavul celule vibreaz\u0103 la o frecven\u0163\u0103 care Nu chibrituri pe Aceasta pe cele sanatoase celule \u0219i \u00eencalc\u0103 naturalul p\u00e2lp\u00e2ind pe celula , precum \u0219i polaritatea acesteia .<\/p>\n<p>Celulele care _ sunt dezechilibrat , face\u021bi-l dificil functiile pe corp \u0219i tratament lui , ca re\u0163ine greu metale , de\u0219euri , parazi\u021bi \u0219i altele toxine . C\u00e2nd celulele sunt \u00een \u00eentregime \u00eenc\u0103rcat electrice , ei con\u021bine Mai mult oxigen \u0219i sunt capabili _ da a pastra electric echilibru , care Oportunitati la sentiment pentru s\u0103n\u0103tate , vital\u0103 energie si vitalitate . Acest ajut\u0103 pe corpul da Tot o face cu bolile numai . Procedurile care _ Tot fac cu multifunc\u021bionalul ionic \u2013 detoxifiant aparat , detoxifiant , a ridica semnificativ cele de oxigen niveluri \u00een organism .<\/p>\n<p>&nbsp;<\/p>\n<h2><strong>BENEFICIILE DETOXIFICARII CU DETOXICATOR IN 01<\/strong><\/h2>\n<ul>\n<li>Cur\u0103\u021bare pe toxine . A noastra sistem pentru detoxifiere este capabil da elimina toxinele din a ta corp , plec\u00e2nd tu cu mai bine s\u0103n\u0103tos stare \u0219i nu numai energie .<\/li>\n<li>\u00cembun\u0103t\u0103\u0163ire pe imun sistem :. Sistemul S.U.A de asemenea asa de ajut\u0103 da a intari a ta imun sistem , ca tu protejeaz\u0103 din boli si infectii .<\/li>\n<li>\u00cembun\u0103t\u0103\u0163ire pe metabolismul . Detoxifiantul \u00a0ajut\u0103 da \u00eembun\u0103t\u0103\u0163i metabolism si , care este cheia pentru pierdere \u00een greutate \u0219i \u00eentre\u021binere pe cel s\u0103n\u0103tos greutate .<\/li>\n<li>Mai bine somnul si starea de spirit . Cu ale noastre detoxifiant voi Tot te trezesti cu mai bine starea de spirit \u0219i voin\u021ba ave\u021bi calitate mai buna somn .<\/li>\n<\/ul>\n<p>&nbsp;<\/p>\n<h2><strong>FUNC\u021aII \u0218I CAPACIT\u0102\u021aI ALE DETOXICATORULUI B01<\/strong><\/h2>\n<p>Detoxifiantul B01 este disponibil cel principal func\u0163ie da extracte toxine \u0219i poluare din corpul . Permite alegerea \u00eentre 5 programe pentru detoxifiere. Cu exceptia ea , el de\u021bine adi\u0163ional func\u021bii pentru \u00eenc\u0103lzindu-se cu bambus centura si pulsata masaj cu doi masaj electrodul .<\/p>\n<p>&nbsp;<\/p>\n<h2><strong>CUREA TERMICA IN INFRAROSIU<\/strong><\/h2>\n<p>C\u0103ldur\u0103 \u00een infraro\u0219u asist\u0103 degradarea pe gr\u0103simi din cele superficiale structurilor pe corpul . Ajut\u0103 \u0219i u\u0219ureaz\u0103 state la artrita , musculara dureri \u0219i spasme , musculo-scheletice \u0219i articulare suferin\u021be . C\u0103ldur\u0103 \u00een infraro\u0219u exist\u0103 stimulatoare efect pe pielea si tesuturile . Stimuleaz\u0103 transpira\u021bie \u0219i a\u0219a mai departe ajut\u0103 pe corpul la naturalul a lui limpezire . Nu Tot se aplica daca _ exist\u0103 contraindicatii , recomandate Tot consultatie cu un medic .<\/p>\n<p><img loading=\"lazy\" decoding=\"async\" class=\"alignnone size-full wp-image-15692\" src=\"https:\/\/www.infozdrave.com\/wp-content\/uploads\/2023\/07\/500x500_Kolan_za_detoksikator-2-4.jpg\" alt=\"\" width=\"500\" height=\"500\" srcset=\"https:\/\/www.infozdrave.com\/wp-content\/uploads\/2023\/07\/500x500_Kolan_za_detoksikator-2-4.jpg 500w, https:\/\/www.infozdrave.com\/wp-content\/uploads\/2023\/07\/500x500_Kolan_za_detoksikator-2-4-300x300.jpg 300w, https:\/\/www.infozdrave.com\/wp-content\/uploads\/2023\/07\/500x500_Kolan_za_detoksikator-2-4-150x150.jpg 150w, https:\/\/www.infozdrave.com\/wp-content\/uploads\/2023\/07\/500x500_Kolan_za_detoksikator-2-4-100x100.jpg 100w, https:\/\/www.infozdrave.com\/wp-content\/uploads\/2023\/07\/500x500_Kolan_za_detoksikator-2-4-50x50.jpg 50w\" sizes=\"auto, (max-width: 500px) 100vw, 500px\" \/><\/p>\n<h2><strong>FUNC\u021aIA DE MASAJ<\/strong><\/h2>\n<p>Functia masaj , \u00eempreun\u0103 cu \u00eenc\u0103lzirea centurii _ din bambus c\u0103rbune \u0219i detoxifiere sunt maxim bun combina\u0163ie la Detoxifiant B01. Masajul Tot efectuat cu doi masaj electrozi . Ei au pus Tot de diferit p\u0103r\u021bi pe corpul , ca executa electro impulsiv maseaza si stimuleaza de natural cale cele vindecatoare procesele din ea . Pentru masaj pe picioarele \u0219i acupunctura puncte , situate acolo , se recomanda papuci . Locul de munca pe cele de masaj electrozi si masaj papuci Tot gestioneaz\u0103 din Detoxifiantul . Se aliniaz\u0103 Tot c\u00e2\u021biva speciile masaj cu diferite ritmul . \u00cen platou pe Detoxifiantul ei intr\u0103 Masaj electrozi . La dispozitivul ei pot da Tot include \u0219i masaj papuci care _ executa masaj pe toate organe \u00een acela\u0219i timp , prin intermediul acupunctura lor puncte pe pa\u0219ii . Papucii Tot complet in plus .<\/p>\n<p><img loading=\"lazy\" decoding=\"async\" class=\"alignnone size-full wp-image-15700\" src=\"https:\/\/www.infozdrave.com\/wp-content\/uploads\/2023\/07\/el.png\" alt=\"\" width=\"679\" height=\"309\" srcset=\"https:\/\/www.infozdrave.com\/wp-content\/uploads\/2023\/07\/el.png 679w, https:\/\/www.infozdrave.com\/wp-content\/uploads\/2023\/07\/el-300x137.png 300w, https:\/\/www.infozdrave.com\/wp-content\/uploads\/2023\/07\/el-600x273.png 600w\" sizes=\"auto, (max-width: 679px) 100vw, 679px\" \/><\/p>\n<h2><strong>CULOAREA APEI UZATE DUP\u0102 PROCEDURA DE DETOXICATOR B01<\/strong><\/h2>\n<p>Culoarea pe apa la detoxifiere , din unu lateral , este un rezultat din interactiunea pe electrodul cu S\u0103rat solutie . Din altul , arat\u0103 secven\u021ba pe porni\u021bi pe autoritatile in compensare . Exist\u0103 comun , la fel r\u00e2nd , pe porni\u021bi de timp pe procesul , dar sunt sunt de asemenea posibile abateri . Colorarea Tot se schimba in timp pe detoxifiere \u0219i nu numai -l poate sa da Tot a determina OMS din organele Tot detoxifiere chiar acum , cine Tot detoxific\u0103 \u00eentr- o mai mare sau Mai pu\u021bin gradul . In aceasta sim\u021bul este posibil niste coloranti da lips\u0103 , altele da prevaleaz\u0103 . Aceste Caracteristici ei pot da Tot observa cand _ Tot ei fac proceduri pe mult oameni , \u00een Spa centre sau Centrele pentru sanatate .<\/p>\n<p>&nbsp;<\/p>\n<h2><strong>COLORAREA APEI \u00ceN TIMPUL DETOXIFICARII CU UN DETOXICATOR<\/strong><\/h2>\n<ul>\n<li>Galben-verde : detoxifiere de la rinichi , urinare vezica urinara , urinare drumuri ;<\/li>\n<li>Portocala : detoxifiere din articula\u021biile ;<\/li>\n<li>Negru : detoxifiere de la negru ficat , tutun , celular resturi ;<\/li>\n<li>\u00centuneric verde : detoxifiere din bil\u0103 vezica urinara ;<\/li>\n<li>alb spuma : detoxifiere din cel limfatic sistem ;<\/li>\n<li>alb particule : cel mai probabil la incorect munc\u0103 pe enzime ;<\/li>\n<li>negru pete : grele metale ;<\/li>\n<li>ro\u0219u pete : coagulate s\u00e2nge .<\/li>\n<\/ul>\n<p>Rezultatul din acest observa\u021bie , \u00een niciunul caz Nu poate sa da a inlocui performanta pe laborator cercetare la diagnostic pe bolile . Nu poate sa da Tot utiliz\u0103ri pentru diagnostice sau tratament , sau \u00a0da fi ocazie pentru neglijare recomand\u0103rile pe medical persoane . Detoxifiantul nu este medical produs .<\/p>\n<p>&nbsp;<\/p>\n<h2><strong>CONTRAINDICA\u021aII<\/strong><\/h2>\n<p>Cu toate c\u0103 acea metoda este simpla si usoara disponibil\u0103 , detoxifierea ionic\u0103 nu este potrivit\u0103 pentru toat\u0103 lumea . Exist\u0103 niste Limite de atitudine pe utilizare : persoane cu stimulatoare cardiace , implantate organe , suflet bolnav , bolnav din epilepsie .<\/p>\n<p>Nu a\u0219tepta mai mult , pentru da Tot eliberare din toxine si da \u00eentoarcere vitalitate tu esti Investi \u00een a ta s\u0103n\u0103tate \u0219i bun\u0103stare ! Nu numai voi Tot simt mai bine , dar va fi arati mai bine . Incepe cel nou tu esti \u00eengrijire pentru s\u0103n\u0103tate azi !<\/p>\n<p>Aparatul este un produs pe cel modern de vest \u0219tiin\u021b\u0103 , aplicat\u0103 pe practica , conform \u00een\u0163elegeri pe cea de est filozofic sistem pentru umanul \u0219i umanul corp . El nu este medical produs \u0219i lucrul cu el Nu se stinge re\u021betele pe cel oficial medicina.Pentru Mai mult informatii si comanda Tot contacteaza -ne _ pe telefon numarul 0899 973 924 sau e-mail <a href=\"mailto:knga77@abv.bg\">knga77@abv.bg <\/a>.<\/p>\n","protected":false},"featured_media":15164,"comment_status":"closed","ping_status":"closed","template":"","meta":{"_acf_changed":false,"_seopress_robots_primary_cat":"none","_seopress_titles_title":"","_seopress_titles_desc":"","_seopress_robots_index":""},"product_brand":[],"product_cat":[5252],"product_tag":[5174],"class_list":{"0":"post-11917","1":"product","2":"type-product","3":"status-publish","4":"has-post-thumbnail","6":"product_cat-detoxifiant-ionic","7":"product_tag-nachalna-stranitsa-ro","8":"pa_garantsia-24-ro","9":"pa_oldid-2-ro","10":"pa_oldurlbg-https-www-infozdrave-com-detoksikator-b-01-izchistva-tyaloto-ot-toksini-ro","11":"pa_oldurlel-https-www-infozdrave-com-ion---detox-b-01-ro","12":"pa_oldurlen-https-www-infozdrave-com-ion-cleanse-detox-machine-b-01-ro","13":"pa_oldurlro-https-www-infozdrave-com-detoxifiant-b-01-ro","14":"pif-has-gallery","16":"first","17":"instock","18":"purchasable","19":"product-type-simple"},"acf":[],"_links":{"self":[{"href":"https:\/\/www.infozdrave.com\/ro\/wp-json\/wp\/v2\/product\/11917","targetHints":{"allow":["GET"]}}],"collection":[{"href":"https:\/\/www.infozdrave.com\/ro\/wp-json\/wp\/v2\/product"}],"about":[{"href":"https:\/\/www.infozdrave.com\/ro\/wp-json\/wp\/v2\/types\/product"}],"replies":[{"embeddable":true,"href":"https:\/\/www.infozdrave.com\/ro\/wp-json\/wp\/v2\/comments?post=11917"}],"wp:featuredmedia":[{"embeddable":true,"href":"https:\/\/www.infozdrave.com\/ro\/wp-json\/wp\/v2\/media\/15164"}],"wp:attachment":[{"href":"https:\/\/www.infozdrave.com\/ro\/wp-json\/wp\/v2\/media?parent=11917"}],"wp:term":[{"taxonomy":"product_brand","embeddable":true,"href":"https:\/\/www.infozdrave.com\/ro\/wp-json\/wp\/v2\/product_brand?post=11917"},{"taxonomy":"product_cat","embeddable":true,"href":"https:\/\/www.infozdrave.com\/ro\/wp-json\/wp\/v2\/product_cat?post=11917"},{"taxonomy":"product_tag","embeddable":true,"href":"https:\/\/www.infozdrave.com\/ro\/wp-json\/wp\/v2\/product_tag?post=11917"}],"curies":[{"name":"wp","href":"https:\/\/api.w.org\/{rel}","templated":true}]}}