{"id":11950,"date":"2023-07-24T23:45:41","date_gmt":"2023-07-24T20:45:41","guid":{"rendered":"https:\/\/www.infozdrave.com\/p\/electrod-de-detoxifiere\/"},"modified":"2023-11-18T00:01:36","modified_gmt":"2023-11-17T22:01:36","slug":"electrod-de-detoxifiere","status":"publish","type":"product","link":"https:\/\/www.infozdrave.com\/ro\/pr\/electrod-de-detoxifiere\/","title":{"rendered":"Electrod de detoxifiere"},"content":{"rendered":"<p>Electrod potrivit pentru toate modelele de detoxifiante. Electrodul este un consumabil necesar pentru procedura de cur\u0103\u021bare a detoxifiantului ionic. Se pune in cada cu apa si se conecteaza la detoxifiant. Se uzeaz\u0103 \u00een timp \u0219i trebuie \u00eenlocuit. C\u00e2nd turna\u021bi ap\u0103 s\u0103rat\u0103 sau pune\u021bi sare \u00een baie pentru a \u00eencepe procedura, face\u021bi acest lucru pe p\u0103r\u021bile laterale ale electrodului, nu direct pe acesta pentru a evita deteriorarea. \u0218i s\u0103-\u0219i prelungeasc\u0103 via\u021ba.<\/p>\n","protected":false},"excerpt":{"rendered":"<p>Electrod potrivit pentru toate modelele de detoxifiere. Electrodul este un consumabil necesar pentru procedura de cur\u0103\u021bare a detoxifierii ionice. Via\u021ba lui este de aproximativ 30 - 40 de proceduri. Produc\u0103torul d\u0103 via\u021b\u0103 electrodului de detoxifiere mult mai mult, aproximativ 80 de proceduri, dar detoxifierea devine din ce \u00een ce mai slab\u0103. Din acest motiv, pentru o detoxifiere mai eficient\u0103, f\u0103r\u0103 a pierde timpul, v\u0103 recomand\u0103m s\u0103 nu o folosi\u021bi de 80 de ori. Sau, dac\u0103 dori\u021bi, alterna\u021bi cu un alt electrod de detoxifiere.<\/p>\n<p>Este plasat \u00een baia de ap\u0103 \u0219i conectat la detoxifiant. Se uzeaz\u0103 \u00een timp \u0219i trebuie \u00eenlocuit.<\/p>\n<p>C\u00e2nd turna\u021bi ap\u0103 s\u0103rat\u0103 sau pune\u021bi sare \u00een baie pentru a \u00eencepe procedura, face\u021bi acest lucru departe de electrod pentru a evita deteriorarea.<\/p>\n","protected":false},"featured_media":1383,"comment_status":"closed","ping_status":"closed","template":"","meta":{"_acf_changed":false,"_seopress_robots_primary_cat":"none","_seopress_titles_title":"","_seopress_titles_desc":"","_seopress_robots_index":""},"product_brand":[],"product_cat":[5252],"product_tag":[],"class_list":{"0":"post-11950","1":"product","2":"type-product","3":"status-publish","4":"has-post-thumbnail","6":"product_cat-detoxifiant-ionic","7":"pa_oldid-6-ro","8":"pa_oldurlbg-https-www-infozdrave-com-elektrod-za-detoksikator-ro","9":"pa_oldurlel-https-www-infozdrave-com-----ro","10":"pa_oldurlen-https-www-infozdrave-com-electrode-for-detox-machine-ro","11":"pa_oldurlro-https-www-infozdrave-com-electrod-de-detoxifiere-ro","13":"first","14":"instock","15":"purchasable","16":"product-type-variable"},"acf":[],"_links":{"self":[{"href":"https:\/\/www.infozdrave.com\/ro\/wp-json\/wp\/v2\/product\/11950","targetHints":{"allow":["GET"]}}],"collection":[{"href":"https:\/\/www.infozdrave.com\/ro\/wp-json\/wp\/v2\/product"}],"about":[{"href":"https:\/\/www.infozdrave.com\/ro\/wp-json\/wp\/v2\/types\/product"}],"replies":[{"embeddable":true,"href":"https:\/\/www.infozdrave.com\/ro\/wp-json\/wp\/v2\/comments?post=11950"}],"wp:featuredmedia":[{"embeddable":true,"href":"https:\/\/www.infozdrave.com\/ro\/wp-json\/wp\/v2\/media\/1383"}],"wp:attachment":[{"href":"https:\/\/www.infozdrave.com\/ro\/wp-json\/wp\/v2\/media?parent=11950"}],"wp:term":[{"taxonomy":"product_brand","embeddable":true,"href":"https:\/\/www.infozdrave.com\/ro\/wp-json\/wp\/v2\/product_brand?post=11950"},{"taxonomy":"product_cat","embeddable":true,"href":"https:\/\/www.infozdrave.com\/ro\/wp-json\/wp\/v2\/product_cat?post=11950"},{"taxonomy":"product_tag","embeddable":true,"href":"https:\/\/www.infozdrave.com\/ro\/wp-json\/wp\/v2\/product_tag?post=11950"}],"curies":[{"name":"wp","href":"https:\/\/api.w.org\/{rel}","templated":true}]}}