{"id":11955,"date":"2023-07-24T23:45:41","date_gmt":"2023-07-24T20:45:41","guid":{"rendered":"https:\/\/www.infozdrave.com\/p\/papuci-de-masaj-pentru-detoxifiant-b-01\/"},"modified":"2023-10-27T12:19:55","modified_gmt":"2023-10-27T09:19:55","slug":"papuci-de-masaj-pentru-detoxifiant-b-01","status":"publish","type":"product","link":"https:\/\/www.infozdrave.com\/ro\/pr\/papuci-de-masaj-pentru-detoxifiant-b-01\/","title":{"rendered":"Papuci de masaj pentru detoxifiant B 01"},"content":{"rendered":"<ul>\n<li>B01 accesoriu detoxifiant.<\/li>\n<li>Ei efectueaz\u0103 masaj punctual cu pulsuri electrice.<\/li>\n<li>Origine: China<\/li>\n<\/ul>\n","protected":false},"excerpt":{"rendered":"<h2 style=\"text-align: center;\"><strong>PAPUCI DE MASAJ PENTRU DETOXICATOR B01<\/strong><\/h2>\n<p>Papucii de masaj sunt dispozitive sau accesorii speciale menite s\u0103 maseze \u0219i s\u0103 relaxeze picioarele. Pot fi folosite acas\u0103 sau \u00een spa-uri \u0219i saloane de \u00eenfrumuse\u021bare. Ei maseaz\u0103 toate organele \u00een acela\u0219i timp, prin punctele lor de acupunctur\u0103,<\/p>\n<h2><strong>\u00cembun\u0103t\u0103\u021birea circula\u021biei sanguine<\/strong><\/h2>\n<p>Papucii de masaj stimuleaz\u0103 termina\u021biile nervoase din picioare, ceea ce cre\u0219te circula\u021bia s\u00e2ngelui \u00een organism. Acest lucru ajut\u0103 la furnizarea de oxigen \u0219i nutrien\u021bi celulelor \u0219i organelor \u00een mod mai eficient, rezult\u00e2nd o energie sporit\u0103 \u0219i o fitness general\u0103 \u00eembun\u0103t\u0103\u021bit\u0103.<\/p>\n<h2><strong>REDUCE DUREREA \u0218I TENSIUNEA<\/strong><\/h2>\n<p>Papucii de masaj asigur\u0103 un masaj delicat picioarelor, care ajut\u0103 la reducerea durerii \u0219i a tensiunii din acestea. Acest lucru este util \u00een special pentru persoanele care sufer\u0103 de dureri cronice ale picioarelor, cum ar fi picioarele plate, pintenii c\u0103lc\u00e2ielor sau fasciita plantar\u0103.<\/p>\n<h2><strong>STIMULA\u021aI PUNCILE DE ACUPUNCTUR\u0102 DE PE PICIOARE<\/strong><\/h2>\n<p>Conform medicinei tradi\u021bionale chineze, picioarele sunt o reflectare complet\u0103 a \u00eentregului corp uman. Aceasta \u00eenseamn\u0103 c\u0103 masajul punctelor de acupunctur\u0103 de pe picioare are un efect benefic asupra organelor \u0219i sistemelor din corp. Papucii de masaj ofer\u0103 un masaj moale \u0219i bl\u00e2nd acestor puncte, care poate ajuta la ameliorarea diferitelor probleme de s\u0103n\u0103tate.<\/p>\n<h2><strong>AJUTOR PENTRU RELAXARE \u0218I ELIMINARE DE STRES<\/strong><\/h2>\n<p>Papucii de masaj sunt o modalitate ideal\u0103 de a te relaxa \u0219i de a elibera stresul din via\u021ba de zi cu zi. Ele stimuleaz\u0103 termina\u021biile nervoase ale picioarelor, care la r\u00e2ndul lor provoac\u0103 eliberarea de endorfine - hormonii no\u0219tri naturali ai fericirii. Astfel, folosirea papucilor de masaj ne poate ajuta s\u0103 ne sim\u021bim mai calmi, relaxa\u021bi \u0219i ferici\u021bi.<\/p>\n<h2><strong>SPRIJIN\u0102 DOMNUL BUN<\/strong><\/h2>\n<p>Masajele picioarelor \u00eenainte de culcare v\u0103 pot ajuta s\u0103 ob\u021bine\u021bi un somn odihnitor \u0219i bun. Papucii de masaj pot oferi relaxare corpului \u0219i inimii, f\u0103c\u00e2nd somnul mai profund \u0219i mai relaxant.<\/p>\n<p>Test\u0103m produsele \u00eenainte de a le trimite clien\u021bilor.<\/p>\n","protected":false},"featured_media":15147,"comment_status":"closed","ping_status":"closed","template":"","meta":{"_acf_changed":false,"_seopress_robots_primary_cat":"none","_seopress_titles_title":"","_seopress_titles_desc":"","_seopress_robots_index":""},"product_brand":[],"product_cat":[5252],"product_tag":[],"class_list":{"0":"post-11955","1":"product","2":"type-product","3":"status-publish","4":"has-post-thumbnail","6":"product_cat-detoxifiant-ionic","7":"pa_oldid-9-ro","8":"pa_oldurlbg-https-www-infozdrave-com-masajni-chehli-za-detoksikator-b-01-ro","9":"pa_oldurlel-https-www-infozdrave-com-----detox-b-01-ro","10":"pa_oldurlen-https-www-infozdrave-com-massaging-slippers-for-detox-machine-b-01-ro","11":"pa_oldurlro-https-www-infozdrave-com-papuci-de-masaj-pentru-detoxifiant-b-01-ro","12":"pif-has-gallery","14":"first","15":"instock","16":"purchasable","17":"product-type-simple"},"acf":[],"_links":{"self":[{"href":"https:\/\/www.infozdrave.com\/ro\/wp-json\/wp\/v2\/product\/11955","targetHints":{"allow":["GET"]}}],"collection":[{"href":"https:\/\/www.infozdrave.com\/ro\/wp-json\/wp\/v2\/product"}],"about":[{"href":"https:\/\/www.infozdrave.com\/ro\/wp-json\/wp\/v2\/types\/product"}],"replies":[{"embeddable":true,"href":"https:\/\/www.infozdrave.com\/ro\/wp-json\/wp\/v2\/comments?post=11955"}],"wp:featuredmedia":[{"embeddable":true,"href":"https:\/\/www.infozdrave.com\/ro\/wp-json\/wp\/v2\/media\/15147"}],"wp:attachment":[{"href":"https:\/\/www.infozdrave.com\/ro\/wp-json\/wp\/v2\/media?parent=11955"}],"wp:term":[{"taxonomy":"product_brand","embeddable":true,"href":"https:\/\/www.infozdrave.com\/ro\/wp-json\/wp\/v2\/product_brand?post=11955"},{"taxonomy":"product_cat","embeddable":true,"href":"https:\/\/www.infozdrave.com\/ro\/wp-json\/wp\/v2\/product_cat?post=11955"},{"taxonomy":"product_tag","embeddable":true,"href":"https:\/\/www.infozdrave.com\/ro\/wp-json\/wp\/v2\/product_tag?post=11955"}],"curies":[{"name":"wp","href":"https:\/\/api.w.org\/{rel}","templated":true}]}}