{"id":11960,"date":"2023-07-24T23:45:41","date_gmt":"2023-07-24T20:45:41","guid":{"rendered":"https:\/\/www.infozdrave.com\/p\/curea-de-detoxifiere\/"},"modified":"2023-10-27T12:00:23","modified_gmt":"2023-10-27T09:00:23","slug":"curea-de-detoxifiere","status":"publish","type":"product","link":"https:\/\/www.infozdrave.com\/ro\/pr\/curea-de-detoxifiere\/","title":{"rendered":"Centura de detoxifiere"},"content":{"rendered":"<ul>\n<li>Centura pentru detoxifiant .<\/li>\n<li>Compatibil cu toate modele detoxifiante .<\/li>\n<li>Ei transmit infraro\u015fu c\u0103ldur\u0103 .<\/li>\n<li>Origine : China<\/li>\n<\/ul>\n","protected":false},"excerpt":{"rendered":"<h2 style=\"text-align: center;\"><strong>CUREA DE \u00ceNC\u0102LZIRE CU C\u0102LDUR\u0102 INFRAROS\u0102 DE LA CARBUNI DE BAMBUS<\/strong><\/h2>\n<p>&nbsp;<\/p>\n<p>Cureaua pentru incalzirea este un accesoriu pentru detoxifiant B01 \u0219i MK 901. Utiliz\u0103ri infraro\u015fu razele pentru Incalzi pe tesuturi si stimulare pe circulatia sangelui . Aceasta proces ajut\u0103 pentru ridicarea pe temperatura pe corpul \u0219i accelereaz\u0103 metabolismul , care \u00eencurajeaz\u0103 transpira\u021bia \u0219i \u00een consecin\u021b\u0103 detoxifiere . Cureaua pentru \u00eenc\u0103lzire cu infraro\u0219u _ c\u0103ldur\u0103 asist\u0103 poiana pe cel limfatic sistem .<\/p>\n<p>Infraro\u0219ul centura pentru Oferte Detoxifier B01 si Detoxifier MK901 multitudine beneficii pentru sanatate si bine stima de sine .<\/p>\n<h2><strong>detoxifiere<\/strong><\/h2>\n<p>Aceasta centura lucr\u0103ri pe principiul pe de difuzare pe infraro\u015fu raze care _ p\u0103trunde ad\u00e2nc \u00een \u021besuturi \u0219i ajut\u0103 _ pe organism da arunca toxine . Acest ajut\u0103 pentru curatenie pe organele , \u00een principal cel negru ficat \u0219i rinichi \u0219i se \u00eembun\u0103t\u0103\u021be\u0219te generalul s\u0103n\u0103tos starea .<\/p>\n<h2><strong>SPRIJ\u0102 S\u0102RBERE \u00ceN GREUTATE<\/strong><\/h2>\n<p>C\u0103ldura care _ Tot prevede din centura , ajuta pentru activare pe schimbul pe substan\u021be din organism \u0219i accelereaz\u0103 degradarea pe gr\u0103simile . Acest poate sa da adus la Mai repede emaciare \u0219i reducere pe cele nedorite kilograme .<\/p>\n<h2><strong>\u00ceNC\u0102LZE\u0218TE MU\u0218CHII<\/strong><\/h2>\n<p>Infraro\u015fu razele Tot ei folosesc pentru incalzire pe cele musculoase \u0219erve\u021bele inainte de a face exerci\u0163ii fizice sau fizic activitate . Acest ajut\u0103 pentru mai rapid \u0219i mai eficient \u00eentinderea pe muschi , scade riscul din r\u0103ni \u0219i ajut\u0103 da Tot primit Mai bine productivitate de timp pe antrenament . C\u0103ldura care _ Tot emite din centura , contribuie pentru relaxare pe muschi , scade pe cele inflamatorii procese \u0219i \u00eembun\u0103t\u0103\u021biri pe circulatia sangelui . Acest poate sa da exist\u0103 pozitiv impact pe relaxare pe muschi , scade pe durerea din tensiune \u0219i u\u0219urare pe simptomele la diferit feluri boli si afectiuni . F\u0103-o consulta\u021bie cu un medic pentru contraindicatii .<\/p>\n<h2><strong>\u00ceMBUN\u0102T\u0102\u021aEAZ\u0102 CIRCULA\u021aIA S\u00c2NGUEL<\/strong><\/h2>\n<p>Infraro\u015fu razele ei pot da p\u0103truns ad\u00e2nc \u00een piele \u0219i da cauz\u0103 expansiune pe bucatele care _ Oportunitati la ridicarea pe circula\u0163ie pe s\u00e2nge \u0219i limfa . Acest se \u00eembun\u0103t\u0103\u021be\u0219te livrarea pe oxigen \u0219i substan\u021be nutritive substante la celulele , accelereaz\u0103 metabolismul \u0219i elimin\u0103 toxine \u0219i de\u0219euri din organism .<\/p>\n<h2><strong>RELAXARE \u0218I ELIMINARE A STRESULUI<\/strong><\/h2>\n<p>Infraro\u0219ul centura poate sa da Tot folosit \u0219i ca relaxant metoda . C\u0103ldura oferit\u0103 _ din infraro\u015fu razele , contribuie pentru relaxarea pe trup \u0219i minte , ca scade tensiune \u0219i stres . Ca urmare pe acest Tot se \u00eembun\u0103t\u0103\u021be\u0219te starea de spirit \u0219i capacitatea pentru face fa\u021b\u0103 zilnic stresant situatii .<\/p>\n<h2><strong>ALINEA\u021aI DUREREA CRONIC\u0102<\/strong><\/h2>\n<p>Infraro\u015fu razele ei pot da ajuta cu _ simptomele pe cronic dureri ca artrit\u0103 , fibromialgie \u0219i inflamatorie state pe muschii si articulatiile . C\u0103ldura care _ Tot emite din centura , poate da \u00eencetini durere \u0219i inflama\u021bie , cum ar fi de Aceasta cale se \u00eembun\u0103t\u0103\u021be\u0219te mobilitate \u0219i calitate pe viata . C\u0103ldura p\u0103trunde \u00een articula\u021bii \u0219i contribuie pentru dizolvare pe cristalele din sare care _ de multe ori sunt motiv pentru durere \u0219i limit\u0103ri de volum _ pe mi\u0219carea . Utilizarea pe infraro\u015fu centura poate sa da adus la \u00eembun\u0103t\u0103\u0163ire pe flexibilitate si mobilitate pe articula\u021bii , ceea ce este deosebit util pentru cei care _ suferi din artrita , reumatoida artrit\u0103 sau al\u021bii comun boli .<\/p>\n<h2><strong>Pentru da s\u0103 utiliza\u021bi infraro\u015fu centura pentru \u00eenc\u0103lzire \u00een proces de detoxifiere urmeaz\u0103 instructiunile<\/strong><\/h2>\n<p>\u00cenc\u0103lzire cu infraro\u0219u _ centura pentru detoxifiere este eficient\u0103 \u0219i convenabil\u0103 cale pentru \u00eembun\u0103t\u0103\u0163ire pe sanatate . Cu cel obisnuit a lui utilizare poate sa da Tot realizat pozitiv rezultate ca _ sl\u0103bire , u\u0219urare pe durere \u0219i disconfort , precum \u0219i \u00eembun\u0103t\u0103\u021bire pe mobilitate pe articulatii .. Este eficient si usor _ pentru utilizare un instrument care poate sa da \u00eembun\u0103t\u0103\u0163i cele fizice \u0219i mentale bun\u0103stare .<\/p>\n","protected":false},"featured_media":11930,"comment_status":"closed","ping_status":"closed","template":"","meta":{"_acf_changed":false,"_seopress_robots_primary_cat":"none","_seopress_titles_title":"","_seopress_titles_desc":"","_seopress_robots_index":""},"product_brand":[],"product_cat":[5252],"product_tag":[],"class_list":{"0":"post-11960","1":"product","2":"type-product","3":"status-publish","4":"has-post-thumbnail","6":"product_cat-detoxifiant-ionic","7":"pa_oldid-10-ro","8":"pa_oldurlbg-https-www-infozdrave-com-kolan-za-detoksikator-ro","9":"pa_oldurlel-https-www-infozdrave-com----detox-ro","10":"pa_oldurlen-https-www-infozdrave-com-belt-for-detox-machine-ro","11":"pa_oldurlro-https-www-infozdrave-com-curea-de-detoxifiere-ro","12":"pif-has-gallery","14":"first","15":"instock","16":"purchasable","17":"product-type-simple"},"acf":[],"_links":{"self":[{"href":"https:\/\/www.infozdrave.com\/ro\/wp-json\/wp\/v2\/product\/11960","targetHints":{"allow":["GET"]}}],"collection":[{"href":"https:\/\/www.infozdrave.com\/ro\/wp-json\/wp\/v2\/product"}],"about":[{"href":"https:\/\/www.infozdrave.com\/ro\/wp-json\/wp\/v2\/types\/product"}],"replies":[{"embeddable":true,"href":"https:\/\/www.infozdrave.com\/ro\/wp-json\/wp\/v2\/comments?post=11960"}],"wp:featuredmedia":[{"embeddable":true,"href":"https:\/\/www.infozdrave.com\/ro\/wp-json\/wp\/v2\/media\/11930"}],"wp:attachment":[{"href":"https:\/\/www.infozdrave.com\/ro\/wp-json\/wp\/v2\/media?parent=11960"}],"wp:term":[{"taxonomy":"product_brand","embeddable":true,"href":"https:\/\/www.infozdrave.com\/ro\/wp-json\/wp\/v2\/product_brand?post=11960"},{"taxonomy":"product_cat","embeddable":true,"href":"https:\/\/www.infozdrave.com\/ro\/wp-json\/wp\/v2\/product_cat?post=11960"},{"taxonomy":"product_tag","embeddable":true,"href":"https:\/\/www.infozdrave.com\/ro\/wp-json\/wp\/v2\/product_tag?post=11960"}],"curies":[{"name":"wp","href":"https:\/\/api.w.org\/{rel}","templated":true}]}}