{"id":11969,"date":"2023-07-24T23:45:41","date_gmt":"2023-07-24T20:45:41","guid":{"rendered":"https:\/\/www.infozdrave.com\/p\/electrozi-de-masaj-pentru-detoxifiant-b-01\/"},"modified":"2023-10-27T12:15:16","modified_gmt":"2023-10-27T09:15:16","slug":"electrozi-de-masaj-pentru-detoxifiant-b-01","status":"publish","type":"product","link":"https:\/\/www.infozdrave.com\/ro\/pr\/electrozi-de-masaj-pentru-detoxifiant-b-01\/","title":{"rendered":"Masaj electrozi pentru detoxifiant B 01"},"content":{"rendered":"<ul>\n<li>Masaj electrozi pentru detoxifiant .<\/li>\n<li>Ei execut\u0103 ascutit impulsiv masaj .<\/li>\n<li>Pentru detoxifiant B 01.<\/li>\n<li>Origine : China<\/li>\n<\/ul>\n","protected":false},"excerpt":{"rendered":"<h2 style=\"text-align: center;\"><strong>ELECTROZI DE MASAJ PENTRU DETOXICATOR B01<\/strong><\/h2>\n<p>Electro-impulsul masajul este o metod\u0103 care Tot ei folosesc din mult profesionisti in domeniu pe fizioterapie , sport si cosmetica . El prevede diferit beneficii pentru corp si sanatate :<\/p>\n<h2><strong>ODIHNA SI REDUCEREA TENSIUNII<\/strong><\/h2>\n<p>Masajul electrodul \u0219i electro-impulsul masaj ei pot da fi folosit pentru reducere pe stres , cum ar fi cauz\u0103 relaxare pe muschii ajuta _ pentru eliberarea pe endorfine .<\/p>\n<h2><strong>Ameliorarea durerii \u0219i a tensiunii<\/strong><\/h2>\n<p>Aceste metode Tot ei folosesc cu succes pentru u\u0219urare pe durere \u0219i tensiune la perceptii . Electrostimulare ajut\u0103 pentru \u00eentindere \u0219i relaxare pe mu\u015fchii care _ Oportunitati la reducere pe durere \u0219i \u00eencurajare pe recuperare pe tesuturile .<\/p>\n<h2><strong>\u00cembun\u0103t\u0103\u021birea circula\u021biei<\/strong><\/h2>\n<p>Electro-impulsul masaj stimuleaz\u0103 circulatia sangelui , ca ajut\u0103 pentru \u00eembun\u0103t\u0103\u0163ire pe circulatie . Acest exist\u0103 pozitiv efect pe livrarea pe oxigen \u0219i substan\u021be nutritive substante la \u0163esuturile care _ pe proprii r\u00e2nd asist\u0103 extractia pe toxine \u0219i de\u0219euri substante .<\/p>\n<h2><strong>TONIFICAREA MUSCULUI<\/strong><\/h2>\n<p>Cel musculos stimulare oferit\u0103 _ din cele de masaj electrozi \u0219i electro-puls masajul ajuta _ pentru mentine si intareste pe puterea si tonul . Acest lucru este special util la de reabilitare programe dup\u0103 leziuni sau pentru cre\u0219te pe cel muscular masa la sportivi .<\/p>\n<p>Cele de masaj electrozi Tot a pune de diferit p\u0103r\u021bi pe corpul , ca executa electro-impuls maseaza si stimuleaza de natural cale cele vindecatoare procesele din ea . Locul de munca pe cele de masaj electrozi Tot gestioneaz\u0103 din Detoxifiantul . Se aliniaz\u0103 Tot c\u00e2\u021biva speciile masaj cu diferite ritmul .<\/p>\n<p><img loading=\"lazy\" decoding=\"async\" class=\"alignnone size-full wp-image-15700\" src=\"https:\/\/www.infozdrave.com\/wp-content\/uploads\/2023\/07\/el.png\" alt=\"\" width=\"679\" height=\"309\" srcset=\"https:\/\/www.infozdrave.com\/wp-content\/uploads\/2023\/07\/el.png 679w, https:\/\/www.infozdrave.com\/wp-content\/uploads\/2023\/07\/el-300x137.png 300w, https:\/\/www.infozdrave.com\/wp-content\/uploads\/2023\/07\/el-600x273.png 600w\" sizes=\"auto, (max-width: 679px) 100vw, 679px\" \/><\/p>\n<p>Test\u0103m produsele , \u00eenainte da lor\u00a0trimite pe clientii .<\/p>\n","protected":false},"featured_media":15168,"comment_status":"closed","ping_status":"closed","template":"","meta":{"_acf_changed":false,"_seopress_robots_primary_cat":"none","_seopress_titles_title":"","_seopress_titles_desc":"","_seopress_robots_index":""},"product_brand":[],"product_cat":[5252],"product_tag":[],"class_list":{"0":"post-11969","1":"product","2":"type-product","3":"status-publish","4":"has-post-thumbnail","6":"product_cat-detoxifiant-ionic","7":"pa_oldid-11-ro","8":"pa_oldurlbg-https-www-infozdrave-com-masajni-elektrodi-za-detoksikator-b-01-ro","9":"pa_oldurlel-https-www-infozdrave-com-----detox-b-01-ro","10":"pa_oldurlen-https-www-infozdrave-com-massaging-electrodes-for-detox-machine-b-01-ro","11":"pa_oldurlro-https-www-infozdrave-com-electrozi-de-masaj-pentru-detoxifiant-b-01-ro","12":"pif-has-gallery","14":"first","15":"instock","16":"purchasable","17":"product-type-simple"},"acf":[],"_links":{"self":[{"href":"https:\/\/www.infozdrave.com\/ro\/wp-json\/wp\/v2\/product\/11969","targetHints":{"allow":["GET"]}}],"collection":[{"href":"https:\/\/www.infozdrave.com\/ro\/wp-json\/wp\/v2\/product"}],"about":[{"href":"https:\/\/www.infozdrave.com\/ro\/wp-json\/wp\/v2\/types\/product"}],"replies":[{"embeddable":true,"href":"https:\/\/www.infozdrave.com\/ro\/wp-json\/wp\/v2\/comments?post=11969"}],"wp:featuredmedia":[{"embeddable":true,"href":"https:\/\/www.infozdrave.com\/ro\/wp-json\/wp\/v2\/media\/15168"}],"wp:attachment":[{"href":"https:\/\/www.infozdrave.com\/ro\/wp-json\/wp\/v2\/media?parent=11969"}],"wp:term":[{"taxonomy":"product_brand","embeddable":true,"href":"https:\/\/www.infozdrave.com\/ro\/wp-json\/wp\/v2\/product_brand?post=11969"},{"taxonomy":"product_cat","embeddable":true,"href":"https:\/\/www.infozdrave.com\/ro\/wp-json\/wp\/v2\/product_cat?post=11969"},{"taxonomy":"product_tag","embeddable":true,"href":"https:\/\/www.infozdrave.com\/ro\/wp-json\/wp\/v2\/product_tag?post=11969"}],"curies":[{"name":"wp","href":"https:\/\/api.w.org\/{rel}","templated":true}]}}