{"id":11979,"date":"2023-07-24T23:45:41","date_gmt":"2023-07-24T20:45:41","guid":{"rendered":"https:\/\/www.infozdrave.com\/p\/detoxifiati-plasturi-cu-lavanda\/"},"modified":"2026-01-01T00:46:14","modified_gmt":"2025-12-31T22:46:14","slug":"detoxifiati-plasturi-cu-lavanda","status":"publish","type":"product","link":"https:\/\/www.infozdrave.com\/ro\/pr\/detoxifiati-plasturi-cu-lavanda\/","title":{"rendered":"Plasturi de detoxifiere cu lavand\u0103"},"content":{"rendered":"<h3><strong>Caracteristic\u0103<\/strong><\/h3>\n<ul>\n<li>Set de pachete de amestec \u0219i plasture detox<\/li>\n<li>Plicul include componente din ingrediente naturale<\/li>\n<li>Certificat CE<\/li>\n<li>Plasturele este realizat 100% din past\u0103 de lemn \u0219i acoperit cu lipici medical<\/li>\n<li>Plasturele este degradabil \u00een mod natural, ecologic \u0219i nu d\u0103uneaz\u0103 s\u0103n\u0103t\u0103\u021bii sau naturii<\/li>\n<li>Permite picioarelor s\u0103 respire, nu provoac\u0103 alergii<\/li>\n<\/ul>\n<h3><strong>Pachet<\/strong><\/h3>\n<ul>\n<li>Cutie de carton cu 10 plicuri si 10 plasturi detox<\/li>\n<li>O cutie este suficient\u0103 pentru 5 zile<\/li>\n<li>Pretul anun\u021bat este pentru o cutie<\/li>\n<li>Fabricate \u00een China<\/li>\n<\/ul>\n<h3><strong>Pruden\u021b\u0103<\/strong><\/h3>\n<p>Perioada de compensare recomandat\u0103 15 zile. Sunt necesare 3 cutii.<\/p>\n","protected":false},"excerpt":{"rendered":"<h2 style=\"text-align: center;\"><strong>PARCURI DE DETOXIFICARE - O NOU\u0102 TENDIN\u021a\u0102 \u00ceN INGRIJIRE DE AUTO<\/strong><\/h2>\n<p>Detoxifierea, sau cur\u0103\u021barea organismului de toxine \u0219i substan\u021be nocive, a devenit extrem de popular\u0103 \u00een ultimii ani. Interesul tot mai mare pentru un stil de via\u021b\u0103 s\u0103n\u0103tos, \u00eent\u0103rirea sistemului imunitar \u0219i \u00eembun\u0103t\u0103\u021birea st\u0103rii generale de bine, \u00eendreapt\u0103 aten\u021bia c\u0103tre diverse metode de detoxifiere, una dintre cele mai utilizate fiind prin plasturi de detoxifiere.<\/p>\n<p>Plasturii de detoxifiere (Detox Patchs) con\u021bin amestecuri speciale de ingrediente naturale care se lipesc de pielea piciorului \u00een timp ce dormi. Principiul de ac\u021biune al acestor plasturi este de a ajuta la eliminarea substan\u021belor otr\u0103vitoare din organism prin transpira\u021bie. Piciorul este \u00eenc\u0103lzit, ingredientele active din plic sunt activate \u0219i \u00eencep s\u0103-\u0219i \u00eendeplineasc\u0103 scopul. Organismul are doar capacitatea de a se \u201ecur\u0103\u021ba\u201d de cantit\u0103\u021bile excesive de substan\u021be nocive pe care le acumuleaz\u0103 \u00een fiecare zi.<\/p>\n<p>Aplicarea plasturilor de detoxifiere se realizeaz\u0103 \u00eentr-un mod convenabil \u0219i neagresiv. Dup\u0103 ce plasturele este ata\u0219at de piele, acesta \u00eencepe s\u0103 absoarb\u0103 otr\u0103vuri care ar putea d\u0103una organismului. Amestecurile din pachetul inclus in set sunt naturale - extracte de bambus, eucalipt, ceai, turmalina si diverse ingrediente vegetale. Se crede c\u0103 aceste componente naturale au capacitatea de a absorbi toxinele \u0219i de a elimina substan\u021bele reziduale acumulate din organism.<\/p>\n<p>Beneficiile plasturilor de detoxifiere includ: u\u0219urin\u021b\u0103 \u00een utilizare, somn mai bun, energie \u0219i dispozi\u021bie crescute, inflama\u021bie redus\u0103, func\u021bionare mai bun\u0103 a organelor, dureri corporale reduse \u0219i circula\u021bie \u00eembun\u0103t\u0103\u021bit\u0103.<\/p>\n<p>Plasturile de detoxifiere sunt populare printre persoanele care caut\u0103 metode alternative pentru a-\u0219i \u00eembun\u0103t\u0103\u021bi s\u0103n\u0103tatea general\u0103 \u0219i pentru a detoxifica organismul. Opiniile multor oameni sunt pozitive, raportand diverse imbunatatiri ale sanatatii si performante crescute dupa folosirea plasturilor de detoxifiere.<\/p>\n<h2><strong>Compozi\u0163ie<\/strong><\/h2>\n<p>produs 100% natural. Extract de lavand\u0103 30%, o\u021bet de bambus 20%, c\u0103rbune de bambus 20%, chitin\u0103 3 %, extract de r\u0103d\u0103cin\u0103 Platycodon Grandiflorum 5% (utilizat \u00een medicina tradi\u021bional\u0103 chinez\u0103), turmalin\u0103 3%, vitamina C 2%, extract de semin\u021be de struguri 15%, pudr\u0103 proteic\u0103 2%. Extractul de lavand\u0103 \u00eembun\u0103t\u0103\u021be\u0219te somnul \u0219i amelioreaz\u0103 oboseala.<\/p>\n<h2><strong>Modul de a ac\u021biona<\/strong><\/h2>\n<p>Acidul de bambus, care are capacitatea de a p\u0103trunde \u0219i \u201etransporta\u201d toxinele \u00een afara corpului, este un element principal al compozi\u021biei autocolantelor. Procesul de extragere a toxinelor prin piele este similar cu osmoza din r\u0103d\u0103cinile plantelor. Plasturele este realizat 100% din past\u0103 de lemn \u0219i acoperit cu lipici medical. Plasturele este degradabil \u00een mod natural, ecologic \u0219i nu d\u0103uneaz\u0103 s\u0103n\u0103t\u0103\u021bii sau naturii. Permite picioarelor s\u0103 respire, nu provoac\u0103 alergii.<\/p>\n<h2><strong>Utilizare<\/strong><\/h2>\n<p>Sp\u0103la\u021bi picioarele, imprima\u021bi pachetul cu autocolante transparent, scoate\u021bi plicul de detoxifiere \u0219i ata\u0219a\u021bi-l pe plasturele de ventila\u021bie cu partea alb\u0103 spre picior. Lipi\u021bi-l de mijlocul t\u0103lpii. Se aplic\u0103 seara, \u00eenainte de culcare, \u0219i se lumineaz\u0103 diminea\u021ba. Dac\u0103 este necesar, picioarele se spal\u0103 diminea\u021ba.<\/p>\n<h2><strong>Rezultate<\/strong><\/h2>\n<p>\u00cendep\u0103rteaz\u0103 otr\u0103vurile, substan\u021bele chimice, sinteticele acumulate \u00een piele, elimin\u0103 constipa\u021bia, \u00eembun\u0103t\u0103\u021be\u0219te somnul, memoria, pH-ul mai echilibrat, calmeaz\u0103 durerile, inclusiv migrenele \u0219i artrita.<\/p>\n<h2><strong>Contraindicatii<\/strong><\/h2>\n<p>Nu exist\u0103 nicio dovad\u0103 de intoleran\u021b\u0103, \u00een afar\u0103 de cea individual\u0103, la oricare dintre ingredientele modelului relevant de plasture de detoxifiere. Dac\u0103 observa\u021bi ro\u0219ea\u021b\u0103 sau alt\u0103 reac\u021bie a pielii, \u00eentrerupe\u021bi utilizarea. Nu este recomandat pentru utilizare pe pielea deteriorat\u0103.<\/p>\n<p>Utilizarea plasturilor pentru detoxifiere nu exclude respectarea prescrip\u021biilor medicamentului oficial. Plasturile de detoxifiere nu sunt un dispozitiv medical.<\/p>\n","protected":false},"featured_media":1425,"comment_status":"closed","ping_status":"closed","template":"","meta":{"_acf_changed":false,"_seopress_robots_primary_cat":"none","_seopress_titles_title":"","_seopress_titles_desc":"","_seopress_robots_index":""},"product_brand":[],"product_cat":[5106],"product_tag":[],"class_list":{"0":"post-11979","1":"product","2":"type-product","3":"status-publish","4":"has-post-thumbnail","6":"product_cat-plasturi-de-detoxifiere","7":"pa_oldid-14-ro","8":"pa_oldurlbg-https-www-infozdrave-com-plastiri-za-detoksikaciya-s-lavandula-ro","9":"pa_oldurlel-https-www-infozdrave-com----ro","10":"pa_oldurlen-https-www-infozdrave-com-detox-patches-with-lavender-ro","11":"pa_oldurlro-https-www-infozdrave-com-detoxifiati-plasturi-cu-lavanda-ro","12":"pif-has-gallery","14":"first","15":"instock","16":"purchasable","17":"product-type-simple"},"acf":[],"_links":{"self":[{"href":"https:\/\/www.infozdrave.com\/ro\/wp-json\/wp\/v2\/product\/11979","targetHints":{"allow":["GET"]}}],"collection":[{"href":"https:\/\/www.infozdrave.com\/ro\/wp-json\/wp\/v2\/product"}],"about":[{"href":"https:\/\/www.infozdrave.com\/ro\/wp-json\/wp\/v2\/types\/product"}],"replies":[{"embeddable":true,"href":"https:\/\/www.infozdrave.com\/ro\/wp-json\/wp\/v2\/comments?post=11979"}],"wp:featuredmedia":[{"embeddable":true,"href":"https:\/\/www.infozdrave.com\/ro\/wp-json\/wp\/v2\/media\/1425"}],"wp:attachment":[{"href":"https:\/\/www.infozdrave.com\/ro\/wp-json\/wp\/v2\/media?parent=11979"}],"wp:term":[{"taxonomy":"product_brand","embeddable":true,"href":"https:\/\/www.infozdrave.com\/ro\/wp-json\/wp\/v2\/product_brand?post=11979"},{"taxonomy":"product_cat","embeddable":true,"href":"https:\/\/www.infozdrave.com\/ro\/wp-json\/wp\/v2\/product_cat?post=11979"},{"taxonomy":"product_tag","embeddable":true,"href":"https:\/\/www.infozdrave.com\/ro\/wp-json\/wp\/v2\/product_tag?post=11979"}],"curies":[{"name":"wp","href":"https:\/\/api.w.org\/{rel}","templated":true}]}}