{"id":12059,"date":"2023-07-24T23:45:41","date_gmt":"2023-07-24T20:45:41","guid":{"rendered":"https:\/\/www.infozdrave.com\/p\/blocat-cu-1500-de-programe\/"},"modified":"2024-02-01T00:00:32","modified_gmt":"2024-01-31T22:00:32","slug":"blocat-cu-1500-de-programe","status":"publish","type":"product","link":"https:\/\/www.infozdrave.com\/ro\/pr\/blocat-cu-1500-de-programe\/","title":{"rendered":"Zapper cu 1500 de programe ultima versiune"},"content":{"rendered":"<h3><strong>ZAPER COMBINAT CEL MAI V\u00c2NDUT<\/strong><\/h3>\n<h3>FUNc\u021bioneaz\u0103 CU FREX EXTERN 16 \u0218I 30 KHZ<\/h3>\n<ul>\n<li>Acestea sunt dou\u0103 metode complementare de impact asupra viru\u0219ilor, parazi\u021bilor \u0219i bacteriilor<\/li>\n<li>Cu programul Frex16 inclus in kit<\/li>\n<li>Cu capacitatea de a stoca noi frecven\u021be \u0219i programe<\/li>\n<li>Service \u00een garan\u021bie \u0219i \u00een afara garan\u021biei<\/li>\n<li>Pentru consultatii si comenzi sunati la 0899 973 924<\/li>\n<\/ul>\n<p>24 luni garantie.<\/p>\n<p>Origine Bulgaria<\/p>\n","protected":false},"excerpt":{"rendered":"<h2 style=\"text-align: center;\"><strong>ZAPER CU 1500 DE PROGRAME VERSIUNE ACTUALIZAT\u0102<\/strong><\/h2>\n<p>Orice problem\u0103, fie c\u0103 este de origine viral\u0103, bacterian\u0103, infec\u021bioas\u0103 sau parazit\u0103, poate fi ac\u021bionat\u0103 cu Zapper \u0219i frecven\u021ba corespunz\u0103toare. Lucrarea lui Zapera se bazeaz\u0103 pe principiul Biorezonan\u021bei \u0219i anume - parazi\u021bii, viru\u0219ii \u0219i bacteriile au o frecven\u021b\u0103 electric\u0103 specific\u0103 de oscila\u021bie \u0219i atunci c\u00e2nd sunt afecta\u021bi cu un c\u00e2mp electric de aceea\u0219i frecven\u021b\u0103 sau armonic\u0103. Ei rezoneaz\u0103 cu ea \u0219i mor. Ele sunt excretate din organism \u00een mod natural. Este recomandat s\u0103 bei mult\u0103 ap\u0103, iar rezultatul poate fi sporit cu orice tip de detoxifiere.<\/p>\n<p>La \u00eenceputul secolului trecut, Royal Raymond Rife - un medic \u0219i cercet\u0103tor din SUA, a fost primul care a descoperit acest mod de impact \u0219i a lucrat cu microscoape puternice special f\u0103cute. Pentru prima dat\u0103, el realizeaz\u0103 imposibilul. Din diverse motive, munca lui a fost oprit\u0103.<\/p>\n<p>La sf\u00e2r\u0219itul secolului trecut, dr. Hulda Clark \u0219i fiul ei, folosind expertiza doctorului Raymond Rife, au publicat schema unui dispozitiv numit Zapper, un mic dispozitiv portabil care emitea o singur\u0103 frecven\u021b\u0103 \u0219i producea rezultate uimitoare.<\/p>\n<p>&nbsp;<\/p>\n<h2><strong>CE NE DEFECTEAZA OFERTE ZAPER DE LA ALTE APARATE ASEMENARE<\/strong><\/h2>\n<p>1.500 Program Zapper este un aparat combinat care func\u021bioneaz\u0103 pe metoda Dr. Rife \u0219i metoda Dr. Hulda Clark.<\/p>\n<h3><strong>LUCRU CU FREX 16 - UN PROGRAM PREG\u0102TIT \u0218I LUCRARE CU MULTI-FRECVEN\u021a\u0102 CU PROGRAME PENTRU CAMERA 1500 DE PROBLEME DE S\u0102N\u0102TATE<\/strong><\/h3>\n<ul>\n<li>Arhiva p\u0103strat\u0103 a frecven\u021belor descoperite de dr. Rife, precum \u0219i rezultatele cercet\u0103rilor moderne, sunt sursele din care au fost create programe de terapie prin biorezonan\u021b\u0103. Acest model Zapper func\u021bioneaz\u0103 cu un astfel de program \u0219i cu el pute\u021bi face aproximativ 1500 de sesiuni diferite pentru diferite probleme. Impactul cu Zapper este astfel specific \u0219i are loc la frecven\u021be diferite specifice fiec\u0103rui program. Sesiunile au durate diferite, in functie de numarul de frecvente din programul respectiv. Fiecare frecven\u021b\u0103 este aliniat\u0103 timp de 3 minute.<\/li>\n<li>C\u00e2nd lucra\u021bi cu un computer \u0219i Frex 16, este necesar s\u0103 instala\u021bi programul pe computer. Din pictograma care va ap\u0103rea pe desktop, vei lansa un program individual \u00een func\u021bie de nevoile tale. Acest program individual va con\u021bine frecven\u021be specifice acestuia. Conexiunea blocare - calculator se face cu un cablu. Zapper-ul are conectorul corespunz\u0103tor, iar computerul folose\u0219te mufa pentru c\u0103\u0219ti. Puterea semnalului este ajustat\u0103 de pictograma sunetului computerului. Semnalul zapperului ar trebui s\u0103 fie suficient de puternic, dar nu extrem de puternic.<\/li>\n<\/ul>\n<h3><strong>FUNC\u021aIONARE CU O SINGUR\u0102 FRECVEN\u021a\u0102 30 KHZ<\/strong><\/h3>\n<ul>\n<li>Zapper cu 1500 de programe este un dispozitiv combinat si ofera posibilitatea de a functiona si dupa metoda Dr. Hulda Clark, cu o singura frecventa - 30 kHz. \u00cen acest caz, o sesiune include lucrul cu dispozitivul de 3 ori timp de 7 minute \u0219i o pauz\u0103 de 20 de minute \u00eentre ele. kHz este o frecven\u021b\u0103 la care nu exist\u0103 niciun sentiment \u00een m\u00e2ini.<\/li>\n<\/ul>\n<h3><strong>NU FUNEREAZ\u0102 CU BATERIE<\/strong><\/h3>\n<p>Blocat cu 1500 de programe, func\u021bioneaz\u0103 cu electricitate, nu cu baterie. Avantajele acestui mod sunt evidente - se men\u021bine o tensiune constant\u0103 de 9 V. Adaptorul converte\u0219te 220 V la 9 V. Deci semnalul este garantat a fi puternic, pentru rezultate mai bune. Nu este necesar s\u0103 folosi\u021bi prosoape umede etc. Curentul intr\u0103 \u00een aparat \u0219i asigur\u0103 func\u021bionarea electronicii, iar la m\u00e2nere iese sub form\u0103 de vibra\u021bie, energie cu o anumit\u0103 frecven\u021b\u0103.<\/p>\n<p>Adaptorul este o modalitate fiabil\u0103 de a converti energia electric\u0103 \u0219i toate frumuse\u021bile portabile \u0219i multe alte aparate func\u021bioneaz\u0103 cu el.<\/p>\n<h2><strong>PUTE\u021aI VEDE AICI FILMUL DESPRE DR REIF \u0218I METODA SA DE LUCRU CU ZAPER \u00ceN FILM.<\/strong><\/h2>\n<p>https:\/\/www.youtube.com\/watch?v=wbihZHgO_0o<\/p>\n<p>Este posibil ca un dispozitiv mic, Zapper, cu tehnologie simpl\u0103 \u0219i accesibil\u0103, s\u0103 aib\u0103 un efect pozitiv asupra unei variet\u0103\u021bi de probleme. Nu se poate r\u0103spunde f\u0103r\u0103 ambiguitate. Fiecare efect, nu numai la Zapper, este individual \u0219i depinde de mul\u021bi factori, dar rezultatele bune ob\u021binute de noi \u0219i clien\u021bii no\u0219tri ne fac s\u0103 credem c\u0103 metoda func\u021bioneaz\u0103. Nu putem face nicio afirma\u021bie cu privire la frecven\u021bele descoperite de Dr. Rife \u0219i Dr. Clark. Utilizarea dispozitivului nu exclude consultarea unui medic \u0219i respectarea prescrip\u021biilor medicamentului oficial.<\/p>\n<p>Test\u0103m produsele \u00eenainte de a le trimite clien\u021bilor. Nu este un dispozitiv medical. Consulta\u021bi-v\u0103 medicul pentru tratament.<\/p>\n<p>Link de desc\u0103rcare a programului Frex16:<\/p>\n<p><a href=\"https:\/\/frex16.software.informer.com\/10.0\/\">https:\/\/frex16.software.informer.com\/10.0\/<\/a><\/p>\n<p>Aplica\u021bie pentru telefoane mobile:<\/p>\n<p><strong>Aplica\u021bia Z (aplica\u021bia Rife)<\/strong><\/p>\n","protected":false},"featured_media":20984,"comment_status":"closed","ping_status":"closed","template":"","meta":{"_acf_changed":false,"_seopress_robots_primary_cat":"none","_seopress_titles_title":"","_seopress_titles_desc":"","_seopress_robots_index":""},"product_brand":[],"product_cat":[5112],"product_tag":[],"class_list":{"0":"post-12059","1":"product","2":"type-product","3":"status-publish","4":"has-post-thumbnail","6":"product_cat-incuia","7":"pa_garantsia-24-ro","8":"pa_oldid-21-ro","9":"pa_oldurlbg-https-www-infozdrave-com-zaper-s-1500-programi-ro","10":"pa_oldurlel-https-www-infozdrave-com-zapper--1500--ro","11":"pa_oldurlen-https-www-infozdrave-com-zapper-with-1500-programs-ro","12":"pa_oldurlro-https-www-infozdrave-com-blocat-cu-1500-de-programe-ro","13":"pif-has-gallery","15":"first","16":"instock","17":"purchasable","18":"product-type-simple"},"acf":[],"_links":{"self":[{"href":"https:\/\/www.infozdrave.com\/ro\/wp-json\/wp\/v2\/product\/12059","targetHints":{"allow":["GET"]}}],"collection":[{"href":"https:\/\/www.infozdrave.com\/ro\/wp-json\/wp\/v2\/product"}],"about":[{"href":"https:\/\/www.infozdrave.com\/ro\/wp-json\/wp\/v2\/types\/product"}],"replies":[{"embeddable":true,"href":"https:\/\/www.infozdrave.com\/ro\/wp-json\/wp\/v2\/comments?post=12059"}],"wp:featuredmedia":[{"embeddable":true,"href":"https:\/\/www.infozdrave.com\/ro\/wp-json\/wp\/v2\/media\/20984"}],"wp:attachment":[{"href":"https:\/\/www.infozdrave.com\/ro\/wp-json\/wp\/v2\/media?parent=12059"}],"wp:term":[{"taxonomy":"product_brand","embeddable":true,"href":"https:\/\/www.infozdrave.com\/ro\/wp-json\/wp\/v2\/product_brand?post=12059"},{"taxonomy":"product_cat","embeddable":true,"href":"https:\/\/www.infozdrave.com\/ro\/wp-json\/wp\/v2\/product_cat?post=12059"},{"taxonomy":"product_tag","embeddable":true,"href":"https:\/\/www.infozdrave.com\/ro\/wp-json\/wp\/v2\/product_tag?post=12059"}],"curies":[{"name":"wp","href":"https:\/\/api.w.org\/{rel}","templated":true}]}}