{"id":12081,"date":"2023-07-24T23:46:17","date_gmt":"2023-07-24T20:46:17","guid":{"rendered":"https:\/\/www.infozdrave.com\/p\/biowave\/"},"modified":"2023-11-02T13:45:32","modified_gmt":"2023-11-02T11:45:32","slug":"biowave","status":"publish","type":"product","link":"https:\/\/www.infozdrave.com\/ro\/pr\/biowave\/","title":{"rendered":"Biowave Tripla protectie a corpului"},"content":{"rendered":"<h3>DISPOZITIV DE BIO-REZONAN\u021a\u0102 BIOWAVE<br \/>\nOFER\u0102 TRIPLA PROTEC\u021aIE CORPULUI:<\/h3>\n<ul>\n<li>Elimina toxinele din alimente si bauturi;<\/li>\n<li>Neutralizeaz\u0103 impactul negativ al mediului;<\/li>\n<li>Recupereaz\u0103 c\u00e2mpurile sub\u021biri ale corpului.<\/li>\n<\/ul>\n<p>Dezvoltat \u00een \u00eentregime pe baza tehnologiilor de bio-rezonan\u021b\u0103, BIOWAVE este un instrument modern, sigur \u0219i unic de aplica\u021bie.<\/p>\n<p>12\u00a0luni garan\u021bie pentru persoane fizice.<\/p>\n","protected":false},"excerpt":{"rendered":"<h2 style=\"text-align: center;\"><strong>BIUNDE<\/strong><\/h2>\n<h2>\n<strong>CARACTERISTICI<\/strong><\/h2>\n<ul>\n<li>BIOWAVE este un dispozitiv electromagnetic care purific\u0103 alimentele, apa \u0219i b\u0103uturile de substan\u021be toxice, neutralizeaz\u0103 efectele nocive din mediul nostru \u0219i armonizeaz\u0103 c\u00e2mpurile subtile ale corpului nostru.<\/li>\n<li>Dezvoltat \u00een \u00eentregime pe baza tehnologiilor de bio-rezonan\u021b\u0103, BIOWAVE este un instrument modern, sigur \u0219i unic cu aplica\u021bie.<\/li>\n<\/ul>\n<p>Prin intermediul unui c\u00e2mp electromagnetic slab, dispozitivul provoac\u0103 rezonan\u021b\u0103 \u00een organe \u0219i sisteme, armoniz\u00e2nd astfel activitatea fiec\u0103rui organ \u0219i a \u00eentregului organism. Ca urmare a impactului bio-rezonan\u021bei, produsele structurate pentru consum, corpurile noastre fizice \u0219i energetice primesc energia de care au nevoie \u0219i sunt eliberate de efectele negative \u0219i de toxine. Acest lucru, \u00een acela\u0219i timp, are un efect benefic asupra activit\u0103\u021bii \u00eentregului organism, capacitatea de lucru \u0219i vitalitatea sunt restabilite.<\/p>\n<h2><strong>DISPOZITIVUL DE BIO-REZONAN\u021a\u0102 BIOWAVE OFER\u0102 PROTEC\u021aIE TRIP\u0102 CORPULUI:<\/strong><\/h2>\n<ul>\n<li>Elimina toxinele din alimente si bauturi;<\/li>\n<li>Neutralizeaz\u0103 impactul negativ al mediului;<\/li>\n<li>Recupereaz\u0103 c\u00e2mpurile sub\u021biri ale corpului.<\/li>\n<\/ul>\n<p>Include trei programe care acoper\u0103 un c\u00e2mp larg de influen\u021b\u0103, at\u00e2t la nivel celular, c\u00e2t \u0219i asupra organismului \u00een ansamblu. Complexul de programe de bio-rezonan\u021b\u0103 selectate (radia\u021bii electromagnetice de energie sc\u0103zut\u0103) regleaz\u0103 \u0219i restabile\u0219te poten\u021bialul natural al organismului \u0219i al produselor c\u0103rora le este aplicat.<\/p>\n<h2><strong>PRIMUL PROGRAM:<\/strong><\/h2>\n<p>Reface calit\u0103\u021bile naturale ale produselor, puritatea \u0219i gustul lor adev\u0103rat. Ajut\u0103 la neutralizarea substan\u021belor pe care organismul le-ar recunoa\u0219te ca fiind toxice \u2013 conservan\u021bi, coloran\u021bi, \u00eendulcitori, poten\u021biatori, parazi\u021bi din alimente etc. Programul are un impact mai mare asupra produselor cu con\u021binut mai mare de ap\u0103. Dac\u0103 se trateaz\u0103 numai apa, aceasta are un gust mai bun \u0219i un efect benefic asupra \u00eentregului organism uman. BIOWAVE poate procesa juc\u0103rii pentru copii, b\u0103uturi alcoolice, tutun, parfumerie \u0219i produse cosmetice.<\/p>\n<h2><strong>AL DOILEA PROGRAM:<\/strong><\/h2>\n<p>Cur\u0103\u021b\u0103 c\u00e2mpul electromagnetic din case, distruge mucegaiul. Creeaz\u0103 un fundal emo\u021bional bun prin neutralizarea energiei negative, emise de cuvintele rele, blestem, blesteme \u0219i a\u0219a mai departe.<\/p>\n<h2><strong>AL TREILEA PROGRAM:<\/strong><\/h2>\n<p>Echilibreaz\u0103 c\u00e2mpurile energetice subtile (aurele \u0219i chakrele) \u0219i le \u00eent\u0103re\u0219te energia, le purific\u0103 de contaminarea energetic\u0103.<\/p>\n<p>Toate programele func\u021bioneaz\u0103 la nivel celular.<\/p>\n<p>Timpul standard de procesare este de 20 de minute. C\u00e2mpul emis de dispozitiv are o raz\u0103 de 30 cm fa\u021b\u0103 de acesta, incluz\u00e2nd direc\u021biile \u00een sus \u0219i \u00een jos. Acest lucru permite prelucrarea produselor alimentare mari. Propriet\u0103\u021bile utile pe care dispozitivul le are asupra obiectului prelucrat sunt p\u0103strate \u00een 48 de ore. Pentru produsele alimentare, bauturi, etc se recomanda procesarea imediat inainte de consumare sau gatire.<\/p>\n<p>Nu putem face nicio afirma\u021bie cu privire la frecven\u021be. Utilizarea dispozitivului nu exclude consultarea unui medic \u0219i respectarea prescrip\u021biilor medicamentului oficial.<\/p>\n","protected":false},"featured_media":21024,"comment_status":"closed","ping_status":"closed","template":"","meta":{"_acf_changed":false,"_seopress_robots_primary_cat":"none","_seopress_titles_title":"","_seopress_titles_desc":"","_seopress_robots_index":""},"product_brand":[],"product_cat":[5112],"product_tag":[],"class_list":{"0":"post-12081","1":"product","2":"type-product","3":"status-publish","4":"has-post-thumbnail","6":"product_cat-incuia","7":"pa_garantsia-24-ro","8":"pa_oldid-29-ro","9":"pa_oldurlbg-https-www-infozdrave-com-biovalna-ro","10":"pa_oldurlel-https-www-infozdrave-com--ro","11":"pa_oldurlen-https-www-infozdrave-com-biowave-ro","12":"pa_oldurlro-https-www-infozdrave-com-biowave-comarticle29ro-ro","14":"first","15":"instock","16":"purchasable","17":"product-type-simple"},"acf":[],"_links":{"self":[{"href":"https:\/\/www.infozdrave.com\/ro\/wp-json\/wp\/v2\/product\/12081","targetHints":{"allow":["GET"]}}],"collection":[{"href":"https:\/\/www.infozdrave.com\/ro\/wp-json\/wp\/v2\/product"}],"about":[{"href":"https:\/\/www.infozdrave.com\/ro\/wp-json\/wp\/v2\/types\/product"}],"replies":[{"embeddable":true,"href":"https:\/\/www.infozdrave.com\/ro\/wp-json\/wp\/v2\/comments?post=12081"}],"wp:featuredmedia":[{"embeddable":true,"href":"https:\/\/www.infozdrave.com\/ro\/wp-json\/wp\/v2\/media\/21024"}],"wp:attachment":[{"href":"https:\/\/www.infozdrave.com\/ro\/wp-json\/wp\/v2\/media?parent=12081"}],"wp:term":[{"taxonomy":"product_brand","embeddable":true,"href":"https:\/\/www.infozdrave.com\/ro\/wp-json\/wp\/v2\/product_brand?post=12081"},{"taxonomy":"product_cat","embeddable":true,"href":"https:\/\/www.infozdrave.com\/ro\/wp-json\/wp\/v2\/product_cat?post=12081"},{"taxonomy":"product_tag","embeddable":true,"href":"https:\/\/www.infozdrave.com\/ro\/wp-json\/wp\/v2\/product_tag?post=12081"}],"curies":[{"name":"wp","href":"https:\/\/api.w.org\/{rel}","templated":true}]}}