{"id":12154,"date":"2023-07-24T23:46:17","date_gmt":"2023-07-24T20:46:17","guid":{"rendered":"https:\/\/www.infozdrave.com\/p\/plasa-de-tantari-90-x-210-cm-alb-cu-un-cadou-cu-velcro\/"},"modified":"2023-11-16T10:36:45","modified_gmt":"2023-11-16T08:36:45","slug":"plasa-de-tantari-90-x-210-cm-alb-cu-un-cadou-cu-velcro","status":"publish","type":"product","link":"https:\/\/www.infozdrave.com\/ro\/pr\/plasa-de-tantari-90-x-210-cm-alb-cu-un-cadou-cu-velcro\/","title":{"rendered":"Plasa de tantari usa 90 x 210 cm alba"},"content":{"rendered":"<h3><strong>Plasa de tantari pentru usa<\/strong><\/h3>\n<ul>\n<li>Dimensiune 90 x 210 cm<\/li>\n<li>In alb.<\/li>\n<li>Pentru tamplarie din lemn, metal, aluminiu, PVC.<\/li>\n<li>Material: poliester 60 g\/mp.<\/li>\n<li>Velcro in culoarea plasei - 12 benzi x 6 cm.<\/li>\n<li>Velcro puternic, rezist\u0103 p\u00e2n\u0103 la 2 kg \/ 10 cm.<\/li>\n<li>Frigarui, 12 buc. \u00een culoarea re\u021belei.<\/li>\n<li>18 buc. magne\u021bi - unul fa\u021b\u0103 de cel\u0103lalt \u0219i \u00eenchiz\u00e2nd etan\u0219 plasa.<\/li>\n<li>Origine: China.<\/li>\n<\/ul>\n<p>Velcro suplimentar - 12 buc\u0103\u021bi x 6 cm pentru lipire \u00een mai multe locuri pot fi achizi\u021bionate <a href=\"https:\/\/www.infozdrave.com\/velkro-za-komarnik\">AICI<\/a>.<\/p>\n<p>Reglam marimea in functie de cererea clientului. Pl\u0103tit suplimentar. F\u0103r\u0103 band\u0103 de montare, plasa nu poate fi ata\u0219at\u0103 ferm de ramele ferestrelor. Serviciul include t\u0103ierea \u0219i mutarea benzii de montare la noua dimensiune.<\/p>\n","protected":false},"excerpt":{"rendered":"<h2 style=\"text-align: center;\"><strong>PLASA DE T\u00c2TARARI USI CU MAGNETI 90 X 210 CM ALBA<\/strong><\/h2>\n<p>&nbsp;<\/p>\n<p>O plas\u0103 de \u021b\u00e2n\u021bari cu magne\u021bi este o modalitate practic\u0103 \u0219i eficient\u0103 de a preveni insectele precum \u021b\u00e2n\u021barii \u0219i mu\u0219tele s\u0103 intre \u00een casa dvs., men\u021bin\u00e2nd \u00een acela\u0219i timp accesul u\u0219or pentru oameni. Aceste plase de \u021b\u00e2n\u021bari sunt de obicei realizate din plas\u0103 care permite aerului s\u0103 circule, dar \u00eempiedic\u0103 intrarea insectelor.<\/p>\n<p>Sistemul magnetic este format din dou\u0103 jum\u0103t\u0103\u021bi care sunt \u021binute \u00eempreun\u0103 de magne\u021bi. C\u00e2nd o persoan\u0103 sau un animal de companie trece prin u\u0219\u0103, magne\u021bii se separ\u0103 temporar, permi\u021b\u00e2ndu-le s\u0103 treac\u0103 prin plasa de \u021b\u00e2n\u021bari \u0219i apoi s\u0103 se \u00eenchid\u0103 din nou automat. Acest mecanism permite \u00eenchiderea plasei de \u021b\u00e2n\u021bari f\u0103r\u0103 a fi nevoie s\u0103 o \u00eenchid\u0103 manual de fiecare dat\u0103.<\/p>\n<p>O astfel de plas\u0103 de \u021b\u00e2n\u021bari poate fi util\u0103 \u00een lunile fierbin\u021bi de var\u0103 c\u00e2nd \u021b\u00e2n\u021barii sunt mai activi. \u00ce\u021bi protejeaz\u0103 spa\u021biul de invaziile nepl\u0103cute de insecte \u0219i \u00ee\u021bi permite s\u0103 te bucuri de aer curat f\u0103r\u0103 a fi nevoie s\u0103 la\u0219i u\u0219a deschis\u0103.<\/p>\n<h2><strong>AVANTAJELE UNEI PLASE DE U\u0218I MAGNETICE FA\u021a\u0102 DE ALTELE DE PE PIA\u021a\u0102?<\/strong><\/h2>\n<ul>\n<li>In alb.<\/li>\n<li>Instalarea se face cu band\u0103 velcro - rezistent\u0103 \u0219i dubl\u0103.<\/li>\n<li>Cureaua velcro sustine pana la 2 kg \/ 10 cm.<\/li>\n<li>Velcro este alb sau negru, \u00een func\u021bie de culoarea plasei de \u021b\u00e2n\u021bari.<\/li>\n<li>\u00cen set ve\u021bi g\u0103si \u0219i mici caberneturi albe sau negre.<\/li>\n<li>Plasa de tantari a usii se inchide ermetic in mijloc si insectele nu pot intra in camera.<\/li>\n<li>18 buc. magne\u021bi.<\/li>\n<li>Instalarea se realizeaz\u0103 pe o linie de asamblare care \u00eenconjoar\u0103 re\u021beaua pe toate p\u0103r\u021bile. Dac\u0103 plasa dvs. este de dimensiuni ajustate, asigura\u021bi-v\u0103 c\u0103 r\u0103m\u00e2ne\u021bi de partea neted\u0103 a acestei enzi.<\/li>\n<li>Practic \u0219i convenabil de trecut.<\/li>\n<li>Potrivit pentru ferestre din lemn, metal, aluminiu \u0219i PVC.<\/li>\n<li>Plasa de tantari pentru usa este ambalata intr-o cutie, include instructiuni de instalare.<\/li>\n<li>Este posibil\u0103 o abatere de p\u00e2n\u0103 la 1 cm pe lateral \u0219i p\u00e2n\u0103 la 2 cm \u00een lungime.<\/li>\n<\/ul>\n<p>\u00cenainte de a trimite expedierile c\u0103tre clien\u021bii no\u0219tri, verific\u0103m calitatea produselor.<\/p>\n","protected":false},"featured_media":1725,"comment_status":"closed","ping_status":"closed","template":"","meta":{"_acf_changed":false,"_seopress_robots_primary_cat":"none","_seopress_titles_title":"","_seopress_titles_desc":"","_seopress_robots_index":""},"product_brand":[],"product_cat":[5162],"product_tag":[],"class_list":{"0":"post-12154","1":"product","2":"type-product","3":"status-publish","4":"has-post-thumbnail","6":"product_cat-plasa-de-tantari-usa-cu-magneti","7":"pa_oldid-39-ro","8":"pa_oldurlbg-https-www-infozdrave-com-komarnik-za-vrata-90-h-210-sm-byal-ro","9":"pa_oldurlel-https-www-infozdrave-com--90-x-210---ro","10":"pa_oldurlen-https-www-infozdrave-com-mosquito-net-90-h-210-cm-white-ro","11":"pa_oldurlro-https-www-infozdrave-com-plasa-de-tantari-90-x-210-cm-alb-cu-un-cadou-cu-velcro-ro","12":"pif-has-gallery","14":"first","15":"instock","16":"purchasable","17":"product-type-simple"},"acf":[],"_links":{"self":[{"href":"https:\/\/www.infozdrave.com\/ro\/wp-json\/wp\/v2\/product\/12154","targetHints":{"allow":["GET"]}}],"collection":[{"href":"https:\/\/www.infozdrave.com\/ro\/wp-json\/wp\/v2\/product"}],"about":[{"href":"https:\/\/www.infozdrave.com\/ro\/wp-json\/wp\/v2\/types\/product"}],"replies":[{"embeddable":true,"href":"https:\/\/www.infozdrave.com\/ro\/wp-json\/wp\/v2\/comments?post=12154"}],"wp:featuredmedia":[{"embeddable":true,"href":"https:\/\/www.infozdrave.com\/ro\/wp-json\/wp\/v2\/media\/1725"}],"wp:attachment":[{"href":"https:\/\/www.infozdrave.com\/ro\/wp-json\/wp\/v2\/media?parent=12154"}],"wp:term":[{"taxonomy":"product_brand","embeddable":true,"href":"https:\/\/www.infozdrave.com\/ro\/wp-json\/wp\/v2\/product_brand?post=12154"},{"taxonomy":"product_cat","embeddable":true,"href":"https:\/\/www.infozdrave.com\/ro\/wp-json\/wp\/v2\/product_cat?post=12154"},{"taxonomy":"product_tag","embeddable":true,"href":"https:\/\/www.infozdrave.com\/ro\/wp-json\/wp\/v2\/product_tag?post=12154"}],"curies":[{"name":"wp","href":"https:\/\/api.w.org\/{rel}","templated":true}]}}