{"id":12171,"date":"2023-07-24T23:46:17","date_gmt":"2023-07-24T20:46:17","guid":{"rendered":"https:\/\/www.infozdrave.com\/p\/plasa-de-tantari-90-x-210-cm-alba-cu-nota\/"},"modified":"2023-11-16T10:42:03","modified_gmt":"2023-11-16T08:42:03","slug":"plasa-de-tantari-90-x-210-cm-alba-cu-nota","status":"publish","type":"product","link":"https:\/\/www.infozdrave.com\/ro\/pr\/plasa-de-tantari-90-x-210-cm-alba-cu-nota\/","title":{"rendered":"Plasa de tantari 90 x 210 cm, cu pete, alba"},"content":{"rendered":"<h3><strong>PLASA DE T\u00c2NTAR PENTRU USA CU MAGNETI.<\/strong><\/h3>\n<ul>\n<li>In alb.<\/li>\n<li>Dimensiune 90 x 210 cm<\/li>\n<li>Pentru ferestre din lemn, metal, aluminiu si PVC.<\/li>\n<li>Material: poliester 60 g\/mp.<\/li>\n<li>Velcro de culoarea plasei de tantari, alb - 12 benzi x 3 cm.<\/li>\n<li>Velcro puternic sustine pana la 2 kg \/ 10 cm.<\/li>\n<li>C\u00e2rlige 12 buc alb sau negru.<\/li>\n<li>18 magne\u021bi.<\/li>\n<li>Origine: China.<\/li>\n<\/ul>\n<p>Velcro suplimentar - 12 benzi x 6 cm pentru lipire \u00een mai multe locuri pot fi achizi\u021bionate <a href=\"https:\/\/www.infozdrave.com\/velkro-za-komarnik\">AICI<\/a>.<\/p>\n","protected":false},"excerpt":{"rendered":"<h2 style=\"text-align: center;\"><strong>AVANTAJELE UNEI PLASE DE U\u0218I MAGNETICE FA\u021a\u0102 DE ALTELE DE PE PIA\u021a\u0102?<\/strong><\/h2>\n<ol>\n<li>\u00cen alb sau negru.<\/li>\n<li>Instalarea se realizeaz\u0103 cu un plasture velcro - puternic \u0219i dublu lipit.<\/li>\n<li>Banda poate rezista p\u00e2n\u0103 la 2 kg \/ 10 cm.<\/li>\n<li>Velcro puternic de culoare alb\u0103.<\/li>\n<li>Setul include si margele mici albe.<\/li>\n<li>Plasa de tantari a usii se inchide ermetic in mijloc si insectele nu pot intra in camera.<\/li>\n<li>18 buc. magne\u021bi.<\/li>\n<li>Instalarea se realizeaz\u0103 pe o linie de asamblare care \u00eenconjoar\u0103 re\u021beaua pe toate p\u0103r\u021bile. Dac\u0103 plasa dvs. este de dimensiuni ajustate, asigura\u021bi-v\u0103 c\u0103 r\u0103m\u00e2ne\u021bi de partea neted\u0103 a acestei benzi.<\/li>\n<li>Practic \u0219i convenabil de trecut<\/li>\n<li>Potrivit pentru ferestre din lemn, metal, aluminiu \u0219i PVC.<\/li>\n<li>Plasa de tantari de la usa este ambalata intr-o punga de plastic, include instructiuni de instalare.<\/li>\n<li>Poate exista o abatere de aproximativ 1-2 cm \u00een lungime \u00eentre cele dou\u0103 p\u0103r\u021bi ale plasei de \u021b\u00e2n\u021bari sau alt defect.<\/li>\n<\/ol>\n","protected":false},"featured_media":1742,"comment_status":"closed","ping_status":"closed","template":"","meta":{"_acf_changed":false,"_seopress_robots_primary_cat":"none","_seopress_titles_title":"","_seopress_titles_desc":"","_seopress_robots_index":""},"product_brand":[],"product_cat":[5162],"product_tag":[],"class_list":{"0":"post-12171","1":"product","2":"type-product","3":"status-publish","4":"has-post-thumbnail","6":"product_cat-plasa-de-tantari-usa-cu-magneti","7":"pa_oldid-40-ro","8":"pa_oldurlbg-https-www-infozdrave-com-komarnik-90-h-210-sm-sas-zabelejka-byal-ro","9":"pa_oldurlel-https-www-infozdrave-com--90-x-210--comarticle40el-ro","10":"pa_oldurlen-https-www-infozdrave-com-mosquito-net-90-h-210-cm-comarticle40en-ro","11":"pa_oldurlro-https-www-infozdrave-com-plasa-de-tantari-90-x-210-cm-alba-cu-nota-ro","12":"pif-has-gallery","14":"first","15":"instock","16":"purchasable","17":"product-type-simple"},"acf":[],"_links":{"self":[{"href":"https:\/\/www.infozdrave.com\/ro\/wp-json\/wp\/v2\/product\/12171","targetHints":{"allow":["GET"]}}],"collection":[{"href":"https:\/\/www.infozdrave.com\/ro\/wp-json\/wp\/v2\/product"}],"about":[{"href":"https:\/\/www.infozdrave.com\/ro\/wp-json\/wp\/v2\/types\/product"}],"replies":[{"embeddable":true,"href":"https:\/\/www.infozdrave.com\/ro\/wp-json\/wp\/v2\/comments?post=12171"}],"wp:featuredmedia":[{"embeddable":true,"href":"https:\/\/www.infozdrave.com\/ro\/wp-json\/wp\/v2\/media\/1742"}],"wp:attachment":[{"href":"https:\/\/www.infozdrave.com\/ro\/wp-json\/wp\/v2\/media?parent=12171"}],"wp:term":[{"taxonomy":"product_brand","embeddable":true,"href":"https:\/\/www.infozdrave.com\/ro\/wp-json\/wp\/v2\/product_brand?post=12171"},{"taxonomy":"product_cat","embeddable":true,"href":"https:\/\/www.infozdrave.com\/ro\/wp-json\/wp\/v2\/product_cat?post=12171"},{"taxonomy":"product_tag","embeddable":true,"href":"https:\/\/www.infozdrave.com\/ro\/wp-json\/wp\/v2\/product_tag?post=12171"}],"curies":[{"name":"wp","href":"https:\/\/api.w.org\/{rel}","templated":true}]}}