{"id":12196,"date":"2023-07-24T23:46:17","date_gmt":"2023-07-24T20:46:17","guid":{"rendered":"https:\/\/www.infozdrave.com\/p\/plasa-anti-tantari-90-x-210-print-cu-un-cadou-cu-velcro\/"},"modified":"2023-11-16T10:49:34","modified_gmt":"2023-11-16T08:49:34","slug":"plasa-anti-tantari-90-x-210-print-cu-un-cadou-cu-velcro","status":"publish","type":"product","link":"https:\/\/www.infozdrave.com\/ro\/pr\/plasa-anti-tantari-90-x-210-print-cu-un-cadou-cu-velcro\/","title":{"rendered":"Plasa de tantari pentru usa 90 x 210 imprimeu"},"content":{"rendered":"<h3><strong>Plasa de tantari pentru usa cu fluturi.<\/strong><\/h3>\n<ul>\n<li>Pentru tamplarie din lemn, metal, aluminiu, PVC.<\/li>\n<li>Culoare alb\u0103 cu fluturi.<\/li>\n<li>Material: poliester 60 g\/mp.<\/li>\n<li>Velcro puternic: sus\u021bine p\u00e2n\u0103 la 2 kg pe band\u0103 de 10 cm<\/li>\n<li>Culoare velcro alb.<\/li>\n<li>Ochiuri discrete de culoarea plasei.<\/li>\n<li>Cele dou\u0103 p\u0103r\u021bi se \u00eenchid str\u00e2ns.<\/li>\n<li>Magne\u021bii sunt amplasa\u021bi exact unul fa\u021b\u0103 de cel\u0103lalt.<\/li>\n<li>Cu instruc\u021biuni de instalare.<\/li>\n<li>Origine: China.<\/li>\n<\/ul>\n<p>Velcro suplimentar - 12 buc\u0103\u021bi x 6 cm pentru lipire \u00een mai multe locuri pot fi achizi\u021bionate <a href=\"https:\/\/www.infozdrave.com\/velkro-za-komarnik\">AICI<\/a>.<\/p>\n<p>Reglam marimea in functie de cererea clientului. Pl\u0103tit suplimentar. F\u0103r\u0103 band\u0103 de montare, plasa nu poate fi ata\u0219at\u0103 ferm de ramele ferestrelor. Serviciul include t\u0103ierea \u0219i mutarea benzii de montare la noua dimensiune.<\/p>\n","protected":false},"excerpt":{"rendered":"<h3><strong>AVANTAJELE PLIEI DE T\u00c2NTAR PENTRU USA<\/strong><\/h3>\n<ol>\n<li>Pe un fundal alb cu fluturi.<\/li>\n<li>Instalarea se realizeaz\u0103 cu un plasture velcro - puternic \u0219i dublu lipit.<\/li>\n<li>Banda sus\u021bine p\u00e2n\u0103 la 2 kg \/ 6 cm.<\/li>\n<li>Velcro este alb.<\/li>\n<li>\u00cen set ve\u021bi g\u0103si \u0219i gulere albe frumoase.<\/li>\n<li>Plasa de tantari a usii se inchide ermetic in mijloc si insectele nu pot intra in camera.<\/li>\n<li>18 buc. magne\u021bi.<\/li>\n<li>Instalarea se realizeaz\u0103 pe o linie de asamblare care \u00eenconjoar\u0103 re\u021beaua pe toate p\u0103r\u021bile. Dac\u0103 plasa dvs. este de dimensiuni ajustate, asigura\u021bi-v\u0103 c\u0103 r\u0103m\u00e2ne\u021bi de partea neted\u0103 a acestei benzi.<\/li>\n<li>Practic \u0219i convenabil de trecut.<\/li>\n<li>Este potrivit pentru ferestre din lemn, metal, aluminiu \u0219i PVC.<\/li>\n<li>Plasa de tantari pentru usa este ambalata intr-o punga de plastic si cutie, include instructiuni de instalare.<\/li>\n<li>Este posibil\u0103 o abatere de p\u00e2n\u0103 la 1 cm pe lateral \u0219i p\u00e2n\u0103 la 2 cm \u00een lungime.<\/li>\n<\/ol>\n<p>\u00cenainte de a trimite expedierile c\u0103tre clien\u021bii no\u0219tri, verific\u0103m calitatea produselor.<\/p>\n","protected":false},"featured_media":1784,"comment_status":"closed","ping_status":"closed","template":"","meta":{"_acf_changed":false,"_seopress_robots_primary_cat":"none","_seopress_titles_title":"","_seopress_titles_desc":"","_seopress_robots_index":""},"product_brand":[],"product_cat":[5162],"product_tag":[],"class_list":{"0":"post-12196","1":"product","2":"type-product","3":"status-publish","4":"has-post-thumbnail","6":"product_cat-plasa-de-tantari-usa-cu-magneti","7":"pa_oldid-42-ro","8":"pa_oldurlbg-https-www-infozdrave-com-komarnik-za-vrata-90-h-210-print-ro","9":"pa_oldurlel-https-www-infozdrave-com--90-x-210----ro","10":"pa_oldurlen-https-www-infozdrave-com-mosquito-net-90-h-210-cm-with-butterflies-ro","11":"pa_oldurlro-https-www-infozdrave-com-plasa-anti-tantari-90-x-210-print-cu-un-cadou-cu-velcro-ro","12":"pif-has-gallery","14":"first","15":"outofstock","16":"purchasable","17":"product-type-simple"},"acf":[],"_links":{"self":[{"href":"https:\/\/www.infozdrave.com\/ro\/wp-json\/wp\/v2\/product\/12196","targetHints":{"allow":["GET"]}}],"collection":[{"href":"https:\/\/www.infozdrave.com\/ro\/wp-json\/wp\/v2\/product"}],"about":[{"href":"https:\/\/www.infozdrave.com\/ro\/wp-json\/wp\/v2\/types\/product"}],"replies":[{"embeddable":true,"href":"https:\/\/www.infozdrave.com\/ro\/wp-json\/wp\/v2\/comments?post=12196"}],"wp:featuredmedia":[{"embeddable":true,"href":"https:\/\/www.infozdrave.com\/ro\/wp-json\/wp\/v2\/media\/1784"}],"wp:attachment":[{"href":"https:\/\/www.infozdrave.com\/ro\/wp-json\/wp\/v2\/media?parent=12196"}],"wp:term":[{"taxonomy":"product_brand","embeddable":true,"href":"https:\/\/www.infozdrave.com\/ro\/wp-json\/wp\/v2\/product_brand?post=12196"},{"taxonomy":"product_cat","embeddable":true,"href":"https:\/\/www.infozdrave.com\/ro\/wp-json\/wp\/v2\/product_cat?post=12196"},{"taxonomy":"product_tag","embeddable":true,"href":"https:\/\/www.infozdrave.com\/ro\/wp-json\/wp\/v2\/product_tag?post=12196"}],"curies":[{"name":"wp","href":"https:\/\/api.w.org\/{rel}","templated":true}]}}