{"id":12205,"date":"2023-07-24T23:46:49","date_gmt":"2023-07-24T20:46:49","guid":{"rendered":"https:\/\/www.infozdrave.com\/p\/velcro-pentru-plase-de-tantari\/"},"modified":"2023-08-18T19:29:06","modified_gmt":"2023-08-18T16:29:06","slug":"velcro-pentru-plase-de-tantari","status":"publish","type":"product","link":"https:\/\/www.infozdrave.com\/ro\/pr\/velcro-pentru-plase-de-tantari\/","title":{"rendered":"Velcro pentru plase de \u021b\u00e2n\u021bari"},"content":{"rendered":"","protected":false},"excerpt":{"rendered":"<ul>\n<li>Velcro de rezerv\u0103 pentru plas\u0103 de \u021b&acirc;n\u021bari.<\/li>\n<li>12 benzi adezive fa\u021b\u0103-verso &icirc;n alb \u0219i negru.<\/li>\n<li>Dimensiuni: 2 x 6 cm.<\/li>\n<li>Rezist\u0103 p&acirc;n\u0103 la 2 kg pe o band\u0103 de 10 cm.<\/li>\n<li>Origine: China.<\/li>\n<\/ul>\n<p>Aceasta nu este cusut velcro. Velcro de croitorie este diferit de velcro \u021b&acirc;n\u021bar, nu se lipeste suficient de ferm \u0219i nu este recomandat.<\/p>\n","protected":false},"featured_media":1811,"comment_status":"closed","ping_status":"closed","template":"","meta":{"_acf_changed":false,"_seopress_robots_primary_cat":"","_seopress_titles_title":"","_seopress_titles_desc":"","_seopress_robots_index":""},"product_brand":[],"product_cat":[5162],"product_tag":[],"class_list":{"0":"post-12205","1":"product","2":"type-product","3":"status-publish","4":"has-post-thumbnail","6":"product_cat-plasa-de-tantari-usa-cu-magneti","7":"pa_oldid-45-ro","8":"pa_oldurlbg-https-www-infozdrave-com-velkro-za-komarnik-ro","9":"pa_oldurlel-https-www-infozdrave-com-velcro-----ro","10":"pa_oldurlen-https-www-infozdrave-com-velcro-for-a-mosquito-net-ro","11":"pa_oldurlro-https-www-infozdrave-com-velcro-pentru-plase-de-tantari-ro","12":"pif-has-gallery","14":"first","15":"instock","16":"purchasable","17":"product-type-simple"},"acf":[],"_links":{"self":[{"href":"https:\/\/www.infozdrave.com\/ro\/wp-json\/wp\/v2\/product\/12205","targetHints":{"allow":["GET"]}}],"collection":[{"href":"https:\/\/www.infozdrave.com\/ro\/wp-json\/wp\/v2\/product"}],"about":[{"href":"https:\/\/www.infozdrave.com\/ro\/wp-json\/wp\/v2\/types\/product"}],"replies":[{"embeddable":true,"href":"https:\/\/www.infozdrave.com\/ro\/wp-json\/wp\/v2\/comments?post=12205"}],"wp:featuredmedia":[{"embeddable":true,"href":"https:\/\/www.infozdrave.com\/ro\/wp-json\/wp\/v2\/media\/1811"}],"wp:attachment":[{"href":"https:\/\/www.infozdrave.com\/ro\/wp-json\/wp\/v2\/media?parent=12205"}],"wp:term":[{"taxonomy":"product_brand","embeddable":true,"href":"https:\/\/www.infozdrave.com\/ro\/wp-json\/wp\/v2\/product_brand?post=12205"},{"taxonomy":"product_cat","embeddable":true,"href":"https:\/\/www.infozdrave.com\/ro\/wp-json\/wp\/v2\/product_cat?post=12205"},{"taxonomy":"product_tag","embeddable":true,"href":"https:\/\/www.infozdrave.com\/ro\/wp-json\/wp\/v2\/product_tag?post=12205"}],"curies":[{"name":"wp","href":"https:\/\/api.w.org\/{rel}","templated":true}]}}