{"id":12290,"date":"2023-07-24T23:47:10","date_gmt":"2023-07-24T20:47:10","guid":{"rendered":"https:\/\/www.infozdrave.com\/p\/sticla-de-apa-cu-hidrogen\/"},"modified":"2024-04-04T01:00:18","modified_gmt":"2024-04-03T22:00:18","slug":"sticla-de-apa-cu-hidrogen","status":"publish","type":"product","link":"https:\/\/www.infozdrave.com\/ro\/pr\/sticla-de-apa-cu-hidrogen\/","title":{"rendered":"Sticla de apa cu hidrogen"},"content":{"rendered":"<h3><strong>STICLA DE AP\u0102 HIDROGEN<\/strong><\/h3>\n<p>Produce ap\u0103 \u00eembog\u0103\u021bit\u0103 cu hidrogen destinat\u0103 utiliz\u0103rii directe. Aparatul este fabricat din materiale ecologice, sigure, non-toxice. Fabricat din plastic Tritan inofensiv.<\/p>\n<ul>\n<li>Alimentare: cablu USB<\/li>\n<li>Priz\u0103 pentru re\u021beaua electric\u0103 de 220 V<\/li>\n<li>Putere de ie\u0219ire: 18V = 1.0A<\/li>\n<li>Putere 5 W<\/li>\n<li>Volum: 500 ml<\/li>\n<li>Timp de umplere cu ap\u0103: 3 minute<\/li>\n<li>Poten\u0163ial: -600-0 mV<\/li>\n<li>Concentra\u021bia de hidrogen: &gt;600 PPb<\/li>\n<li>Timp de \u00eenc\u0103rcare a bateriei: 1 h<\/li>\n<li>Greutate 320 g<\/li>\n<li>Dimensiuni 70x270 mm<\/li>\n<li>Lumin\u0103 multicolor\u0103.<\/li>\n<\/ul>\n<p>Utiliza\u021bi o\u021bet alb sau acid citric de calitate alimentar\u0103 pentru cur\u0103\u021bare.<\/p>\n<h3><strong>KIT INCLUDE<\/strong><\/h3>\n<p>Flacon, cablu USB, adaptor de alimentare.<\/p>\n<p>24 luni garantie<\/p>\n<p>Origine: China.<\/p>\n","protected":false},"excerpt":{"rendered":"<h2 style=\"text-align: center;\"><strong>STICLA DE AP\u0102 HIDROGEN<\/strong><br \/>\n<strong>\u00eemprosp\u0103ta\u021bi cu ap\u0103 cu hidrogen pentru s\u0103n\u0103tate \u0219i energie<\/strong><\/h2>\n<p>Imagina\u021bi-v\u0103 senza\u021bia de energie maxim\u0103 \u0219i veselie pe tot parcursul zilei. Acum o pute\u021bi ob\u021bine cu u\u0219urin\u021b\u0103 cu sticla de ap\u0103 cu hidrogen. Face\u021bi din s\u0103n\u0103tatea dumneavoastr\u0103 o prioritate acum. \u00cencerca\u021bi ap\u0103 cu hidrogen \u0219i sim\u021bi\u021bi diferen\u021ba. F\u0103 primii pa\u0219i c\u0103tre o via\u021b\u0103 mai s\u0103n\u0103toas\u0103 \u0219i mai energic\u0103. Sticla de ap\u0103 cu hidrogen ofer\u0103 calitate \u0219i \u0219tiin\u021b\u0103 care v\u0103 ofer\u0103 curajul de a fi diferit. Pune o doz\u0103 de via\u021b\u0103 \u0219i energie \u00een via\u021ba ta de zi cu zi. \u00cencorporeaz\u0103 ap\u0103 cu hidrogen \u00een via\u021ba ta ast\u0103zi!<\/p>\n<h2><strong>CARACTERISTICI ALE APEI DE HIDROGEN<\/strong><\/h2>\n<p>Molecula de hidrogen (H2) este un antioxidant natural, sigur, care neutralizeaz\u0103 selectiv radicalii liberi, care sunt cauza majorit\u0103\u021bii bolilor \u0219i a \u00eemb\u0103tr\u00e2nirii premature. Apa \u00eembog\u0103\u021bit\u0103 cu hidrogen are un ORP negativ, ceea ce \u00eenseamn\u0103 c\u0103 are electroni liberi de donat, adic\u0103. este un agent reduc\u0103tor \u0219i are propriet\u0103\u021bi antioxidante. Consumul acestuia sprijin\u0103 neutralizarea proceselor de oxidare din organism, oferind organismului energie suplimentar\u0103. Hidrogenul este un antioxidant puternic, ajut\u00e2nd la eliminarea radicalilor liberi nocivi care accelereaz\u0103 \u00eemb\u0103tr\u00e2nirea \u0219i deformarea celulelor. Hidrogenul molecular poate contracara inflama\u021bia \u0219i stresul oxidativ. Are un efect benefic asupra unui num\u0103r de boli \u0219i poate fi utilizat preventiv, ca mijloc \u00eempotriva \u00eemb\u0103tr\u00e2nirii celulare. Hidrogenul are efect antiinflamator \u0219i detoxifiant, amelioreaz\u0103 afec\u021biunile articulare, \u00eencetine\u0219te \u00eemb\u0103tr\u00e2nirea \u0219i reduce colesterolul r\u0103u, \u00eembun\u0103t\u0103\u021be\u0219te imunitatea \u0219i eliminarea toxinelor, are efect de cur\u0103\u021bare a intestinelor.<\/p>\n<p>Apa cu hidrogen poate ajuta, de asemenea, la \u00eembun\u0103t\u0103\u021birea st\u0103rii de spirit \u0219i a st\u0103rii mentale. Unele studii arat\u0103 c\u0103 hidrogenul poate avea efecte antidepresive \u0219i poate reduce stresul \u0219i anxietatea. Apa cu hidrogen este capabil\u0103 s\u0103 \u00eembun\u0103t\u0103\u021beasc\u0103 \u00een continuare func\u021biile fizice ale organismului, cum ar fi \u00eent\u0103rirea sistemului imunitar, facilitarea digestia \u0219i ajutarea hidrat\u0103rii pielii.<\/p>\n<p>Datorit\u0103 structurii sale \u00een cluster, apa saturat\u0103 cu hidrogen este extrem de potrivit\u0103 pentru scopuri cosmetice \u0219i m\u0103re\u0219te eficacitatea tuturor cremelor, m\u0103\u0219tilor etc., \u00eencetine\u0219te \u00eemb\u0103tr\u00e2nirea celular\u0103 \u0219i dizolv\u0103 gr\u0103simea. Apa cu hidrogen este ideal\u0103 pentru utilizare de c\u0103tre oameni de toate v\u00e2rstele.<\/p>\n<p>Apa \u00eembog\u0103\u021bit\u0103 cu hidrogen are o gam\u0103 larg\u0103 de aplica\u021bii: pentru utilizare ca ap\u0103 de b\u0103ut pentru refacerea organismului dup\u0103 o boal\u0103, pentru a sus\u021bine procesele de vindecare din organism, ca m\u0103sur\u0103 preventiv\u0103, pentru a oferi ap\u0103 potabil\u0103 curat\u0103 \u0219i s\u0103n\u0103toas\u0103, f\u0103r\u0103 impurit\u0103\u021bi.<\/p>\n<h2><strong>PRINCIPALELE AVANTAJE ALE APEI DE HIDROGEN<\/strong><\/h2>\n<h3><strong>AC\u021aIUNE ANTIOXIDANT\u0102<\/strong><\/h3>\n<p>Hidrogen - cel mai puternic antioxidant al naturii ajut\u0103 la protejarea \u00eempotriva radicalilor liberi \u0219i a stresului oxidativ.<\/p>\n<h3><strong>ENERGIE \u0218I RECUPERARE<\/strong><\/h3>\n<p>Apa noastr\u0103 cu hidrogen special formulat\u0103 sus\u021bine metabolismul energetic \u0219i recuperarea rapid\u0103 dup\u0103 antrenamente.<\/p>\n<p>PENTRU PIELE Str\u0103lucitoare<\/p>\n<p>Apa cu hidrogen poate \u00eembun\u0103t\u0103\u021bi s\u0103n\u0103tatea \u0219i aspectul pielii tale, f\u0103c\u00e2nd-o s\u0103 par\u0103 mai t\u00e2n\u0103r\u0103 \u0219i mai str\u0103lucitoare.<\/p>\n<h3><strong>PENTRU S\u0102N\u0102TATEA INIMII \u0218I CREIERULUI<\/strong><\/h3>\n<p>Cercet\u0103rile \u0219tiin\u021bifice arat\u0103 c\u0103 apa cu hidrogen sus\u021bine s\u0103n\u0103tatea inimii \u0219i a creierului.<\/p>\n<h2><strong>CARACTERISTICI ALE STICLEEI DE APA CON HIDROGEN<\/strong><\/h2>\n<p>Sticla de ap\u0103 cu hidrogen este special conceput\u0103 pentru a produce \u0219i stoca ap\u0103 \u00eembog\u0103\u021bit\u0103 cu hidrogen molecular (H2). Apa obi\u0219nuit\u0103 este transformat\u0103 \u00een ap\u0103 cu hidrogen, care are diferite beneficii poten\u021biale pentru s\u0103n\u0103tate. Sticla de ap\u0103 cu hidrogen este un produs inovator care poate oferi o concentra\u021bie mare de molecule de hidrogen \u00een ap\u0103.Acest hidrogen este un antioxidant puternic \u0219i are numeroase beneficii pentru s\u0103n\u0103tate. Dimensiunea compact\u0103 \u0219i bateria \u00eencorporat\u0103 faciliteaz\u0103 ob\u021binerea de ap\u0103 \u00eembog\u0103\u021bit\u0103 cu hidrogen oriunde \u0219i oric\u00e2nd. Po\u021bi lua sticla cu ap\u0103 cu hidrogen cu tine la serviciu sau \u00een c\u0103l\u0103torie \u0219i te bucuri de beneficiile \u0219i propriet\u0103\u021bile benefice ale hidrogenului din ap\u0103 pe tot parcursul zilei.<\/p>\n<p>Sticla de ap\u0103 cu hidrogen are un filtru mic care produce hidrogen, purific\u0103 apa prin absorb\u021bia metalelor grele, elimin\u0103 clorul \u0219i, de asemenea, \u00eembun\u0103t\u0103\u021be\u0219te gustul apei. \u00cen doar 3 minute, transformi apa obi\u0219nuit\u0103 \u00een ap\u0103 util\u0103 \u0219i s\u0103n\u0103toas\u0103. Pentru a v\u0103 bucura de toate beneficiile apei cu hidrogen, este important s\u0103 o consuma\u021bi \u00een mod regulat \u0219i \u00een cantit\u0103\u021bile potrivite. Sticla de ap\u0103 cu hidrogen ofer\u0103 o modalitate convenabil\u0103 de a o lua cu tine oriunde \u0219i de a te bucura de beneficiile ei \u00een orice moment al zilei.<\/p>\n<h2><strong>CUM SE UTILIZA STICLA DE AP\u0102 HIDROGEN<\/strong><\/h2>\n<ul>\n<li>Umple\u021bi sticla cu ap\u0103 de b\u0103ut. Pruden\u021b\u0103. Nu folosi\u021bi lichide carbogazoase sau lichide cu o temperatur\u0103 mai mare de 80 de grade Celsius.<\/li>\n<li>Lansa. Atinge\u021bi butonul de pornire \u0219i \u021bine\u021bi ap\u0103sat timp de aproximativ 3 secunde p\u00e2n\u0103 c\u00e2nd se aude un sunet \u201ebip, bip\u201d. Pentru a ob\u021bine o electroliz\u0103 uniform\u0103, pute\u021bi agita dispozitivul \u00een timpul func\u021bion\u0103rii. La sf\u00e2r\u0219itul ciclului, se aude din nou un sunet \u201ebip, bip\u201d. C\u00e2nd LED-ul nu mai clipe\u0219te, \u00eenseamn\u0103 c\u0103 procesul s-a \u00eencheiat. Dup\u0103 aceea, alimentarea se va opri automat.<\/li>\n<li>\u00cenchiderea procesului. \u00cen timpul func\u021bion\u0103rii, pentru a \u00eentrerupe procesul sau pentru a opri alimentarea, atinge\u021bi \u0219i men\u021bine\u021bi ap\u0103sat butonul de pornire timp de 3 secunde. Alimentarea se va opri automat.<\/li>\n<li>\u00cenc\u0103rcare. Bateria se \u00eencarc\u0103 \u00een 2 p\u00e2n\u0103 la 3 ore. C\u00e2nd conecta\u021bi \u00eenc\u0103rc\u0103torul la dispozitiv, dac\u0103 LED-ul ro\u0219u clipe\u0219te, \u00eenseamn\u0103 c\u0103 bateria se \u00eencarc\u0103. C\u00e2nd LED-ul ro\u0219u nu mai clipe\u0219te, \u00eenseamn\u0103 c\u0103 bateria este \u00eenc\u0103rcat\u0103.<\/li>\n<li>Intretinere de rutina. Dup\u0103 fiecare utilizare, cl\u0103ti\u021bi electrodul cu ap\u0103 pentru a prelungi durata de via\u021b\u0103 a dispozitivului. \u00cen timpul \u00eentre\u021binerii de rutin\u0103, este, de asemenea, permis\u0103 utilizarea acidului citric pentru cur\u0103\u021barea electrodului. Pentru a ob\u021bine o cur\u0103\u021bare mai bun\u0103 a vasului, pune\u021bi 25g. Acid citric \u00een 500 ml ap\u0103 cald\u0103 \u0219i umple\u021bi sticla pentru aproximativ 20-30 de minute. Apoi cl\u0103ti\u021bi bine cu ap\u0103 curat\u0103.<\/li>\n<\/ul>\n<h2><strong>CUM SE P\u0102STREAZ\u0102 APA HIDROGEN<\/strong><\/h2>\n<p>Pentru a prelungi calit\u0103\u021bile apei cu hidrogen, aceasta trebuie \u00eenchis\u0103\/sigilat\u0103 \u00eentr-un recipient \u0219i p\u0103strat\u0103 la frigider. Se recomand\u0103 s\u0103 be\u021bi apa c\u00e2t mai cur\u00e2nd posibil dup\u0103 umplere. Nu scufunda\u021bi \u00eentregul produs \u00een ap\u0103. Evita\u021bi expunerea la lumina direct\u0103 a soarelui Nu expune\u021bi produsul la temperaturi sub 0 grade Celsius.<\/p>\n<p>\u00cenainte de a le trimite clien\u021bilor, test\u0103m produsele. Sticla de ap\u0103 cu hidrogen nu este un dispozitiv medical. Consulta\u021bi un medic pentru tratament.<\/p>\n","protected":false},"featured_media":15110,"comment_status":"closed","ping_status":"closed","template":"","meta":{"_acf_changed":false,"_seopress_robots_primary_cat":"none","_seopress_titles_title":"","_seopress_titles_desc":"","_seopress_robots_index":""},"product_brand":[],"product_cat":[5118],"product_tag":[5174],"class_list":{"0":"post-12290","1":"product","2":"type-product","3":"status-publish","4":"has-post-thumbnail","6":"product_cat-apa-sanatoasa","7":"product_tag-nachalna-stranitsa-ro","8":"pa_garantsia-12-ro","9":"pa_oldid-82-ro","10":"pa_oldurlbg-https-www-infozdrave-com-butilka-za-vodorodna-voda-ro","11":"pa_oldurlel-https-www-infozdrave-com----ro","12":"pa_oldurlen-https-www-infozdrave-com-hydrogen-water-bottle-ro","13":"pa_oldurlro-https-www-infozdrave-com-sticla-de-apa-cu-hidrogen-ro","14":"pif-has-gallery","16":"first","17":"instock","18":"purchasable","19":"product-type-simple"},"acf":[],"_links":{"self":[{"href":"https:\/\/www.infozdrave.com\/ro\/wp-json\/wp\/v2\/product\/12290","targetHints":{"allow":["GET"]}}],"collection":[{"href":"https:\/\/www.infozdrave.com\/ro\/wp-json\/wp\/v2\/product"}],"about":[{"href":"https:\/\/www.infozdrave.com\/ro\/wp-json\/wp\/v2\/types\/product"}],"replies":[{"embeddable":true,"href":"https:\/\/www.infozdrave.com\/ro\/wp-json\/wp\/v2\/comments?post=12290"}],"wp:featuredmedia":[{"embeddable":true,"href":"https:\/\/www.infozdrave.com\/ro\/wp-json\/wp\/v2\/media\/15110"}],"wp:attachment":[{"href":"https:\/\/www.infozdrave.com\/ro\/wp-json\/wp\/v2\/media?parent=12290"}],"wp:term":[{"taxonomy":"product_brand","embeddable":true,"href":"https:\/\/www.infozdrave.com\/ro\/wp-json\/wp\/v2\/product_brand?post=12290"},{"taxonomy":"product_cat","embeddable":true,"href":"https:\/\/www.infozdrave.com\/ro\/wp-json\/wp\/v2\/product_cat?post=12290"},{"taxonomy":"product_tag","embeddable":true,"href":"https:\/\/www.infozdrave.com\/ro\/wp-json\/wp\/v2\/product_tag?post=12290"}],"curies":[{"name":"wp","href":"https:\/\/api.w.org\/{rel}","templated":true}]}}