{"id":12323,"date":"2023-07-24T23:47:10","date_gmt":"2023-07-24T20:47:10","guid":{"rendered":"https:\/\/www.infozdrave.com\/?post_type=product&#038;p=12323"},"modified":"2023-11-15T11:23:41","modified_gmt":"2023-11-15T09:23:41","slug":"dispozitivul-de-magnetoterapie-al-lui-mishin","status":"publish","type":"product","link":"https:\/\/www.infozdrave.com\/ro\/pr\/dispozitivul-de-magnetoterapie-al-lui-mishin\/","title":{"rendered":"Dispozitivul de magnetoterapie al lui Mishin"},"content":{"rendered":"<h3><strong>DISPOZITIVUL MAGNETIC TERAPEUTIC LUI MISHIN<\/strong><\/h3>\n<ul>\n<li>Aparatul de magnetoterapie este realizat pe baza inventiei lui Alexander Mishin - (bobina Mishina).<\/li>\n<li>Durata procedurilor terapeutice cu emi\u021b\u0103torul electromagnetic este \u00een medie de 30-40 de minute.<\/li>\n<li>C\u00e2mpul electrostatic electromagnetic \u0219i vortex are o frecven\u021b\u0103 de aproximativ 250-350 KHz.<\/li>\n<\/ul>\n<p>24 luni garantie<\/p>\n<p>Origine Bulgaria.<\/p>\n","protected":false},"excerpt":{"rendered":"<h2 style=\"text-align: center;\"><strong>DISPOZITIVUL MAGNETIC TERAPEUTIC LUI MISHIN<\/strong><\/h2>\n<p>Aparatul de magnetoterapie este realizat pe baza inventiei lui Alexander Mishin - (bobina Mishina), o teorie folosita cu succes in clinicile occidentale pentru terapia cancerului. Teoria \u00een acest caz este c\u0103 c\u00e2mpul emis de dispozitiv distruge structura ADN electromagnetic\u0103 \u0219i informa\u021bional\u0103 a cancerului, a tumorilor \u0219i a majorit\u0103\u021bii agen\u021bilor \u0219i forma\u021biunilor bolii, f\u0103r\u0103 a d\u0103una celulelor normale, ci mai degrab\u0103 le stimuleaz\u0103 s\u0103 func\u021bioneze corect.<\/p>\n<p>Corpul rotund este conectat la re\u021bea \u0219i creeaz\u0103 un c\u00e2mp electromagnetic.<\/p>\n<p>Durata procedurilor terapeutice cu emi\u021b\u0103torul electromagnetic este \u00een medie de 30-40 de minute. Magnetoterapia se poate face in acelasi timp cu Zapper sau Detoxifier, pentru rezultate mai bune. Nu conteaz\u0103 ce parte a capului radiant electromagnetic \u00eendrepta\u021bi c\u0103tre corp, este important ca acesta s\u0103 fie aproape de corp sau \u00een contact cu zona cu probleme \u00een care restabili\u021bi s\u0103n\u0103tatea.<\/p>\n<p>C\u00e2mpul electromagnetic \u0219i electrostatic vortex, cu o frecven\u021b\u0103 de aproximativ 250-350 KHz, stimuleaz\u0103 celulele, metabolismul, imunitatea \u0219i provoac\u0103 procese de vindecare \u00een corpul uman. C\u00e2mpul electromagnetic induce curen\u021bi de electroni turbionari \u00een mediul conductiv electric al organismului cu frecven\u021ba corespunz\u0103toare. Curen\u021bii turbionari electronici ac\u021bioneaz\u0103 stimulativ \u0219i energizant pentru celulele \u0219i organismul uman, \u00een timp ce pentru parazi\u021bi ac\u021bioneaz\u0103 distructiv.<\/p>\n<p>Poti folosi capul electromagnetic cu succes pentru dureri de cap, migrene, artrita, artrita reumatoida, discopatie si alte probleme de sanatate, iar rezultatul este de foarte multe ori incetarea sau calmarea durerii. Men\u021bine\u021bi capul emi\u021b\u0103tor \u00een contact sau \u00eel muta\u021bi cu mi\u0219c\u0103ri lente de rota\u021bie la aproximativ 1 cm deasupra zonei de durere sau a problemei de s\u0103n\u0103tate.<\/p>\n<p>Pute\u021bi folosi dispozitivul electromagnetic pentru ochi, creier, psihic\u0103, etc. probleme de sanatate. \u00cen tratamentul durerii, migrenei \u0219i proceselor \u0219i bolilor inflamatorii, pute\u021bi utiliza cu succes dispozitivul ca terapie magnetic\u0103. Metoda nu este un panaceu, dar are succes \u0219i are un mare poten\u021bial pentru restabilirea s\u0103n\u0103t\u0103\u021bii.<\/p>\n<p>Capul bobinei radiante electromagnetice poate fi folosit cu succes \u0219i inofensiv pentru stimularea creierului prin iradierea diferitelor zone ale capului, cu efectele fiind veselia, prospe\u021bimea, \u00eembun\u0103t\u0103\u021birea memoriei, \u00eembun\u0103t\u0103\u021birea proceselor creier-mental, cre\u0219terea rezisten\u021bei fizice \u0219i mentale, cre\u0219terea abilit\u0103\u021bilor intelectuale \u0219i \u00een energizarea (stimularea) general\u0103 a \u00eentregii activit\u0103\u021bi cerebrale-psihice \u0219i intelectuale a unei persoane.<\/p>\n<p>Nu putem face nicio afirma\u021bie despre frecven\u021bele descoperite de Dr. Rife \u0219i Dr. Clark, nici despre beneficiile c\u00e2mpului magnetic descoperit de Mishin. Utilizarea dispozitivului nu exclude consultarea unui medic \u0219i respectarea prescrip\u021biilor medicamentului oficial.<\/p>\n","protected":false},"featured_media":20992,"comment_status":"closed","ping_status":"closed","template":"","meta":{"_acf_changed":false,"_seopress_robots_primary_cat":"none","_seopress_titles_title":"","_seopress_titles_desc":"","_seopress_robots_index":""},"product_brand":[],"product_cat":[5112],"product_tag":[],"class_list":{"0":"post-12323","1":"product","2":"type-product","3":"status-publish","4":"has-post-thumbnail","6":"product_cat-incuia","7":"pa_oldid-84-ro","8":"pa_oldurlbg-https-www-infozdrave-com-magnitno-terapevtichen-ured-ro","9":"pa_oldurlel-https-www-infozdrave-com----ro","10":"pa_oldurlen-https-www-infozdrave-com-magnetic-therapy-device-ro","11":"pa_oldurlro-https-www-infozdrave-com-dispozitiv-de-magnetoterapie-ro","13":"first","14":"instock","15":"purchasable","16":"product-type-simple"},"acf":[],"_links":{"self":[{"href":"https:\/\/www.infozdrave.com\/ro\/wp-json\/wp\/v2\/product\/12323","targetHints":{"allow":["GET"]}}],"collection":[{"href":"https:\/\/www.infozdrave.com\/ro\/wp-json\/wp\/v2\/product"}],"about":[{"href":"https:\/\/www.infozdrave.com\/ro\/wp-json\/wp\/v2\/types\/product"}],"replies":[{"embeddable":true,"href":"https:\/\/www.infozdrave.com\/ro\/wp-json\/wp\/v2\/comments?post=12323"}],"wp:featuredmedia":[{"embeddable":true,"href":"https:\/\/www.infozdrave.com\/ro\/wp-json\/wp\/v2\/media\/20992"}],"wp:attachment":[{"href":"https:\/\/www.infozdrave.com\/ro\/wp-json\/wp\/v2\/media?parent=12323"}],"wp:term":[{"taxonomy":"product_brand","embeddable":true,"href":"https:\/\/www.infozdrave.com\/ro\/wp-json\/wp\/v2\/product_brand?post=12323"},{"taxonomy":"product_cat","embeddable":true,"href":"https:\/\/www.infozdrave.com\/ro\/wp-json\/wp\/v2\/product_cat?post=12323"},{"taxonomy":"product_tag","embeddable":true,"href":"https:\/\/www.infozdrave.com\/ro\/wp-json\/wp\/v2\/product_tag?post=12323"}],"curies":[{"name":"wp","href":"https:\/\/api.w.org\/{rel}","templated":true}]}}