{"id":12337,"date":"2023-07-24T23:47:34","date_gmt":"2023-07-24T20:47:34","guid":{"rendered":"https:\/\/www.infozdrave.com\/p\/apa-argintie\/"},"modified":"2026-01-01T00:46:13","modified_gmt":"2025-12-31T22:46:13","slug":"apa-argintie","status":"publish","type":"product","link":"https:\/\/www.infozdrave.com\/ro\/pr\/apa-argintie\/","title":{"rendered":"Apa argintie 330 ml"},"content":{"rendered":"<h3><strong>STICLA DE APA ARGINTI 330 ML<\/strong><\/h3>\n<ul>\n<li>Foarte concentrat. Se dilueaz\u0103 \u00eenainte de utilizare.<\/li>\n<li>Urma\u021bi doza recomandat\u0103.<\/li>\n<li>Continut: apa, ioni de argint (Ag 12-15mg\/100ml).<\/li>\n<li>Ajut\u0103 \u00eempotriva viru\u0219ilor, bacteriilor, infec\u021biilor etc.<\/li>\n<\/ul>\n","protected":false},"excerpt":{"rendered":"<h2 style=\"text-align: center;\"><strong>APA DE ARGINT<\/strong><\/h2>\n<p>Apa de argint este o solu\u021bie de particule de argint \u00een ap\u0103 distilat\u0103. Aceast\u0103 solu\u021bie este preparat\u0103 prin electroliz\u0103, unde particulele de argint sunt separate de un electrod de argint \u0219i dispersate \u00een ap\u0103. Nu se folosesc substan\u021be chimice \u00een produc\u021bie. Acest lucru garanteaz\u0103 omogenitatea acestuia \u0219i absen\u021ba impurit\u0103\u021bilor d\u0103un\u0103toare. Produs\u0103 astfel, apa argintie are un grad foarte ridicat de activitate, datorit\u0103 c\u0103ruia po\u021bi beneficia de toat\u0103 puterea argintului.<\/p>\n<p>Oamenii folosesc argint de milenii. Cu 6.000 de ani \u00een urm\u0103, argintul era folosit \u00een scopuri medicinale \u00een China, Egiptul antic, India (\u00een special, cel mai r\u0103sp\u00e2ndit \u00een medicina ayurvedic\u0103). \u00cen zilele noastre, argintul \u0219i efectele sale sunt studiate de peste 30 de institute de argint din lume \u0219i efectul s\u0103u benefic asupra a peste 80 de boli este raportat \u00een fiecare an. Argintul nu are doz\u0103 toxic\u0103 \u0219i este unul dintre cele nou\u0103 elemente care alc\u0103tuiesc corpul uman. Microorganismele nu dezvolt\u0103 rezisten\u021b\u0103 la argint, ceea ce \u00eel face indispensabil \u00een lupta \u00eempotriva num\u0103rului imens de bacterii care au dezvoltat rezisten\u021b\u0103 (rezisten\u021b\u0103) la antibiotice, precum \u0219i pentru persoanele cu alergii la acestea \u0219i la preparatele sulfonamide.<\/p>\n<p>Argintul este un imunostimulator puternic - cre\u0219te cantitatea de imunoglobuline \u0219i limfocite din s\u00e2nge. Stimuleaz\u0103 activitatea organelor care formeaz\u0103 s\u00e2nge, \u00een urma c\u0103reia num\u0103rul de eritrocite cre\u0219te \u0219i sedimentarea lor \u00eencetine\u0219te. Cre\u0219te \u0219i procentul de hemoglobin\u0103. S-a dovedit c\u0103 peste 350 de tipuri de microbi mor sub ac\u021biunea ionilor de argint, printre care: stafilococi; streptococi; bacterii de dizenterie; tifoid\u0103; holer\u0103; legionella; hepatit\u0103 etc. \u0218tiin\u021ba modern\u0103 este categoric c\u0103 impactul argintului asupra organismului poate fi comparat cu dob\u00e2ndirea unui al doilea sistem imunitar.<\/p>\n<h2><strong>MOD DE UTILIZARE<\/strong><\/h2>\n<p>O dat\u0103 pe zi, 1 capac de ap\u0103 argintie, dizolvat\u0103 \u00eentr-un pahar cu ap\u0103, cu jum\u0103tate de or\u0103 \u00eenainte de mas\u0103. Apa de argint poate fi utilizat\u0103 \u00een combina\u021bie cu apa de cupru dac\u0103 nu sunt amestecate \u00een forma lor concentrat\u0103.<\/p>\n<h2><strong>CUPRINS<\/strong><\/h2>\n<p>Ap\u0103, ioni de argint (Ag 12-15mg\/100ml).<\/p>\n<h2><strong>BENEFICIILE UTILIZ\u0102RII APEI DE ARGINT<\/strong><br \/>\n<strong>AC\u021aIUNE ANTIMICROBIAN\u0102<\/strong><\/h2>\n<p>Apa de argint este folosit\u0103 pentru a lupta \u00eempotriva bacteriilor, viru\u0219ilor \u0219i ciupercilor datorit\u0103 propriet\u0103\u021bilor sale antimicrobiene.<\/p>\n<h2><strong>SPRIJINEREA SISTEMULUI IMUNO<\/strong><\/h2>\n<p>Unii oameni cred c\u0103 consumul de ap\u0103 de argint poate sus\u021bine sistemul imunitar \u0219i poate ajuta organismul s\u0103 lupte \u00eempotriva infec\u021biilor.<\/p>\n<h2><strong>EFECT ANTIINFLAMATOR<\/strong><\/h2>\n<p>Apa de argint este considerat\u0103 un agent cu propriet\u0103\u021bi antiinflamatorii \u0219i poate fi folosit\u0103 pentru ameliorarea st\u0103rilor inflamatorii.<\/p>\n<h2><strong>SPRIJIN\u0102 S\u0102N\u0102TATEA PIELEI<\/strong><\/h2>\n<p>Unii oameni folosesc apa de argint local pe piele pentru a sus\u021bine s\u0103n\u0103tatea pielii \u0219i pentru a combate acneea, eczema, psoriazisul \u0219i alte probleme ale pielii.<\/p>\n<h2><strong>SPRIJINIREA APARATULUI DIGESTIV<\/strong><\/h2>\n<p>Apa de argint poate ajuta la echilibrarea florei bacteriene din intestin \u0219i la prevenirea cre\u0219terii microorganismelor d\u0103un\u0103toare. Acest lucru duce la o \u00eembun\u0103t\u0103\u021bire a procesului digestiv \u0219i la o reducere a problemelor precum inflama\u021bia, dezechilibrul \u0219i diareea.<\/p>\n<h2><strong>SPRIJINIREA SISTEMULUI RESPIRATOR<\/strong><\/h2>\n<p>Apa de argint poate fi de ajutor pentru diferite probleme respiratorii, cum ar fi acumularea bacterian\u0103 \u0219i viral\u0103 \u00een pl\u0103m\u00e2ni, sinuzit\u0103 \u0219i bron\u0219it\u0103. Ajut\u0103 la eliminarea microorganismelor d\u0103un\u0103toare \u0219i calmeaz\u0103 inflama\u021bia din sistemul respirator.<\/p>\n<h2><strong>DOZARE<\/strong><\/h2>\n<p>Este important s\u0103 respecta\u021bi doza recomandat\u0103 indicat\u0103 de produc\u0103tor sau dup\u0103 sfatul medicului. Nu ar trebui s\u0103 cre\u0219te\u021bi doza din proprie ini\u021biativ\u0103.<\/p>\n<p>Nu este un dispozitiv medical. Consulta\u021bi un specialist pentru tratament.<\/p>\n","protected":false},"featured_media":2209,"comment_status":"closed","ping_status":"closed","template":"","meta":{"_acf_changed":false,"_seopress_robots_primary_cat":"none","_seopress_titles_title":"","_seopress_titles_desc":"","_seopress_robots_index":""},"product_brand":[],"product_cat":[5118],"product_tag":[],"class_list":{"0":"post-12337","1":"product","2":"type-product","3":"status-publish","4":"has-post-thumbnail","6":"product_cat-apa-sanatoasa","7":"pa_garantsia-12-ro","8":"pa_oldid-108-ro","9":"pa_oldurlbg-https-www-infozdrave-com-srebarna-voda-ro","10":"pa_oldurlel-https-www-infozdrave-com---ro","11":"pa_oldurlen-https-www-infozdrave-com-silver-water-ro","12":"pa_oldurlro-https-www-infozdrave-com-apa-argintie-ro","13":"pif-has-gallery","15":"first","16":"instock","17":"purchasable","18":"product-type-simple"},"acf":[],"_links":{"self":[{"href":"https:\/\/www.infozdrave.com\/ro\/wp-json\/wp\/v2\/product\/12337","targetHints":{"allow":["GET"]}}],"collection":[{"href":"https:\/\/www.infozdrave.com\/ro\/wp-json\/wp\/v2\/product"}],"about":[{"href":"https:\/\/www.infozdrave.com\/ro\/wp-json\/wp\/v2\/types\/product"}],"replies":[{"embeddable":true,"href":"https:\/\/www.infozdrave.com\/ro\/wp-json\/wp\/v2\/comments?post=12337"}],"wp:featuredmedia":[{"embeddable":true,"href":"https:\/\/www.infozdrave.com\/ro\/wp-json\/wp\/v2\/media\/2209"}],"wp:attachment":[{"href":"https:\/\/www.infozdrave.com\/ro\/wp-json\/wp\/v2\/media?parent=12337"}],"wp:term":[{"taxonomy":"product_brand","embeddable":true,"href":"https:\/\/www.infozdrave.com\/ro\/wp-json\/wp\/v2\/product_brand?post=12337"},{"taxonomy":"product_cat","embeddable":true,"href":"https:\/\/www.infozdrave.com\/ro\/wp-json\/wp\/v2\/product_cat?post=12337"},{"taxonomy":"product_tag","embeddable":true,"href":"https:\/\/www.infozdrave.com\/ro\/wp-json\/wp\/v2\/product_tag?post=12337"}],"curies":[{"name":"wp","href":"https:\/\/api.w.org\/{rel}","templated":true}]}}