{"id":12346,"date":"2023-07-24T23:47:34","date_gmt":"2023-07-24T20:47:34","guid":{"rendered":"https:\/\/www.infozdrave.com\/p\/apa-de-cupru\/"},"modified":"2026-01-01T00:46:14","modified_gmt":"2025-12-31T22:46:14","slug":"apa-de-cupru","status":"publish","type":"product","link":"https:\/\/www.infozdrave.com\/ro\/pr\/apa-de-cupru\/","title":{"rendered":"Apa de cupru 330 ml"},"content":{"rendered":"<h3><strong>STICLA DE APA DE CURU 330 ML<\/strong><\/h3>\n<ul>\n<li>Foarte concentrat<\/li>\n<li>Se dilueaz\u0103 \u00eenainte de utilizare<\/li>\n<li>Urma\u021bi dozele recomandate<\/li>\n<li>Con\u021binut: ap\u0103, ioni de cupru (Cu 30mg\/L)<\/li>\n<\/ul>\n","protected":false},"excerpt":{"rendered":"<h2 style=\"text-align: center;\"><strong>APA DE CUPRU<\/strong><\/h2>\n<p>&nbsp;<\/p>\n<p>Apa de cupru este un supliment nutritiv produs printr-o metod\u0103 electrochimic\u0103 patentat\u0103. A fost ob\u021binut prin dizolvarea electrochimic\u0103 a electrozilor de cupru cu o puritate de 99,9% \u00een ap\u0103. Aceasta \u00eenseamn\u0103 c\u0103 nu au fost utilizate substan\u021be chimice \u00een produc\u021bie, ceea ce garanteaz\u0103 omogenitatea acestuia \u0219i absen\u021ba impurit\u0103\u021bilor d\u0103un\u0103toare. Produs\u0103 astfel, apa de cupru are un grad ridicat de activitate, datorit\u0103 c\u0103ruia po\u021bi beneficia de toat\u0103 puterea cuprului. Studiile arat\u0103 c\u0103 cuprul are propriet\u0103\u021bi antibacteriene, ac\u021bioneaz\u0103 ca un antioxidant eficient, \u00eembun\u0103t\u0103\u021be\u0219te imunitatea, sus\u021bine s\u0103n\u0103tatea, previne \u00eemb\u0103tr\u00e2nirea, elimin\u0103 toxinele \u0219i radicalii liberi, stimuleaz\u0103 creierul. Apa de cupru este ap\u0103 alcalin\u0103 \u00een mod natural care ajut\u0103 la echilibrarea nivelului pH-ului organismului.<\/p>\n<h2><strong>MOD DE UTILIZARE<\/strong><\/h2>\n<p>De trei ori pe zi, 2 linguri de ap\u0103 de cupru, dizolvat\u0103 \u00eentr-un pahar cu ap\u0103, cu o jum\u0103tate de or\u0103 \u00eenainte de mas\u0103. Apa de cupru poate fi folosit\u0103 \u00een combina\u021bie cu apa de argint, at\u00e2ta timp c\u00e2t acestea nu sunt amestecate \u00een forma lor concentrat\u0103.<\/p>\n<h2><strong>CUPRINS<\/strong><\/h2>\n<p>Ap\u0103, ioni de cupru (Cu 30mg\/L).<\/p>\n<p>Apa de cupru a fost folosit\u0103 de secole \u00een \u021b\u0103ri din \u00eentreaga lume (cum ar fi India) pentru a preveni bolile transmise de ap\u0103. Are efect tonic asupra \u00eentregului organism \u0219i \u00eel face rezistent la infec\u021bii. Medicii numesc cuprul metalul vie\u021bii, deoarece este cunoscut pentru propriet\u0103\u021bile sale puternice antibacteriene, antivirale \u0219i antiinflamatorii. Cuprul este deosebit de eficient \u00eempotriva Escherichia coli \u0219i Staphylococcus aureus - dou\u0103 bacterii care se g\u0103sesc adesea \u00een mediu \u0219i despre care se \u0219tie c\u0103 provoac\u0103 boli grave \u00een corpul uman. De fapt, studii recente au ar\u0103tat c\u0103 apa de cupru reduce dramatic riscul de contaminare bacterian\u0103. Cuprul ac\u021bioneaz\u0103 adesea ca un antioxidant care reduce daunele radicalilor liberi din organism \u0219i promoveaz\u0103 longevitatea.<\/p>\n<p>Cuprul nu poate fi produs \u00een organism \u0219i trebuie ob\u021binut din surse externe. Este unul dintre cele mai importante minerale \u0219i este esen\u021bial\u0103 pentru buna func\u021bionare a glandei tiroide \u0219i a organismului. De asemenea, ajut\u0103 organismul s\u0103 absoarb\u0103 fierul, care este esen\u021bial pentru men\u021binerea unui nivel s\u0103n\u0103tos de fier \u0219i prevenirea anemiei. Cuprul este, de asemenea, un stimulent al creierului. Creierul func\u021bioneaz\u0103 prin transmiterea impulsurilor de la un neuron la altul printr-o zon\u0103 cunoscut\u0103 sub numele de sinaps\u0103. Ace\u0219ti neuroni sunt acoperi\u021bi de o \u00eenveli\u0219 de mielin\u0103, care ac\u021bioneaz\u0103 ca un tip de agent conduc\u0103tor. Cuprul ajut\u0103 la sinteza materialelor esen\u021biale pentru formarea acestor teci de mielin\u0103.<\/p>\n<p>Studiile arat\u0103 c\u0103 cuprul ajut\u0103 la reducerea riscului de boli de inim\u0103, ajut\u0103 la reglarea tensiunii arteriale \u0219i scade nivelul de colesterol. De asemenea, ajut\u0103 la prevenirea form\u0103rii pl\u0103cii \u00een artere \u0219i dilat\u0103 vasele de s\u00e2nge pentru a permite o mai bun\u0103 circula\u021bie a s\u00e2ngelui c\u0103tre inim\u0103.<\/p>\n<p>Consumul de ap\u0103 de cupru este foarte benefic pentru sistemul digestiv. Spal\u0103 stomacul \u0219i tractul digestiv \u0219i sus\u021bine detoxifierea ficatului \u0219i a rinichilor. De asemenea, cre\u0219te absorb\u021bia nutrien\u021bilor din alimente \u0219i ajut\u0103 la peristaltismul, contrac\u021bia ritmic\u0103 \u0219i relaxarea stomacului care ajut\u0103 la digerarea alimentelor \u0219i la mi\u0219carea lor prin sistemul digestiv. De asemenea, cuprul ajut\u0103 la uciderea bacteriilor d\u0103un\u0103toare \u0219i la prevenirea tulbur\u0103rilor de stomac.<\/p>\n<p>Propriet\u0103\u021bile antiinflamatorii ale cuprului ajut\u0103 la ameliorarea durerii cauzate de artrit\u0103, artrita reumatoid\u0103 \u0219i articula\u021biile inflamate. \u00cen plus, cuprul \u00eent\u0103re\u0219te oasele \u0219i sistemul imunitar, f\u0103c\u00e2ndu-l un remediu excelent \u00eempotriva acestor boli.<\/p>\n<p>Deficien\u021ba de cupru \u00een organism se manifest\u0103 prin sl\u0103biciune general\u0103, iritabilitate, oboseal\u0103 rapid\u0103, hemoglobin\u0103 redus\u0103 \u0219i dezvolt\u0103 boal\u0103 cardiac\u0103 ischemic\u0103, aritmie, astm bron\u0219ic, diabet zaharat, epilepsie \u0219i schizofrenie. Necesarul uman de miere pentru o zi este \u00eentre 3 \u0219i 5 mg.<\/p>\n<p>Exist\u0103 35 de tipuri de proteine \u200b\u200b\u00een organism care con\u021bin cupru. Din acest motiv, joac\u0103 rolul de catalizator \u00een procesele metabolice ale organismului.<\/p>\n<h2><strong>BENEFICII ALE APEI DE ARGINT<\/strong><\/h2>\n<ul>\n<li>Cuprul este implicat \u00een formarea structurii proteinelor \u021besutului conjunctiv - colagen \u0219i elastina, care stau la baza: \u021besutului osos \u0219i cartilajului, pielii, pl\u0103m\u00e2nilor \u0219i pere\u021bilor vaselor de s\u00e2nge.<\/li>\n<li>Datorit\u0103 cuprului, organismul produce peroxid-dismutaz\u0103 - cea mai vindec\u0103toare dintre enzimele antiinflamatorii.<\/li>\n<li>Cuprul joac\u0103 un rol major \u00een formarea tecilor de mielin\u0103 ale nervilor, a c\u0103ror degenerare duce la scleroz\u0103 multipl\u0103, depresie \u0219i alte tulbur\u0103ri severe ale sistemului nervos.<\/li>\n<li>\u00cen diabetul zaharat, cuprul \u00eembun\u0103t\u0103\u021be\u0219te ac\u021biunea insulinei, care regleaz\u0103 cantitatea de zah\u0103r din s\u00e2nge.<\/li>\n<li>Cuprul stabilizeaz\u0103 starea post-infarct a corpului.<\/li>\n<li>Procesele hematopoietice din organism sunt imposibile f\u0103r\u0103 ioni de cupru, fierul nu este legat de hemoglobin\u0103 \u0219i apare anemie.<\/li>\n<li>Cuprul are un efect benefic asupra c\u0103derii p\u0103rului \u0219i a m\u0103tre\u021bii.<\/li>\n<li>Elimina stresul si imbunatateste circulatia sangelui;<\/li>\n<li>Stimuleaz\u0103 metabolismul;<\/li>\n<li>Stimuleaz\u0103 absorb\u021bia vitaminelor \u0219i mineralelor;<\/li>\n<li>Stimuleaz\u0103 produc\u021bia de hormoni sexuali, datorit\u0103 c\u0103rora la femei cre\u0219te capacitatea de a avea copii s\u0103n\u0103to\u0219i, iar la b\u0103rba\u021bi activitatea sexual\u0103 se p\u0103streaz\u0103 mul\u021bi ani;<\/li>\n<li>Stimuleaz\u0103 creierul;<\/li>\n<li>Sus\u021bine glanda tiroid\u0103;<\/li>\n<li>Previne \u00eemb\u0103tr\u00e2nirea pielii, deoarece cuprul este o component\u0103 cheie \u00een producerea de noi celule care ajut\u0103 la refacerea straturilor superioare ale pielii \u0219i la men\u021binerea proasp\u0103t\u0103 \u0219i str\u0103lucitoare.<\/li>\n<\/ul>\n<p>Departe de toate propriet\u0103\u021bile vindec\u0103toare ale cuprului au fost studiate de medicina modern\u0103, dar exist\u0103 o list\u0103 lung\u0103 de boli cu care ne putem ocupa folosind efectele acestui metal asupra organismului.<\/p>\n<p>CUPRUL ESTE ESENTIAL PENTRU:<br \/>\nBoli cardiovasculare \u0219i hipertensiune arterial\u0103;<br \/>\nBoli ale sistemului digestiv \u0219i excretor;<br \/>\nReumatism, dureri de spate, artrit\u0103 reumatoid\u0103;<br \/>\nprocese inflamatorii ale tuturor organelor;<br \/>\nInsomnie;<br \/>\nTulbur\u0103ri metabolice;<br \/>\nBoli ale organelor respiratorii;<br \/>\nHemoroizi.<\/p>\n<p>Nu este un dispozitiv medical. Urma\u021bi doza prescris\u0103 f\u0103r\u0103 a o cre\u0219te \u00een mod arbitrar. Dac\u0103 ave\u021bi nevoie, consulta\u021bi un medic.<\/p>\n","protected":false},"featured_media":2218,"comment_status":"closed","ping_status":"closed","template":"","meta":{"_acf_changed":false,"_seopress_robots_primary_cat":"none","_seopress_titles_title":"","_seopress_titles_desc":"","_seopress_robots_index":""},"product_brand":[],"product_cat":[5118],"product_tag":[],"class_list":{"0":"post-12346","1":"product","2":"type-product","3":"status-publish","4":"has-post-thumbnail","6":"product_cat-apa-sanatoasa","7":"pa_garantsia-12-ro","8":"pa_oldid-114-ro","9":"pa_oldurlbg-https-www-infozdrave-com-medna-voda-ro","10":"pa_oldurlel-https-www-infozdrave-com---ro","11":"pa_oldurlen-https-www-infozdrave-com-copper-water-ro","12":"pa_oldurlro-https-www-infozdrave-com-apa-de-cupru-ro","14":"first","15":"instock","16":"purchasable","17":"product-type-simple"},"acf":[],"_links":{"self":[{"href":"https:\/\/www.infozdrave.com\/ro\/wp-json\/wp\/v2\/product\/12346","targetHints":{"allow":["GET"]}}],"collection":[{"href":"https:\/\/www.infozdrave.com\/ro\/wp-json\/wp\/v2\/product"}],"about":[{"href":"https:\/\/www.infozdrave.com\/ro\/wp-json\/wp\/v2\/types\/product"}],"replies":[{"embeddable":true,"href":"https:\/\/www.infozdrave.com\/ro\/wp-json\/wp\/v2\/comments?post=12346"}],"wp:featuredmedia":[{"embeddable":true,"href":"https:\/\/www.infozdrave.com\/ro\/wp-json\/wp\/v2\/media\/2218"}],"wp:attachment":[{"href":"https:\/\/www.infozdrave.com\/ro\/wp-json\/wp\/v2\/media?parent=12346"}],"wp:term":[{"taxonomy":"product_brand","embeddable":true,"href":"https:\/\/www.infozdrave.com\/ro\/wp-json\/wp\/v2\/product_brand?post=12346"},{"taxonomy":"product_cat","embeddable":true,"href":"https:\/\/www.infozdrave.com\/ro\/wp-json\/wp\/v2\/product_cat?post=12346"},{"taxonomy":"product_tag","embeddable":true,"href":"https:\/\/www.infozdrave.com\/ro\/wp-json\/wp\/v2\/product_tag?post=12346"}],"curies":[{"name":"wp","href":"https:\/\/api.w.org\/{rel}","templated":true}]}}