{"id":12356,"date":"2023-07-24T23:47:34","date_gmt":"2023-07-24T20:47:34","guid":{"rendered":"https:\/\/www.infozdrave.com\/p\/colierul-seahorse\/"},"modified":"2023-08-18T19:29:13","modified_gmt":"2023-08-18T16:29:13","slug":"colierul-seahorse","status":"publish","type":"product","link":"https:\/\/www.infozdrave.com\/ro\/pr\/colierul-seahorse\/","title":{"rendered":"Colierul Seahorse"},"content":{"rendered":"<p>Colier pentru femei cu strat de paladiu cu grosimea de 0,05 microni. Paladiul este un metal pre\u021bios foarte apreciat \u0219i foarte c\u0103utat din grupul platinei \u0219i are propriet\u0103\u021bi similare cu acesta. Lungimea lan\u021bului colierului poate fi ajustat\u0103 de la 42 la 47 cm. Este ambalat\u0103 &icirc;ntr-o cutie \u0219i are un certificat de calitate.<\/p>\n<p>Paladiul este un metal pre\u021bios alb-argintiu apar\u021bin&acirc;nd grupului platinei. A fost descoperit &icirc;n 1803 de chimistul britanic William Walston \u0219i a fost numit dup\u0103 al doilea asteroid ca m\u0103rime din sistemul solar, numit Pallas, care a fost descoperit anul anterior. Cuv&acirc;ntul &bdquo;paladiu&rdquo; provine din mitologia greac\u0103 \u0219i roman\u0103, numit\u0103 dup\u0103 statuia Atenei Paladas, de care se credea c\u0103 depinde siguran\u021ba Romei. &Icirc;n acest moment, termenul de paladiu este folosit pentru a desemna orice ofer\u0103 siguran\u021b\u0103. Drept urmare, mul\u021bi cred c\u0103 paladiul este un metal al norocului \u0219i ofer\u0103 siguran\u021b\u0103 celui care &icirc;l poart\u0103. Paladiul este foarte asem\u0103n\u0103tor cu platina, mult mai u\u0219or \u0219i extrem de rar. De aproximativ 15 ori mai rar dec&acirc;t platina. &Icirc;n trecut, paladiul era considerat un produs secundar al extrac\u021biei de platin\u0103, dar ast\u0103zi este unul dintre cele mai valoroase metale pre\u021bioase de pe pia\u021b\u0103. Designerii folosesc paladiu pentru a face bijuterii din 1939, dar a devenit din ce &icirc;n ce mai popular &icirc;n ultimii ani.<\/p>\n<p>Paladiu este rezistent la uzur\u0103, rezistent la zg&acirc;rieturi \u0219i deform\u0103ri. Este hipoalergenic \u0219i nu provoac\u0103 alergii, spre deosebire de nichel, care este prezent &icirc;n multe aliaje pre\u021bioase, deci este potrivit pentru uzura pe termen lung. Mul\u021bi bijutieri apreciaz\u0103 beneficiile acestui metal. Are o ductilitate bun\u0103, este u\u0219or de lustruit \u0219i men\u021bine o culoare argintie pur\u0103 \u0219i str\u0103luce\u0219te pe tot parcursul ciclului de via\u021b\u0103 al produsului. Paladiu, care este mai pur dec&acirc;t platina, este mai str\u0103lucitor \u0219i str\u0103lucitor dec&acirc;t aurul alb, f\u0103r\u0103 &icirc;ntre\u021binerea necesar\u0103 pentru alte metale albe. Are propriet\u0103\u021bi anticorozive \u0219i antioxidante care &icirc;l fac un metal pre\u021bios extrem de rezistent. Este cu 40% mai u\u0219oar\u0103 dec&acirc;t platina, astfel &icirc;nc&acirc;t nici bijuteriile mari nu provoac\u0103 disconfort atunci c&acirc;nd sunt purtate. Este mai puternic dec&acirc;t aurul \u0219i mai dur dec&acirc;t platina, ceea ce este important atunci c&acirc;nd se realizeaz\u0103 cadre pentru pietre mari. Bijuteriile cu paladiu nu se estompeaz\u0103 sau se &icirc;ntunec\u0103 sub influen\u021ba mediului extern \u0219i a vremii, nu necesit\u0103 aplicarea de acoperiri de protec\u021bie, precum argintul. &Icirc;n aparen\u021b\u0103, practic nu difer\u0103 de platin\u0103 sau aur alb, dar pre\u021bul s\u0103u este de 2-3 ori mai mic dec&acirc;t al lor.<\/p>\n<p>Datorit\u0103 propriet\u0103\u021bilor sale unice, la mijlocul secolului al XX-lea paladiul a devenit foarte popular &icirc;n diferite industrii. &Icirc;n electronic\u0103 - pentru acoperirile de protec\u021bie a elementelor, &icirc;n industria chimic\u0103, &icirc;n medicin\u0103 - se adaug\u0103 medicamentelor destinate combaterii tumorilor \u0219i cancerului, pentru a crea p\u0103r\u021bi separate pentru stimulatoare cardiace \u0219i instrumente medicale, precum \u0219i pentru proteze. &Icirc;n fabricarea bijuteriilor, paladiul este utilizat pentru a crea aur alb sau acoperiri de protec\u021bie.<\/p>\n","protected":false},"excerpt":{"rendered":"<p><strong>Caracteristici:<\/strong><\/p>\n<ul>\n<li>Dimensiunea colierului: 55 x 20 mm<\/li>\n<li>Lan\u021b reglabil: 42-47 cm<\/li>\n<li>Acoperire: 0,05 microni paladiu<\/li>\n<li>F\u0103r\u0103 nichel: nu este alergic<\/li>\n<li>Pietre: 10 pietre Swarovski negre<\/li>\n<li>Cutie de &icirc;mpachetat<\/li>\n<li>Certificat: ISO9001<\/li>\n<li>Origine: Hong Kong<\/li>\n<\/ul>\n<div id=\"gtx-trans\" style=\"position: absolute; left: 42px; top: 20.8153px;\">&nbsp;<\/div>\n","protected":false},"featured_media":12357,"comment_status":"closed","ping_status":"open","template":"","meta":{"_acf_changed":false,"_seopress_robots_primary_cat":"","_seopress_titles_title":"","_seopress_titles_desc":"","_seopress_robots_index":""},"product_brand":[],"product_cat":[15],"product_tag":[],"class_list":{"0":"post-12356","1":"product","2":"type-product","3":"status-publish","4":"has-post-thumbnail","6":"product_cat-uncategorized","7":"pa_oldid-126-ro","8":"pa_oldurlbg-https-www-infozdrave-com-kolie-morsko-konche-ro","9":"pa_oldurlel-https-www-infozdrave-com--seahorse-ro","10":"pa_oldurlen-https-www-infozdrave-com-ladies-necklace-seahorse-ro","11":"pa_oldurlro-https-www-infozdrave-com-colierul-seahorse-ro","13":"first","14":"instock","15":"purchasable","16":"product-type-simple"},"acf":[],"_links":{"self":[{"href":"https:\/\/www.infozdrave.com\/ro\/wp-json\/wp\/v2\/product\/12356","targetHints":{"allow":["GET"]}}],"collection":[{"href":"https:\/\/www.infozdrave.com\/ro\/wp-json\/wp\/v2\/product"}],"about":[{"href":"https:\/\/www.infozdrave.com\/ro\/wp-json\/wp\/v2\/types\/product"}],"replies":[{"embeddable":true,"href":"https:\/\/www.infozdrave.com\/ro\/wp-json\/wp\/v2\/comments?post=12356"}],"wp:featuredmedia":[{"embeddable":true,"href":"https:\/\/www.infozdrave.com\/ro\/wp-json\/wp\/v2\/media\/12357"}],"wp:attachment":[{"href":"https:\/\/www.infozdrave.com\/ro\/wp-json\/wp\/v2\/media?parent=12356"}],"wp:term":[{"taxonomy":"product_brand","embeddable":true,"href":"https:\/\/www.infozdrave.com\/ro\/wp-json\/wp\/v2\/product_brand?post=12356"},{"taxonomy":"product_cat","embeddable":true,"href":"https:\/\/www.infozdrave.com\/ro\/wp-json\/wp\/v2\/product_cat?post=12356"},{"taxonomy":"product_tag","embeddable":true,"href":"https:\/\/www.infozdrave.com\/ro\/wp-json\/wp\/v2\/product_tag?post=12356"}],"curies":[{"name":"wp","href":"https:\/\/api.w.org\/{rel}","templated":true}]}}