{"id":12396,"date":"2023-07-24T23:47:50","date_gmt":"2023-07-24T20:47:50","guid":{"rendered":"https:\/\/www.infozdrave.com\/p\/o-perla-mare-intr-o-coaja-mare-completata-cu-un-colier-intr-o-cutie-de-trandafiri\/"},"modified":"2023-10-23T10:25:22","modified_gmt":"2023-10-23T07:25:22","slug":"o-perla-mare-intr-o-coaja-mare-completata-cu-un-colier-intr-o-cutie-de-trandafiri","status":"publish","type":"product","link":"https:\/\/www.infozdrave.com\/ro\/pr\/o-perla-mare-intr-o-coaja-mare-completata-cu-un-colier-intr-o-cutie-de-trandafiri\/","title":{"rendered":"O perl\u0103 mare \u00eentr-o coaj\u0103 mare completat\u0103 cu un colier \u00eentr-o cutie de trandafiri"},"content":{"rendered":"<p>Perlele sunt pietre pre\u021bioase naturale impregnate de puterea misterului. Deschide-\u021bi cochilia \u0219i magia va fi lansat\u0103 :).<\/p>\n<p>Cum v\u0103 sim\u021bi\u021bi s\u0103 deschide\u021bi o scoic\u0103 cu o perl\u0103 real\u0103, care a stat ani de zile &icirc;n t\u0103cere \u0219i singur\u0103tate &icirc;n ea \u0219i s\u0103 o atinge\u021bi mai &icirc;nt&acirc;i? Crea\u021bi o emo\u021bie unic\u0103 \u0219i experimenta\u021bi-o &icirc;mpreun\u0103 deschiz&acirc;nd cochilia \u0219i g\u0103sind perla ascuns\u0103 &icirc;n ea! Vede\u021bi recuno\u0219tin\u021ba \u0219i surpriza &icirc;n ochii iubitei femei la deschiderea acestui dar neobi\u0219nuit!<\/p>\n<p>Misterul darului este c\u0103 nimeni nu \u0219tie ce culoare va fi perla din cochilie ... \ud83d\ude42 \u0218i fiecare culoare are un sens diferit: dragoste, s\u0103n\u0103tate, fericire, &icirc;n\u021belepciune sau bog\u0103\u021bie. Principalul lucru din acest dar neobi\u0219nuit este emo\u021bia \u0219i misterul care planeaz\u0103 atunci c&acirc;nd deschide\u021bi coaja \u0219i v\u0103 g\u0103si\u021bi propria perl\u0103 cu o culoare &icirc;n func\u021bie de norocul dvs. \u0219i un mesaj doar pentru dvs.<\/p>\n<p>Perlele sunt pietre pre\u021bioase naturale impregnate de puterea misterului. Deschide-\u021bi cochilia \u0219i magia va fi lansat\u0103. Culoarea perlei din scoic\u0103 va ar\u0103ta la ce s\u0103 ne a\u0219tept\u0103m de la via\u021b\u0103 anul viitor.<\/p>\n<ul>\n<li>Perla alb\u0103: s\u0103n\u0103tate,<\/li>\n<li>Bej: fericire,<\/li>\n<li>Peach: dragoste,<\/li>\n<li>Lavanda: &icirc;n\u021belepciune,<\/li>\n<li>Auriu: bog\u0103\u021bie<\/li>\n<\/ul>\n<p>Exist\u0103 o legend\u0103 incredibil\u0103: C&acirc;nd prima pic\u0103tur\u0103 de ploaie a c\u0103zut pe suprafa\u021ba m\u0103rii, o coaj\u0103 s-a ridicat din ad&acirc;ncurile sale. Ea \u0219i-a deschis palma \u0219i pic\u0103tura de ploaie s-a scufundat pe fund. &Icirc;n &icirc;ntunericul m\u0103rii, sub fo\u0219netul de nisip \u0219i stropirea valurilor, pic\u0103tura de ploaie s-a transformat &icirc;n nimic comparabil: o perl\u0103 ...<\/p>\n<p>Dar povestea continu\u0103: O femeie frumoas\u0103, parc\u0103 ie\u0219ind din ad&acirc;ncurile m\u0103rii, va primi cea mai perlat\u0103 cochilie \u0219i &icirc;\u0219i va dezv\u0103lui frumuse\u021bea singurei femei demne de posesie, femeia iubit\u0103 ... Se poate doar imagineaz\u0103-\u021bi ce simte ea, c&acirc;nd o prime\u0219ti! :).<\/p>\n<p>Pute\u021bi alege culoarea cutiei de ambalare sau pute\u021bi avea &icirc;ncredere &icirc;n gustul nostru!<\/p>\n<p>Originea Chinei.<\/p>\n<div id=\"gtx-trans\" style=\"position: absolute; left: -11px; top: 90.9062px;\">&nbsp;<\/div>\n","protected":false},"excerpt":{"rendered":"<p><strong>Setul con\u021bine:<\/strong><\/p>\n<ul>\n<li>O adev\u0103rat\u0103 perl\u0103 &icirc;ntr-o cochilie, sigilat\u0103 &icirc;ntr-o cutie.<\/li>\n<li>Colier &icirc;n care este a\u0219ezat\u0103 perla.<\/li>\n<li>O carte cu o legend\u0103 despre formarea primei perle.<\/li>\n<li>Cu\u021bit de deschidere a midiei.<\/li>\n<li>Cutie de ambalaj spectaculoas\u0103 &icirc;n mai multe culori.<\/li>\n<li>Cutie dimensional\u0103: 3,5 x 18 x 10 cm.<\/li>\n<li>Pe cutie ve\u021bi g\u0103si o legend\u0103 care culoare simbolizeaz\u0103 ce \u0219i ve\u021bi afla care este norocul dumneavoastr\u0103.<\/li>\n<\/ul>\n","protected":false},"featured_media":14744,"comment_status":"closed","ping_status":"closed","template":"","meta":{"_acf_changed":false,"_seopress_robots_primary_cat":"","_seopress_titles_title":"","_seopress_titles_desc":"","_seopress_robots_index":""},"product_brand":[],"product_cat":[5150],"product_tag":[],"class_list":{"0":"post-12396","1":"product","2":"type-product","3":"status-publish","4":"has-post-thumbnail","6":"product_cat-perla-intr-o-scoica","7":"pa_oldid-134-ro","8":"pa_oldurlbg-https-www-infozdrave-com-golyama-perla-v-golyama-mida-v-komplekt-s-kolie-v-kutiya-s-rozi-ro","9":"pa_oldurlel-https-www-infozdrave-com------ro","10":"pa_oldurlen-https-www-infozdrave-com-big-pearl-in-a-big-clam-with-necklace-in-a-box-with-roses-ro","11":"pa_oldurlro-https-www-infozdrave-com-o-perla-mare-intr-o-coaja-mare-completata-cu-un-colier-intr-o-cutie-de-trandafiri-ro","12":"pif-has-gallery","14":"first","15":"instock","16":"purchasable","17":"product-type-simple"},"acf":[],"_links":{"self":[{"href":"https:\/\/www.infozdrave.com\/ro\/wp-json\/wp\/v2\/product\/12396","targetHints":{"allow":["GET"]}}],"collection":[{"href":"https:\/\/www.infozdrave.com\/ro\/wp-json\/wp\/v2\/product"}],"about":[{"href":"https:\/\/www.infozdrave.com\/ro\/wp-json\/wp\/v2\/types\/product"}],"replies":[{"embeddable":true,"href":"https:\/\/www.infozdrave.com\/ro\/wp-json\/wp\/v2\/comments?post=12396"}],"wp:featuredmedia":[{"embeddable":true,"href":"https:\/\/www.infozdrave.com\/ro\/wp-json\/wp\/v2\/media\/14744"}],"wp:attachment":[{"href":"https:\/\/www.infozdrave.com\/ro\/wp-json\/wp\/v2\/media?parent=12396"}],"wp:term":[{"taxonomy":"product_brand","embeddable":true,"href":"https:\/\/www.infozdrave.com\/ro\/wp-json\/wp\/v2\/product_brand?post=12396"},{"taxonomy":"product_cat","embeddable":true,"href":"https:\/\/www.infozdrave.com\/ro\/wp-json\/wp\/v2\/product_cat?post=12396"},{"taxonomy":"product_tag","embeddable":true,"href":"https:\/\/www.infozdrave.com\/ro\/wp-json\/wp\/v2\/product_tag?post=12396"}],"curies":[{"name":"wp","href":"https:\/\/api.w.org\/{rel}","templated":true}]}}