{"id":12646,"date":"2023-07-24T23:47:50","date_gmt":"2023-07-24T20:47:50","guid":{"rendered":"https:\/\/www.infozdrave.com\/p\/periuta-de-dinti-cu-nano-argint-3-1\/"},"modified":"2026-01-01T00:46:13","modified_gmt":"2025-12-31T22:46:13","slug":"periuta-de-dinti-cu-nano-argint-3-1","status":"publish","type":"product","link":"https:\/\/www.infozdrave.com\/ro\/pr\/periuta-de-dinti-cu-nano-argint-3-1\/","title":{"rendered":"Antibacterian perie pentru din\u021bi cu nano argint 3+1"},"content":{"rendered":"<h3><strong>Antibacterian perie pentru din\u021bi cu nano argint<\/strong><\/h3>\n<h3>Promo\u021bionale Pre\u021b<\/h3>\n<ul>\n<li>Antibacterian perie pentru din\u021bi 4 buc .<\/li>\n<li>Cu nano argint<\/li>\n<li>Cu doi lungimi pe parul<\/li>\n<li>Certificate ISO 9001: 2008 \u0219i ISO 14001:2004<\/li>\n<li>Origine : Sud Coreea<\/li>\n<\/ul>\n","protected":false},"excerpt":{"rendered":"<h2 style=\"text-align: center;\"><strong>PERIUTE ANTIBACTERIANA CU ARGINT NANO IN PATRU CULORI<\/strong><\/h2>\n<p><strong>\u00a0<\/strong><\/p>\n<h2><strong>7 REGULI PENTRU DINTII PERIATI DE INALTA CALITATE<\/strong><\/h2>\n<ul>\n<li>Alege antibacterian perie pentru din\u021bi cu nano argint<\/li>\n<li>Schimbare pastele pentru dintii periodic<\/li>\n<li>Perie numai circular\u0103 \u0219i cu lumin\u0103 presiune<\/li>\n<li>Spalare bun din toate \u0163\u0103ri<\/li>\n<li>Spalare suficient lung , pentru da elimina posterul bun<\/li>\n<li>Spalare dimineata si seara dup\u0103 m\u00e2nc\u00e2nd pe dulciuri<\/li>\n<li>A inlocui peria pentru dintii prin \u00een jurul Trei lun\u0103<\/li>\n<\/ul>\n<h2><strong>PROPRIET\u0102\u021aILE ANTIBACTERIENE ALE ARGINTULUI<\/strong><\/h2>\n<p>Cele antibacteriene calitati pe argintul sunt cunoscut\u0103 \u015fi r\u0103sp\u00e2ndit\u0103 a comentat . Nanoparticule de argint ad\u0103ugate _ _ la fibra pe periile pentru dinti , restr\u00e2nge dezvoltare pe bacterii \u0219i \u00eendep\u0103rta\u021bi r\u0103u suflare .<\/p>\n<h2><strong>DOU\u0102 LUNGIMI DE P\u0102R<\/strong><\/h2>\n<p>Cu doi lungimi pe p\u0103ros \u0219i sub\u021bire fibre pentru u\u015for curatenie pe greu accesibil locuri .<\/p>\n<h2><strong>BENEFICIILE GUMIEI ALE PERIU\u021aEI DE DI\u021aI NANO SILVER<\/strong><\/h2>\n<p>La regulat utilizare pe antibacterian perie pentru dinti cu nano argint , se scade formare pe dentare adeziv , dintat piatr\u0103 , iritare \u0219i distrugere pe gingiile . Po Aceasta motiv lor Tot se folosesc si pentru protec\u0163ie din parodontoza .<\/p>\n<h2><strong>M\u00c2NER CONFORT<\/strong><\/h2>\n<p>Peria pentru din\u021bii cu nano argint este proiectat cu confortabil se ocup\u0103 \u015fi ofer\u0103 stabil si usor prindere . Flexibil \u0219i moale peri Tot se adapteaz\u0103 la forma pe a ta din\u021bi \u0219i gingii , furniz\u00e2nd bl\u00e2nd \u0219i eficient curatenie , fara da lor doare sau enerveaz\u0103 .<\/p>\n<h2><strong>DESIGN FRUMOS<\/strong><\/h2>\n<p>Utilizarea pe perie pentru din\u021bi cu nano argint este u\u0219or \u0219i convenabil . Doar aplica pu\u021bin cantitate din pastele pe peria\u021bi \u0219i sp\u0103la\u021bi din\u021bii esti ca _ de obicei . Diferen\u021ba este c\u0103 _ _ mul\u021bumesc pe nanoparticulele din aur , pensula pentru dintii lucr\u0103ri mai eficient si ajunge cu at\u00e2t mai greu de atins locuri \u00een gur\u0103 cavitate .<\/p>\n<h2><strong>NU TE COMPROME\u021aI CU S\u0102N\u0102TATEA DIN\u021aII T\u0102I<\/strong><\/h2>\n<p>Alege perii pentru dinti cu nano argint si se bucur\u0103-te pe mai curat , mai puternic \u0219i mai s\u0103n\u0103tos un z\u00e2mbet . Ordin al lui perie nano aur azi si tot a te alatura la mii multumit clienti care _ deja Tot au \u00eencredere pe a noastra produse .<\/p>\n<p>Salva\u021bi s\u0103n\u0103tate pe a ta z\u00e2mbe\u0219te cu pensule pentru din\u021bi cu nano argint - ai t\u0103i buze igien\u0103 merita cel mai bun ! Fa un pariu pe cel inovator tehnologie pe peria pentru din\u021bii cu nanoparticule de argint , aur sau xilitol si si oferi s\u0103n\u0103tos din\u021bi \u0219i z\u00e2mbe\u0219te pentru c\u0103 _ a ta oral sanatatea este importanta .<\/p>\n<p>Periile pentru din\u021bi cu nano argint Nu sunt medical produs . Pentru tratament Tot consulta\u021bi- v\u0103 medicul un doctor.<\/p>\n","protected":false},"featured_media":2617,"comment_status":"closed","ping_status":"closed","template":"","meta":{"_acf_changed":false,"_seopress_robots_primary_cat":"none","_seopress_titles_title":"","_seopress_titles_desc":"","_seopress_robots_index":""},"product_brand":[],"product_cat":[5124],"product_tag":[],"class_list":{"0":"post-12646","1":"product","2":"type-product","3":"status-publish","4":"has-post-thumbnail","6":"product_cat-periute-de-dinti-cu-nanoparticule","7":"pa_oldid-147-ro","8":"pa_oldurlbg-https-www-infozdrave-com-antibakterialna-chetka-za-zabi-s-nano-srebro-3-1-ro","9":"pa_oldurlel-https-www-infozdrave-com-----3-1-ro","10":"pa_oldurlen-https-www-infozdrave-com-toothbrush-with-nano-silver-3-1-ro","11":"pa_oldurlro-https-www-infozdrave-com-periuta-de-dinti-cu-nano-argint-3-1-ro","12":"pif-has-gallery","14":"first","15":"instock","16":"purchasable","17":"product-type-simple"},"acf":[],"_links":{"self":[{"href":"https:\/\/www.infozdrave.com\/ro\/wp-json\/wp\/v2\/product\/12646","targetHints":{"allow":["GET"]}}],"collection":[{"href":"https:\/\/www.infozdrave.com\/ro\/wp-json\/wp\/v2\/product"}],"about":[{"href":"https:\/\/www.infozdrave.com\/ro\/wp-json\/wp\/v2\/types\/product"}],"replies":[{"embeddable":true,"href":"https:\/\/www.infozdrave.com\/ro\/wp-json\/wp\/v2\/comments?post=12646"}],"wp:featuredmedia":[{"embeddable":true,"href":"https:\/\/www.infozdrave.com\/ro\/wp-json\/wp\/v2\/media\/2617"}],"wp:attachment":[{"href":"https:\/\/www.infozdrave.com\/ro\/wp-json\/wp\/v2\/media?parent=12646"}],"wp:term":[{"taxonomy":"product_brand","embeddable":true,"href":"https:\/\/www.infozdrave.com\/ro\/wp-json\/wp\/v2\/product_brand?post=12646"},{"taxonomy":"product_cat","embeddable":true,"href":"https:\/\/www.infozdrave.com\/ro\/wp-json\/wp\/v2\/product_cat?post=12646"},{"taxonomy":"product_tag","embeddable":true,"href":"https:\/\/www.infozdrave.com\/ro\/wp-json\/wp\/v2\/product_tag?post=12646"}],"curies":[{"name":"wp","href":"https:\/\/api.w.org\/{rel}","templated":true}]}}