{"id":12716,"date":"2023-07-24T23:48:38","date_gmt":"2023-07-24T20:48:38","guid":{"rendered":"https:\/\/www.infozdrave.com\/p\/castron-cantec-tibetan-jambati-11-cm\/"},"modified":"2023-08-18T19:29:24","modified_gmt":"2023-08-18T16:29:24","slug":"castron-cantec-tibetan-jambati-11-cm","status":"publish","type":"product","link":"https:\/\/www.infozdrave.com\/ro\/pr\/castron-cantec-tibetan-jambati-11-cm\/","title":{"rendered":"Castron cantec tibetan Jambati 11 cm"},"content":{"rendered":"<p>Jambati sunt unul dintre cele mai frumoase \u0219i mai grele boluri de c&acirc;ntat de pe pia\u021b\u0103. Fabricate &icirc;n Nepal, ele reflect\u0103 creativitatea, munca grea, lupta \u0219i pasiunea unor mae\u0219tri dedica\u021bi. Sunt lucrate manual, cu 4 sau 5 me\u0219teri pricepu\u021bi implica\u021bi &icirc;n realizarea unui castron de c&acirc;ntat, cu mare precizie \u0219i aten\u021bie. C&acirc;nd &icirc;\u021bi dai seama c\u0103 sunt f\u0103cute manual, nu de ma\u0219ini, &icirc;\u021bi dai seama c\u0103 fiecare castron de c&acirc;ntat este o capodoper\u0103. Se crede c\u0103 acest tip de boluri antice de c&acirc;ntat au &icirc;nceput s\u0103 fie realizate &icirc;n secolele al XVII-lea sau al XVIII-lea \u0219i au fost utilizate &icirc;n scopuri ceremoniale \u0219i rituale, precum \u0219i pentru depozitarea cerealelor. Cump\u0103ra\u021bi au pere\u021bi curba\u021bi, cu un fund plat mic, pentru a\u0219ezare pe o suprafa\u021b\u0103 neted\u0103, iar marginea lor poate varia. Unele boluri au o margine simpl\u0103 sau canelat\u0103 orientat\u0103 spre interior. Cump\u0103ra\u021bi f\u0103r\u0103 sau cu decora\u021biuni minime. Perna de ciocan este &icirc;n diferite culori.<\/p>\n<p>Dac\u0103 apa este plasat\u0103 &icirc;ntr-un castron \u0219i se rote\u0219te, &bdquo;fierbe&rdquo;, este restructurat\u0103, dar nu ca temperatur\u0103, ci ca vibra\u021bie. Afecteaz\u0103 corpul uman &icirc;n acela\u0219i mod. Este alc\u0103tuit din 80% lichide \u0219i sunetul se leag\u0103 de ele \u0219i le restructureaz\u0103. Adic\u0103 sunetul func\u021bioneaz\u0103 cu apa din corpul nostru. P\u0103trunde peste tot &icirc;n corpul nostru \u0219i energia &icirc;ncepe s\u0103 curg\u0103 uniform &icirc;n el.<\/p>\n<p>Terapia anti-stres - Este considerat a fi un tip de medicament energetic care ajut\u0103 &icirc;n perioadele de stres, tensiune, durere sau depresie. Frecven\u021bele sonore restaureaz\u0103 \u0219i optimizeaz\u0103 fluxul de energie &icirc;n p\u0103r\u021bi ale corpului unde este nevoie.<\/p>\n<p>Corpul nostru se simte odihnit \u0219i &icirc;i semnaleaz\u0103 creierului c\u0103 totul este &icirc;n regul\u0103, provoc&acirc;nd astfel mai u\u0219or st\u0103ri de medita\u021bie.<\/p>\n<p>&Icirc;n afar\u0103 de a fi un mijloc de medita\u021bie mai u\u0219oar\u0103, ele pot fi folosite \u0219i pentru purificarea apei, armonizarea spa\u021biilor \u0219i chiar \u0219i &icirc;n m&acirc;inile neexperimentate nu vor face r\u0103u nim\u0103nui, pur \u0219i simplu nu vor fi utile.<\/p>\n<p>C&acirc;teva avantaje ale ascult\u0103rii \u0219i utiliz\u0103rii sunetelor de cup\u0103:<\/p>\n<p>- Calmeaz\u0103 mintea<\/p>\n<p>- Elimin\u0103 durerile de cap<\/p>\n<p>- Ne armonizeaz\u0103 lumea interioar\u0103<\/p>\n<p>- Ne ajut\u0103 s\u0103 facem fa\u021b\u0103 stresului zilnic, s\u0103 reducem anxietatea \u0219i astfel s\u0103 ne cre\u0219tem imunitatea<\/p>\n<p>- &Icirc;ndep\u0103rta\u021bi negativitatea \u0219i tensiunea<\/p>\n<p>- &Icirc;mbun\u0103t\u0103\u021bim calitatea somnului nostru<\/p>\n<p>- Ne ajut\u0103 s\u0103 ne concentr\u0103m &icirc;n momentul prezent \u0219i astfel s\u0103 cre\u0219tem concentrarea, ceea ce este util pentru studen\u021bi \u0219i angaja\u021bi.<\/p>\n<p>- Prin sunetele lor realiz\u0103m relaxare \u0219i medita\u021bie mai u\u0219oar\u0103<\/p>\n<p>- Treze\u0219te g&acirc;ndirea creativ\u0103, intui\u021bia \u0219i poten\u021bialul<\/p>\n<p>- Ajuta\u021bi la restabilirea \u0219i normalizarea frecven\u021belor vibra\u021bionale ale corpului, la armonizarea \u0219i echilibrarea min\u021bii<\/p>\n<p>- Echilibreaz\u0103 cele dou\u0103 emisfere cerebrale, stimul&acirc;nd activitatea undelor alfa<\/p>\n<p>- Ei ne purific\u0103 chakrele \u0219i aura<\/p>\n","protected":false},"excerpt":{"rendered":"<p>Castron de c&acirc;ntat Jambati cu diametrul de 11 cm.<\/p>\n<ul>\n<li>Pern\u0103 &icirc;n diferite culori.<\/li>\n<li>Sunt trimise la &icirc;nt&acirc;mplare.<\/li>\n<li>Ciocan.<\/li>\n<li>Compozi\u021bie: 7 elemente, fiecare dintre ele corespunz&acirc;nd celor \u0219apte planete: Soare - Aur, Lun\u0103 - Argint, Venus - Miere, Mercur - Mercur, Saturn - Plumb, Marte - Fier, Jupiter - Staniu.<\/li>\n<li>Origine: Nepal<\/li>\n<\/ul>\n","protected":false},"featured_media":2687,"comment_status":"closed","ping_status":"closed","template":"","meta":{"_acf_changed":false,"_seopress_robots_primary_cat":"","_seopress_titles_title":"","_seopress_titles_desc":"","_seopress_robots_index":""},"product_brand":[],"product_cat":[15],"product_tag":[],"class_list":{"0":"post-12716","1":"product","2":"type-product","3":"status-publish","4":"has-post-thumbnail","6":"product_cat-uncategorized","7":"pa_oldid-164-ro","8":"pa_oldurlbg-https-www-infozdrave-com-tibetska-peeshta-kupa-jambati-11-sm-ro","9":"pa_oldurlel-https-www-infozdrave-com----jambati-11-ro","10":"pa_oldurlen-https-www-infozdrave-com-tibetan-jambati-singing-bowl-11-cm-ro","11":"pa_oldurlro-https-www-infozdrave-com-castron-cantec-tibetan-jambati-11-cm-ro","12":"pif-has-gallery","14":"first","15":"instock","16":"purchasable","17":"product-type-simple"},"acf":[],"_links":{"self":[{"href":"https:\/\/www.infozdrave.com\/ro\/wp-json\/wp\/v2\/product\/12716","targetHints":{"allow":["GET"]}}],"collection":[{"href":"https:\/\/www.infozdrave.com\/ro\/wp-json\/wp\/v2\/product"}],"about":[{"href":"https:\/\/www.infozdrave.com\/ro\/wp-json\/wp\/v2\/types\/product"}],"replies":[{"embeddable":true,"href":"https:\/\/www.infozdrave.com\/ro\/wp-json\/wp\/v2\/comments?post=12716"}],"wp:featuredmedia":[{"embeddable":true,"href":"https:\/\/www.infozdrave.com\/ro\/wp-json\/wp\/v2\/media\/2687"}],"wp:attachment":[{"href":"https:\/\/www.infozdrave.com\/ro\/wp-json\/wp\/v2\/media?parent=12716"}],"wp:term":[{"taxonomy":"product_brand","embeddable":true,"href":"https:\/\/www.infozdrave.com\/ro\/wp-json\/wp\/v2\/product_brand?post=12716"},{"taxonomy":"product_cat","embeddable":true,"href":"https:\/\/www.infozdrave.com\/ro\/wp-json\/wp\/v2\/product_cat?post=12716"},{"taxonomy":"product_tag","embeddable":true,"href":"https:\/\/www.infozdrave.com\/ro\/wp-json\/wp\/v2\/product_tag?post=12716"}],"curies":[{"name":"wp","href":"https:\/\/api.w.org\/{rel}","templated":true}]}}