{"id":12799,"date":"2023-07-24T23:48:38","date_gmt":"2023-07-24T20:48:38","guid":{"rendered":"https:\/\/www.infozdrave.com\/p\/vas-alcalin-cu-apa\/"},"modified":"2023-11-14T11:21:48","modified_gmt":"2023-11-14T09:21:48","slug":"vas-alcalin-cu-apa","status":"publish","type":"product","link":"https:\/\/www.infozdrave.com\/ro\/pr\/vas-alcalin-cu-apa\/","title":{"rendered":"Urciorul cu ap\u0103 alcalin\u0103 transform\u0103 apa de la robinet \u00een alcalin\u0103"},"content":{"rendered":"<h3><strong>VASOA DE APA ALCALINA<\/strong><\/h3>\n<h3>CARACTERISTICI<\/h3>\n<ul>\n<li>Filtreaz\u0103 clorul, bacteriile \u0219i metalele grele, pesticidele<\/li>\n<li>Alcalinizeaz\u0103 apa \u0219i \u00eei afecteaz\u0103 pozitiv poten\u021bialul<\/li>\n<li>Cu un filtru de minerale bioceramice naturale care stimuleaz\u0103 eliberarea de hidrogen molecular<\/li>\n<li>Adaug\u0103 minerale alcaline benefice (potasiu, magneziu, calciu) la apa filtrat\u0103<\/li>\n<li>De obicei, cre\u0219te pH-ul de la 7,5 la 9,5<\/li>\n<li>Reduce dimensiunea clusterelor de molecule de ap\u0103<\/li>\n<li>Ofer\u0103 ap\u0103 alcalin\u0103 antioxidant\u0103 pentru a men\u021bine echilibrul alcalin<\/li>\n<li>O modalitate convenabil\u0103 \u0219i accesibil\u0103 de a v\u0103 bucura de beneficiile apei antioxidante, alcalinizate, structurate \u0219i bogate \u00een hidrogen.<\/li>\n<li>Form\u0103 convenabil\u0103 pentru frigider<\/li>\n<li>Indicator de schimbare a filtrului<\/li>\n<li>M\u00e2ner confortabil \u0219i capac de umplere convenabil f\u0103r\u0103 a fi \u00eendep\u0103rtat<\/li>\n<li>Modific\u0103 ORP (Poten\u021bialul de Reducere a Oxidarii) apei, de obicei \u00eentre -100mV \u0219i -200mV<\/li>\n<li>Volumul total al ulciorului: 3,6 litri<\/li>\n<li>Volumul util cu ap\u0103 filtrat\u0103, alcalin\u0103: 2 litri<\/li>\n<\/ul>\n","protected":false},"excerpt":{"rendered":"<h2 style=\"text-align: center;\"><strong>VASOA DE AP\u0102 ALCALIN\u0102 - SE Transform\u0103 \u00een mod obi\u0219nuit, APA DE LA ROBINET \u00ceN-O ALCALIN\u0102 GUST SUPERIOR<\/strong><\/h2>\n<p>\u00cen ultimii ani, apa alcalin\u0103 a devenit din ce \u00een ce mai popular\u0103 ca b\u0103utur\u0103 care pretinde c\u0103 are efecte pozitive asupra s\u0103n\u0103t\u0103\u021bii. Transformat\u0103 din ap\u0103 obi\u0219nuit\u0103 prin procesul de electroliz\u0103, apa alcalin\u0103 este bogat\u0103 \u00een ioni \u00eenc\u0103rca\u021bi negativ care au poten\u021bialul de a reduce aciditatea din corpul nostru.<\/p>\n<p>Studiile \u0219i rezultatele cercet\u0103rilor \u0219tiin\u021bifice \u00een domeniul apei alcaline arat\u0103 c\u0103 aceasta poate avea unele efecte pozitive asupra s\u0103n\u0103t\u0103\u021bii. De exemplu, prezen\u021ba ionilor negativi poate reduce procesele inflamatorii din organism, care sunt asociate cu o serie de boli, cum ar fi artrita \u0219i diabetul. \u00cen plus, apa alcalin\u0103 poate \u00eembun\u0103t\u0103\u021bi hidratarea celular\u0103 \u0219i ajut\u0103 la eliminarea toxinelor din organism, datorit\u0103 con\u021binutului s\u0103u mai mare de ioni de sodiu \u0219i potasiu.<\/p>\n<h2><strong>UTILIZAREA UNUI CERCANITOR DE APA ALCALIN\u0102 OFER\u0102 MAI MULTE BENEFICII PENTRU S\u0102N\u0102TATE<\/strong><\/h2>\n<h3>\n<strong>ECHILIBR\u0102 ACIDITATEA CORPULUI<\/strong><\/h3>\n<p>Urciorul cu ap\u0103 alcalin\u0103 ajut\u0103 la echilibrarea nivelului pH-ului corpului. Un nivel de pH s\u0103n\u0103tos variaz\u0103 \u00eentre 7,35 \u0219i 7,45, iar apa alcalin\u0103 poate ajuta la restabilirea acestui echilibru, rezult\u00e2nd o func\u021bionare optim\u0103 a organelor, sistemelor \u0219i celulelor.<\/p>\n<h3><strong>ELIMINAREA TOXINELOR<\/strong><\/h3>\n<p>Apa alcalin\u0103 produs\u0103 de cutia de ap\u0103 alcalin\u0103 poate ajuta la eliminarea toxinelor din organism. Are o tensiune superficial\u0103 mai mic\u0103 dec\u00e2t apa obi\u0219nuit\u0103, ceea ce permite cur\u0103\u021barea mai u\u0219oar\u0103 a toxinelor \u0219i eliminarea de\u0219eurilor acumulate.<\/p>\n<h3><strong>HIDRATARE<\/strong><\/h3>\n<p>Apa alcalin\u0103 este considerat\u0103 o surs\u0103 mai bun\u0103 de hidratare dec\u00e2t apa simpl\u0103. P\u0103trunde mai repede \u0219i mai u\u0219or \u00een celule, ceea ce ajut\u0103 la men\u021binerea unui nivel optim de hidratare.<\/p>\n<h3><strong>\u00ceMBUN\u0102T\u0102\u021aAREA NIVELURILOR SISTEMULUI IMUNO<\/strong><\/h3>\n<p>Cre\u0219terea nivelului pH-ului din organism are un efect pozitiv asupra sistemului imunitar. Acest lucru poate ajuta la \u00eembun\u0103t\u0103\u021birea imunit\u0103\u021bii \u0219i a capacit\u0103\u021bii de a lupta \u00eempotriva oric\u0103ror influen\u021be externe.<\/p>\n<h3><strong>REDUCEREA STRESSULUI OXIDAT<\/strong><\/h3>\n<p>Apa alcalin\u0103 poate ajuta, de asemenea, la reducerea stresului oxidativ, care este asociat cu \u00eemb\u0103tr\u00e2nirea \u0219i dezvoltarea bolilor. Acest lucru se datoreaz\u0103 prezen\u021bei antioxidan\u021bilor \u00een apa alcalin\u0103, care ajut\u0103 la reducerea cantit\u0103\u021bii de radicali liberi din organism.<\/p>\n<h3><strong>\u00ceMBUN\u0102T\u0102\u021aIREA FUNC\u021aION\u0102RII SISTEMULUI DIGESTIV<\/strong><\/h3>\n<p>Consumul de ap\u0103 alcalin\u0103 poate avea un efect pozitiv asupra sistemului digestiv. Poate reduce constipa\u021bia \u0219i irita\u021bia stomacului, \u00eembun\u0103t\u0103\u021bind \u00een acela\u0219i timp procesul digestiv.<\/p>\n<h2><strong>FILTRUL ALCALIN CON\u021aINE URM\u0102TOARELE COMPONENTE<\/strong><\/h2>\n<ul>\n<li>Un filtru fin din polipropilen\u0103 fin\u0103 care \u00eempiedic\u0103 particulele mici sau sedimentele s\u0103 intre \u00een mediul filtrant.<\/li>\n<li>Granule de c\u0103rbune activat pentru a absorbi clorul \u0219i compu\u0219ii organici precum benzenul (dac\u0103 sunt prezenti \u00een ap\u0103).<\/li>\n<li>Margele antioxidante care reduc potentialul de oxidare-reducere (ORP) al apei, conferindu-i proprietati antioxidante.<\/li>\n<li>M\u0103rgele ceramice care con\u021bin 10 tipuri diferite de minerale. Ele elibereaz\u0103 energie util\u0103 \u00een ap\u0103 \u0219i, de asemenea, reduc orice metale grele reziduale.<\/li>\n<li>Margele ceramice antibacteriene pentru a preveni dezvoltarea bacteriilor in cartusul filtrant.<\/li>\n<li>Filtrare final\u0103 din polipropilen\u0103 pentru a opri orice pulbere fin\u0103 s\u0103 treac\u0103 prin filtru.<\/li>\n<\/ul>\n<h2><strong>INSTRUCTIUNI DE FOLOSIRE<\/strong><\/h2>\n<ul>\n<li>Scoate\u021bi filtrul uzat \u0219i arunca\u021bi-l. Cur\u0103\u021ba\u021bi vasul, suportul filtrului \u0219i capacul cu un detergent u\u0219or \u0219i ap\u0103 cald\u0103. Cl\u0103ti\u021bi bine.<\/li>\n<li>\u00cenmuia\u021bi noul filtru timp de 15 minute \u00een ulcior. Asigura\u021bi-v\u0103 c\u0103 este complet scufundat \u00een ap\u0103 rece.<\/li>\n<li>Pune\u021bi filtrul \u00een umplere astfel \u00eenc\u00e2t s\u0103 nu intre ap\u0103.<\/li>\n<li>Se toarn\u0103 aproximativ 2 l. ap\u0103, turna\u021bi. Repeta\u021bi de mai multe ori p\u00e2n\u0103 c\u00e2nd apa curge limpede.<\/li>\n<li>Asigura\u021bi-v\u0103 c\u0103 apa acoper\u0103 \u00eentotdeauna baza cartu\u0219ului filtrant.<\/li>\n<li>Un filtru poate procesa 200 - 300 litri de ap\u0103.<\/li>\n<\/ul>\n<p>Apa alcalin\u0103 ofer\u0103 ap\u0103 potabil\u0103 s\u0103n\u0103toas\u0103 \u0219i sigur\u0103. Reduce dimensiunea grupurilor de molecule de ap\u0103, elimin\u0103 impurit\u0103\u021bile, cre\u0219te PH-ul apei \u0219i scade ORP (Poten\u021bialul de Reducere a Oxida\u021biei). Ofer\u0103 ap\u0103 alcalin\u0103 antioxidant\u0103 pentru a men\u021bine echilibrul alcalin. O modalitate convenabil\u0103 \u0219i accesibil\u0103 de a v\u0103 bucura de beneficiile apei antioxidante, alcalinizate, structurate \u0219i bogate \u00een hidrogen.<\/p>\n<p>Nu este un dispozitiv medical. Pentru tratament, solicita\u021bi sfatul unui medic. Urma\u021bi instruc\u021biunile de utilizare.<\/p>\n","protected":false},"featured_media":2770,"comment_status":"closed","ping_status":"closed","template":"","meta":{"_acf_changed":false,"_seopress_robots_primary_cat":"none","_seopress_titles_title":"","_seopress_titles_desc":"","_seopress_robots_index":""},"product_brand":[],"product_cat":[5118],"product_tag":[],"class_list":{"0":"post-12799","1":"product","2":"type-product","3":"status-publish","4":"has-post-thumbnail","6":"product_cat-apa-sanatoasa","7":"pa_garantsia-2-ro","8":"pa_oldid-183-ro","9":"pa_oldurlbg-https-www-infozdrave-com-kana-za-alkalna-voda-comarticle183bg-ro","10":"pa_oldurlel-https-www-infozdrave-com----ro","11":"pa_oldurlen-https-www-infozdrave-com-alkaline-water-kettle-comarticle183en-ro","12":"pa_oldurlro-https-www-infozdrave-com-vas-alcalin-cu-apa-ro","14":"first","15":"instock","16":"purchasable","17":"product-type-simple"},"acf":[],"_links":{"self":[{"href":"https:\/\/www.infozdrave.com\/ro\/wp-json\/wp\/v2\/product\/12799","targetHints":{"allow":["GET"]}}],"collection":[{"href":"https:\/\/www.infozdrave.com\/ro\/wp-json\/wp\/v2\/product"}],"about":[{"href":"https:\/\/www.infozdrave.com\/ro\/wp-json\/wp\/v2\/types\/product"}],"replies":[{"embeddable":true,"href":"https:\/\/www.infozdrave.com\/ro\/wp-json\/wp\/v2\/comments?post=12799"}],"wp:featuredmedia":[{"embeddable":true,"href":"https:\/\/www.infozdrave.com\/ro\/wp-json\/wp\/v2\/media\/2770"}],"wp:attachment":[{"href":"https:\/\/www.infozdrave.com\/ro\/wp-json\/wp\/v2\/media?parent=12799"}],"wp:term":[{"taxonomy":"product_brand","embeddable":true,"href":"https:\/\/www.infozdrave.com\/ro\/wp-json\/wp\/v2\/product_brand?post=12799"},{"taxonomy":"product_cat","embeddable":true,"href":"https:\/\/www.infozdrave.com\/ro\/wp-json\/wp\/v2\/product_cat?post=12799"},{"taxonomy":"product_tag","embeddable":true,"href":"https:\/\/www.infozdrave.com\/ro\/wp-json\/wp\/v2\/product_tag?post=12799"}],"curies":[{"name":"wp","href":"https:\/\/api.w.org\/{rel}","templated":true}]}}