{"id":12809,"date":"2023-07-24T23:48:38","date_gmt":"2023-07-24T20:48:38","guid":{"rendered":"https:\/\/www.infozdrave.com\/p\/electrod-detoxifiant-cu-hidrogen\/"},"modified":"2023-11-18T00:01:36","modified_gmt":"2023-11-17T22:01:36","slug":"electrod-detoxifiant-cu-hidrogen","status":"publish","type":"product","link":"https:\/\/www.infozdrave.com\/ro\/pr\/electrod-detoxifiant-cu-hidrogen\/","title":{"rendered":"Electrod pentru antioxidant"},"content":{"rendered":"<p>Consumabil pentru detoxifiant cu hidrogen. Gena apei, folosit\u0103 \u00een serviciul apapatit pentru antioxidarea organismului, este un aditiv cu ac\u021biune lung\u0103. Se uzeaz\u0103 \u00een timp \u0219i trebuie \u00eenlocuit.<br \/>\nDurata de lucru p\u00e2n\u0103 la 400 de proceduri.<\/p>\n","protected":false},"excerpt":{"rendered":"<p>Consumabile pentru detoxifiant de hidrogen. Generatorul de hidrogen utilizat \u00een func\u021bionarea aparatului anti-oxidare al organismului este o ac\u021biune de lung\u0103 durat\u0103. Produc\u0103torul determin\u0103 timpul pentru utilizarea eficient\u0103 a unui generator de ap\u0103 pentru antioxidant pentru aproximativ 200 de ore de lucru (p\u00e2n\u0103 la 400 de proceduri).<\/p>\n","protected":false},"featured_media":2785,"comment_status":"closed","ping_status":"closed","template":"","meta":{"_acf_changed":false,"_seopress_robots_primary_cat":"none","_seopress_titles_title":"","_seopress_titles_desc":"","_seopress_robots_index":""},"product_brand":[],"product_cat":[5103],"product_tag":[],"class_list":{"0":"post-12809","1":"product","2":"type-product","3":"status-publish","4":"has-post-thumbnail","6":"product_cat-dispozitiv-antioxidant","7":"pa_oldid-202-ro","8":"pa_oldurlbg-https-www-infozdrave-com-elektrod-za-antioksidator-ro","9":"pa_oldurlel-https-www-infozdrave-com----ro","10":"pa_oldurlen-https-www-infozdrave-com-hydrogen-detoxifier-electrode-ro","11":"pa_oldurlro-https-www-infozdrave-com-electrod-detoxifiant-cu-hidrogen-ro","13":"first","14":"instock","15":"purchasable","16":"product-type-simple"},"acf":[],"_links":{"self":[{"href":"https:\/\/www.infozdrave.com\/ro\/wp-json\/wp\/v2\/product\/12809","targetHints":{"allow":["GET"]}}],"collection":[{"href":"https:\/\/www.infozdrave.com\/ro\/wp-json\/wp\/v2\/product"}],"about":[{"href":"https:\/\/www.infozdrave.com\/ro\/wp-json\/wp\/v2\/types\/product"}],"replies":[{"embeddable":true,"href":"https:\/\/www.infozdrave.com\/ro\/wp-json\/wp\/v2\/comments?post=12809"}],"wp:featuredmedia":[{"embeddable":true,"href":"https:\/\/www.infozdrave.com\/ro\/wp-json\/wp\/v2\/media\/2785"}],"wp:attachment":[{"href":"https:\/\/www.infozdrave.com\/ro\/wp-json\/wp\/v2\/media?parent=12809"}],"wp:term":[{"taxonomy":"product_brand","embeddable":true,"href":"https:\/\/www.infozdrave.com\/ro\/wp-json\/wp\/v2\/product_brand?post=12809"},{"taxonomy":"product_cat","embeddable":true,"href":"https:\/\/www.infozdrave.com\/ro\/wp-json\/wp\/v2\/product_cat?post=12809"},{"taxonomy":"product_tag","embeddable":true,"href":"https:\/\/www.infozdrave.com\/ro\/wp-json\/wp\/v2\/product_tag?post=12809"}],"curies":[{"name":"wp","href":"https:\/\/api.w.org\/{rel}","templated":true}]}}