{"id":12819,"date":"2023-07-24T23:48:38","date_gmt":"2023-07-24T20:48:38","guid":{"rendered":"https:\/\/www.infozdrave.com\/p\/masaj-electronic-de-impulsuri\/"},"modified":"2023-08-18T19:29:26","modified_gmt":"2023-08-18T16:29:26","slug":"masaj-electronic-de-impulsuri","status":"publish","type":"product","link":"https:\/\/www.infozdrave.com\/ro\/pr\/masaj-electronic-de-impulsuri\/","title":{"rendered":"Masaj electronic de impulsuri"},"content":{"rendered":"<p>Relaxare total\u0103 a corpului: utilizare pentru spate, genunchi, um\u0103r, glezne, &icirc;ncheietura m&acirc;inii, cot etc.<\/p>\n<p><strong>Afi\u0219aj LCD - u\u0219or de citit<\/strong><\/p>\n<p>1. Cronometru reglabil de 10-60 de minute folosind butonul &bdquo;T&rdquo;, temporizator implicit: 20 de minute.<br \/>2. Reglabil 20 de niveluri de intensitate folosind butoanele &bdquo;+&rdquo; \u0219i &bdquo;-&rdquo;.<br \/>3. 16 moduri, 2-4 metode de masaj &icirc;n fiecare mod (converti\u021bi folosind butonul central \u0219i butonul M).<\/p>\n<p><strong>Tampoane autoadezive refolosibile<\/strong><\/p>\n<p>Dispozitivul este conceput astfel &icirc;nc&acirc;t s\u0103 pute\u021bi utiliza mai multe prize prin tampoane conductive reutilizabile autoadezive \u0219i nu sunt necesare geluri.<\/p>\n<p><strong>Baterie re&icirc;nc\u0103rcabil\u0103 cu litiu<\/strong><br \/>Baterie re&icirc;nc\u0103rcabil\u0103 cu litiu &icirc;ncorporat\u0103 - p&acirc;n\u0103 la 10 ore de utilizare continu\u0103. Poate fi conectat la o priz\u0103 sau la un port USB de pe un computer pentru &icirc;nc\u0103rcare.<\/p>\n<p><strong>Afi\u0219aj LCD u\u0219or de citit<\/strong><br \/>Schimbarea u\u0219oar\u0103 a set\u0103rilor poate fi v\u0103zut\u0103 pe afi\u0219ajul animat - modul masaj, intensitate \u0219i control al timpului, cu func\u021bie de oprire automat\u0103.<\/p>\n<div id=\"gtx-trans\" style=\"position: absolute; left: 88px; top: 160px;\">&nbsp;<\/div>\n","protected":false},"excerpt":{"rendered":"<p><strong>Caracteristici:<\/strong><\/p>\n<ul>\n<li>&Icirc;mbun\u0103t\u0103\u021be\u0219te circula\u021bia s&acirc;ngelui<\/li>\n<li>O modalitate u\u0219oar\u0103 de a calma durerea<\/li>\n<li>Stil mini portabil<\/li>\n<li>Baterie reincarcabila<\/li>\n<li>Greutate: 0,35 kg<\/li>\n<li>Dimensiuni: 12cm x 10cm x 7cm<\/li>\n<li>12 luni garan\u021bie<\/li>\n<\/ul>\n<p><strong>Not\u0103:<\/strong><\/p>\n<ul>\n<li>V\u0103 rug\u0103m s\u0103 utiliza\u021bi cablul USB corect \u0219i nu utiliza\u021bi dispozitivul &icirc;n timpul &icirc;nc\u0103rc\u0103rii. Trebuie s\u0103 fie pornit c&acirc;nd &icirc;l &icirc;nc\u0103rca\u021bi.<\/li>\n<li>Nu este potrivit pentru femeile gravide \u0219i pacien\u021bii cu hipertensiune arterial\u0103.<\/li>\n<\/ul>\n<div id=\"gtx-trans\" style=\"position: absolute; left: 30px; top: 118px;\">&nbsp;<\/div>\n","protected":false},"featured_media":2820,"comment_status":"closed","ping_status":"closed","template":"","meta":{"_acf_changed":false,"_seopress_robots_primary_cat":"","_seopress_titles_title":"","_seopress_titles_desc":"","_seopress_robots_index":""},"product_brand":[],"product_cat":[15],"product_tag":[],"class_list":{"0":"post-12819","1":"product","2":"type-product","3":"status-publish","4":"has-post-thumbnail","6":"product_cat-uncategorized","7":"pa_garantsia-12-ro","8":"pa_oldid-209-ro","9":"pa_oldurlbg-https-www-infozdrave-com-elektronen-pulsov-masajor-ro","10":"pa_oldurlel-https-www-infozdrave-com----fyj-mh1018-ro","11":"pa_oldurlen-https-www-infozdrave-com-electronic-pulse-massager-fyj-mh1018-ro","12":"pa_oldurlro-https-www-infozdrave-com-masaj-electronic-de-impulsuri-ro","13":"pif-has-gallery","15":"first","16":"outofstock","17":"product-type-simple"},"acf":[],"_links":{"self":[{"href":"https:\/\/www.infozdrave.com\/ro\/wp-json\/wp\/v2\/product\/12819","targetHints":{"allow":["GET"]}}],"collection":[{"href":"https:\/\/www.infozdrave.com\/ro\/wp-json\/wp\/v2\/product"}],"about":[{"href":"https:\/\/www.infozdrave.com\/ro\/wp-json\/wp\/v2\/types\/product"}],"replies":[{"embeddable":true,"href":"https:\/\/www.infozdrave.com\/ro\/wp-json\/wp\/v2\/comments?post=12819"}],"wp:featuredmedia":[{"embeddable":true,"href":"https:\/\/www.infozdrave.com\/ro\/wp-json\/wp\/v2\/media\/2820"}],"wp:attachment":[{"href":"https:\/\/www.infozdrave.com\/ro\/wp-json\/wp\/v2\/media?parent=12819"}],"wp:term":[{"taxonomy":"product_brand","embeddable":true,"href":"https:\/\/www.infozdrave.com\/ro\/wp-json\/wp\/v2\/product_brand?post=12819"},{"taxonomy":"product_cat","embeddable":true,"href":"https:\/\/www.infozdrave.com\/ro\/wp-json\/wp\/v2\/product_cat?post=12819"},{"taxonomy":"product_tag","embeddable":true,"href":"https:\/\/www.infozdrave.com\/ro\/wp-json\/wp\/v2\/product_tag?post=12819"}],"curies":[{"name":"wp","href":"https:\/\/api.w.org\/{rel}","templated":true}]}}