{"id":12866,"date":"2023-07-24T23:48:38","date_gmt":"2023-07-24T20:48:38","guid":{"rendered":"https:\/\/www.infozdrave.com\/p\/filtru-alcalin-cu-cana-de-apa\/"},"modified":"2023-11-14T12:11:36","modified_gmt":"2023-11-14T10:11:36","slug":"filtru-alcalin-cu-cana-de-apa","status":"publish","type":"product","link":"https:\/\/www.infozdrave.com\/ro\/pr\/filtru-alcalin-cu-cana-de-apa\/","title":{"rendered":"Filtru alcalin pentru ibric de ap\u0103"},"content":{"rendered":"<h3><strong>FILTRU PENTRU APA ALCALINA \u041a\u0415\u0422\u0422\u041b\u0415<\/strong><\/h3>\n<h3>FILTRU CARBON ACTIV<\/h3>\n<ul>\n<li>Alcalinizant, mineralizant, ionizant<\/li>\n<li>Filtru de apa purificatoare si purificatoare<\/li>\n<li>Aspira si curata apa<\/li>\n<li>\u00cendep\u0103rteaz\u0103 murd\u0103ria, respira\u021bia ur\u00e2t mirositoare \u0219i metalele grele<\/li>\n<li>\u00cendep\u0103rteaz\u0103 noroiul organic \u0219i sedimentele.<\/li>\n<li>Opreste dezvoltarea bacteriilor<\/li>\n<li>Mai multe niveluri de filtrare activ\u0103 \u0219i circula\u021bie a apei<\/li>\n<\/ul>\n","protected":false},"excerpt":{"rendered":"<h2 style=\"text-align: center;\"><strong>FILTRU PENTRU VASA PENTRU APA ALCALINA<\/strong><\/h2>\n<p>&nbsp;<\/p>\n<h3><strong>MINGI CEPAMICE CU IONI REFLECTIV<\/strong><\/h3>\n<p>Ei doresc un nivel zero de ORP negativ: -100mv p\u00e2n\u0103 la -200mv, care transform\u0103 apa obi\u0219nuit\u0103 \u00eentr-un antioxidant, reduc\u00e2nd astfel oxidarea organismului care.<\/p>\n<h3><strong>R\u0102\u0218INA SCHIMB\u0102TOR\u0102 DE IONI<\/strong><\/h3>\n<ul>\n<li>Filtrarea eficient\u0103 a 90% plumb, zinc, cupru \u0219i alte impurit\u0103\u021bi din apa de la robinet<\/li>\n<li>Reduce sedimentele \u0219i murd\u0103ria, care interfereaz\u0103 \u0219i cu apa<\/li>\n<\/ul>\n<h3><strong>MINGE MINERALE<\/strong><\/h3>\n<ul>\n<li>Cre\u0219te\u021bi alcalinitatea apei \u0219i elimina\u021bi toxinele<\/li>\n<li>Particulele negative \u00eenainte m\u0103resc excesul de radicali liberi<\/li>\n<li>Ele leag\u0103 \u0219i mic\u0219oreaz\u0103 moleculele de ap\u0103, ceea ce duce la o mai bun\u0103 reten\u021bie a apei \u0219i la \u00eembun\u0103t\u0103\u021birea metabolismului<\/li>\n<li>Ele \u00eembog\u0103\u021besc apa cu minerale vitale \u0219i oligoelemente, cum ar fi zinc, iod, calciu \u0219i fier<\/li>\n<\/ul>\n<h3><strong>TRAT DE CIMENT \u0218I SUBSTRAT PP<\/strong><\/h3>\n<p>Acestea reduc murd\u0103ria, praful, substan\u021bele nedizolvate \u0219i \u00eempiedic\u0103 particulele fine de c\u0103rbune activ s\u0103 cad\u0103 \u00een ap\u0103. Un singur filtru cur\u0103\u021b\u0103, dezinfecteaz\u0103, dezinfecteaz\u0103, alcalinizeaz\u0103 \u0219i mineaz\u0103 \u00een jur de 200 - 300 de litri de ap\u0103.<\/p>\n","protected":false},"featured_media":2867,"comment_status":"closed","ping_status":"closed","template":"","meta":{"_acf_changed":false,"_seopress_robots_primary_cat":"none","_seopress_titles_title":"","_seopress_titles_desc":"","_seopress_robots_index":""},"product_brand":[],"product_cat":[5118],"product_tag":[],"class_list":{"0":"post-12866","1":"product","2":"type-product","3":"status-publish","4":"has-post-thumbnail","6":"product_cat-apa-sanatoasa","7":"pa_oldid-212-ro","8":"pa_oldurlbg-https-www-infozdrave-com-filtar-za-kana-za-alkalna-voda-ro","9":"pa_oldurlel-https-www-infozdrave-com-----ro","10":"pa_oldurlen-https-www-infozdrave-com-alkaline-water-kettle-filter-ro","11":"pa_oldurlro-https-www-infozdrave-com-filtru-alcalin-cu-cana-de-apa-ro","12":"pif-has-gallery","14":"first","15":"instock","16":"purchasable","17":"product-type-simple"},"acf":[],"_links":{"self":[{"href":"https:\/\/www.infozdrave.com\/ro\/wp-json\/wp\/v2\/product\/12866","targetHints":{"allow":["GET"]}}],"collection":[{"href":"https:\/\/www.infozdrave.com\/ro\/wp-json\/wp\/v2\/product"}],"about":[{"href":"https:\/\/www.infozdrave.com\/ro\/wp-json\/wp\/v2\/types\/product"}],"replies":[{"embeddable":true,"href":"https:\/\/www.infozdrave.com\/ro\/wp-json\/wp\/v2\/comments?post=12866"}],"wp:featuredmedia":[{"embeddable":true,"href":"https:\/\/www.infozdrave.com\/ro\/wp-json\/wp\/v2\/media\/2867"}],"wp:attachment":[{"href":"https:\/\/www.infozdrave.com\/ro\/wp-json\/wp\/v2\/media?parent=12866"}],"wp:term":[{"taxonomy":"product_brand","embeddable":true,"href":"https:\/\/www.infozdrave.com\/ro\/wp-json\/wp\/v2\/product_brand?post=12866"},{"taxonomy":"product_cat","embeddable":true,"href":"https:\/\/www.infozdrave.com\/ro\/wp-json\/wp\/v2\/product_cat?post=12866"},{"taxonomy":"product_tag","embeddable":true,"href":"https:\/\/www.infozdrave.com\/ro\/wp-json\/wp\/v2\/product_tag?post=12866"}],"curies":[{"name":"wp","href":"https:\/\/api.w.org\/{rel}","templated":true}]}}