{"id":12914,"date":"2023-07-24T23:48:38","date_gmt":"2023-07-24T20:48:38","guid":{"rendered":"https:\/\/www.infozdrave.com\/p\/cupa-turmalina\/"},"modified":"2023-08-18T19:29:28","modified_gmt":"2023-08-18T16:29:28","slug":"cupa-turmalina","status":"publish","type":"product","link":"https:\/\/www.infozdrave.com\/ro\/pr\/cupa-turmalina\/","title":{"rendered":"Cup\u0103 turmalin\u0103"},"content":{"rendered":"<h2>Compozi\u021bia mineral\u0103 a filtrului<\/h2>\n<p>Carbonat de calciu, ceramic\u0103 de turmalin\u0103 (cu propriet\u0103\u021bi antibacteriene, genereaz\u0103 ioni negativi), fosil de corali (emite 25% din con\u021binutul mineral din ap\u0103, ceea ce o face mai moale), piatr\u0103 Maifanshi (pentru sterilizare), ceramic\u0103 de declorare (descompune \u0219i &icirc;ndep\u0103rteaz\u0103 clorul) \u0219i alte mirosuri nepl\u0103cute de ap\u0103 clorurat\u0103), c\u0103rbune activ etc.<\/p>\n<h2>Propriet\u0103\u021bile apei &icirc;nc\u0103rcate &icirc;ntr-o cea\u0219c\u0103 de turmalin\u0103:<\/h2>\n<ul>\n<li>\n<p>Poten\u021bial negativ al apei: este un puternic anti-oxidant care elimin\u0103 radicalii liberi, cre\u0219te imunitatea \u0219i ne protejeaz\u0103 de &icirc;mb\u0103tr&acirc;nire.<\/p>\n<\/li>\n<li>\n<p>Ad\u0103ugarea de micronutrien\u021bi benefici: Diverse minerale naturale care ofer\u0103 organismului micronutrien\u021bii necesari \u0219i ajut\u0103 organele s\u0103 fie s\u0103n\u0103toase.<\/p>\n<\/li>\n<li>\n<p>Energizeaz\u0103 apa, transform&acirc;nd-o &icirc;ntr-una cu o structur\u0103 molecular\u0103 mic\u0103, cu o puternic\u0103 putere purificatoare \u0219i capacitatea organismului de a absorbi cu u\u0219urin\u021b\u0103 substan\u021bele nutritive, de a satura celulele cu mai mult oxigen, de a elimina cu u\u0219urin\u021b\u0103 de\u0219eurile \u0219i toxinele. Ca urmare, metabolismul &icirc;mbun\u0103t\u0103\u021bit.<\/p>\n<\/li>\n<li>\n<p>Echilibreaz\u0103 valorile pH-ului corpului. Men\u021bine nivelurile de pH ale apei de la 7,5 la 8. Cu c&acirc;t filtrul r\u0103m&acirc;ne mai mult &icirc;n ap\u0103, cu at&acirc;t devine mai alcalin. Apa alcalin\u0103 neutralizeaz\u0103 acizii din stomac, g&acirc;t, cavitatea bucal\u0103. Se dizolv\u0103 treptat rinichi \u0219i calculi biliari. &Icirc;nt\u0103re\u0219te \u0219i reface prostata. Extrem de rapid stimuleaz\u0103 organismul \u0219i sistemul imunitar s\u0103 se vindece singur \u0219i s\u0103 se refac\u0103 dup\u0103 r\u0103celi, grip\u0103, astm, cancer \u0219i multe altele. Apa alcalin\u0103 scade rapid \u0219i eficient zah\u0103rul din s&acirc;nge \u0219i, &icirc;n unele cazuri, cu aport sistemic &icirc;n cantit\u0103\u021bi mari ajut\u0103 la vindecarea diabetului.<\/p>\n<p>&nbsp; &nbsp;<\/li>\n<\/ul>\n<h2>Echilibrul alcalin - acid al corpului.<\/h2>\n<p>Un pH dezechilibrat al corpului &icirc;nseamn\u0103 c\u0103 nivelurile de pH au devenit prea acide sau prea alcaline pentru o lung\u0103 perioad\u0103 de timp. Dezechilibrul prelungit al pH-ului de un fel sau altul nu este bine acceptat de organism.<\/p>\n<p>Un pH dezechilibrat (prea acid sau alcalin) duce la dezvoltarea majorit\u0103\u021bii, dac\u0103 nu a tuturor, bolilor degenerative. O cre\u0219tere sau sc\u0103dere a pH-ului poate duce la cristalizarea s\u0103rurilor &icirc;n urin\u0103 \u0219i la formarea de nisip \u0219i pietre &icirc;n rinichi \u0219i vezic\u0103.<\/p>\n<p>Valorile alcalinit\u0103\u021bii s&acirc;ngelui uman sunt de 7,35 - 7,45. Majoritatea surselor indic\u0103 faptul c\u0103 pH-ul salivei la o persoan\u0103 s\u0103n\u0103toas\u0103 variaz\u0103 de la 6,8 la 7,5.<\/p>\n<p>Corpul lucreaz\u0103 din greu pentru a men\u021bine un pH normal al s&acirc;ngelui &icirc;ntre 7,35 \u0219i 7,45 - limite destul de &icirc;nguste. Trebuie s\u0103 men\u021bin\u0103 limite de pH &icirc;nguste &icirc;n s&acirc;nge (\u0219i la fel de &icirc;nguste &icirc;n alte sisteme) pentru a men\u021bine func\u021biile normale ale corpului. Dac\u0103 cre\u0219te\u021bi aciditatea sau alcalinitatea din s&acirc;nge, problemele vor ap\u0103rea imediat, indiferent de modul &icirc;n care o face\u021bi.<\/p>\n<p>PH-ul prea acid sau alcalin pe o perioad\u0103 lung\u0103 de timp duce la dezvoltarea majorit\u0103\u021bii, dac\u0103 nu a tuturor, bolilor degenerative. O cre\u0219tere sau sc\u0103dere a pH-ului poate duce la cristalizarea s\u0103rurilor &icirc;n urin\u0103 \u0219i la formarea de nisip \u0219i pietre &icirc;n rinichi \u0219i vezic\u0103.<\/p>\n<p>Echilibrul este baza unui corp s\u0103n\u0103tos. Apa de turmalin\u0103 nu se vindec\u0103. Folosirea lui pentru o lung\u0103 perioad\u0103 de timp ajut\u0103 corpul s\u0103 se autocur\u0103\u021beze \u0219i s\u0103 ating\u0103 aceast\u0103 stare fizic\u0103 &icirc;n care a fost creat de natur\u0103.<\/p>\n<p>V\u0103 pute\u021bi bucura de ap\u0103 s\u0103n\u0103toas\u0103 \u0219i mai mult\u0103 energie vital\u0103 oriunde v\u0103 afla\u021bi!<\/p>\n<h2>Caracteristicile apei &icirc;nc\u0103rcate &icirc;ntr-o cea\u0219c\u0103 de turmalin\u0103.<\/h2>\n<ul>\n<li>ac\u021biuni crescute de dizolvare, degradare \u0219i metabolice.<\/li>\n<li>echilibreaz\u0103 aciditatea corpului.<\/li>\n<li>distruge eficient bacteriile din ap\u0103.<\/li>\n<li>reduce con\u021binutul de substan\u021be nocive precum plumbul \u0219i fluorul de mai multe ori.<\/li>\n<\/ul>\n<h2>Utilizarea prelungit\u0103 a unei astfel de ap\u0103 ajut\u0103:<\/h2>\n<ul>\n<li>&icirc;mbun\u0103t\u0103\u021birea microcircula\u021biei;<\/li>\n<li>&icirc;ndep\u0103rtarea zgurilor \u0219i a toxinelor din organism;<\/li>\n<li>&icirc;ndep\u0103rtarea constipa\u021biei;<\/li>\n<li>curatarea intestinului;<\/li>\n<li>&icirc;mbun\u0103t\u0103\u021bi digestia, regleaz\u0103 aciditatea;<\/li>\n<li>re&icirc;nnoirea \u0219i reglarea echilibrului metabolic;<\/li>\n<li>&icirc;mbun\u0103t\u0103\u021bi\u021bi somnul \u0219i culoarea pielii;<\/li>\n<li>cre\u0219te imunitatea, spore\u0219te ac\u021biunea anticorpilor;<\/li>\n<li>sc\u0103derea colesterolului din s&acirc;nge \u0219i cur\u0103\u021barea arterelor;<\/li>\n<li>regenerare mai rapid\u0103 a \u021besuturilor;<\/li>\n<li>cre\u0219te speran\u021ba de via\u021b\u0103;<\/li>\n<li>activarea \u0219i normalizarea func\u021biei renale;<\/li>\n<li>ajut\u0103 la tratamentul inflama\u021biei mucoasei bucale;<\/li>\n<li>foarte eficient &icirc;n tratamentul bolilor intestinale;<\/li>\n<li>&icirc;mbog\u0103\u021birea celulelor cu oxigen, care contracareaz\u0103 formarea celulelor canceroase;<\/li>\n<li>eliberarea radicalilor liberi datorit\u0103 propriet\u0103\u021bilor antioxidante.<\/li>\n<\/ul>\n<h2>Mod de utilizare.<\/h2>\n<p>Se toarn\u0103 ap\u0103 &icirc;n pahar \u0219i se las\u0103 aproximativ 10 - 20 de minute, apoi se folose\u0219te pentru b\u0103ut sau sp\u0103lat pielea. &Icirc;ntr-o zi, 70 kg o persoan\u0103 ar trebui s\u0103 bea nu mai pu\u021bin de 2 litri de ap\u0103.<\/p>\n<h2>Recomand\u0103ri:<\/h2>\n<ul>\n<li>&icirc;nainte de utilizare, paharul trebuie sp\u0103lat de 2 ori cu ap\u0103 fierbinte pentru a activa pietrele de turmalin\u0103;<\/li>\n<li>atunci c&acirc;nd nu este utilizat, trebuie cl\u0103tit \u0219i men\u021binut deschis la uscat;<\/li>\n<li>cea\u0219ca nu este destinat\u0103 p\u0103str\u0103rii ceaiului, cafelei etc. b\u0103uturi.<\/li>\n<li>Filtrul nu trebuie s\u0103 fie &icirc;n mod constant &icirc;n ap\u0103. Dup\u0103 10-15 minute pentru a &icirc;nc\u0103rca apa, este necesar s\u0103 o l\u0103sa\u021bi s\u0103 se usuce.<\/li>\n<\/ul>\n","protected":false},"excerpt":{"rendered":"<h2>Cup\u0103 turmalin\u0103<\/h2>\n<ul>\n<li>Fabricat din o\u021bel inoxidabil clasa 304 \u0219i filtru cu 13 minerale.<\/li>\n<li>Confortabil de purtat.<\/li>\n<li>Capacitate aproximativ 0,400 litri.<\/li>\n<li>Avem filtre de rezerv\u0103.<\/li>\n<li>Originea Chinei.<\/li>\n<\/ul>\n<div id=\"gtx-trans\" style=\"position: absolute; left: 60px; top: 10.85px;\">&nbsp;<\/div>\n","protected":false},"featured_media":12915,"comment_status":"closed","ping_status":"open","template":"","meta":{"_acf_changed":false,"_seopress_robots_primary_cat":"","_seopress_titles_title":"","_seopress_titles_desc":"","_seopress_robots_index":""},"product_brand":[],"product_cat":[15],"product_tag":[],"class_list":{"0":"post-12914","1":"product","2":"type-product","3":"status-publish","4":"has-post-thumbnail","6":"product_cat-uncategorized","7":"pa_oldid-218-ro","8":"pa_oldurlbg-https-www-infozdrave-com-turmalinova-chasha-comarticle218bg-ro","9":"pa_oldurlel-https-www-infozdrave-com---comarticle218el-ro","10":"pa_oldurlen-https-www-infozdrave-com-tourmaline-cup-comarticle218en-ro","11":"pa_oldurlro-https-www-infozdrave-com-cupa-turmalina-ro","12":"pif-has-gallery","14":"first","15":"outofstock","16":"purchasable","17":"product-type-simple"},"acf":[],"_links":{"self":[{"href":"https:\/\/www.infozdrave.com\/ro\/wp-json\/wp\/v2\/product\/12914","targetHints":{"allow":["GET"]}}],"collection":[{"href":"https:\/\/www.infozdrave.com\/ro\/wp-json\/wp\/v2\/product"}],"about":[{"href":"https:\/\/www.infozdrave.com\/ro\/wp-json\/wp\/v2\/types\/product"}],"replies":[{"embeddable":true,"href":"https:\/\/www.infozdrave.com\/ro\/wp-json\/wp\/v2\/comments?post=12914"}],"wp:featuredmedia":[{"embeddable":true,"href":"https:\/\/www.infozdrave.com\/ro\/wp-json\/wp\/v2\/media\/12915"}],"wp:attachment":[{"href":"https:\/\/www.infozdrave.com\/ro\/wp-json\/wp\/v2\/media?parent=12914"}],"wp:term":[{"taxonomy":"product_brand","embeddable":true,"href":"https:\/\/www.infozdrave.com\/ro\/wp-json\/wp\/v2\/product_brand?post=12914"},{"taxonomy":"product_cat","embeddable":true,"href":"https:\/\/www.infozdrave.com\/ro\/wp-json\/wp\/v2\/product_cat?post=12914"},{"taxonomy":"product_tag","embeddable":true,"href":"https:\/\/www.infozdrave.com\/ro\/wp-json\/wp\/v2\/product_tag?post=12914"}],"curies":[{"name":"wp","href":"https:\/\/api.w.org\/{rel}","templated":true}]}}