{"id":12959,"date":"2023-07-24T23:49:22","date_gmt":"2023-07-24T20:49:22","guid":{"rendered":"https:\/\/www.infozdrave.com\/p\/difuzor-cu-ultrasunete-de-aroma-lemn-de-culoare-deschisa\/"},"modified":"2023-12-18T00:02:39","modified_gmt":"2023-12-17T22:02:39","slug":"difuzor-cu-ultrasunete-de-aroma-lemn-de-culoare-deschisa","status":"publish","type":"product","link":"https:\/\/www.infozdrave.com\/ro\/pr\/difuzor-cu-ultrasunete-de-aroma-lemn-de-culoare-deschisa\/","title":{"rendered":"Difuzor de arom\u0103 cu ultrasunete, lemn deschis"},"content":{"rendered":"<h3><strong>DIFUSOR DE AROMA ULTRASONIC, LEMN DESCHIS<\/strong><br \/>\nSPECIFICATII TEHNICE<\/h3>\n<ul>\n<li>Capacitate rezervor: 130 ml<\/li>\n<li>Functii: difuzor de uleiuri esentiale<\/li>\n<li>Culoarea luminii: lumini LED cu 7 culori schimbabile<\/li>\n<li>Greutate: 0,3 kg<\/li>\n<li>Putere: 3 W<\/li>\n<li>Alimentare: USB 5 V<\/li>\n<li>Culori: imitatie lemn deschis<\/li>\n<li>Dimensiune produs: 12 x 12 x 16 cm<\/li>\n<li>Certificare: CE, RoHS, UL, FCC<\/li>\n<\/ul>\n<p>Origine: China<\/p>\n","protected":false},"excerpt":{"rendered":"<h2 style=\"text-align: center;\"><strong>DIFUSOR DE AROMA ULTRASONIC, LEMN DESCHIS<\/strong><\/h2>\n<h3 style=\"text-align: center;\">TRANSFORM\u0102-\u021aI CASA SAU BIROUL \u00ceNTR-UN LOC CONFORT<\/h3>\n<p>Difuzorul de arom\u0103 este un dispozitiv care injecteaz\u0103 vapori de ap\u0103 \u0219i uleiuri aromatice \u00een aer, creeaz\u0103 o atmosfer\u0103 pl\u0103cut\u0103 \u0219i umple incinta cu diverse arome. Te ajut\u0103 s\u0103 te relaxezi dup\u0103 o zi lung\u0103.<\/p>\n<h2><strong>CE FACE DIFUSORUL NOSTRU DE AROM\u0102 SPECIAL<\/strong><\/h2>\n<ul>\n<li>Are un design elegant care completeaz\u0103 orice interior.<\/li>\n<li>Este echipat cu tehnologie avansat\u0103 de senzori pentru pornire \u0219i oprire, care asigur\u0103 o func\u021bionare silen\u021bioas\u0103 \u0219i difuzie eficient\u0103 a uleiului aromatic.<\/li>\n<li>Pute\u021bi folosi o gam\u0103 larg\u0103 de uleiuri aromatice, de la clasic la exotic, \u0219i alege\u021bi pe cel care vi se potrive\u0219te cel mai bine. De la parfumul proasp\u0103t al citricelor p\u00e2n\u0103 la parfumul lini\u0219titor al lavandei, totul se potrive\u0219te nevoilor tale.<\/li>\n<li>Hidrateaz\u0103 \u0219i aromatizeaz\u0103.<\/li>\n<li>Nu rata\u021bi ocazia de a v\u0103 transforma casa sau biroul \u00eentr-un adev\u0103rat paradis aromat. Ia-\u021bi ast\u0103zi difuzorul cu ultrasunete \u0219i bucur\u0103-te de aroma \u0219i atmosfera relaxant\u0103 \u00een fiecare zi.<\/li>\n<\/ul>\n<h2><strong>INSTRUCTIUNI DE FOLOSIRE<\/strong><\/h2>\n<p>Deschide\u021bi difuzorul de arom\u0103 cu ultrasunete desf\u0103c\u00e2nd cele dou\u0103 jum\u0103t\u0103\u021bi. Se toarn\u0103 ap\u0103 care va servi drept baz\u0103 pentru difuzarea uleiurilor esen\u021biale sau parfumurilor.<br \/>\nAd\u0103uga\u021bi c\u00e2teva pic\u0103turi din parfumul dorit.<br \/>\n\u00cenchide. Atinge\u021bi butonul tactil \u0219i parfumul va fi eliberat \u00een aer sub form\u0103 de particule microscopice de ap\u0103 \u0219i uleiuri aromatice.<br \/>\nSe conecteaz\u0103 cu un cablu la computer sau cu un adaptor la re\u021beaua electric\u0103.<\/p>\n<p>Alegerea parfumurilor este foarte important\u0103. \u00cen func\u021bie de preferin\u021bele \u0219i nevoile tale, alege diferite parfumuri pentru diferite momente \u0219i situa\u021bii. Uleiurile esen\u021biale naturale precum lavand\u0103, rozmarin, arbore de ceai \u0219i l\u0103m\u00e2ie sunt populare pentru relaxare, reducerea stresului \u0219i \u00eembun\u0103t\u0103\u021birea dispozi\u021biei. \u00cen plus, exist\u0103 \u0219i diferite amestecuri de uleiuri aromatice care se concentreaz\u0103 pe nevoi specifice, cum ar fi facilitarea somnului, cre\u0219terea concentr\u0103rii \u0219i relaxarea tensiunii musculare.<\/p>\n<h2><strong>SUPLIMENTARE LA INTERIOR<\/strong><\/h2>\n<p>Difuzorul de arom\u0103 poate fi amplasat \u00een dormitor, sufragerie, birou sau chiar \u00een baie, cre\u00e2nd o atmosfer\u0103 pl\u0103cut\u0103 \u0219i purific\u00e2nd aerul. Este o modalitate excelent\u0103 de a ne \u00eenc\u00e2nta sim\u021burile \u0219i de a evoca sentimente de c\u0103ldur\u0103 \u0219i confort pe tot parcursul anului.<\/p>\n","protected":false},"featured_media":15286,"comment_status":"closed","ping_status":"closed","template":"","meta":{"_acf_changed":false,"_seopress_robots_primary_cat":"none","_seopress_titles_title":"","_seopress_titles_desc":"","_seopress_robots_index":""},"product_brand":[],"product_cat":[5121],"product_tag":[5174],"class_list":{"0":"post-12959","1":"product","2":"type-product","3":"status-publish","4":"has-post-thumbnail","6":"product_cat-difuzoare-de-arome","7":"product_tag-nachalna-stranitsa-ro","8":"pa_oldid-229-ro","9":"pa_oldurlbg-https-www-infozdrave-com-ultrazvukov-aroma-difuzer-svetlo-darvo-ro","10":"pa_oldurlel-https-www-infozdrave-com-----ro","11":"pa_oldurlen-https-www-infozdrave-com-ultrasonic-aroma-diffuser-humidifier-ro","12":"pa_oldurlro-https-www-infozdrave-com-difuzor-cu-ultrasunete-de-aroma-lemn-de-culoare-deschisa-ro","13":"pif-has-gallery","15":"first","16":"instock","17":"purchasable","18":"product-type-simple"},"acf":[],"_links":{"self":[{"href":"https:\/\/www.infozdrave.com\/ro\/wp-json\/wp\/v2\/product\/12959","targetHints":{"allow":["GET"]}}],"collection":[{"href":"https:\/\/www.infozdrave.com\/ro\/wp-json\/wp\/v2\/product"}],"about":[{"href":"https:\/\/www.infozdrave.com\/ro\/wp-json\/wp\/v2\/types\/product"}],"replies":[{"embeddable":true,"href":"https:\/\/www.infozdrave.com\/ro\/wp-json\/wp\/v2\/comments?post=12959"}],"wp:featuredmedia":[{"embeddable":true,"href":"https:\/\/www.infozdrave.com\/ro\/wp-json\/wp\/v2\/media\/15286"}],"wp:attachment":[{"href":"https:\/\/www.infozdrave.com\/ro\/wp-json\/wp\/v2\/media?parent=12959"}],"wp:term":[{"taxonomy":"product_brand","embeddable":true,"href":"https:\/\/www.infozdrave.com\/ro\/wp-json\/wp\/v2\/product_brand?post=12959"},{"taxonomy":"product_cat","embeddable":true,"href":"https:\/\/www.infozdrave.com\/ro\/wp-json\/wp\/v2\/product_cat?post=12959"},{"taxonomy":"product_tag","embeddable":true,"href":"https:\/\/www.infozdrave.com\/ro\/wp-json\/wp\/v2\/product_tag?post=12959"}],"curies":[{"name":"wp","href":"https:\/\/api.w.org\/{rel}","templated":true}]}}