{"id":12968,"date":"2023-07-24T23:49:22","date_gmt":"2023-07-24T20:49:22","guid":{"rendered":"https:\/\/www.infozdrave.com\/p\/difuzor-cu-ultrasunete-de-aroma-lemn-de-culoare-deschisa-2\/"},"modified":"2023-08-18T19:29:31","modified_gmt":"2023-08-18T16:29:31","slug":"difuzor-cu-ultrasunete-de-aroma-lemn-de-culoare-deschisa-2","status":"publish","type":"product","link":"https:\/\/www.infozdrave.com\/ro\/pr\/difuzor-cu-ultrasunete-de-aroma-lemn-de-culoare-deschisa-2\/","title":{"rendered":"Difuzor cu ultrasunete de arom\u0103, lemn de culoare deschis\u0103"},"content":{"rendered":"<p>Umple\u021bi-l cu parfumul dvs. preferat, care v\u0103 poate ridica starea de spirit \u0219i v\u0103 poate ameliora stresul, ideal pentru fumatul intens \u0219i mirosurile animalelor de companie. Ajut\u0103 la alergii, somn, r\u0103celi \u0219i grip\u0103.<\/p>\n<p>Acest hidratant elegant cu cea\u021b\u0103 rece adaug\u0103 umezeal\u0103 aerului pentru a &icirc;ndep\u0103rta usc\u0103ciunea \u0219i a ameliora pielea uscat\u0103 cr\u0103pat\u0103, buzele cr\u0103pate \u0219i sinusurile uscate. Ad\u0103uga\u021bi o pic\u0103tur\u0103 de ulei esen\u021bial preferat pentru a oferi camerei dvs. un parfum proasp\u0103t \u0219i curat.<\/p>\n<p>Func\u021biile difuzorului includ lumin\u0103 cald\u0103 de noapte, cicluri de pornire \/ oprire programabile \u0219i oprire automat\u0103. C&acirc;nd apa din rezervor se epuizeaz\u0103, aparatul se va opri automat pentru a proteja dispozitivul.<\/p>\n<p>Portabil pentru fitness, yoga, camer\u0103 pentru bebelu\u0219i, birou, dormitor.<\/p>\n","protected":false},"excerpt":{"rendered":"<p><strong>Specificatii tehnice:<\/strong><\/p>\n<ul>\n<li>Capacitate rezervor: 130 ml<\/li>\n<li>Func\u021bii: difuzor de ulei esen\u021bial<\/li>\n<li>Culoare lumin\u0103: 7 LED-uri de culoare se schimb\u0103<\/li>\n<li>Greutate: 0,3 kg<\/li>\n<li>Putere: 3 W<\/li>\n<li>Alimentare: USB 5 V<\/li>\n<li>Culori: imita\u021bie de lemn deschis<\/li>\n<li>Dimensiunea produsului: 12 x 12 x 16 cm<\/li>\n<li>Certificare: CE, RoHS, UL, FCC<\/li>\n<\/ul>\n<p>Origine: China<\/p>\n","protected":false},"featured_media":15122,"comment_status":"closed","ping_status":"closed","template":"","meta":{"_acf_changed":false,"_seopress_robots_primary_cat":"","_seopress_titles_title":"","_seopress_titles_desc":"","_seopress_robots_index":""},"product_brand":[],"product_cat":[15],"product_tag":[],"class_list":{"0":"post-12968","1":"product","2":"type-product","3":"status-publish","4":"has-post-thumbnail","6":"product_cat-uncategorized","7":"pa_oldid-230-ro","8":"pa_oldurlbg-https-www-infozdrave-com-ultrazvukov-aroma-difuzer-svetlo-darvo-comarticle230bg-ro","9":"pa_oldurlel-https-www-infozdrave-com-----ro","10":"pa_oldurlen-https-www-infozdrave-com-ultrasonic-aroma-diffuser-humidifier-comarticle230en-ro","11":"pa_oldurlro-https-www-infozdrave-com-difuzor-cu-ultrasunete-de-aroma-lemn-de-culoare-deschisa-comarticle230ro-ro","12":"pif-has-gallery","14":"first","15":"instock","16":"sale","17":"purchasable","18":"product-type-simple"},"acf":[],"_links":{"self":[{"href":"https:\/\/www.infozdrave.com\/ro\/wp-json\/wp\/v2\/product\/12968","targetHints":{"allow":["GET"]}}],"collection":[{"href":"https:\/\/www.infozdrave.com\/ro\/wp-json\/wp\/v2\/product"}],"about":[{"href":"https:\/\/www.infozdrave.com\/ro\/wp-json\/wp\/v2\/types\/product"}],"replies":[{"embeddable":true,"href":"https:\/\/www.infozdrave.com\/ro\/wp-json\/wp\/v2\/comments?post=12968"}],"wp:featuredmedia":[{"embeddable":true,"href":"https:\/\/www.infozdrave.com\/ro\/wp-json\/wp\/v2\/media\/15122"}],"wp:attachment":[{"href":"https:\/\/www.infozdrave.com\/ro\/wp-json\/wp\/v2\/media?parent=12968"}],"wp:term":[{"taxonomy":"product_brand","embeddable":true,"href":"https:\/\/www.infozdrave.com\/ro\/wp-json\/wp\/v2\/product_brand?post=12968"},{"taxonomy":"product_cat","embeddable":true,"href":"https:\/\/www.infozdrave.com\/ro\/wp-json\/wp\/v2\/product_cat?post=12968"},{"taxonomy":"product_tag","embeddable":true,"href":"https:\/\/www.infozdrave.com\/ro\/wp-json\/wp\/v2\/product_tag?post=12968"}],"curies":[{"name":"wp","href":"https:\/\/api.w.org\/{rel}","templated":true}]}}