{"id":12977,"date":"2023-07-24T23:49:22","date_gmt":"2023-07-24T20:49:22","guid":{"rendered":"https:\/\/www.infozdrave.com\/p\/ozonizator-si-ionizator-pentru-aer\/"},"modified":"2023-11-14T11:08:52","modified_gmt":"2023-11-14T09:08:52","slug":"ozonizator-si-ionizator-pentru-aer","status":"publish","type":"product","link":"https:\/\/www.infozdrave.com\/ro\/pr\/ozonizator-si-ionizator-pentru-aer\/","title":{"rendered":"Ionizator de aer \u0219i ozonizator Produce ioni negativi \u0219i ozon"},"content":{"rendered":"<h3><strong>IONIZATOR \u0218I OZOZATOR<\/strong><\/h3>\n<h3>SPECIFICA\u021aII:<\/h3>\n<ul>\n<li>Functii: ozonare, descompunere formaldehidei, dezinfectare si sterilizare<\/li>\n<li>Produc\u021bia de ioni negativi<\/li>\n<li>Pentru birouri, locuinte, depozite, spatii publice.<\/li>\n<li>Domeniul de lucru 5 p\u00e2n\u0103 la 15 mp.<\/li>\n<li>Capacitate de ozon: 100 mg\/or\u0103<\/li>\n<li>Tensiune de operare: 100-240V AC<\/li>\n<li>Greutate: 0,20 kg<\/li>\n<li>Dimensiuni: 120 x 120 x 45 mm<\/li>\n<\/ul>\n<p>ATEN\u021aIE: \u00cen concentra\u021bii mari, ozonul este d\u0103un\u0103tor s\u0103n\u0103t\u0103\u021bii. Concentra\u021bia de p\u00e2n\u0103 la 400 mg\/or\u0103 este potrivit\u0103 pentru uz casnic.<\/p>\n","protected":false},"excerpt":{"rendered":"<h2 style=\"text-align: center;\"><strong>OZOZATOR \u0218I IONIZATOR DE AER PENTRU PRODUCEREA DE OZON SI IONI NEGATIVI<\/strong><\/h2>\n<p>Un ozonator \u0219i un ionizator de aer este un dispozitiv combinat pentru producerea de ozon \u0219i ioni negativi. Acestea sunt dou\u0103 func\u021bii complementare reciproc: dezinfec\u021bia aerului - cur\u0103\u021barea acestuia de viru\u0219i, bacterii, mirosuri, fum \u0219i \u00eembun\u0103t\u0103\u021birea mediului de lucru \u0219i de via\u021b\u0103 prin \u00eembog\u0103\u021birea acestuia cu ioni negativi.<\/p>\n<h2><strong>DE CE S\u0102 IONIZA\u021aI AERUL \u00ceN INCALIN\u0102<\/strong><\/h2>\n<p>Pentru a asigura o atmosfer\u0103 s\u0103n\u0103toas\u0103 \u00een locuin\u021be, se recomand\u0103 cur\u0103\u021barea aerului de bacterii, viru\u0219i, spori, mucegaiuri cu ajutorul unui Ozonator periodic sau zilnic, la nevoie. Saturarea aerului cu ioni \u00eenc\u0103rca\u021bi negativ este un avantaj incontestabil al dispozitivului combinat Ozonator \u0219i Ionizer. \u00cen natur\u0103, aerul saturat cu un num\u0103r mare de ioni \u00eenc\u0103rca\u021bi negativ se g\u0103se\u0219te \u00een mun\u021bi, l\u00e2ng\u0103 r\u00e2uri \u0219i \u00een p\u0103duri. \u00cen \u00eenc\u0103perile \u00een care func\u021bioneaz\u0103 electrocasnice, calculatoare, televizoare, telefoane mobile se observ\u0103 un echilibru puternic perturbat al ionilor negativi \u0219i \u00eenc\u0103rca\u021bi pozitiv \u00een aer. Func\u021bionarea dispozitivelor care creeaz\u0103 c\u00e2mpuri electrice \u0219i magnetice provoac\u0103 o concentra\u021bie mare de ioni \u00eenc\u0103rca\u021bi pozitiv \u0219i au un efect d\u0103un\u0103tor asupra echilibrului organismului. Restabilirea echilibrului natural al ionilor \u00eenc\u0103rca\u021bi negativ \u0219i pozitiv din camer\u0103 \u00eembun\u0103t\u0103\u021be\u0219te starea de bine, cre\u0219te concentrarea \u0219i capacitatea de lucru, elimin\u0103 problemele de somn, oboseala \u0219i iritabilitatea.<\/p>\n<h2><strong>DE CE SE OZONIZEAZ\u0102 AERUL \u00ceN INCALIN\u0102<\/strong><\/h2>\n<p>Ozonizarea aerului din interior este utilizat\u0103 \u021bin\u00e2nd cont de riscuri \u0219i de siguran\u021b\u0103.<\/p>\n<h3><strong>AVANTAJE<\/strong><\/h3>\n<h3>DEZINFECTARE<\/h3>\n<p>Ozonul este un oxidant puternic \u0219i poate ucide germenii, bacteriile, viru\u0219ii \u0219i al\u021bi agen\u021bi patogeni din aer \u0219i de pe suprafe\u021be. Acest lucru poate ajuta la men\u021binerea unui mediu interior mai s\u0103n\u0103tos, \u00een special \u00een unit\u0103\u021bile de asisten\u021b\u0103 medical\u0103, loturi de \u00eengr\u0103\u0219are \u0219i alte loca\u021bii sensibile.<\/p>\n<h3>ELIMINAREA MIROSURILOR NEPLACUTE<\/h3>\n<p>Ozonul poate ajuta la reducerea mirosurilor nepl\u0103cute, cum ar fi fumul de tutun, aromele culinare, prin descompunerea acestora.<\/p>\n<h3>OZONAREA SI IONIZAREA AERULUI AJUT\u0102 LA ALERIGIILE LA PRAF SAU LA POLEN<\/h3>\n<p>&nbsp;<\/p>\n<h2><strong>INSTRUC\u021aIUNI DE UTILIZARE A DISPOZITIVULUI COMBINAT IONIZATOR \u0218I OZOZATOR<\/strong><\/h2>\n<ul>\n<li>Aparatul este echipat cu un \u0219techer pliabil \u0219i poate fi conectat direct la o priz\u0103. C\u00e2nd nu este utilizat, \u0219techerul poate fi retras.<\/li>\n<li>Modul de produc\u021bie de ioni negativi: \u00een timp ce alimentarea este pornit\u0103, ap\u0103sa\u021bi butonul de pornire pentru a porni dispozitivul, apoi lumina albastr\u0103 se aprinde \u0219i intr\u0103 \u00een modul de produc\u021bie de ioni negativi.<\/li>\n<li>Modul Ozon unic + Ioni negativi: Cu modul Ioni negativi (2) activat, ap\u0103sa\u021bi din nou butonul Pornit\/Oprit pentru a activa Modul Ozon unic + Ioni negativi, lumina ro\u0219ie va fi aprins\u0103. \u00cen acest mod de func\u021bionare, dispozitivul emite ozon timp de 30 de minute, dup\u0103 care se opre\u0219te automat.<\/li>\n<li>Modul Ozon continuu + Ioni negativi: Cu modul ozon unic + ion negativ (3) activat, ap\u0103sa\u021bi din nou butonul pornit\/oprit, dispozitivul intr\u0103 \u00een modul ozon continuu + ion negativ \u0219i lumina ro\u0219ie \u00eencepe s\u0103 clipeasc\u0103. \u00cen acest mod, func\u021bia de ozon func\u021bioneaz\u0103 intermitent - dup\u0103 fiecare 25 de minute, lucrul se opre\u0219te timp de 10 minute \u0219i apoi repet\u0103 ciclul.<\/li>\n<\/ul>\n<p>Ap\u0103sa\u021bi scurt butonul de pornire\/oprire pentru a opri dispozitivul \u00een timp ce este \u00een modul ozon continuu + ion negativ.<\/p>\n<h2><strong>PRECAU\u021aII<\/strong><\/h2>\n<ul>\n<li>\u00cen timpul procesului de sterilizare cu ozon \u0219i \u00een decurs de 30 de minute dup\u0103 oprirea ozonului, nu este recomandat s\u0103 stai \u00een camera sau spa\u021biul \u00een care se afl\u0103 dispozitivul.<\/li>\n<li>Dup\u0103 utilizarea acestui dispozitiv pentru sterilizarea cu ozon sau \u00eendep\u0103rtarea formaldehidei, ozonul se poate descompune \u00een oxigen f\u0103r\u0103 reziduuri.<\/li>\n<li>C\u00e2nd conecta\u021bi \u0219i deconecta\u021bi, v\u0103 rug\u0103m s\u0103 v\u0103 asigura\u021bi c\u0103 m\u00e2inile sunt uscate. Nu utiliza\u021bi dispozitivul cu m\u00e2inile ude pentru a evita riscul de electrocutare.<\/li>\n<li>C\u00e2nd lucra\u021bi \u00eentr-un mediu umed, cum ar fi o baie sau o buc\u0103t\u0103rie, asigura\u021bi-v\u0103 c\u0103 nu stropi\u021bi cu ap\u0103 pe dispozitiv pentru a evita deteriorarea acestuia.<\/li>\n<li>Dispozitivul este echipat cu un modul de \u00eenalt\u0103 tensiune care genereaz\u0103 ioni negativi. Neprofesioni\u0219tii nu ar trebui s\u0103 \u00eel demonteze sau s\u0103 \u00eel repare singuri. Dac\u0103 este necesar, v\u0103 rug\u0103m s\u0103 contacta\u021bi asisten\u021ba.<\/li>\n<li>Dispozitivul genereaz\u0103 ioni negativi \u00een timpul func\u021bion\u0103rii. Ionii negativi au o capacitate puternic\u0103 de a adsorbi \u0219i de a depune praful. Prin urmare, dup\u0103 un timp de utilizare, praful se poate acumula \u00een jurul dispozitivului. V\u0103 rug\u0103m s\u0103 cur\u0103\u021ba\u021bi periodic.<\/li>\n<\/ul>\n<p>Ionizarea regulat\u0103 satureaz\u0103 aerul cu ioni negativi care lipsesc din cauza specificului mediului urban \u0219i radia\u021biilor. Ionii negativi sunt o condi\u021bie prealabil\u0103 pentru o bun\u0103 s\u0103n\u0103tate mintal\u0103 \u0219i capacitate de lucru.<\/p>\n<p>Nu este un dispozitiv medical. Consulta\u021bi-v\u0103 medicul pentru tratament.<\/p>\n","protected":false},"featured_media":3098,"comment_status":"closed","ping_status":"closed","template":"","meta":{"_acf_changed":false,"_seopress_robots_primary_cat":"none","_seopress_titles_title":"","_seopress_titles_desc":"","_seopress_robots_index":""},"product_brand":[],"product_cat":[5115],"product_tag":[],"class_list":{"0":"post-12977","1":"product","2":"type-product","3":"status-publish","4":"has-post-thumbnail","6":"product_cat-ozonizatoare-si-purificatoare","7":"pa_oldid-231-ro","8":"pa_oldurlbg-https-www-infozdrave-com-ionizator-i-ozonator-za-vazduh-proizvejda-otricatelni-ioni-i-ozon-ro","9":"pa_oldurlel-https-www-infozdrave-com-------r","10":"pa_oldurlen-https-www-infozdrave-com-ozonizer-for-air-water-and-food-ro","11":"pa_oldurlro-https-www-infozdrave-com-ozonizator-si-ionizator-pentru-aer-ro","12":"pif-has-gallery","14":"first","15":"outofstock","16":"product-type-simple"},"acf":[],"_links":{"self":[{"href":"https:\/\/www.infozdrave.com\/ro\/wp-json\/wp\/v2\/product\/12977","targetHints":{"allow":["GET"]}}],"collection":[{"href":"https:\/\/www.infozdrave.com\/ro\/wp-json\/wp\/v2\/product"}],"about":[{"href":"https:\/\/www.infozdrave.com\/ro\/wp-json\/wp\/v2\/types\/product"}],"replies":[{"embeddable":true,"href":"https:\/\/www.infozdrave.com\/ro\/wp-json\/wp\/v2\/comments?post=12977"}],"wp:featuredmedia":[{"embeddable":true,"href":"https:\/\/www.infozdrave.com\/ro\/wp-json\/wp\/v2\/media\/3098"}],"wp:attachment":[{"href":"https:\/\/www.infozdrave.com\/ro\/wp-json\/wp\/v2\/media?parent=12977"}],"wp:term":[{"taxonomy":"product_brand","embeddable":true,"href":"https:\/\/www.infozdrave.com\/ro\/wp-json\/wp\/v2\/product_brand?post=12977"},{"taxonomy":"product_cat","embeddable":true,"href":"https:\/\/www.infozdrave.com\/ro\/wp-json\/wp\/v2\/product_cat?post=12977"},{"taxonomy":"product_tag","embeddable":true,"href":"https:\/\/www.infozdrave.com\/ro\/wp-json\/wp\/v2\/product_tag?post=12977"}],"curies":[{"name":"wp","href":"https:\/\/api.w.org\/{rel}","templated":true}]}}