{"id":13070,"date":"2023-07-24T23:50:04","date_gmt":"2023-07-24T20:50:04","guid":{"rendered":"https:\/\/www.infozdrave.com\/p\/sirius-d-light\/"},"modified":"2023-08-18T19:29:36","modified_gmt":"2023-08-18T16:29:36","slug":"sirius-d-light","status":"publish","type":"product","link":"https:\/\/www.infozdrave.com\/ro\/pr\/sirius-d-light\/","title":{"rendered":"SIRIUS-D LIGHT"},"content":{"rendered":"<p>SIRIUS-D &icirc;n toate modific\u0103rile sale sunt suplimente alimentare, hran\u0103 suplimentar\u0103 adecvat\u0103 pentru consumul &icirc;ntr-un num\u0103r mare de probleme de s\u0103n\u0103tate, dup\u0103 opera\u021bie, leziuni, contuzii, &icirc;n timpul efortului fizic extrem &icirc;n timpul competi\u021biilor \u0219i &icirc;n perioada de recuperare sau &icirc;n timpul muncii fizice grele. -D este cel mai puternic mijloc de combatere a procesului de &icirc;mb\u0103tr&acirc;nire a corpului. Ajutor indispensabil pentru recuperarea dup\u0103 o serie de afec\u021biuni severe \u0219i cronice. Produsul Sirius-D este potrivit at&acirc;t pentru recuperarea &icirc;n condi\u021bii severe de s\u0103n\u0103tate, c&acirc;t \u0219i pentru persoanele s\u0103n\u0103toase din punct de vedere clinic care doresc s\u0103-\u0219i &icirc;mbun\u0103t\u0103\u021beasc\u0103 starea general\u0103 de s\u0103n\u0103tate cu aportul profilactic. Suplimentele Sirus-D sunt universale - sunt potrivite pentru toat\u0103 lumea, indiferent de v&acirc;rst\u0103. Poate fi luat de femeile &icirc;ns\u0103rcinate \u0219i de mamele care al\u0103pteaz\u0103.<\/p>\n<p><strong>Cum func\u021bioneaz\u0103:<\/strong> \u021besutul conjunctiv care este peste 50% &icirc;n corpul uman degenereaz\u0103 de-a lungul anilor. &bdquo;Sirius - D&rdquo; nu numai c\u0103 sus\u021bine \u021besutul conjunctiv, ci &icirc;l restabile\u0219te, &icirc;ndep\u0103rt&acirc;nd fibro-granuloasa \/ cicatrice \/ \u021besut format din r\u0103ni, opera\u021bii, t\u0103ieturi, procese bacteriene \u0219i autoimune, daune cauzate de radia\u021bii \u0219i multe altele. Corpul recunoa\u0219te \u021besutul cicatricial ca fiind normal, dar este nefunc\u021bional \u0219i duce la deteriorare. Produsul &icirc;mbun\u0103t\u0103\u021be\u0219te microvascularizarea, cre\u0219te concentra\u021bia de fibroblaste, &icirc;mbun\u0103t\u0103\u021be\u0219te elasticitatea \u021besutului conjunctiv. Cur\u0103\u021b\u0103 toate vasele de s&acirc;nge de zgur\u0103 \u0219i pl\u0103ci, le desfund\u0103 atunci c&acirc;nd este nevoie, le restabile\u0219te \u0219i le men\u021bine elasticitatea. Reface modific\u0103rile degenerative ale cartilajului \u0219i ale \u021besutului osos.<\/p>\n<p><strong>Ingrediente Sirius-D:<\/strong> Principalul ingredient al produselor Sirius-D sunt proteinele animale naturale solubile &icirc;n ap\u0103. &Icirc;n func\u021bie de modific\u0103rile produsului, acestea sunt combinate cu scor\u021bi\u0219oar\u0103, curcuma \u0219i \/ sau vanilie.<\/p>\n<p>Produsele Sirius-D con\u021bin lan\u021buri polipeptidice cu greutate molecular\u0103 mic\u0103 (oligomerice) care con\u021bin to\u021bi aminoacizii necesari pentru sinteza \u0219i furnizarea rapid\u0103 de proteine \u200b\u200b&icirc;n corpul uman.<\/p>\n<p>Proteinele con\u021binute &icirc;n produsele Sirius-D sunt foarte rapid absorbite de organism, ceea ce contribuie la accelerarea procesului de recuperare &icirc;n corpul uman. Sunt deosebit de valoroase pentru epuizarea sever\u0103 a corpului ca urmare a bolilor grave, interven\u021biilor chirurgicale, contuziilor \u0219i leziunilor.<\/p>\n<p>F\u0103r\u0103 OMG, conservan\u021bi, hormoni \u0219i orice aditivi cu efecte adverse. Se ob\u021bine din proteine \u200b\u200banimale solubile &icirc;n ap\u0103, curcuma, scor\u021bi\u0219oar\u0103 \u0219i \/ sau vanilie.<\/p>\n<p><strong>Care este diferen\u021ba dintre produsele SIRIUS-D \u0219i alte suplimente alimentare recomandate ca surse de proteine?<\/strong><\/p>\n<p>Exist\u0103 diverse produse care sunt disponibile ca surse de proteine. Toate con\u021bin fie aminoacizi monomerici, fie proteine \u200b\u200binsolubile. Primele pot provoca dezechilibre digestive. Acestea din urm\u0103 sunt mai dificil \u0219i mai lent de digerat de organism, ceea ce nu le mai distinge de sursele obi\u0219nuite de proteine \u200b\u200bdin diet\u0103. &Icirc;n majoritatea cazurilor &icirc;n care c\u0103uta\u021bi un supliment alimentar, un aliment suplimentar care con\u021bine proteine, cerin\u021ba pentru acesta este:<\/p>\n<ol>\n<li>s\u0103 con\u021bin\u0103 toate tipurile de aminoacizi<\/li>\n<li>proteinele s\u0103 fie absorbite rapid de organism.<\/li>\n<\/ol>\n<p>Produsele SIRIUS-D &icirc;ndeplinesc ambele cerin\u021be!<\/p>\n<p><strong>Suplimentele SIRIUS-D ajut\u0103 la urm\u0103toarele condi\u021bii:<\/strong><\/p>\n<p>1. Sistemul musculo-scheletic. Sport \u0219i alte leziuni. Coxartroza, gonartroza, spondilartroza. &Icirc;ndep\u0103rteaz\u0103 imobilizarea articula\u021biilor, hernia de disc, discopatia, atrofia muscular\u0103, paralizia, miniscul rupt \u0219i Ahile.<\/p>\n<p>2. Inima \u0219i sistemul circulator. Recuperare dup\u0103 infarct miocardic \u0219i accident vascular cerebral. Bolile coronariene \u0219i ischemice ale inimii. Hipertensiune.<\/p>\n<p>Varice \u0219i hemoroizi. Malforma\u021bia valvelor cardiace<\/p>\n<p>Aritmie. Decompensarea mu\u0219chiului cardiac. Insuficienta cardiaca.<\/p>\n<p>Anefrism \u0219i &icirc;ngustarea aortei. Desfund\u0103 \u0219i regenereaz\u0103 vasele de s&acirc;nge fine<\/p>\n<p>3. Boli oculare. Retinopatie diabetic\u0103, dezlipire de retin\u0103, degenerare retinian\u0103, degenerescen\u021b\u0103 corneean\u0103 \u0219i macular\u0103. Glaucom. Perdea. &Icirc;ntunecarea corneei. Opacitatea lichidului ocular \/ aspectul petelor \u0219i asteriscurilor &icirc;n fa\u021ba ochiului.<\/p>\n<p>4. Rinichi. Pietre la rinichi. Insuficien\u021b\u0103 renal\u0103.<\/p>\n<p>5. Poliomielita. Paralizia cerebral\u0103<\/p>\n<p>6. Gastrointestinale. Gastrit\u0103. Colita. Reflux gastroesofagian. Modific\u0103ri ale mucoasei stomacului, intestinului sub\u021bire \u0219i gros.<\/p>\n<p>7. BPOC \/ sindrom pulmonar obstructiv cronic \/.<\/p>\n<p>8. Boala de radia\u021bii. Recuperare dup\u0103 radioterapie \u0219i chimioterapie. Protec\u021bie &icirc;mpotriva radia\u021biilor fine ale telefoanelor mobile, computerelor, re\u021belelor f\u0103r\u0103 fir.<\/p>\n<p>9. Prostata. Adenom. &Icirc;ngustarea uretrei.<\/p>\n<p>10. Diabet. Pl\u0103gi decubitale etc.<\/p>\n<p>11. Consecin\u021bele gutei. Zgomot &icirc;n urechi. Pietre biliare.<\/p>\n<p>12. Ficat. Ciroz\u0103. Steatoza hepatic\u0103.<\/p>\n<p>13. Autoimun. Lupus. Scleroz\u0103 multipl\u0103. Sindromul Sj&ouml;gren.<\/p>\n<p>Sindromul Hashimoto. Artrita reumatoida.<\/p>\n<p>14. Sclerodermie sistemic\u0103. Sindromul Raynaud. Inferioritatea \u021besutului conjunctiv. Rani care nu se vindec\u0103.<\/p>\n<p>15. Sarcina problematic\u0103: Restaurarea \u0219i &icirc;nt\u0103rirea \u021besutului conjunctiv dup\u0103 avort \u0219i interven\u021bie chirurgical\u0103. Absorb\u021bia chisturilor, a fibroamelor.<\/p>\n<p><strong>Alte efecte:<\/strong><\/p>\n<p>1. Cosmetice: celulit\u0103, cicatrici \u0219i probleme ale pielii.<\/p>\n<p>2. Prevenire: &Icirc;nt&acirc;rzierea &icirc;mb\u0103tr&acirc;nirii. Consolidarea sistemului imunitar. &Icirc;mbun\u0103t\u0103\u021bi\u021bi mobilitatea articula\u021biilor \u0219i densitatea pielii.<\/p>\n<div id=\"gtx-trans\" style=\"position: absolute; left: 42px; top: 872.2px;\">&nbsp;<\/div>\n","protected":false},"excerpt":{"rendered":"<p>Formula bl&acirc;nd\u0103 bl&acirc;nd\u0103, potrivit\u0103 pentru persoanele cu stomac sensibil \u0219i sistem digestiv. Pe l&acirc;ng\u0103 ingredientul principal - proteine \u200b\u200bdigerabile rapid care ajut\u0103 la accelerarea procesului de recuperare &icirc;n organism, acesta con\u021bine vanilie. Cunoscutul produs cu vanilie, dar cu o formul\u0103 nou\u0103, &icirc;mbun\u0103t\u0103\u021bit\u0103, cu ac\u021biune rapid\u0103.<\/p>\n<p>Este extrem de potrivit pentru &icirc;ntre\u021binere \u0219i aport profilactic. Regimul de &icirc;ntre\u021binere cu Lumin\u0103 ofer\u0103 corpului compozi\u021bia important\u0103 de &icirc;nt\u0103rire pentru un timp suficient de lung necesar pentru a ob\u021bine \u0219i a men\u021bine recuperarea final\u0103 \u0219i rezultatele pozitive.<\/p>\n<p>Poate fi luat la nesf&acirc;r\u0219it. F\u0103r\u0103 supradozaj. Nu exist\u0103 contraindica\u021bii cunoscute.<\/p>\n<p><strong>Cursul de admitere este individual. Nu exist\u0103 supradozaj. Nu exist\u0103 contraindica\u021bii. Sirius-D poate fi luat de bebelu\u0219i cu v&acirc;rsta peste 2 luni, de femeile &icirc;ns\u0103rcinate, de mamele care al\u0103pteaz\u0103 \u0219i de persoanele de orice v&acirc;rst\u0103, greutate \u0219i stare de s\u0103n\u0103tate.<\/strong><\/p>\n<p><strong>Durata aportului \u0219i a dietei:<\/strong> Sirius-D ac\u021bioneaz\u0103 cu acumulare. Aceasta este m&acirc;ncare, nu medicament. Se recomand\u0103 un curs minim de cel pu\u021bin trei luni. SIRIUS-D sunt produse complet naturale \u0219i efectul lor pozitiv se realizeaz\u0103 prin livrarea pe termen lung &icirc;n corp a aminoacizilor necesari. Prin urmare, pentru a ob\u021bine rezultate pozitive, v\u0103 recomand\u0103m s\u0103 lua\u021bi SIRIUS-D timp de cel pu\u021bin trei luni. Sirius-D poate fi apoi continuat &icirc;n regimurile de &icirc;ntre\u021binere. &Icirc;n afec\u021biuni sau afec\u021biuni mai severe, SIRIUS-D poate fi luat mai mult timp. &Icirc;n astfel de cazuri, modificarea intens\u0103 pentru organismele epuizate va fi mai adecvat\u0103.<\/p>\n<p><strong>Produsele nu con\u021bin lactoz\u0103 \u0219i gluten. Nu con\u021bin OMG-uri. Nu au fost identificate<\/strong> efecte adverse ale produselor SIRIUS-D asupra corpului uman. Se combin\u0103 perfect cu toate tipurile de medicamente. Produsele SIRIUS-D sunt un supliment alimentar, alimente suplimentare. Acestea completeaz\u0103 dieta ta zilnic\u0103, dar nu &icirc;nlocuiesc dieta ta variat\u0103 normal\u0103. Nu exist\u0103 restric\u021bii alimentare asociate cu aportul de produse SIRIUS-D.<\/p>\n<p><strong>Important: <\/strong>&Icirc;n caz de reac\u021bii alergice la oricare dintre ingredientele produselor SIRIUS-D, asigura\u021bi-v\u0103 c\u0103 consulta\u021bi un medic &icirc;nainte de a lua! Dac\u0103 ave\u021bi restric\u021bii alimentare prescrise de medicul dumneavoastr\u0103 - ar trebui s\u0103 le urma\u021bi!<\/p>\n<p><strong>Cum s\u0103 lua\u021bi Sirius-D: <\/strong>Suplimentele SIRIUS-D sunt disponibile sub form\u0103 de pulbere \u0219i pot fi luate cu iaurt, suc natural, bulion sau alt lichid adecvat. Este de dorit s\u0103 &icirc;mp\u0103r\u021bi\u021bi doza zilnic\u0103 &icirc;n dou\u0103 doze - diminea\u021ba \u0219i seara, &icirc;nainte de mese. Doza zilnic\u0103 recomandat\u0103 este indicat\u0103 pe eticheta fiec\u0103rui ambalaj, dar pute\u021bi consulta suplimentar o persoan\u0103 medical\u0103, farmacist sau reprezentantul nostru pentru fiecare caz specific. Este extrem de important s\u0103 \u0219ti\u021bi c\u0103 nu trebuie permise &icirc;ntreruperi &icirc;n timpul administr\u0103rii. Aceasta reduce concentra\u021bia &icirc;n corp \u0219i are un efect negativ asupra rezultatului pozitiv dorit al aportului.<\/p>\n<div id=\"gtx-trans\" style=\"position: absolute; left: 396px; top: 199.8px;\">&nbsp;<\/div>\n","protected":false},"featured_media":3234,"comment_status":"closed","ping_status":"closed","template":"","meta":{"_acf_changed":false,"_seopress_robots_primary_cat":"","_seopress_titles_title":"","_seopress_titles_desc":"","_seopress_robots_index":""},"product_brand":[],"product_cat":[5304],"product_tag":[],"class_list":{"0":"post-13070","1":"product","2":"type-product","3":"status-publish","4":"has-post-thumbnail","6":"product_cat-sirius-d-2-ro","7":"pa_oldid-239-ro","8":"pa_oldurlbg-https-www-infozdrave-com-sirius-d-light-vazstanovyava-i-obnovyava-kletkite-ro","9":"pa_oldurlel-https-www-infozdrave-com--sirius-d-light-----ro","10":"pa_oldurlen-https-www-infozdrave-com-sirius-d-light-restores-and-renews-cells-ro","11":"pa_oldurlro-https-www-infozdrave-com-sirius-d-light-ro","12":"pif-has-gallery","14":"first","15":"instock","16":"purchasable","17":"product-type-simple"},"acf":[],"_links":{"self":[{"href":"https:\/\/www.infozdrave.com\/ro\/wp-json\/wp\/v2\/product\/13070","targetHints":{"allow":["GET"]}}],"collection":[{"href":"https:\/\/www.infozdrave.com\/ro\/wp-json\/wp\/v2\/product"}],"about":[{"href":"https:\/\/www.infozdrave.com\/ro\/wp-json\/wp\/v2\/types\/product"}],"replies":[{"embeddable":true,"href":"https:\/\/www.infozdrave.com\/ro\/wp-json\/wp\/v2\/comments?post=13070"}],"wp:featuredmedia":[{"embeddable":true,"href":"https:\/\/www.infozdrave.com\/ro\/wp-json\/wp\/v2\/media\/3234"}],"wp:attachment":[{"href":"https:\/\/www.infozdrave.com\/ro\/wp-json\/wp\/v2\/media?parent=13070"}],"wp:term":[{"taxonomy":"product_brand","embeddable":true,"href":"https:\/\/www.infozdrave.com\/ro\/wp-json\/wp\/v2\/product_brand?post=13070"},{"taxonomy":"product_cat","embeddable":true,"href":"https:\/\/www.infozdrave.com\/ro\/wp-json\/wp\/v2\/product_cat?post=13070"},{"taxonomy":"product_tag","embeddable":true,"href":"https:\/\/www.infozdrave.com\/ro\/wp-json\/wp\/v2\/product_tag?post=13070"}],"curies":[{"name":"wp","href":"https:\/\/api.w.org\/{rel}","templated":true}]}}