{"id":13088,"date":"2023-07-24T23:50:04","date_gmt":"2023-07-24T20:50:04","guid":{"rendered":"https:\/\/www.infozdrave.com\/p\/electrod-de-inductie-extern-mini-mat\/"},"modified":"2023-11-02T12:00:51","modified_gmt":"2023-11-02T10:00:51","slug":"electrod-de-inductie-extern-mini-mat","status":"publish","type":"product","link":"https:\/\/www.infozdrave.com\/ro\/pr\/electrod-de-inductie-extern-mini-mat\/","title":{"rendered":"Un mini-covora\u0219 care creeaz\u0103 un c\u00e2mp terapeutic"},"content":{"rendered":"<h3><strong>MINI-COVOR<\/strong><\/h3>\n<h3>CARACTERISTICI<\/h3>\n<ul>\n<li>\u00cen timpul sesiunii cu dispozitivele de biorezonan\u021b\u0103, se creeaz\u0103 un c\u00e2mp de radia\u021bii mai mare.<\/li>\n<li>Emite frecven\u021be prin care efectueaz\u0103 BRT.<\/li>\n<li>Mini-mat func\u021bioneaz\u0103 ca emi\u021b\u0103tor cu Partner PRO, Partner Induction, Biowave Mini.<\/li>\n<\/ul>\n","protected":false},"excerpt":{"rendered":"<h2 style=\"text-align: center;\"><strong>MINI-COVOR CREAREA UNUI C\u00c2MP TERAPEUTIC<\/strong><\/h2>\n<h2>\nCARACTERISTICI<\/h2>\n<p>C\u00e2mpul de vindecare al mini-matului ajunge la peste 1,20 metri \u00een toate direc\u021biile. S-a cercetat c\u0103 atunci c\u00e2nd organismul se afl\u0103 \u00eentr-un c\u00e2mp terapeutic mai voluminos, accept\u0103 mult mai u\u0219or \u0219i mai bine efectul de vindecare. C\u00e2nd programul dorit este pornit \u00een aparatul de bio-rezonan\u021b\u0103 - \u00een acela\u0219i timp cu mini-mat, atunci \u00eentregul corp este \u00eentr-o \u201ebul\u0103 terapeutic\u0103\u201d mare - \u00een acest fel, efectul de vindecare este multiplicat \u0219i \u0219edin\u021bele necesare pentru a finaliza procesul terapeutic poate fi redus.proces.<\/p>\n<p>Nu putem face nicio afirma\u021bie cu privire la frecven\u021bele descoperite de Teoria Biorezonan\u021bei. Utilizarea dispozitivului nu exclude consultarea unui medic \u0219i respectarea prescrip\u021biilor medicamentului oficial.<\/p>\n","protected":false},"featured_media":21029,"comment_status":"closed","ping_status":"closed","template":"","meta":{"_acf_changed":false,"_seopress_robots_primary_cat":"none","_seopress_titles_title":"","_seopress_titles_desc":"","_seopress_robots_index":""},"product_brand":[],"product_cat":[5112],"product_tag":[],"class_list":{"0":"post-13088","1":"product","2":"type-product","3":"status-publish","4":"has-post-thumbnail","6":"product_cat-incuia","7":"pa_oldid-244-ro","8":"pa_oldurlbg-https-www-infozdrave-com-mini-kilimche-sazdavashto-terapevtichno-pole-ro","9":"pa_oldurlel-https-www-infozdrave-com----mini-mat-r","10":"pa_oldurlen-https-www-infozdrave-com-external-induction-electrode-mini-mat-ro","11":"pa_oldurlro-https-www-infozdrave-com-electrod-de-inductie-extern-mini-mat-ro","13":"first","14":"instock","15":"purchasable","16":"product-type-simple"},"acf":[],"_links":{"self":[{"href":"https:\/\/www.infozdrave.com\/ro\/wp-json\/wp\/v2\/product\/13088","targetHints":{"allow":["GET"]}}],"collection":[{"href":"https:\/\/www.infozdrave.com\/ro\/wp-json\/wp\/v2\/product"}],"about":[{"href":"https:\/\/www.infozdrave.com\/ro\/wp-json\/wp\/v2\/types\/product"}],"replies":[{"embeddable":true,"href":"https:\/\/www.infozdrave.com\/ro\/wp-json\/wp\/v2\/comments?post=13088"}],"wp:featuredmedia":[{"embeddable":true,"href":"https:\/\/www.infozdrave.com\/ro\/wp-json\/wp\/v2\/media\/21029"}],"wp:attachment":[{"href":"https:\/\/www.infozdrave.com\/ro\/wp-json\/wp\/v2\/media?parent=13088"}],"wp:term":[{"taxonomy":"product_brand","embeddable":true,"href":"https:\/\/www.infozdrave.com\/ro\/wp-json\/wp\/v2\/product_brand?post=13088"},{"taxonomy":"product_cat","embeddable":true,"href":"https:\/\/www.infozdrave.com\/ro\/wp-json\/wp\/v2\/product_cat?post=13088"},{"taxonomy":"product_tag","embeddable":true,"href":"https:\/\/www.infozdrave.com\/ro\/wp-json\/wp\/v2\/product_tag?post=13088"}],"curies":[{"name":"wp","href":"https:\/\/api.w.org\/{rel}","templated":true}]}}