{"id":13093,"date":"2023-07-24T23:50:04","date_gmt":"2023-07-24T20:50:04","guid":{"rendered":"https:\/\/www.infozdrave.com\/p\/castron-de-cantat-tibetan-antic-seria-m-12-cm\/"},"modified":"2023-08-18T19:29:37","modified_gmt":"2023-08-18T16:29:37","slug":"castron-de-cantat-tibetan-antic-seria-m-12-cm","status":"publish","type":"product","link":"https:\/\/www.infozdrave.com\/ro\/pr\/castron-de-cantat-tibetan-antic-seria-m-12-cm\/","title":{"rendered":"Castron de c\u00e2ntat tibetan antic Seria M 12 cm"},"content":{"rendered":"<p>Bolurile c&acirc;nt\u0103toare tibetane lucrate manual sunt selectate cu aten\u021bie prin testarea sunetului pentru a le asigura propriet\u0103\u021bile de vindecare. Aceste capodopere excep\u021bionale de vindecare sunt realizate cu aten\u021bie pentru sunete puternice \u0219i de lung\u0103 durat\u0103. &Icirc;n mod tradi\u021bional, bolurile sunt realizate din \u0219apte metale sacre corespunz\u0103toare celor \u0219apte planete.<\/p>\n<p>Unii lama de rang &icirc;nalt au folosit cupele Ttibet pentru ofrande rituale zeilor \u0219i zeit\u0103\u021bilor lor, iar unii cred c\u0103 au folosit aceste cupe pentru a c\u0103l\u0103tori la un alt nivel de con\u0219tiin\u021b\u0103. Dar era interzis s\u0103 se vorbeasc\u0103 despre asta, chiar \u0219i &icirc;n m\u0103n\u0103stiri.<\/p>\n<p>Bolurile tibetane c&acirc;nt\u0103toare sunt realizate din 7 metale sacre: aur, argint, mercur, cupru, fier, staniu \u0219i plumb \u0219i sunt reprezentate ca 7 influen\u021be planetare diferite.<\/p>\n<p><strong>Juca\u021bi un castron de c&acirc;ntat:<\/strong><\/p>\n<ul>\n<li>Mai &icirc;nt&acirc;i, a\u0219eza\u021bi vasul pe palma m&acirc;inii. Nu-l atinge\u021bi lateral sau \u021bine\u021bi-l cu degetele.<\/li>\n<li>Loveste vasul cu ciocanul, incepe sa scoata un sunet. Acum freca\u021bi &icirc;ncet ciocanul &icirc;n jurul bolului cu o vitez\u0103 constant\u0103. M\u0103ri\u021bi cu aten\u021bie viteza atunci c&acirc;nd bolul &icirc;ncepe s\u0103 vibreze. Pute\u021bi cre\u0219te sau reduce tonul &icirc;n func\u021bie de nevoile dvs.<\/li>\n<li>Pute\u021bi produce sunet \u0219i vibra\u021bii doar lovind bolul.<\/li>\n<\/ul>\n<p><strong>Cum func\u021bioneaz\u0103 bolul c&acirc;nt\u0103tor:<\/strong><\/p>\n<p>Dac\u0103 exist\u0103 vreo tensiune &icirc;n corp, sunetul produs de castron \u0219i ascultarea acestuia pot relaxa persoana. Bolurile c&acirc;nt\u0103toare produc sunete care provoac\u0103 o stare profund\u0103 de relaxare, care ne ajut\u0103 &icirc;n mod natural creierul \u0219i corpul s\u0103 intre &icirc;ntr-o stare meditativ\u0103. Vibra\u021bia este aceea\u0219i cu unda creierului \u0219i ajut\u0103 la intrarea &icirc;n concentra\u021bia profund\u0103. Cump\u0103rarea este un mijloc de baz\u0103 de medita\u021bie.<\/p>\n<p><strong>Caracteristicile unui castron de c&acirc;ntat:<\/strong><\/p>\n<ul>\n<li>Bolul c&acirc;nt\u0103tor creeaz\u0103 o pulsa\u021bie de sunet care ne afecteaz\u0103 creierul.<\/li>\n<li>Bolul c&acirc;nt\u0103tor determin\u0103 &icirc;n mod natural chakrele s\u0103 se autoregleze. Sunetul \u0219i vibra\u021biile efectueaz\u0103 frecven\u021be corective c\u0103tre chakrele dezechilibrate, readuc&acirc;ndu-le la func\u021bionarea normal\u0103.<\/li>\n<li>Reduce stresul, anxietatea, furia, tensiunea arterial\u0103, &icirc;mbun\u0103t\u0103\u021be\u0219te circula\u021bia \u0219i cre\u0219te fluxul sanguin.<\/li>\n<li>Ne conduce la o relaxare profund\u0103, cre\u0219te claritatea mental\u0103 \u0219i emo\u021bional\u0103, promoveaz\u0103 pacea, fericirea \u0219i bun\u0103starea.<\/li>\n<li>Stimuleaz\u0103 sistemul imunitar la persoanele care mediteaz\u0103.<\/li>\n<\/ul>\n<p><strong>Cur\u0103\u021barea \u0219i &icirc;ngrijirea unui bol de c&acirc;ntat<\/strong><\/p>\n<p>Pentru a men\u021bine str\u0103lucirea sunetului &icirc;n castron, trebuie s\u0103 &icirc;l cur\u0103\u021ba\u021bi periodic. Folosi\u021bi o\u021bet alb \u0219i o c&acirc;rp\u0103 moale pentru a &icirc;ndep\u0103rta praful \u0219i urmele lipicioase. Nu freca\u021bi sau nu cur\u0103\u021ba\u021bi o suprafa\u021b\u0103 dur\u0103, acest lucru va deteriora vasul. De asemenea, ave\u021bi grij\u0103 s\u0103 nu sc\u0103pa\u021bi vasul pe o suprafa\u021b\u0103 dur\u0103.<\/p>\n","protected":false},"excerpt":{"rendered":"<p>Castron de c&acirc;ntat tibetan antic, 12 cm<\/p>\n<ul>\n<li>Diametru: 12 cm<\/li>\n<li>&Icirc;n\u0103l\u021bime: 6 cm<\/li>\n<li>Pern\u0103 din \u021bes\u0103tur\u0103 tibetan\u0103 &icirc;n form\u0103 de inel<\/li>\n<li>ciocan realizat manual din lemn de trandafir.<\/li>\n<li>Origine: Nepal<\/li>\n<\/ul>\n<div id=\"gtx-trans\" style=\"position: absolute; left: 122px; top: 95.8px;\">&nbsp;<\/div>\n","protected":false},"featured_media":3276,"comment_status":"closed","ping_status":"closed","template":"","meta":{"_acf_changed":false,"_seopress_robots_primary_cat":"","_seopress_titles_title":"","_seopress_titles_desc":"","_seopress_robots_index":""},"product_brand":[],"product_cat":[15],"product_tag":[],"class_list":{"0":"post-13093","1":"product","2":"type-product","3":"status-publish","4":"has-post-thumbnail","6":"product_cat-uncategorized","7":"pa_oldid-245-ro","8":"pa_oldurlbg-https-www-infozdrave-com-antichna-tibetska-peeshta-kupa-seriya-m-12-sm-ro","9":"pa_oldurlel-https-www-infozdrave-com-----ro","10":"pa_oldurlen-https-www-infozdrave-com-antique-tibetan-singing-bowl-series-m-12-cm-ro","11":"pa_oldurlro-https-www-infozdrave-com-castron-de-cantat-tibetan-antic-seria-m-12-cm-ro","12":"pif-has-gallery","14":"first","15":"instock","16":"purchasable","17":"product-type-simple"},"acf":[],"_links":{"self":[{"href":"https:\/\/www.infozdrave.com\/ro\/wp-json\/wp\/v2\/product\/13093","targetHints":{"allow":["GET"]}}],"collection":[{"href":"https:\/\/www.infozdrave.com\/ro\/wp-json\/wp\/v2\/product"}],"about":[{"href":"https:\/\/www.infozdrave.com\/ro\/wp-json\/wp\/v2\/types\/product"}],"replies":[{"embeddable":true,"href":"https:\/\/www.infozdrave.com\/ro\/wp-json\/wp\/v2\/comments?post=13093"}],"wp:featuredmedia":[{"embeddable":true,"href":"https:\/\/www.infozdrave.com\/ro\/wp-json\/wp\/v2\/media\/3276"}],"wp:attachment":[{"href":"https:\/\/www.infozdrave.com\/ro\/wp-json\/wp\/v2\/media?parent=13093"}],"wp:term":[{"taxonomy":"product_brand","embeddable":true,"href":"https:\/\/www.infozdrave.com\/ro\/wp-json\/wp\/v2\/product_brand?post=13093"},{"taxonomy":"product_cat","embeddable":true,"href":"https:\/\/www.infozdrave.com\/ro\/wp-json\/wp\/v2\/product_cat?post=13093"},{"taxonomy":"product_tag","embeddable":true,"href":"https:\/\/www.infozdrave.com\/ro\/wp-json\/wp\/v2\/product_tag?post=13093"}],"curies":[{"name":"wp","href":"https:\/\/api.w.org\/{rel}","templated":true}]}}