{"id":13215,"date":"2023-07-24T23:50:04","date_gmt":"2023-07-24T20:50:04","guid":{"rendered":"https:\/\/www.infozdrave.com\/p\/troychatka-bioherb-capsule-x-100-250-mg\/"},"modified":"2023-08-18T19:29:39","modified_gmt":"2023-08-18T16:29:39","slug":"troychatka-bioherb-capsule-x-100-250-mg","status":"publish","type":"product","link":"https:\/\/www.infozdrave.com\/ro\/pr\/troychatka-bioherb-capsule-x-100-250-mg\/","title":{"rendered":"TROYCHATKA \u2122, Bioherb, capsule x 100, 250 mg"},"content":{"rendered":"<p><strong>Ingrediente:<\/strong> cui\u0219oare, pelin dulce, nuc verde (Juglans regia, Artemisia annua, Syzygium aromaticum).<\/p>\n<p><strong>Utilizare recomandat\u0103:<\/strong> Ca supliment alimentar, lua\u021bi o capsul\u0103 de dou\u0103 ori pe zi cu 200 ml de ap\u0103 &icirc;nainte de mese.<\/p>\n<p><strong>Aplicare:<\/strong> Favorizeaz\u0103 detoxifierea tractului digestiv, a ficatului, a bilei \u0219i a &icirc;ntregului corp. Ac\u021biune antiparazitar\u0103.<\/p>\n<p><strong>Supliment alimentar.<\/strong> Nu dep\u0103\u0219i\u021bi doza recomandat\u0103. A nu se utiliza de c\u0103tre copii sub 18 ani f\u0103r\u0103 supraveghere parental\u0103 \u0219i medical\u0103. Nu utiliza\u021bi ca &icirc;nlocuitor pentru o diet\u0103 variat\u0103. A nu se l\u0103sa la &icirc;ndem&acirc;na copiilor.<\/p>\n<p><strong>Con\u021binutul unei capsule:<\/strong> 250 mg cui\u0219oare 83,3 mg, pelin dulce 83,3 mg, nuc verde 83,3 mg<\/p>\n<p><strong>Con\u021binutul zilnic de doz\u0103:<\/strong> 500 mg triplete.<\/p>\n<p><strong>Alte ingrediente:<\/strong> Gelatin\u0103<\/p>\n<div id=\"gtx-trans\" style=\"position: absolute; left: 40px; top: 90.2px;\">&nbsp;<\/div>\n","protected":false},"excerpt":{"rendered":"<p><strong>Preparat antiparazitar Troychatka<\/strong><\/p>\n<p>Valoarea nutritiv\u0103 a unui supliment alimentar: 14 kcal \/ 100 g<\/p>\n<p><strong>Aten\u021bie:<\/strong> Nu lua\u021bi acest produs dac\u0103 sunte\u021bi gravid\u0103 sau al\u0103pta\u021bi. Consulta\u021bi un medic &icirc;nainte de utilizare dac\u0103 lua\u021bi medicamente eliberate pe baz\u0103 de re\u021bet\u0103.<\/p>\n<p>Datorit\u0103 con\u021binutului de iod din nucile verzi, produsul nu este potrivit pentru persoanele cu probleme tiroidiene! &Icirc;n acest caz, produsul este luat numai cu supravegherea \u0219i consim\u021b\u0103m&acirc;ntul endocrinologului dvs.!<\/p>\n<p><strong>Produc\u0103tor:<\/strong> Bioherba R Ltd. - Plovdiv<\/p>\n<div id=\"gtx-trans\" style=\"position: absolute; left: -19px; top: 71.2px;\">&nbsp;<\/div>\n","protected":false},"featured_media":13216,"comment_status":"closed","ping_status":"open","template":"","meta":{"_acf_changed":false,"_seopress_robots_primary_cat":"","_seopress_titles_title":"","_seopress_titles_desc":"","_seopress_robots_index":""},"product_brand":[],"product_cat":[5129],"product_tag":[],"class_list":{"0":"post-13215","1":"product","2":"type-product","3":"status-publish","4":"has-post-thumbnail","6":"product_cat-suplimente-alimentare","7":"pa_oldid-251-ro","8":"pa_oldurlbg-https-www-infozdrave-com-troichatka-detoksikirashti-kapsuli-h-100-250-mg-ro","9":"pa_oldurlel-https-www-infozdrave-com-troichatka-tinktura-bioherba-100-ml-ro","10":"pa_oldurlen-https-www-infozdrave-com-troychatka-bioherb-capsules-x-100-250-mg-comarticle251en-ro","11":"pa_oldurlro-https-www-infozdrave-com-troychatka-bioherb-capsule-x-100-250-mg-ro","13":"first","14":"instock","15":"purchasable","16":"product-type-simple"},"acf":[],"_links":{"self":[{"href":"https:\/\/www.infozdrave.com\/ro\/wp-json\/wp\/v2\/product\/13215","targetHints":{"allow":["GET"]}}],"collection":[{"href":"https:\/\/www.infozdrave.com\/ro\/wp-json\/wp\/v2\/product"}],"about":[{"href":"https:\/\/www.infozdrave.com\/ro\/wp-json\/wp\/v2\/types\/product"}],"replies":[{"embeddable":true,"href":"https:\/\/www.infozdrave.com\/ro\/wp-json\/wp\/v2\/comments?post=13215"}],"wp:featuredmedia":[{"embeddable":true,"href":"https:\/\/www.infozdrave.com\/ro\/wp-json\/wp\/v2\/media\/13216"}],"wp:attachment":[{"href":"https:\/\/www.infozdrave.com\/ro\/wp-json\/wp\/v2\/media?parent=13215"}],"wp:term":[{"taxonomy":"product_brand","embeddable":true,"href":"https:\/\/www.infozdrave.com\/ro\/wp-json\/wp\/v2\/product_brand?post=13215"},{"taxonomy":"product_cat","embeddable":true,"href":"https:\/\/www.infozdrave.com\/ro\/wp-json\/wp\/v2\/product_cat?post=13215"},{"taxonomy":"product_tag","embeddable":true,"href":"https:\/\/www.infozdrave.com\/ro\/wp-json\/wp\/v2\/product_tag?post=13215"}],"curies":[{"name":"wp","href":"https:\/\/api.w.org\/{rel}","templated":true}]}}