{"id":13384,"date":"2023-07-24T23:51:01","date_gmt":"2023-07-24T20:51:01","guid":{"rendered":"https:\/\/www.infozdrave.com\/p\/bol-cantaresc-tibetan-in-verde-de-12-cm\/"},"modified":"2023-08-18T19:29:44","modified_gmt":"2023-08-18T16:29:44","slug":"bol-cantaresc-tibetan-in-verde-de-12-cm","status":"publish","type":"product","link":"https:\/\/www.infozdrave.com\/ro\/pr\/bol-cantaresc-tibetan-in-verde-de-12-cm\/","title":{"rendered":"Bol cantaresc tibetan in verde de 12 cm"},"content":{"rendered":"<p>Bolurile c&acirc;nt\u0103toare sunt boluri metalice goale care emit un sunet unic \u0219i lini\u0219titor atunci c&acirc;nd sunt lovite sau frecate. Ele sunt, de asemenea, cunoscute sub alte nume, cum ar fi bolurile himalayene, bolurile c&acirc;nt\u0103toare tibetane, bolurile de s\u0103rb\u0103tori, clopotele &icirc;n picioare, bolurile de rug\u0103ciune, bolurile de yoga, bolurile tibetane \u0219i multe altele. Bolurile c&acirc;nt\u0103toare au numeroase beneficii pentru s\u0103n\u0103tate \u0219i sunt utilizate &icirc;n diverse scopuri, cum ar fi medita\u021bia, efectele chakrelor, reiki etc. Aceste tipuri de boluri specifice sunt cunoscute sub numele de boluri pentru medita\u021bie, boluri care c&acirc;nt\u0103 chakra, boluri terapeutice \u0219i multe altele.<\/p>\n<p>Conform tradi\u021biei tibetane, existen\u021ba bolurilor c&acirc;nt\u0103toare dateaz\u0103 din secolul al IV-lea. Apoi, aceast\u0103 tradi\u021bie particular\u0103 iese la iveal\u0103 odat\u0103 cu predicarea \u0219i &icirc;nv\u0103\u021b\u0103turile lui Buddha. C&acirc;nd suprafa\u021ba exterioar\u0103 a bolului c&acirc;nt\u0103tor este lovit\u0103 sau frecat\u0103, &icirc;ncepe s\u0103 vibreze \u0219i creeaz\u0103 o frecven\u021b\u0103 sonor\u0103 unic\u0103, specific\u0103. Pulsarea sunetului elibereaz\u0103 &icirc;n mod natural frecven\u021be corective pentru a regla chakrele dezechilibrate. Aceste frecven\u021be ini\u021biaz\u0103, de asemenea, un flux de energie care provoac\u0103 o schimbare mistic\u0103 &icirc;n corpul, g&acirc;ndurile \u0219i emo\u021biile noastre. &Icirc;n trecut, ele au fost folosite pentru puterile lor holistice \u0219i de vindecare. &Icirc;n zilele noastre, acestea sunt &icirc;nc\u0103 folosite pentru medita\u021bie, relaxare, vindecare spiritual\u0103, servicii religioase, sesiuni de yoga \u0219i multe altele.<\/p>\n<p>Bolurile c&acirc;nt\u0103toare lucrate manual sunt numite \u0219i boluri vindec\u0103toare. Acestea sunt realizate dintr-un aliaj de \u0219apte metale diferite conectate la \u0219apte planete astrologice care creeaz\u0103 un num\u0103r de sunete \u0219i nuan\u021be diferite. Cele \u0219apte metale sunt: \u200b\u200baurul, argintul, mercurul, cuprul, fierul, zincul \u0219i alama \u0219i corespund celor 7 influen\u021be planetare diferite:<\/p>\n<p>Aur = Soare.<\/p>\n<p>Argint = Luna<\/p>\n<p>Mercur = Mercur<\/p>\n<p>Drag\u0103 = Venus<\/p>\n<p>Fier = Marte<\/p>\n<p>Zinc = Jupiter<\/p>\n<p>Alam\u0103 = Saturn<\/p>\n","protected":false},"excerpt":{"rendered":"<p>Castron c&acirc;nt\u0103tor tibetan &icirc;n verde de 12 cm. Corespunde celui de-al patrulea, centrul inimii, al iubirii.<\/p>\n<ul>\n<li>Diametru: 12 cm<\/li>\n<li>&Icirc;n\u0103l\u021bime: 6 cm<\/li>\n<li>Pern\u0103 rotund\u0103 din \u021bes\u0103tur\u0103 tibetan\u0103<\/li>\n<li>Ciocan realizat manual din lemn de trandafir<\/li>\n<li>Pern\u0103: verde<\/li>\n<li>Dimensiune: 12 cm (diametru)<\/li>\n<li>Origine: Nepal<\/li>\n<\/ul>\n<div id=\"gtx-trans\" style=\"position: absolute; left: 33px; top: 2.8px;\">&nbsp;<\/div>\n","protected":false},"featured_media":3567,"comment_status":"closed","ping_status":"closed","template":"","meta":{"_acf_changed":false,"_seopress_robots_primary_cat":"","_seopress_titles_title":"","_seopress_titles_desc":"","_seopress_robots_index":""},"product_brand":[],"product_cat":[15],"product_tag":[],"class_list":{"0":"post-13384","1":"product","2":"type-product","3":"status-publish","4":"has-post-thumbnail","6":"product_cat-uncategorized","7":"pa_oldid-260-ro","8":"pa_oldurlbg-https-www-infozdrave-com-tibetska-peeshta-kupa-v-zeleno-12-sm-ro","9":"pa_oldurlel-https-www-infozdrave-com-----12--ro","10":"pa_oldurlen-https-www-infozdrave-com-tibetan-singing-bowl-in-green-12-cm-ro","11":"pa_oldurlro-https-www-infozdrave-com-bol-cantaresc-tibetan-in-verde-de-12-cm-ro","12":"pif-has-gallery","14":"first","15":"instock","16":"purchasable","17":"product-type-simple"},"acf":[],"_links":{"self":[{"href":"https:\/\/www.infozdrave.com\/ro\/wp-json\/wp\/v2\/product\/13384","targetHints":{"allow":["GET"]}}],"collection":[{"href":"https:\/\/www.infozdrave.com\/ro\/wp-json\/wp\/v2\/product"}],"about":[{"href":"https:\/\/www.infozdrave.com\/ro\/wp-json\/wp\/v2\/types\/product"}],"replies":[{"embeddable":true,"href":"https:\/\/www.infozdrave.com\/ro\/wp-json\/wp\/v2\/comments?post=13384"}],"wp:featuredmedia":[{"embeddable":true,"href":"https:\/\/www.infozdrave.com\/ro\/wp-json\/wp\/v2\/media\/3567"}],"wp:attachment":[{"href":"https:\/\/www.infozdrave.com\/ro\/wp-json\/wp\/v2\/media?parent=13384"}],"wp:term":[{"taxonomy":"product_brand","embeddable":true,"href":"https:\/\/www.infozdrave.com\/ro\/wp-json\/wp\/v2\/product_brand?post=13384"},{"taxonomy":"product_cat","embeddable":true,"href":"https:\/\/www.infozdrave.com\/ro\/wp-json\/wp\/v2\/product_cat?post=13384"},{"taxonomy":"product_tag","embeddable":true,"href":"https:\/\/www.infozdrave.com\/ro\/wp-json\/wp\/v2\/product_tag?post=13384"}],"curies":[{"name":"wp","href":"https:\/\/api.w.org\/{rel}","templated":true}]}}