{"id":13401,"date":"2023-07-24T23:51:01","date_gmt":"2023-07-24T20:51:01","guid":{"rendered":"https:\/\/www.infozdrave.com\/p\/castron-cantec-tibetan-albastru-12-cm\/"},"modified":"2023-08-18T19:29:44","modified_gmt":"2023-08-18T16:29:44","slug":"castron-cantec-tibetan-albastru-12-cm","status":"publish","type":"product","link":"https:\/\/www.infozdrave.com\/ro\/pr\/castron-cantec-tibetan-albastru-12-cm\/","title":{"rendered":"Castron c\u00e2ntec tibetan albastru 12 cm"},"content":{"rendered":"<p><strong>Cerere:<\/strong><\/p>\n<p>1. Relaxare \u0219i medita\u021bie<br \/>2. Vindecarea<br \/>3. Nivelarea chakrelor \u0219i cur\u0103\u021barea corpului<br \/>4. Transmiterea energiilor<br \/>5. Energizarea corpurilor fizice \u0219i energetice<br \/>6. Decorarea casei \u0219i scopuri de cadouri<\/p>\n<p>Bolurile de c&acirc;ntat sunt folosite &icirc;n toat\u0103 lumea pentru medita\u021bie, muzic\u0103, relaxare \u0219i bun\u0103stare personal\u0103. &Icirc;n unele practici budiste, bolul c&acirc;nt\u0103tor este folosit ca un semnal pentru a &icirc;ncepe \u0219i medita\u021bia lini\u0219tit\u0103.<\/p>\n<p>Bolurile c&acirc;nt\u0103toare lucrate manual sunt numite \u0219i boluri vindec\u0103toare. Acestea sunt realizate dintr-un aliaj de \u0219apte metale diferite conectate la \u0219apte planete astrologice care creeaz\u0103 un num\u0103r de sunete \u0219i nuan\u021be diferite. Cele \u0219apte metale sunt: \u200b\u200baurul, argintul, mercurul, cuprul, fierul, zincul \u0219i alama \u0219i sunt reprezentate ca 7 influen\u021be planetare diferite.<\/p>\n<p>Aurul = Soarele.<\/p>\n<p>Argint = Luna<\/p>\n<p>Mercur = Mercur<\/p>\n<p>Drag\u0103 = Venus<\/p>\n<p>Fier = Marte<\/p>\n<p>Zinc = Jupiter<\/p>\n<p>Alam\u0103 = Saturn<\/p>\n<p>Boluri de c&acirc;ntat sunt produse \u0219i ast\u0103zi &icirc;n moduri tradi\u021bionale, &icirc;n combina\u021bie cu tehnici moderne. Bolurile noi pot fi simple sau decorate. Uneori se disting prin iconografie religioas\u0103 \u0219i motive \u0219i simboluri spirituale, precum mantra tibetan\u0103 Om mani padme hum, imagini ale lui Buddha sau alte zeit\u0103\u021bi.<\/p>\n<div id=\"gtx-trans\" style=\"position: absolute; left: -31px; top: 21.8px;\">&nbsp;<\/div>\n","protected":false},"excerpt":{"rendered":"<p>Castron de c&acirc;ntat tibetan antic, albastru. Corespunde celei de-a cincea chakre - centrul g&acirc;tului de auto-exprimare.<\/p>\n<ul>\n<li>Diametru: 12 cm<\/li>\n<li>&Icirc;n\u0103l\u021bime: 6 cm<\/li>\n<li>Pern\u0103 rotund\u0103 tibetan\u0103<\/li>\n<li>Ciocan realizat manual din lemn de trandafir.<\/li>\n<li>Dimensiunea pernei: 12 cm &icirc;n diametru<\/li>\n<li>Pern\u0103: albastr\u0103<\/li>\n<li>Origine: Nepal<\/li>\n<\/ul>\n<div id=\"gtx-trans\" style=\"position: absolute; left: 15px; top: 2.8px;\">&nbsp;<\/div>\n","protected":false},"featured_media":3584,"comment_status":"closed","ping_status":"closed","template":"","meta":{"_acf_changed":false,"_seopress_robots_primary_cat":"","_seopress_titles_title":"","_seopress_titles_desc":"","_seopress_robots_index":""},"product_brand":[],"product_cat":[15],"product_tag":[],"class_list":{"0":"post-13401","1":"product","2":"type-product","3":"status-publish","4":"has-post-thumbnail","6":"product_cat-uncategorized","7":"pa_oldid-261-ro","8":"pa_oldurlbg-https-www-infozdrave-com-tibetska-peeshta-kupa-sinya-12-sm-ro","9":"pa_oldurlel-https-www-infozdrave-com----12--ro","10":"pa_oldurlen-https-www-infozdrave-com-tibetan-singing-bowl-blue-12-cm-ro","11":"pa_oldurlro-https-www-infozdrave-com-castron-cantec-tibetan-albastru-12-cm-ro","12":"pif-has-gallery","14":"first","15":"instock","16":"purchasable","17":"product-type-simple"},"acf":[],"_links":{"self":[{"href":"https:\/\/www.infozdrave.com\/ro\/wp-json\/wp\/v2\/product\/13401","targetHints":{"allow":["GET"]}}],"collection":[{"href":"https:\/\/www.infozdrave.com\/ro\/wp-json\/wp\/v2\/product"}],"about":[{"href":"https:\/\/www.infozdrave.com\/ro\/wp-json\/wp\/v2\/types\/product"}],"replies":[{"embeddable":true,"href":"https:\/\/www.infozdrave.com\/ro\/wp-json\/wp\/v2\/comments?post=13401"}],"wp:featuredmedia":[{"embeddable":true,"href":"https:\/\/www.infozdrave.com\/ro\/wp-json\/wp\/v2\/media\/3584"}],"wp:attachment":[{"href":"https:\/\/www.infozdrave.com\/ro\/wp-json\/wp\/v2\/media?parent=13401"}],"wp:term":[{"taxonomy":"product_brand","embeddable":true,"href":"https:\/\/www.infozdrave.com\/ro\/wp-json\/wp\/v2\/product_brand?post=13401"},{"taxonomy":"product_cat","embeddable":true,"href":"https:\/\/www.infozdrave.com\/ro\/wp-json\/wp\/v2\/product_cat?post=13401"},{"taxonomy":"product_tag","embeddable":true,"href":"https:\/\/www.infozdrave.com\/ro\/wp-json\/wp\/v2\/product_tag?post=13401"}],"curies":[{"name":"wp","href":"https:\/\/api.w.org\/{rel}","templated":true}]}}