{"id":13460,"date":"2023-07-24T23:51:01","date_gmt":"2023-07-24T20:51:01","guid":{"rendered":"https:\/\/www.infozdrave.com\/p\/difuzor-cu-ultrasunete-de-aroma-lemn-inchis-la-culoare\/"},"modified":"2023-12-01T00:00:20","modified_gmt":"2023-11-30T22:00:20","slug":"difuzor-cu-ultrasunete-de-aroma-lemn-inchis-la-culoare","status":"publish","type":"product","link":"https:\/\/www.infozdrave.com\/ro\/pr\/difuzor-cu-ultrasunete-de-aroma-lemn-inchis-la-culoare\/","title":{"rendered":"Difuzor de arom\u0103 cu ultrasunete, lemn \u00eenchis la culoare"},"content":{"rendered":"<h3><strong>DIFUZOR DE AROM\u0102 ULTRASONIC, LEMN \u00ceNCHIS<\/strong><br \/>\nSPECIFICATII TEHNICE<\/h3>\n<ul>\n<li>Capacitate rezervor: 130 ml<\/li>\n<li>Functii: difuzor de uleiuri esentiale<\/li>\n<li>Culoarea luminii: lumini LED cu 7 culori schimbabile<\/li>\n<li>Greutate: 0,3 kg<\/li>\n<li>Putere: 3 W<\/li>\n<li>Alimentare: USB 5 V<\/li>\n<li>Culori: imita\u021bie lemn \u00eenchis<\/li>\n<li>Dimensiune produs: 12 x 12 x 16 cm<\/li>\n<li>Certificare: CE, RoHS, UL, FCC<\/li>\n<\/ul>\n<p>Origine: China<\/p>\n","protected":false},"excerpt":{"rendered":"<h2 style=\"text-align: center;\"><strong>DIFUZOR DE AROM\u0102 ULTRASONIC, LEMN \u00ceNCHIS<\/strong><\/h2>\n<h3 style=\"text-align: center;\"><strong>TRANSFORM\u0102-\u021aI CASA SAU BIROUL \u00ceNTR-UN LOC CONFORT<\/strong><\/h3>\n<p>Difuzorul de arom\u0103 este un dispozitiv care injecteaz\u0103 vapori de ap\u0103 \u0219i uleiuri aromatice \u00een aer, creeaz\u0103 o atmosfer\u0103 pl\u0103cut\u0103 \u0219i umple incinta cu diverse arome. Te ajut\u0103 s\u0103 te relaxezi dup\u0103 o zi lung\u0103.<\/p>\n<h2><strong>CE FACE DIFUSORUL NOSTRU DE AROM\u0102 SPECIAL<\/strong><\/h2>\n<ul>\n<li>Are un design elegant care completeaz\u0103 orice interior.<\/li>\n<li>Este echipat cu tehnologie avansat\u0103 de senzori pentru pornire \u0219i oprire, care asigur\u0103 o func\u021bionare silen\u021bioas\u0103 \u0219i difuzie eficient\u0103 a uleiului aromatic.<\/li>\n<li>Pute\u021bi folosi o gam\u0103 larg\u0103 de uleiuri aromatice, de la clasic la exotic, \u0219i alege\u021bi pe cel care vi se potrive\u0219te cel mai bine. De la parfumul proasp\u0103t al citricelor p\u00e2n\u0103 la parfumul lini\u0219titor al lavandei, totul se potrive\u0219te nevoilor tale.<\/li>\n<li>Hidrateaz\u0103 \u0219i aromatizeaz\u0103.<\/li>\n<li>Nu rata\u021bi ocazia de a v\u0103 transforma casa sau biroul \u00eentr-un adev\u0103rat paradis aromat. Ia-\u021bi ast\u0103zi difuzorul cu ultrasunete \u0219i bucur\u0103-te de aroma \u0219i atmosfera relaxant\u0103 \u00een fiecare zi.<\/li>\n<\/ul>\n<h2><strong>INSTRUCTIUNI DE FOLOSIRE<\/strong><\/h2>\n<p>Deschide\u021bi difuzorul de arom\u0103 cu ultrasunete desf\u0103c\u00e2nd cele dou\u0103 jum\u0103t\u0103\u021bi. Se toarn\u0103 ap\u0103 care va servi drept baz\u0103 pentru difuzarea uleiurilor esen\u021biale sau parfumurilor.<br \/>\nAd\u0103uga\u021bi c\u00e2teva pic\u0103turi din parfumul dorit.<br \/>\n\u00cenchide. Atinge\u021bi butonul tactil \u0219i parfumul va fi eliberat \u00een aer sub form\u0103 de particule microscopice de ap\u0103 \u0219i uleiuri aromatice.<br \/>\nSe conecteaz\u0103 cu un cablu la computer sau cu un adaptor la re\u021beaua electric\u0103.<\/p>\n<p>Alegerea parfumurilor este foarte important\u0103. \u00cen func\u021bie de preferin\u021bele \u0219i nevoile tale, alege diferite parfumuri pentru diferite momente \u0219i situa\u021bii. Uleiurile esen\u021biale naturale precum lavand\u0103, rozmarin, arbore de ceai \u0219i l\u0103m\u00e2ie sunt populare pentru relaxare, reducerea stresului \u0219i \u00eembun\u0103t\u0103\u021birea dispozi\u021biei. \u00cen plus, exist\u0103 \u0219i diferite amestecuri de uleiuri aromatice care se concentreaz\u0103 pe nevoi specifice, cum ar fi facilitarea somnului, cre\u0219terea concentr\u0103rii \u0219i relaxarea tensiunii musculare.<\/p>\n<p>Difuzorul de arom\u0103 poate fi amplasat \u00een dormitor, sufragerie, birou sau chiar \u00een baie, cre\u00e2nd o atmosfer\u0103 pl\u0103cut\u0103 \u0219i purific\u00e2nd aerul. Este o modalitate excelent\u0103 de a ne \u00eenc\u00e2nta sim\u021burile \u0219i de a evoca sentimente de c\u0103ldur\u0103 \u0219i confort pe tot parcursul anului.<\/p>\n<h2><strong>SUPLIMENTARE LA INTERIOR<\/strong><\/h2>\n<p>Indiferent de alegerea aromelor, un difuzor de arom\u0103 este un plus minunat pentru acas\u0103 sau la locul de munc\u0103. Nu numai c\u0103 v\u0103 va \u00eembun\u0103t\u0103\u021bi starea de spirit, ci va crea \u0219i o atmosfer\u0103 de pace \u0219i armonie. \u00cenc\u0103rcat cu energie pozitiv\u0103 \u0219i aromele difuzorului de arome, v\u0103 pute\u021bi bucura de momentele voastre \u0219i pute\u021bi crea confort \u00een orice camer\u0103.<\/p>\n<p>Difuzorul de arom\u0103 este un plus elegant \u0219i func\u021bional oric\u0103rei \u00eenc\u0103peri. Nu numai c\u0103 ofer\u0103 confort \u0219i o arom\u0103 pl\u0103cut\u0103, dar are \u0219i un efect pozitiv asupra st\u0103rii de spirit \u0219i a bun\u0103st\u0103rii noastre. Comanda\u021bi chiar acum un difuzor de arome cu ultrasunete \u0219i sim\u021bi\u021bi magia aromelor!<\/p>\n<p>Portabil pentru sala de sport, yoga, camera bebelusului, birou, dormitor.<\/p>\n","protected":false},"featured_media":3648,"comment_status":"closed","ping_status":"closed","template":"","meta":{"_acf_changed":false,"_seopress_robots_primary_cat":"none","_seopress_titles_title":"","_seopress_titles_desc":"","_seopress_robots_index":""},"product_brand":[],"product_cat":[5121],"product_tag":[],"class_list":{"0":"post-13460","1":"product","2":"type-product","3":"status-publish","4":"has-post-thumbnail","6":"product_cat-difuzoare-de-arome","7":"pa_oldid-265-ro","8":"pa_oldurlbg-https-www-infozdrave-com-ultrazvukov-aroma-difuzer-tamno-darvo-ro","9":"pa_oldurlel-https-www-infozdrave-com----ro","10":"pa_oldurlen-https-www-infozdrave-com-ultrasonic-aroma-diffuser-humidifier-dark-wood-comarticle265en-ro","11":"pa_oldurlro-https-www-infozdrave-com-difuzor-cu-ultrasunete-de-aroma-lemn-inchis-la-culoare-ro","12":"pif-has-gallery","14":"first","15":"instock","16":"purchasable","17":"product-type-simple"},"acf":[],"_links":{"self":[{"href":"https:\/\/www.infozdrave.com\/ro\/wp-json\/wp\/v2\/product\/13460","targetHints":{"allow":["GET"]}}],"collection":[{"href":"https:\/\/www.infozdrave.com\/ro\/wp-json\/wp\/v2\/product"}],"about":[{"href":"https:\/\/www.infozdrave.com\/ro\/wp-json\/wp\/v2\/types\/product"}],"replies":[{"embeddable":true,"href":"https:\/\/www.infozdrave.com\/ro\/wp-json\/wp\/v2\/comments?post=13460"}],"wp:featuredmedia":[{"embeddable":true,"href":"https:\/\/www.infozdrave.com\/ro\/wp-json\/wp\/v2\/media\/3648"}],"wp:attachment":[{"href":"https:\/\/www.infozdrave.com\/ro\/wp-json\/wp\/v2\/media?parent=13460"}],"wp:term":[{"taxonomy":"product_brand","embeddable":true,"href":"https:\/\/www.infozdrave.com\/ro\/wp-json\/wp\/v2\/product_brand?post=13460"},{"taxonomy":"product_cat","embeddable":true,"href":"https:\/\/www.infozdrave.com\/ro\/wp-json\/wp\/v2\/product_cat?post=13460"},{"taxonomy":"product_tag","embeddable":true,"href":"https:\/\/www.infozdrave.com\/ro\/wp-json\/wp\/v2\/product_tag?post=13460"}],"curies":[{"name":"wp","href":"https:\/\/api.w.org\/{rel}","templated":true}]}}