{"id":13478,"date":"2023-07-24T23:51:01","date_gmt":"2023-07-24T20:51:01","guid":{"rendered":"https:\/\/www.infozdrave.com\/p\/benzi-de-ph-pentru-masurarea-aciditatii\/"},"modified":"2023-10-27T11:11:32","modified_gmt":"2023-10-27T08:11:32","slug":"benzi-de-ph-pentru-masurarea-aciditatii","status":"publish","type":"product","link":"https:\/\/www.infozdrave.com\/ro\/pr\/benzi-de-ph-pentru-masurarea-aciditatii\/","title":{"rendered":"Benzi de pH pentru m\u0103surarea acidit\u0103\u021bii"},"content":{"rendered":"<ul>\n<li>Scala pentru determinarea pH-ului<\/li>\n<li>Indica\u021bii foarte sensibile \u0219i precise pentru valorile alcalino-acide<\/li>\n<li>Spectru larg pH 1 - pH 14<\/li>\n<li>Rezultat dup\u0103 15 secunde<\/li>\n<li>Dimensiune pe 1 banda: 6 cm \/ 1 cm<\/li>\n<li>Origine: China<\/li>\n<\/ul>\n<p>Gama larg\u0103 de pe scar\u0103 (4 -10,5) face ca panglica testului de turnesol s\u0103 fie foarte sensibil\u0103 \u0219i foarte precis\u0103 la m\u0103surarea pH-ului urinei \u0219i al salivei. 80 buc benzi.<\/p>\n","protected":false},"excerpt":{"rendered":"<h2 style=\"text-align: center;\" align=\"center\"><strong><span lang=\"ro\" style=\"font-family: Montserrat;\">Benzi de pH pentru m\u0103surarea acidit\u0103\u021bii<\/span><\/strong><\/h2>\n<p><span lang=\"ro\" style=\"font-family: Montserrat;\">Benzile de pH sunt instrumente folosite _ pentru m\u0103surarea rapid\u0103 \u0219i u\u0219oar\u0103 a acidit\u0103\u021bii de pe urin\u0103 \u0219i saliv\u0103. Acestea sunt discrete \u0219i confortabile pentru utilizare \u0219i permit utilizatorului Da primit r\u0103spuns rapid prin atitudinea valorii pH-ului pe cont propriu, urinat sau saliva. M\u0103surarea acidit\u0103\u021bii pe urin\u0103 \u0219i saliv\u0103 este de mare importan\u021b\u0103 pentru starea de s\u0103n\u0103tate \u0219i bun\u0103stare a organismului. Valoarea pH-ului ridicat\u0103 sau sc\u0103zut\u0103 poate fi un indicator pentru diferite afec\u021biuni \u0219i probleme medicale. Este important pentru tot ceea ce exist\u0103, dat fiind c\u0103 benzile de pH sunt destinate condi\u021biilor de uz casnic \u0219i ofer\u0103 doar m\u0103sur\u0103tori provizorii, nu o valoare exact\u0103. Pentru diagnosticul asupra st\u0103rilor medicale specifice \u0219i pentru mai mult\u0103 acurate\u021be, se recomand\u0103 Da totul consulta\u021bi un medic calificat sau specialist \u00een s\u0103n\u0103tate.<\/span><\/p>\n<h2><strong><span lang=\"ro\" style=\"font-family: Montserrat;\">Instructiuni de folosire<\/span><\/strong><\/h2>\n<p><span lang=\"ro\" style=\"font-family: Montserrat;\">Testa\u021bi cu scufundare banda \u00een substan\u021b\u0103 pe care o ve\u021bi testa. Dup\u0103 o jum\u0103tate de secund\u0103, scoate\u021bi h\u00e2rtia. Cu ajutorul unei scale colorate, compara\u021bi schimbarea culorii pe testul de turnesol pe h\u00e2rtie, pentru Da afla\u021bi nivelul acidit\u0103\u021bii.<\/span><\/p>\n<p><span lang=\"ro\" style=\"font-family: Montserrat;\">1-6 Acid<\/span><\/p>\n<p><span lang=\"ro\" style=\"font-family: Montserrat;\">7 Neutru<\/span><\/p>\n<p><span lang=\"ro\" style=\"font-family: Montserrat;\">8-14 alcalin<\/span><\/p>\n<h2><strong><span lang=\"ro\" style=\"font-family: Montserrat;\">Note:<\/span><\/strong><\/h2>\n<p><span lang=\"ro\" style=\"font-family: Montserrat;\">La o densitate pe lichid mai mic\u0103 dec\u00e2t benzile de 0,01% nu au raportat alcalinitate sau aciditate .<\/span><\/p>\n<p><span lang=\"ro\" style=\"font-family: Montserrat;\">\u021aine\u021bi h\u00e2rtia \u00eentr-un loc uscat \u0219i aerisit (de la + 2 la + 30\u00b0C).<\/span><\/p>\n<p><span lang=\"ro\" style=\"font-family: Montserrat;\">De ce este at\u00e2t de mult? important\u0103 m\u0103surarea pH-ului?<\/span><\/p>\n<p><span lang=\"ro\" style=\"font-family: Montserrat;\">Exist\u0103 o leg\u0103tur\u0103 puternic\u0103 \u00eentre echilibrul acido-bazic pe corp \u0219i s\u0103n\u0103tatea omului . pH-ul benzile de h\u00e2rtie te vor ajuta Da, controlezi mediul interior al organismului pe care \u00eel e\u0219ti \u0219i da men\u021bii o s\u0103n\u0103tate bun\u0103. Mai mult pentru aceasta cat de importanta este mentinerea echilibrului alcalino-acid asupra organismului , cat si pentru impactul asupra diferitelor alimente pe care le acceptam in balanta, poate Da citeste AICI:<\/span><\/p>\n<h2><strong><span lang=\"ro\" style=\"font-family: Montserrat;\">Cercet\u0103ri asupra urinei<\/span><\/strong><\/h2>\n<p><span lang=\"ro\" style=\"font-family: Montserrat;\">Valoarea normal\u0103 a pH-ului \u00een urin\u0103 crede c\u0103 este \u00eentre 4,5 \u0219i 8,0. Dac\u0103 valorile sunt \u00een afara acestor limite, aceasta poate fi indica\u021bie pentru disponibilitatea pe sistemul de infec\u021bii ale tractului urinar, probleme cu rinichii sau deshidratare. \u00cen cazul \u00een care urina este prea acid\u0103 sau alcalin\u0103, se recomanda Da totul cauta ajutor medical, pentru Da totul determina motivul si da totul ia masuri relevante.<\/span><\/p>\n<p><span lang=\"ro\" style=\"font-family: Montserrat;\">Explora\u021bi prima \u0219i a doua urin\u0103 pentru zi \u0219i nota\u021bi-o valoarea medie. A\u0219eza\u021bi banda de pH \u00een timp ce urina\u021bi, agita\u021bi urina rezidual\u0103 \u0219i a\u0219tepta\u021bi 15 secunde. La pH 5, urina este puternic acid\u0103, la pH 7 este neutr\u0103 (nici acid\u0103 nici alcalin\u0103), iar la pH 9 este puternic alcalin\u0103.<\/span><\/p>\n<h2><strong><span lang=\"ro\" style=\"font-family: Montserrat;\">Cercet\u0103ri asupra salivei<\/span><\/strong><\/h2>\n<p><span lang=\"ro\" style=\"font-family: Montserrat;\">Valoarea normal\u0103 a pH-ului pe saliva se crede c\u0103 este \u00eentre 6,5 \u0219i 7,4. Valoarea pH-ului mare sau sc\u0103zut\u0103 poate fi asociat\u0103 cu st\u0103ri precum recuperarea acid\u0103, refluxul gastrointestinal, problemele sistemului digestiv \u0219i altele.<\/span><\/p>\n<p><span lang=\"ro\" style=\"font-family: Montserrat;\">F\u0103-l test la ora dou\u0103 dup\u0103 ce ai m\u00e2ncat. \u00centr-o lingur\u0103 de plastic scuip\u0103 saliv\u0103, scuip\u0103 bara de pH \u0219i a\u0219teapt\u0103 15 secunde. Nu pune\u021bi benzile pH direct \u00een gur\u0103!<\/span><\/p>\n<p><span lang=\"ro\" style=\"font-family: Montserrat;\">PH-ul salivei ne ofer\u0103 informa\u021bii pentru \u00eentregul echilibru al pH-ului din organism .<\/span><\/p>\n<p><span lang=\"ro\" style=\"font-family: Montserrat;\">\u00cen saliv\u0103 exist\u0103 mai mult acid dec\u00e2t \u00een s\u00e2nge, dar ea este o oglind\u0103 asupra s\u00e2ngelui, excluz\u00e2nd momentele din jurul mesei, \u0219i este un indicator suficient de bun pentru starea organismului.<\/span><\/p>\n<p><span lang=\"ro\" style=\"font-family: Montserrat;\">Dup\u0103 hr\u0103nirea pH-ului cu saliv\u0103, de obicei, totul a crescut pe 7, adic\u0103 sau mai mult, bine mai alcalin. Dac\u0103 acest lucru nu , atunci organismul sufer\u0103 de lips\u0103 de minerale alcaline, \u00een principal calciu \u0219i magneziu \u0219i nu Da a absorbit alimentele a\u0219a cum ar trebui. Abaterea continu\u0103 de la pH-ul normal provoac\u0103 \u00eemboln\u0103vire.<\/span><\/p>\n<p><span lang=\"ro\" style=\"font-family: Montserrat;\">Dac\u0103 pe parcursul \u00eentregii zile pH-ul pe saliva sunte\u021bi \u00eentre 6,5 \u0219i 7,4, deci corpul dumneavoastr\u0103 func\u021bioneaz\u0103 \u00een _ la normal pentru s\u0103n\u0103tate.<\/span><\/p>\n<p><span lang=\"ro\" style=\"font-family: Montserrat;\">C\u00e2t de mult este mai mic\u0103 valoarea pH-ului t\u0103u de la 7,0, cu at\u00e2t este mai mare gradul de supra\u00eenc\u0103rcare acid\u0103. Verifica\u021bi \u0219i \u00eenregistra\u021bi propriul pH continuat _ pe c\u00e2teva s\u0103pt\u0103m\u00e2ni - diminea\u021ba , imediat ce devine, dup\u0103 pr\u00e2nz \u0219i cin\u0103, \u00eenainte de a merge la culcare. A\u0219a c\u0103 vom vedea cum _ totul schimb\u0103 curba pH-ului t\u0103u.<\/span><\/p>\n<p><span lang=\"ro\" style=\"font-family: Montserrat;\">La majoritatea copiilor testul de turnesol totul devine deschis _ verde , pH 7,5. La mai mult de jum\u0103tate de la adul\u021bi - \u00een verde- galben, pH 6,5 sau mai mic, pe care totul \u00eel datoreaz\u0103 deficitului de calciu \u0219i modului de via\u021b\u0103.<\/span><\/p>\n<h2><strong><span lang=\"ro\" style=\"font-family: Montserrat;\">Boli la pH acru<\/span><\/strong><\/h2>\n<p><span lang=\"ro\" style=\"font-family: Montserrat;\">La pacientii bolnavi oncologici de obicei hartia totul devine galben, pH 5. Celulele canceroase nu pot Da exista in mediu alcalin. De asemenea, toate formele artritei sunt asociate cu excesul de aciditate.<\/span><\/p>\n<p><span lang=\"ro\" style=\"font-family: Montserrat;\">bolile degenerative , inclusiv cancerul, osteoporoza, artrita, bolile cardiace, pietrele renale \u0219i biliare, cariile sunt asociate cu excesul de aciditate \u00een organism.<\/span><\/p>\n","protected":false},"featured_media":3666,"comment_status":"closed","ping_status":"closed","template":"","meta":{"_acf_changed":false,"_seopress_robots_primary_cat":"none","_seopress_titles_title":"","_seopress_titles_desc":"","_seopress_robots_index":""},"product_brand":[],"product_cat":[5252],"product_tag":[],"class_list":{"0":"post-13478","1":"product","2":"type-product","3":"status-publish","4":"has-post-thumbnail","6":"product_cat-detoxifiant-ionic","7":"pa_oldid-267-ro","8":"pa_oldurlbg-https-www-infozdrave-com-ph-lenti-za-izmervane-na-kiselinnost-ro","9":"pa_oldurlel-https-www-infozdrave-com--ph------ro","10":"pa_oldurlen-https-www-infozdrave-com-ph-strips-for-measuring-acidity-comarticle267en-ro","11":"pa_oldurlro-https-www-infozdrave-com-benzi-de-ph-pentru-masurarea-aciditatii-ro","12":"pif-has-gallery","14":"first","15":"instock","16":"purchasable","17":"product-type-simple"},"acf":[],"_links":{"self":[{"href":"https:\/\/www.infozdrave.com\/ro\/wp-json\/wp\/v2\/product\/13478","targetHints":{"allow":["GET"]}}],"collection":[{"href":"https:\/\/www.infozdrave.com\/ro\/wp-json\/wp\/v2\/product"}],"about":[{"href":"https:\/\/www.infozdrave.com\/ro\/wp-json\/wp\/v2\/types\/product"}],"replies":[{"embeddable":true,"href":"https:\/\/www.infozdrave.com\/ro\/wp-json\/wp\/v2\/comments?post=13478"}],"wp:featuredmedia":[{"embeddable":true,"href":"https:\/\/www.infozdrave.com\/ro\/wp-json\/wp\/v2\/media\/3666"}],"wp:attachment":[{"href":"https:\/\/www.infozdrave.com\/ro\/wp-json\/wp\/v2\/media?parent=13478"}],"wp:term":[{"taxonomy":"product_brand","embeddable":true,"href":"https:\/\/www.infozdrave.com\/ro\/wp-json\/wp\/v2\/product_brand?post=13478"},{"taxonomy":"product_cat","embeddable":true,"href":"https:\/\/www.infozdrave.com\/ro\/wp-json\/wp\/v2\/product_cat?post=13478"},{"taxonomy":"product_tag","embeddable":true,"href":"https:\/\/www.infozdrave.com\/ro\/wp-json\/wp\/v2\/product_tag?post=13478"}],"curies":[{"name":"wp","href":"https:\/\/api.w.org\/{rel}","templated":true}]}}