{"id":13491,"date":"2023-07-24T23:51:01","date_gmt":"2023-07-24T20:51:01","guid":{"rendered":"https:\/\/www.infozdrave.com\/p\/benzi-de-ph-pentru-masurarea-aciditatii-2\/"},"modified":"2023-10-30T11:08:00","modified_gmt":"2023-10-30T09:08:00","slug":"benzi-de-ph-pentru-masurarea-aciditatii-2","status":"publish","type":"product","link":"https:\/\/www.infozdrave.com\/ro\/pr\/benzi-de-ph-pentru-masurarea-aciditatii-2\/","title":{"rendered":"benzi de pH pentru m\u0103surare pe aciditate"},"content":{"rendered":"<p><span lang=\"ro\" style=\"font-family: Montserrat;\">st\u00e2nc\u0103 pentru determinare de pH<\/span><\/p>\n<p><span lang=\"ro\" style=\"font-family: Montserrat;\">Mult sensibile \u0219i precise indica\u0163ie pentru alcalino-acide valorile<\/span><\/p>\n<p><span lang=\"ro\" style=\"font-family: Montserrat;\">Lat spectru pH 4 \u2013 pH 10,5<\/span><\/p>\n<p><span lang=\"ro\" style=\"font-family: Montserrat;\">Rezultat dup\u0103 15 secunde<\/span><\/p>\n<p><span lang=\"ro\" style=\"font-family: Montserrat;\">m\u0103rimea pe 1 band\u0103 : 6 cm \/ 1 cm<\/span><\/p>\n<p><span lang=\"ro\" style=\"font-family: Montserrat;\">Proishoi China<\/span><\/p>\n<p><span lang=\"ro\" style=\"font-family: Montserrat;\">Cel lat gam\u0103 pe scara (4 -10,5) face testul de turnesol panglic\u0103 mult sensibil\u0103 \u0219i foarte exacte la m\u0103surare a pH- ului de urina si de saliva .<\/span><\/p>\n","protected":false},"excerpt":{"rendered":"<h2><strong>Instruire pentru utilizare<\/strong><\/h2>\n<p>Scufunda Test banda din substanta , care voi tu testezi . Dup\u0103 jum\u0103tate o secunda scoate h\u00e2rtia . Cu ajutorul pe cel colorat scala , compara schimbarea pe culoarea pe testul de turnesol h\u00e2rtia , pentru da descoperi nivelul pe aciditate .<\/p>\n<p>1-6 Acid<\/p>\n<p>7 Neutru<\/p>\n<p>8-14 alcalin<\/p>\n<h2><strong>Not\u0103:<\/strong><\/h2>\n<p>La densitate pe lichidul inferior din benzile de 0,01%. Nu raport alcalinitatea sau aciditate .<\/p>\n<p>Stai h\u00e2rtia pe uscat loc si aerisit loc ( de la + 2 la + 30\u00b0C).<\/p>\n<p>De ce este at\u00e2t de mult ? important masuratoarea de pH?<\/p>\n<p>Exista puternic conexiune \u00eentre baz\u0103 acid\u0103 echilibru pe corp si sanatate pe persoana . pH cele de h\u00e2rtie benzi voi tu Ajutor da tu controlezi cel interior mediu inconjurator pe organism esti si da mentineti bun s\u0103n\u0103tate.Mai mult pentru acest cat de important este \u00eentre\u021binere pe alcalino-acide echilibru pe corpul , precum \u0219i pentru impactul pe cele diferite alimente care _ noi acceptam pe echilibrul , poate da citeste AICI:<\/p>\n<h2><strong>Cercetare pe urina<\/strong><\/h2>\n<p>Explora primul si al doilea urin\u0103 pentru ziua \u0219i scrie\u021bi-o media valoare . Loc pH banda in timp ce urina , se agit\u0103 rezidualul urin\u0103 \u0219i a\u0219teapt\u0103 15 secunde . La pH 5, urina este puternic\u0103 acid , la pH 7 este neutru ( nici acru nici alcalin ), iar la pH 9 este puternic alcalin .<\/p>\n<h2><strong>Cercetare pe saliv\u0103\u00a0<\/strong><\/h2>\n<p>F\u0103-o Test Dou\u0103 ora dup\u0103 mancand . \u00cen plastic linguri\u0163\u0103 vorbeste saliva , dip pH bar \u0219i a\u0219tepta\u021bi 15 secunde . Nu loc pH benzile direct in gura !<\/p>\n<p>PH de saliv\u0103 S.U.A d\u0103 informa\u021bie pentru \u00eentregul echilibru pH-ul \u00een organism noi .<\/p>\n<p>\u00cen saliv\u0103 exist\u0103 Mai mult acid dec\u00e2t \u00een s\u00e2nge , dar ea este o oglind\u0103 pe s\u00e2ngele , ca exclude momentele \u00een jurul masa , \u0219i este suficient bun indicator pentru conditia pe organism .<\/p>\n<p>Dup\u0103 hr\u0103nire pH pe saliv\u0103 de obicei Tot superior pe data de 7, i.e sau mai mult , bine mai alcalin . Dac\u0103 acest Nu sus , atunci corpul tu sufera din lipsa pe alcalin minerale , \u00een principal calciu si magneziu si nr da absorbit mancarea la fel de trebuie . Continuul deviere din normalul pH cauze boala .<\/p>\n<p>Dac\u0103 prin \u00eentregul zi pH pe saliv\u0103 ai intre 6.8 si 7.2+ deci corpul tu functioneaza in _ pe normalul pentru sanatate .<\/p>\n<p>C\u00e2t cost\u0103 valoarea pe A ta pH-ul este mai sc\u0103zut de la 7.0, asta e cu c\u00e2t gradul este mai mare pe cel acid suprasarcina . Verifica\u021bi \u0219i \u00eenregistra\u021bi al lui pH-ul continuat _ pe c\u00e2\u021biva s\u0103pt\u0103m\u00e2ni - diminea\u021ba , imediat de \u00eendat\u0103 ce deveni , dup\u0103 pr\u00e2nz \u0219i cin\u0103 , \u00eenainte mergand la culcare . Asa de voi vezi cum _ Tot Schimbare curba pe a ta pH .<\/p>\n<p>La cel mai copii testul de turnesol Tot se aprinde _ verde , pH 7,5. La Mai mult din jum\u0103tate din adul\u021bi - \u00een verde-galben , pH 6,5 sau mai jos , care Tot datoreaz\u0103 pe calciu deficit \u015fi mod pe viata .<\/p>\n<h2><strong>Boli la acru pH<\/strong><\/h2>\n<p>La oncologic bolnav pacientii de obicei h\u00e2rtia Tot devine galben , pH 5. Canceros _ celule Nu ei pot da exist\u0103 \u00een alcalin mediu . Toate forme pe artrit\u0103 de asemenea sunt asociat cu excesul din aciditate .<\/p>\n<p>Pe practic\u0103 toate degenerative boli , inclusiv cancer , osteoporoz\u0103 , artrit\u0103 , cardiac\u0103 boli renale \u0219i biliare _ pietre , carii sunt asociat cu excesul din aciditate \u00een organism.<\/p>\n","protected":false},"featured_media":14305,"comment_status":"closed","ping_status":"closed","template":"","meta":{"_acf_changed":false,"_seopress_robots_primary_cat":"none","_seopress_titles_title":"","_seopress_titles_desc":"","_seopress_robots_index":""},"product_brand":[],"product_cat":[5106],"product_tag":[],"class_list":{"0":"post-13491","1":"product","2":"type-product","3":"status-publish","4":"has-post-thumbnail","6":"product_cat-plasturi-de-detoxifiere","7":"pa_oldid-268-ro","8":"pa_oldurlbg-https-www-infozdrave-com-ph-lenti-za-izmervane-na-kiselinnost-comarticle268bg-ro","9":"pa_oldurlel-https-www-infozdrave-com--ph------ro","10":"pa_oldurlen-https-www-infozdrave-com-ph-strips-for-measuring-acidity-ro","11":"pa_oldurlro-https-www-infozdrave-com-benzi-de-ph-pentru-masurarea-aciditatii-comarticle268ro-ro","12":"pif-has-gallery","14":"first","15":"instock","16":"purchasable","17":"product-type-simple"},"acf":[],"_links":{"self":[{"href":"https:\/\/www.infozdrave.com\/ro\/wp-json\/wp\/v2\/product\/13491","targetHints":{"allow":["GET"]}}],"collection":[{"href":"https:\/\/www.infozdrave.com\/ro\/wp-json\/wp\/v2\/product"}],"about":[{"href":"https:\/\/www.infozdrave.com\/ro\/wp-json\/wp\/v2\/types\/product"}],"replies":[{"embeddable":true,"href":"https:\/\/www.infozdrave.com\/ro\/wp-json\/wp\/v2\/comments?post=13491"}],"wp:featuredmedia":[{"embeddable":true,"href":"https:\/\/www.infozdrave.com\/ro\/wp-json\/wp\/v2\/media\/14305"}],"wp:attachment":[{"href":"https:\/\/www.infozdrave.com\/ro\/wp-json\/wp\/v2\/media?parent=13491"}],"wp:term":[{"taxonomy":"product_brand","embeddable":true,"href":"https:\/\/www.infozdrave.com\/ro\/wp-json\/wp\/v2\/product_brand?post=13491"},{"taxonomy":"product_cat","embeddable":true,"href":"https:\/\/www.infozdrave.com\/ro\/wp-json\/wp\/v2\/product_cat?post=13491"},{"taxonomy":"product_tag","embeddable":true,"href":"https:\/\/www.infozdrave.com\/ro\/wp-json\/wp\/v2\/product_tag?post=13491"}],"curies":[{"name":"wp","href":"https:\/\/api.w.org\/{rel}","templated":true}]}}