{"id":13676,"date":"2023-07-24T23:51:40","date_gmt":"2023-07-24T20:51:40","guid":{"rendered":"https:\/\/www.infozdrave.com\/p\/vas-de-apa-cu-hidrogen-cu-functie-de-ciclon\/"},"modified":"2023-11-14T10:36:48","modified_gmt":"2023-11-14T08:36:48","slug":"vas-de-apa-cu-hidrogen-cu-functie-de-ciclon","status":"publish","type":"product","link":"https:\/\/www.infozdrave.com\/ro\/pr\/vas-de-apa-cu-hidrogen-cu-functie-de-ciclon\/","title":{"rendered":"Urcior de ap\u0103 cu hidrogen cu func\u021bie Cyclone"},"content":{"rendered":"<h3><strong>VASOA DE AP\u0102 HIDROGEN CU FUNC\u021aIE DE CICLON<\/strong><\/h3>\n<ul>\n<li>Urcior 2 CP: 120 x 205 x 250 mm<\/li>\n<li>Filtru de lung\u0103 durat\u0103 \u00eenlocuibil, absoarbe clorul rezidual din ap\u0103<\/li>\n<li>Titan - electrozi de platin\u0103<\/li>\n<li>Consum redus de energie, eficien\u021b\u0103 ridicat\u0103<\/li>\n<li>\u00cembog\u0103\u021birea cu hidrogen molecular<\/li>\n<li>Ionizator de ap\u0103 - \u00eembog\u0103\u021be\u0219te apa cu ioni negativi de hidrogen<\/li>\n<li>Butoane sensibile \u0219i auto-cur\u0103\u021bare automat\u0103<\/li>\n<li>Electroliz\u0103 de mare putere, consum redus de energie<\/li>\n<li>Alimentare DC 12V<\/li>\n<li>Putere 15W<\/li>\n<\/ul>\n","protected":false},"excerpt":{"rendered":"<h2 style=\"text-align: center;\"><strong>VASOA DE AP\u0102 HIDROGEN CU FUNC\u021aIE DE CICLON<\/strong><\/h2>\n<p>Fierb\u0103torul de ap\u0103 Cyclone Hydrogen atrage o aten\u021bie din ce \u00een ce mai mare \u00eentr-o serie de domenii de s\u0103n\u0103tate \u0219i fitness datorit\u0103 beneficiilor sale poten\u021biale pentru organism. Apa cu hidrogen este bogat\u0103 \u00een hidrogen molecular, care este un antioxidant puternic cu capacitatea de a reduce radicalii liberi din organism \u0219i de a cre\u0219te stresul oxidativ. C\u00e2nd este consumat, hidrogenul este absorbit rapid \u0219i u\u0219or de celulele \u0219i organele din organism, permi\u021b\u00e2ndu-i s\u0103-\u0219i \u00eendeplineasc\u0103 func\u021biile benefice.<\/p>\n<h2><strong>BENEFICII ALE APEI DE HIDROGEN<\/strong><\/h2>\n<h3><strong>\u00ceMBUN\u0102T\u0102\u021aAREA METABOLISMULUI ENERGETIC GENERAL<\/strong><\/h3>\n<p>Unul dintre principalele motive pentru a lua ap\u0103 cu hidrogen este \u00eembun\u0103t\u0103\u021birea metabolismului energetic general din organism. Hidrogenul joac\u0103 un rol important \u00een transformarea alimentelor \u00een energie prin procesul de oxidare. Drept urmare, consumul de ap\u0103 cu hidrogen poate cre\u0219te nivelul de energie \u0219i rezisten\u021ba organismului, ceea ce este benefic \u00een special pentru sportivi \u0219i pasiona\u021bii de fitness.<\/p>\n<h3><strong>PROPRIET\u0102\u021aI ANTIINFLAMATORIE<\/strong><\/h3>\n<p>Apa cu hidrogen are propriet\u0103\u021bi antiinflamatorii care ajut\u0103 la o serie de afec\u021biuni de s\u0103n\u0103tate. Acest lucru este posibil datorit\u0103 capacit\u0103\u021bii hidrogenului de a regla produc\u021bia de mediatori inflamatori a organismului, reduc\u00e2nd \u00een acela\u0219i timp inflama\u021bia. Astfel, apa poate fi folosit\u0103 ca metod\u0103 suplimentar\u0103 pentru ameliorarea durerii \u0219i reducerea proceselor inflamatorii asociate cu boli cronice precum artrita, astmul \u0219i oboseala cronic\u0103.<\/p>\n<h3><strong>EFECT POZITIV ASUPRA SISTEMULUI IMUNO<\/strong><\/h3>\n<p>Apa cu hidrogen are, de asemenea, un efect pozitiv asupra sistemului imunitar. Hidrogenul molecular are un efect benefic asupra func\u021bion\u0103rii sistemului imunitar, deoarece poate \u00eembun\u0103t\u0103\u021bi produc\u021bia de celule imunologice \u0219i poate regla r\u0103spunsul imunitar al organismului. Acest lucru \u00eel face util \u00een \u00eembun\u0103t\u0103\u021birea imunit\u0103\u021bii \u0219i a rezisten\u021bei organismului \u00eempotriva infec\u021biilor \u0219i bolilor.<\/p>\n<h3><strong>ALTE BENEFICII ALE APEI DE HIDROGEN<\/strong><\/h3>\n<p>Alte beneficii poten\u021biale ale utiliz\u0103rii apei cu hidrogen pot include hidratarea celular\u0103 \u00eembun\u0103t\u0103\u021bit\u0103, reducerea stresului oxidativ, digestia \u00eembun\u0103t\u0103\u021bit\u0103 \u0219i prevenirea \u00eemb\u0103tr\u00e2nirii premature.<\/p>\n<h3><strong>MAI MULT<\/strong><\/h3>\n<p>Un fierb\u0103tor de ap\u0103 cu hidrogen poate oferi numeroase beneficii pentru s\u0103n\u0103tate, cum ar fi \u00eembun\u0103t\u0103\u021birea metabolismului energetic, reglarea proceselor inflamatorii, cre\u0219terea imunit\u0103\u021bii \u0219i \u00eembun\u0103t\u0103\u021birea hidrat\u0103rii celulare. Cu toate acestea, \u00eenainte de a \u00eencepe s\u0103 utiliza\u021bi ap\u0103 cu hidrogen, este important s\u0103 consulta\u021bi un specialist sau un medic pentru a v\u0103 asigura c\u0103 este potrivit\u0103 pentru dvs. \u0219i c\u0103 nu interac\u021bioneaz\u0103 cu nicio afec\u021biune medical\u0103 curent\u0103 sau terapie medicamentoas\u0103.<\/p>\n<h2><strong>BENEFICII ALE VASOULUI DE AP\u0102 HIDROGEN<\/strong><\/h2>\n<p>Urciorul cu ap\u0103 cu hidrogen filtreaz\u0103, alcalinizeaz\u0103 \u0219i restructureaz\u0103 apa potabil\u0103. Func\u021bioneaz\u0103 prin filtrarea apei cu filtrul \u00eenlocuibil de sulfit de calciu, \u00eendep\u0103rt\u00e2nd compu\u0219ii de clor, fluor \u0219i var. Urm\u0103torul pas este \u00eembog\u0103\u021birea apei cu hidrogen molecular, folosind cea mai recent\u0103 tehnologie japonez\u0103.<\/p>\n<h2><strong>CARACTERISTICI ALE APEI DE HIDROGEN PRODUS DE MANCHETA DE AP\u0102 DE HIDROGEN CU FUNC\u021aIE DE CICLON<\/strong><\/h2>\n<ul>\n<li>Se adaug\u0103 atomi de hidrogen, elimin\u00e2nd radicalii liberi nocivi din organism.<\/li>\n<li>Are -300 ppm (poten\u0163ial de oxidare-reducere). Acest indice arat\u0103 c\u0103 apa are un poten\u021bial bun de a elimina compu\u0219ii acizi toxici din organism.<\/li>\n<li>Este un antioxidant puternic.<\/li>\n<li>Hidrateaz\u0103 mai bine organismul, ceea ce ofer\u0103 un tonus mai bun \u0219i mai mult\u0103 energie.<\/li>\n<li>Neutralizeaz\u0103 efectele nocive ale abuzului de alcool \u0219i ale alimentelor nes\u0103n\u0103toase.<\/li>\n<li>Ajut\u0103 la dep\u0103\u0219irea stresului.<\/li>\n<li>Protejeaz\u0103 \u00eempotriva bolilor.<\/li>\n<li>Func\u021bia ciclon imit\u0103 mi\u0219carea apei \u00een p\u0103m\u00e2nt.<\/li>\n<li>Func\u021bia Ciclon \u00eenv\u00e2rte apa \u0219i sus\u021bine \u00eembog\u0103\u021birea \u0219i structurarea uniform\u0103 a hidrogenului.<\/li>\n<\/ul>\n<p>Nu este un dispozitiv medical. Consulta\u021bi-v\u0103 medicul pentru tratament.<\/p>\n","protected":false},"featured_media":3952,"comment_status":"closed","ping_status":"closed","template":"","meta":{"_acf_changed":false,"_seopress_robots_primary_cat":"none","_seopress_titles_title":"","_seopress_titles_desc":"","_seopress_robots_index":""},"product_brand":[],"product_cat":[5118],"product_tag":[],"class_list":{"0":"post-13676","1":"product","2":"type-product","3":"status-publish","4":"has-post-thumbnail","6":"product_cat-apa-sanatoasa","7":"pa_garantsia-24-ro","8":"pa_oldid-300-ro","9":"pa_oldurlbg-https-www-infozdrave-com-kana-za-vodorodna-voda-s-funkciya-ciklon-ro","10":"pa_oldurlel-https-www-infozdrave-com------ro","11":"pa_oldurlen-https-www-infozdrave-com-hydrogen-water-jug-with-cyclone-function-ro","12":"pa_oldurlro-https-www-infozdrave-com-vas-de-apa-cu-hidrogen-cu-functie-de-ciclon-ro","13":"pif-has-gallery","15":"first","16":"outofstock","17":"purchasable","18":"product-type-simple"},"acf":[],"_links":{"self":[{"href":"https:\/\/www.infozdrave.com\/ro\/wp-json\/wp\/v2\/product\/13676","targetHints":{"allow":["GET"]}}],"collection":[{"href":"https:\/\/www.infozdrave.com\/ro\/wp-json\/wp\/v2\/product"}],"about":[{"href":"https:\/\/www.infozdrave.com\/ro\/wp-json\/wp\/v2\/types\/product"}],"replies":[{"embeddable":true,"href":"https:\/\/www.infozdrave.com\/ro\/wp-json\/wp\/v2\/comments?post=13676"}],"wp:featuredmedia":[{"embeddable":true,"href":"https:\/\/www.infozdrave.com\/ro\/wp-json\/wp\/v2\/media\/3952"}],"wp:attachment":[{"href":"https:\/\/www.infozdrave.com\/ro\/wp-json\/wp\/v2\/media?parent=13676"}],"wp:term":[{"taxonomy":"product_brand","embeddable":true,"href":"https:\/\/www.infozdrave.com\/ro\/wp-json\/wp\/v2\/product_brand?post=13676"},{"taxonomy":"product_cat","embeddable":true,"href":"https:\/\/www.infozdrave.com\/ro\/wp-json\/wp\/v2\/product_cat?post=13676"},{"taxonomy":"product_tag","embeddable":true,"href":"https:\/\/www.infozdrave.com\/ro\/wp-json\/wp\/v2\/product_tag?post=13676"}],"curies":[{"name":"wp","href":"https:\/\/api.w.org\/{rel}","templated":true}]}}