{"id":13685,"date":"2023-07-24T23:51:40","date_gmt":"2023-07-24T20:51:40","guid":{"rendered":"https:\/\/www.infozdrave.com\/p\/far-cu\/"},"modified":"2023-10-30T12:57:55","modified_gmt":"2023-10-30T10:57:55","slug":"far-cu","status":"publish","type":"product","link":"https:\/\/www.infozdrave.com\/ro\/pr\/far-cu\/","title":{"rendered":"Far cu"},"content":{"rendered":"<h2>FARU LED 3W<\/h2>\n<ul>\n<li>1 LED central<\/li>\n<li>2 LED-uri laterale<\/li>\n<li>iluminare p\u00e2n\u0103 la 150 de metri<\/li>\n<li>3 op\u021biuni de iluminare - slab, puternic, intermitent<\/li>\n<li>Rezistenta la apa<\/li>\n<li>Casca compacta si usoara<\/li>\n<li>putere 3W<\/li>\n<\/ul>\n<h2>CARACTERISTICI TEHNICE<\/h2>\n<ul>\n<li>Material: plastic ABS<\/li>\n<li>Culoare caroserie: Negru<\/li>\n<li>Lumin\u0103 LED: COB<\/li>\n<li>LUMENI: 200<\/li>\n<li>Rezistenta la apa: IPX-4<\/li>\n<li>Unghi de reglare a perechii: 70 de grade<\/li>\n<li>Tip de iluminare: LED COB<\/li>\n<li>Durata de via\u021b\u0103 a diodei: 100.000 ore<\/li>\n<\/ul>\n<h2>3 MODURI DE LUCRU<\/h2>\n<ul>\n<li>Central doar la 100%<\/li>\n<li>Toate centrale + laterale<\/li>\n<li>Toate modul Strobe<\/li>\n<li>Un buton pornit\/oprit<\/li>\n<li>Band\u0103 pentru cap reglabil\u0103<\/li>\n<li>Alimentare: 3 baterii AAA, R03 1.5V\\<\/li>\n<li>Dimensiuni: 63x43x35mm<\/li>\n<li>Greutate: 68 grame<\/li>\n<\/ul>\n<h2>A STABILIT<\/h2>\n<ul>\n<li>1 bucata. Far COB LED<\/li>\n<li>1 bucata. Bentita moale<\/li>\n<li>3 baterii AAA 1.5V<\/li>\n<\/ul>\n","protected":false},"excerpt":{"rendered":"<h2 style=\"text-align: center;\"><strong>FAUR DE INTENSITATE MARE SUFENT DE PUTERNIC\u0102 PENTRU ILUMINAT EXTERIOR SAU INTERIOR<\/strong><\/h2>\n<h2><strong>FARU LED 3W<\/strong><\/h2>\n<ul>\n<li>1 LED central<\/li>\n<li>2 LED-uri laterale, iluminare p\u00e2n\u0103 la 150 de metri,<\/li>\n<li>diferite moduri de func\u021bionare \u0219i rezisten\u021b\u0103 la ap\u0103<\/li>\n<\/ul>\n<h2><strong>FARU LED DE MARE INTENSITATE<\/strong><\/h2>\n<ul>\n<li>Suficient de puternic pentru iluminatul exterior \u0219i interior<\/li>\n<li>Lamp\u0103 frontal\u0103 compact\u0103 \u0219i u\u0219oar\u0103 cu putere LED COB de 3W<\/li>\n<li>Moduri de iluminare - 3 op\u021biuni.<\/li>\n<\/ul>\n<h2><strong>DATE TEHNICE<\/strong><\/h2>\n<ul>\n<li>Material: plastic ABS<\/li>\n<li>Culoare caroserie: Negru<\/li>\n<li>Lumin\u0103 LED: COB<\/li>\n<li>Putere: 3W<\/li>\n<li>LUMENI: 200<\/li>\n<li>Distan\u021b\u0103: p\u00e2n\u0103 la 150 de metri<\/li>\n<li>Rezistenta la apa: IPX-4<\/li>\n<li>Unghi de reglare a perechii: 70 de grade<\/li>\n<li>Tip de iluminare: LED COB<\/li>\n<li>Durata de via\u021b\u0103 a diodei: 100.000 ore<\/li>\n<\/ul>\n<h2><strong>3 MODURI DE LUCRU<\/strong><\/h2>\n<ul>\n<li>Central doar la 100%<\/li>\n<li>Toate - central + lateral<\/li>\n<li>Un buton pornit\/oprit<\/li>\n<li>Band\u0103 pentru cap reglabil\u0103<\/li>\n<li>Alimentare: 3 baterii AAA, R03 1.5V<\/li>\n<li>Dimensiuni: 63x43x35mm<\/li>\n<li>Greutate: 68 grame<\/li>\n<\/ul>\n<h2><strong>A STABILIT<\/strong><\/h2>\n<ul>\n<li>1 bucata. Far COB LED<\/li>\n<li>1 bucata. Bentita moale<\/li>\n<li>3 baterii AAA 1.5V<\/li>\n<\/ul>\n","protected":false},"featured_media":3961,"comment_status":"closed","ping_status":"closed","template":"","meta":{"_acf_changed":false,"_seopress_robots_primary_cat":"none","_seopress_titles_title":"","_seopress_titles_desc":"","_seopress_robots_index":""},"product_brand":[],"product_cat":[5165],"product_tag":[],"class_list":{"0":"post-13685","1":"product","2":"type-product","3":"status-publish","4":"has-post-thumbnail","6":"product_cat-far","7":"pa_oldid-301-ro","8":"pa_oldurlbg-https-www-infozdrave-com-chelnik-ro","9":"pa_oldurlel-https-www-infozdrave-com--ro","10":"pa_oldurlen-https-www-infozdrave-com-headlamp-ro","11":"pa_oldurlro-https-www-infozdrave-com-far-cu-ro","13":"first","14":"instock","15":"purchasable","16":"product-type-simple"},"acf":[],"_links":{"self":[{"href":"https:\/\/www.infozdrave.com\/ro\/wp-json\/wp\/v2\/product\/13685","targetHints":{"allow":["GET"]}}],"collection":[{"href":"https:\/\/www.infozdrave.com\/ro\/wp-json\/wp\/v2\/product"}],"about":[{"href":"https:\/\/www.infozdrave.com\/ro\/wp-json\/wp\/v2\/types\/product"}],"replies":[{"embeddable":true,"href":"https:\/\/www.infozdrave.com\/ro\/wp-json\/wp\/v2\/comments?post=13685"}],"wp:featuredmedia":[{"embeddable":true,"href":"https:\/\/www.infozdrave.com\/ro\/wp-json\/wp\/v2\/media\/3961"}],"wp:attachment":[{"href":"https:\/\/www.infozdrave.com\/ro\/wp-json\/wp\/v2\/media?parent=13685"}],"wp:term":[{"taxonomy":"product_brand","embeddable":true,"href":"https:\/\/www.infozdrave.com\/ro\/wp-json\/wp\/v2\/product_brand?post=13685"},{"taxonomy":"product_cat","embeddable":true,"href":"https:\/\/www.infozdrave.com\/ro\/wp-json\/wp\/v2\/product_cat?post=13685"},{"taxonomy":"product_tag","embeddable":true,"href":"https:\/\/www.infozdrave.com\/ro\/wp-json\/wp\/v2\/product_tag?post=13685"}],"curies":[{"name":"wp","href":"https:\/\/api.w.org\/{rel}","templated":true}]}}