{"id":13883,"date":"2023-07-24T23:52:34","date_gmt":"2023-07-24T20:52:34","guid":{"rendered":"https:\/\/www.infozdrave.com\/p\/prolact-biostim-300-g\/"},"modified":"2023-08-18T19:29:58","modified_gmt":"2023-08-18T16:29:58","slug":"prolact-biostim-300-g","status":"publish","type":"product","link":"https:\/\/www.infozdrave.com\/ro\/pr\/prolact-biostim-300-g\/","title":{"rendered":"Prolact BIOSTIM 300 g"},"content":{"rendered":"<p><em><strong>ProLact BioStim<\/strong> a fost ini\u021bial dezvoltat pentru programul spa\u021bial interna\u021bional InterCosmos ca aliment special, de c\u0103tre o echip\u0103 de oameni de \u0219tiin\u021b\u0103 de renume. A fost folosit pentru prima dat\u0103 &icirc;ntr-o misiune spa\u021bial\u0103 &icirc;n 1988. Ulterior, produsul a fost declasificat \u0219i pus la dispozi\u021bie pentru utilizare gratuit\u0103.<\/em><\/p>\n<p><strong>ProLact BioStim<\/strong> este un supliment alimentar func\u021bional cu probiotice uscate, cu con\u021binut sc\u0103zut de lactoz\u0103, derivat din laptele de vac\u0103 prin fermentarea acidului lactic \u0219i liofilizare. ProLact Biostim este o form\u0103 concentrat\u0103 de iaurt tradi\u021bional bulgar. Bacteriile benefice au rezisten\u021b\u0103 maxim\u0103 \u0219i supravie\u021buire &icirc;n timpul depozit\u0103rii, chiar \u0219i la temperatura camerei. Dup\u0103 dizolvare \u0219i trecerea prin tractul gastro-intestinal, bacteriile benefice ating biodisponibilitatea maxim\u0103 \u0219i un efect probiotic puternic.<\/p>\n<p>Doza zilnic\u0103 recomandat\u0103 de 5 linguri de m\u0103surare (10 g) &icirc;nainte de mese. Nu exist\u0103 restric\u021bii privind timpul de administrare a dozei zilnice. Produsul este dizolvat &icirc;n ap\u0103, lapte, iaurt sau alt lichid cu o temperatur\u0103 nu mai mare de 50 &deg; C p&acirc;n\u0103 la densitatea dorit\u0103. Se consum\u0103 f\u0103r\u0103 tratament termic suplimentar pentru a p\u0103stra tulpinile probiotice. De asemenea, poate fi consumat direct sub form\u0103 uscat\u0103. Nu exist\u0103 restric\u021bii privind timpul de administrare a dozei zilnice.<\/p>\n<p><strong>ProLact BioStim<\/strong><\/p>\n<p>este un produs complet natural \u0219i nu con\u021bine microorganisme modificate genetic, gluten, colesterol, coloran\u021bi artificiali, soia, nuci \u0219i conservan\u021bi.<\/p>\n<p><strong>O doz\u0103 zilnic\u0103 de 10 g con\u021bine:<\/strong><br \/>Con\u021bine 10 miliarde CFU de tulpini probiotice de Lactobacillus delbrueckii spp. bulgaricus \u0219i Streptococcus thermophilus sub forma unui produs probiotic uscat. Proteine \u200b\u200btotale: 3,6 g, (inclusiv amestec de aminoacizi: cistin\u0103, izoleucin\u0103, leucin\u0103, lizin\u0103, metionin\u0103, fenilalanin\u0103, treonin\u0103, triptofan, tirozin\u0103, valin\u0103, alanin\u0103, arginin\u0103, acid aspartic, acid glumic, glicin\u0103, histidin\u0103 prolin, serin\u0103, Lisinoalanin\u0103); Gr\u0103sime: 2,0 g; Glucide: 3,7 g; Pectin\u0103: 0,1 g; Ap\u0103: p&acirc;n\u0103 la 0,6 g; Calciu: 150 mg; Potasiu: 150 mg; Fosfor: 78 mg; Fier: 1,4 mg; Vitamina D: 5 ug; Vitamina B2: 150 ug; Vitamina B1: 20 ug; Vitamina A: 20 &micro;g RE; Valoare energetic\u0103: 45 Kcal.<\/p>\n<p>Contraindica\u021bii: intoleran\u021b\u0103 la oricare dintre ingredientele produsului. Alergeni: Con\u021bine lactoz\u0103, proteine \u200b\u200bdin lapte!<\/p>\n","protected":false},"excerpt":{"rendered":"<ul>\n<li>&Icirc;nt\u0103re\u0219te ap\u0103rarea natural\u0103 a corpului;<\/li>\n<li>Con\u021binut\u0103 de vitamina D natural\u0103, contribuie la func\u021bionarea normal\u0103 a sistemului imunitar;<\/li>\n<li>Ac\u021bioneaz\u0103 ca imunostimulator \u0219i imunomodulator.<\/li>\n<\/ul>\n<div id=\"gtx-trans\" style=\"position: absolute; left: 62px; top: -20px;\">&nbsp;<\/div>\n","protected":false},"featured_media":13884,"comment_status":"closed","ping_status":"open","template":"","meta":{"_acf_changed":false,"_seopress_robots_primary_cat":"","_seopress_titles_title":"","_seopress_titles_desc":"","_seopress_robots_index":""},"product_brand":[],"product_cat":[5132],"product_tag":[],"class_list":{"0":"post-13883","1":"product","2":"type-product","3":"status-publish","4":"has-post-thumbnail","6":"product_cat-alimentele-probiotice","7":"pa_oldid-312-ro","8":"pa_oldurlbg-https-www-infozdrave-com-probiotik-biostim-300-g-ro","9":"pa_oldurlel-https-www-infozdrave-com-comarticle312el-ro","10":"pa_oldurlen-https-www-infozdrave-com-comarticle312en-ro","11":"pa_oldurlro-https-www-infozdrave-com-prolact-biostim-300-g-ro","13":"first","14":"instock","15":"purchasable","16":"product-type-simple"},"acf":[],"_links":{"self":[{"href":"https:\/\/www.infozdrave.com\/ro\/wp-json\/wp\/v2\/product\/13883","targetHints":{"allow":["GET"]}}],"collection":[{"href":"https:\/\/www.infozdrave.com\/ro\/wp-json\/wp\/v2\/product"}],"about":[{"href":"https:\/\/www.infozdrave.com\/ro\/wp-json\/wp\/v2\/types\/product"}],"replies":[{"embeddable":true,"href":"https:\/\/www.infozdrave.com\/ro\/wp-json\/wp\/v2\/comments?post=13883"}],"wp:featuredmedia":[{"embeddable":true,"href":"https:\/\/www.infozdrave.com\/ro\/wp-json\/wp\/v2\/media\/13884"}],"wp:attachment":[{"href":"https:\/\/www.infozdrave.com\/ro\/wp-json\/wp\/v2\/media?parent=13883"}],"wp:term":[{"taxonomy":"product_brand","embeddable":true,"href":"https:\/\/www.infozdrave.com\/ro\/wp-json\/wp\/v2\/product_brand?post=13883"},{"taxonomy":"product_cat","embeddable":true,"href":"https:\/\/www.infozdrave.com\/ro\/wp-json\/wp\/v2\/product_cat?post=13883"},{"taxonomy":"product_tag","embeddable":true,"href":"https:\/\/www.infozdrave.com\/ro\/wp-json\/wp\/v2\/product_tag?post=13883"}],"curies":[{"name":"wp","href":"https:\/\/api.w.org\/{rel}","templated":true}]}}