{"id":13893,"date":"2023-07-24T23:52:34","date_gmt":"2023-07-24T20:52:34","guid":{"rendered":"https:\/\/www.infozdrave.com\/p\/prolact-slim-300-g\/"},"modified":"2023-08-18T19:29:59","modified_gmt":"2023-08-18T16:29:59","slug":"prolact-slim-300-g","status":"publish","type":"product","link":"https:\/\/www.infozdrave.com\/ro\/pr\/prolact-slim-300-g\/","title":{"rendered":"Prolact SLIM 300 g"},"content":{"rendered":"<p><em><strong>ProLact Slim<\/strong> a fost ini\u021bial dezvoltat pentru programul spa\u021bial interna\u021bional InterCosmos ca aliment special, de c\u0103tre o echip\u0103 de oameni de \u0219tiin\u021b\u0103 de renume. A fost folosit pentru prima dat\u0103 &icirc;ntr-o misiune spa\u021bial\u0103 &icirc;n 1988. Ulterior, produsul a fost declasificat \u0219i pus la dispozi\u021bie pentru utilizare gratuit\u0103.<\/em><\/p>\n<p>ProLact Slim este un supliment alimentar func\u021bional probiotic uscat cu lactoz\u0103 sc\u0103zut\u0103 pentru metabolism normal, reduc&acirc;nd foamea \u0219i cresc&acirc;nd senza\u021bia de sa\u021bietate ob\u021binut\u0103 din laptele de vac\u0103 prin fermentarea acidului lactic \u0219i liofilizare. <strong>ProLact Slim<\/strong> este o form\u0103 concentrat\u0103 de iaurt tradi\u021bional bulgar. Bacteriile benefice au rezisten\u021b\u0103 maxim\u0103 \u0219i supravie\u021buire &icirc;n timpul depozit\u0103rii, chiar \u0219i la temperatura camerei. Dup\u0103 dizolvare \u0219i trecerea prin tractul gastro-intestinal, bacteriile benefice ating biodisponibilitatea maxim\u0103 \u0219i un efect probiotic puternic. Enzimele con\u021binute &icirc;n papaya ajut\u0103 la controlul greut\u0103\u021bii. &Icirc;mbog\u0103\u021bit suplimentar cu fructe de grapefruit \u0219i pepene galben liofilizate, care &icirc;n combina\u021bie cu probioticul ajung mai u\u0219or \u0219i mai rapid la celulele corpului, ajut&acirc;nd &icirc;n continuare la arderea gr\u0103similor \u0219i la men\u021binerea unei greut\u0103\u021bi corporale normale.<\/p>\n<p><strong>ProLact Slim<\/strong> este un produs natural \u0219i nu con\u021bine microorganisme modificate genetic, gluten, colesterol, coloran\u021bi artificiali, soia, nuci \u0219i conservan\u021bi.<\/p>\n<p><strong>O doz\u0103 zilnic\u0103 de 10 g con\u021bine:<\/strong><br \/>Con\u021bine 5 miliarde CFU de tulpini probiotice de Lactobacillus delbrueckii spp. bulgaricus \u0219i Streptococcus thermophilus sub forma unui produs probiotic uscat. Proteine \u200b\u200btotale: 3,0 g, (inclusiv amestec de aminoacizi: cistin\u0103, izoleucin\u0103, leucin\u0103, lizin\u0103, metionin\u0103, fenilalanin\u0103, treonin\u0103, triptofan, tirozin\u0103, valin\u0103, alanin\u0103, arginin\u0103, acid aspartic, acid glumic, glicin\u0103, histidin\u0103, histidin\u0103, proline , Serin\u0103, Lisinoalanin\u0103); Gr\u0103sime: 0,5 g; Carbohidra\u021bi: 6,0 g, inclusiv firme naturale: 4 g; Pectin\u0103: 0,1 g; Ap\u0103: p&acirc;n\u0103 la 0,4 g; Calciu: 110 mg; Potasiu: 150 mg; Fosfor: 95 mg; Fier: 1,4 mg; Magnezie: 22 mg; Zinc: 0,01 mg; Vitamina D: 5 ug; Vitamina B2: 150 ug; Vitamina B1: 23 ug; Vitamina A: 50 &micro;g RE; Vitamina C: 2 mg; Vitamina B6: 6 ug; Vitamina E: 0,47 mg? TE; Vitamina K: 4 ug; Fruct de papaya liofilizat: 2,1 g; Grapefruit liofilizat: 1,5 g; Fruct pepene galben liofilizat: 1,5 g; Valoare energetic\u0103: 56 Kcal.<\/p>\n<p>Contraindica\u021bii: intoleran\u021b\u0103 la oricare dintre ingredientele produsului. Alergeni: Con\u021bine lactoz\u0103, proteine \u200b\u200bdin lapte!<\/p>\n<div id=\"gtx-trans\" style=\"position: absolute; left: 141px; top: 112.4px;\">&nbsp;<\/div>\n","protected":false},"excerpt":{"rendered":"<ul>\n<li>Probioticele \u0219i fructele ajut\u0103 la metabolismul normal;<\/li>\n<li>Reduce foamea \u0219i cre\u0219te senza\u021bia de sa\u021bietate;<\/li>\n<li>Enzimele fructelor ajut\u0103 la descompunerea normal\u0103 a gr\u0103similor;<\/li>\n<li>Ajut\u0103 la men\u021binerea pielii frumoase \u0219i netede.<\/li>\n<\/ul>\n","protected":false},"featured_media":13894,"comment_status":"closed","ping_status":"open","template":"","meta":{"_acf_changed":false,"_seopress_robots_primary_cat":"","_seopress_titles_title":"","_seopress_titles_desc":"","_seopress_robots_index":""},"product_brand":[],"product_cat":[5132],"product_tag":[],"class_list":{"0":"post-13893","1":"product","2":"type-product","3":"status-publish","4":"has-post-thumbnail","6":"product_cat-alimentele-probiotice","7":"pa_oldid-314-ro","8":"pa_oldurlbg-https-www-infozdrave-com-probiotik-slim-300-g-ro","9":"pa_oldurlel-https-www-infozdrave-com-comarticle314el-ro","10":"pa_oldurlen-https-www-infozdrave-com-comarticle314en-ro","11":"pa_oldurlro-https-www-infozdrave-com-prolact-slim-300-g-ro","13":"first","14":"instock","15":"purchasable","16":"product-type-simple"},"acf":[],"_links":{"self":[{"href":"https:\/\/www.infozdrave.com\/ro\/wp-json\/wp\/v2\/product\/13893","targetHints":{"allow":["GET"]}}],"collection":[{"href":"https:\/\/www.infozdrave.com\/ro\/wp-json\/wp\/v2\/product"}],"about":[{"href":"https:\/\/www.infozdrave.com\/ro\/wp-json\/wp\/v2\/types\/product"}],"replies":[{"embeddable":true,"href":"https:\/\/www.infozdrave.com\/ro\/wp-json\/wp\/v2\/comments?post=13893"}],"wp:featuredmedia":[{"embeddable":true,"href":"https:\/\/www.infozdrave.com\/ro\/wp-json\/wp\/v2\/media\/13894"}],"wp:attachment":[{"href":"https:\/\/www.infozdrave.com\/ro\/wp-json\/wp\/v2\/media?parent=13893"}],"wp:term":[{"taxonomy":"product_brand","embeddable":true,"href":"https:\/\/www.infozdrave.com\/ro\/wp-json\/wp\/v2\/product_brand?post=13893"},{"taxonomy":"product_cat","embeddable":true,"href":"https:\/\/www.infozdrave.com\/ro\/wp-json\/wp\/v2\/product_cat?post=13893"},{"taxonomy":"product_tag","embeddable":true,"href":"https:\/\/www.infozdrave.com\/ro\/wp-json\/wp\/v2\/product_tag?post=13893"}],"curies":[{"name":"wp","href":"https:\/\/api.w.org\/{rel}","templated":true}]}}