{"id":13908,"date":"2023-07-24T23:52:34","date_gmt":"2023-07-24T20:52:34","guid":{"rendered":"https:\/\/www.infozdrave.com\/p\/prolact-sport-300-g\/"},"modified":"2023-08-18T19:29:59","modified_gmt":"2023-08-18T16:29:59","slug":"prolact-sport-300-g","status":"publish","type":"product","link":"https:\/\/www.infozdrave.com\/ro\/pr\/prolact-sport-300-g\/","title":{"rendered":"Prolact SPORT 300 g"},"content":{"rendered":"<p><em><strong>ProLact Sport<\/strong> a fost ini\u021bial dezvoltat pentru programul spa\u021bial interna\u021bional InterCosmos ca aliment special, de c\u0103tre o echip\u0103 de oameni de \u0219tiin\u021b\u0103 de renume. A fost folosit pentru prima dat\u0103 &icirc;ntr-o misiune spa\u021bial\u0103 &icirc;n 1988. Ulterior, produsul a fost declasificat \u0219i pus la dispozi\u021bie pentru utilizare gratuit\u0103.<\/em><\/p>\n<p>ProLact Sport este un supliment nutritiv func\u021bional probiotic uscat cu lactoz\u0103 sc\u0103zut\u0103 pentru sportivi, ob\u021binut din laptele de vac\u0103 prin fermentarea acidului lactic \u0219i liofilizare. <strong>ProLact Sport<\/strong> este o form\u0103 concentrat\u0103 de iaurt tradi\u021bional bulgar. Bacteriile benefice au rezisten\u021b\u0103 maxim\u0103 \u0219i supravie\u021buire &icirc;n timpul depozit\u0103rii, chiar \u0219i la temperatura camerei. Dup\u0103 dizolvare \u0219i trecerea prin tractul gastro-intestinal, bacteriile benefice ating biodisponibilitatea maxim\u0103 \u0219i un efect probiotic puternic. &Icirc;mbog\u0103\u021bit suplimentar cu concentrat de hidrolizat de lapte cu p&acirc;n\u0103 la 90% proteine \u200b\u200bdescompuse \u0219i f\u0103r\u0103 gr\u0103simi \u0219i carbohidra\u021bi.<\/p>\n<p><strong>ProLact Sport<\/strong> este un produs complet natural \u0219i nu con\u021bine microorganisme modificate genetic, gluten, colesterol, coloran\u021bi artificiali, soia, nuci \u0219i conservan\u021bi.<\/p>\n<p><strong>O doz\u0103 zilnic\u0103 de 10 g con\u021bine:<\/strong><br \/>Con\u021bine 5 miliarde CFU de tulpini probiotice de Lactobacillus delbrueckii spp. bulgaricus \u0219i Streptococcus thermophilus sub forma unui produs probiotic uscat. Proteine \u200b\u200btotale: 5,5 g, (inclusiv amestec de aminoacizi: cistin\u0103, izoleucin\u0103, leucin\u0103, lizin\u0103, metionin\u0103, fenilalanin\u0103, treonin\u0103, triptofan, tirozin\u0103, valin\u0103, alanin\u0103, arginin\u0103, acid aspartic, acid glumic, glicin\u0103, histidin\u0103 prolin, serin\u0103, Lisinoalanin\u0103); Gr\u0103sime: 0,5 g; Glucide: 2,5 g; Pectin\u0103: 0,1 g; Ap\u0103: p&acirc;n\u0103 la 0,6 g; Calciu: 160 mg; Potasiu: 180 mg; Fosfor: 85 mg; Fier: 1,4 mg; Vitamina D: 5 ug; Vitamina B2: 150 ug; Vitamina B1: 20 ug; Vitamina A: 20 &micro;g RE; Proteine \u200b\u200bdin lapte hidrolizate: 5,0 g; Valoare energetic\u0103: 40 Kcal.<\/p>\n<p>Contraindica\u021bii: intoleran\u021b\u0103 la oricare dintre ingredientele produsului. Alergeni: Con\u021bine lactoz\u0103, proteine \u200b\u200bdin lapte!<\/p>\n","protected":false},"excerpt":{"rendered":"<ul>\n<li>Probiotice bogate &icirc;n proteine \u200b\u200bcu hidrolizat de lapte pentru mai mult\u0103 energie;<\/li>\n<li>Con\u021binut ridicat de aminoacizi \u0219i proteine;<\/li>\n<li>Probioticul ajut\u0103 la purificarea &icirc;n timpul \u0219i dup\u0103 antrenament;<\/li>\n<li>Ajut\u0103 la cre\u0219terea masei musculare mai repede.<\/li>\n<\/ul>\n","protected":false},"featured_media":13909,"comment_status":"closed","ping_status":"open","template":"","meta":{"_acf_changed":false,"_seopress_robots_primary_cat":"","_seopress_titles_title":"","_seopress_titles_desc":"","_seopress_robots_index":""},"product_brand":[],"product_cat":[5132],"product_tag":[],"class_list":{"0":"post-13908","1":"product","2":"type-product","3":"status-publish","4":"has-post-thumbnail","6":"product_cat-alimentele-probiotice","7":"pa_oldid-317-ro","8":"pa_oldurlbg-https-www-infozdrave-com-probiotik-sport-300-g-ro","9":"pa_oldurlel-https-www-infozdrave-com-comarticle317el-ro","10":"pa_oldurlen-https-www-infozdrave-com-comarticle317en-ro","11":"pa_oldurlro-https-www-infozdrave-com-prolact-sport-300-g-ro","13":"first","14":"instock","15":"purchasable","16":"product-type-simple"},"acf":[],"_links":{"self":[{"href":"https:\/\/www.infozdrave.com\/ro\/wp-json\/wp\/v2\/product\/13908","targetHints":{"allow":["GET"]}}],"collection":[{"href":"https:\/\/www.infozdrave.com\/ro\/wp-json\/wp\/v2\/product"}],"about":[{"href":"https:\/\/www.infozdrave.com\/ro\/wp-json\/wp\/v2\/types\/product"}],"replies":[{"embeddable":true,"href":"https:\/\/www.infozdrave.com\/ro\/wp-json\/wp\/v2\/comments?post=13908"}],"wp:featuredmedia":[{"embeddable":true,"href":"https:\/\/www.infozdrave.com\/ro\/wp-json\/wp\/v2\/media\/13909"}],"wp:attachment":[{"href":"https:\/\/www.infozdrave.com\/ro\/wp-json\/wp\/v2\/media?parent=13908"}],"wp:term":[{"taxonomy":"product_brand","embeddable":true,"href":"https:\/\/www.infozdrave.com\/ro\/wp-json\/wp\/v2\/product_brand?post=13908"},{"taxonomy":"product_cat","embeddable":true,"href":"https:\/\/www.infozdrave.com\/ro\/wp-json\/wp\/v2\/product_cat?post=13908"},{"taxonomy":"product_tag","embeddable":true,"href":"https:\/\/www.infozdrave.com\/ro\/wp-json\/wp\/v2\/product_tag?post=13908"}],"curies":[{"name":"wp","href":"https:\/\/api.w.org\/{rel}","templated":true}]}}