{"id":13928,"date":"2023-07-24T23:52:34","date_gmt":"2023-07-24T20:52:34","guid":{"rendered":"https:\/\/www.infozdrave.com\/p\/boabe-prolact-kids-300-g\/"},"modified":"2023-08-18T19:30:00","modified_gmt":"2023-08-18T16:30:00","slug":"boabe-prolact-kids-300-g","status":"publish","type":"product","link":"https:\/\/www.infozdrave.com\/ro\/pr\/boabe-prolact-kids-300-g\/","title":{"rendered":"Boabe Prolact KIDS 300 g"},"content":{"rendered":"<p><em>C\u0103p\u0219una <strong>ProLact Kids<\/strong> a fost ini\u021bial dezvoltat\u0103 pentru programul spa\u021bial interna\u021bional InterCosmos, ca hran\u0103 special\u0103 de c\u0103tre o echip\u0103 de oameni de \u0219tiin\u021b\u0103 de renume. A fost folosit pentru prima dat\u0103 &icirc;ntr-o misiune spa\u021bial\u0103 &icirc;n 1988. Ulterior, produsul a fost declasificat \u0219i pus la dispozi\u021bie pentru utilizare gratuit\u0103.<\/em><\/p>\n<p>C\u0103p\u0219una <strong>ProLact Kids<\/strong> este un supliment alimentar func\u021bional probiotic uscat, cu con\u021binut sc\u0103zut de lactoz\u0103, pentru copii, ob\u021binut din lapte de vac\u0103, prin fermentarea acidului lactic \u0219i liofilizare. C\u0103p\u0219una <strong>ProLact Kids<\/strong> este o form\u0103 concentrat\u0103 a iaurtului bulgar tradi\u021bional, &icirc;mbog\u0103\u021bit cu f\u0103in\u0103 de c\u0103p\u0219uni liofilizate. Bacteriile benefice au rezisten\u021b\u0103 maxim\u0103 \u0219i supravie\u021buire &icirc;n timpul depozit\u0103rii, chiar \u0219i la temperatura camerei. Dup\u0103 dizolvare \u0219i trecerea prin tractul gastro-intestinal, bacteriile benefice ating biodisponibilitatea maxim\u0103 \u0219i un efect probiotic puternic.<\/p>\n<p>Doza zilnic\u0103 recomandat\u0103 de 5 linguri de m\u0103surare (10 g) &icirc;nainte de mese. Nu exist\u0103 restric\u021bii privind timpul de administrare a dozei zilnice. Produsul este dizolvat &icirc;n ap\u0103, lapte, iaurt sau alt lichid cu o temperatur\u0103 nu mai mare de 50 &deg; C p&acirc;n\u0103 la densitatea dorit\u0103. Se consum\u0103 f\u0103r\u0103 tratament termic suplimentar pentru a p\u0103stra tulpinile probiotice. De asemenea, poate fi consumat direct sub form\u0103 uscat\u0103. Nu exist\u0103 restric\u021bii privind timpul de administrare a dozei zilnice. C\u0103p\u0219unile liofilizate ad\u0103ugate, care sunt bogate &icirc;n fibre \u0219i vitamine importante \u0219i oligoelemente, pe l&acirc;ng\u0103 gustul deosebit, sunt utile &icirc;n special pentru corpul copilului \u0219i ofer\u0103 energie suplimentar\u0103 at&acirc;t corpului, c&acirc;t \u0219i creierului. Combina\u021bia de c\u0103p\u0219uni probiotice \u0219i naturale este o formul\u0103 pentru copiii t\u0103i s\u0103n\u0103to\u0219i \u0219i ferici\u021bi.<\/p>\n<p>C\u0103p\u0219una <strong>ProLact Kids<\/strong> este un produs natural \u0219i nu con\u021bine microorganisme modificate genetic, gluten, colesterol, coloran\u021bi artificiali, soia, nuci \u0219i conservan\u021bi.<\/p>\n<p><strong>O doz\u0103 zilnic\u0103 de 10 g con\u021bine:<\/strong><br \/>Con\u021bine 6 miliarde CFU de tulpini probiotice de Lactobacillus delbrueckii spp. bulgaricus \u0219i Streptococcus thermophilus sub forma unui produs probiotic uscat. Proteine \u200b\u200btotale: 2,5 g (inclusiv amestec de aminoacizi: cistin\u0103, izoleucin\u0103, leucin\u0103, lizin\u0103, metionin\u0103, fenilalanin\u0103, treonin\u0103, triptofan, tirozin\u0103, valin\u0103, alanin\u0103, arginin\u0103, acid aspartic, acid glumic, glicin\u0103, histidin\u0103, histidin\u0103, histidin\u0103 Proline, Serine, Lisinoalanine); Gr\u0103sime: 0,6 g; Glucide: 5,0 g; Pectin\u0103: 0,1 g; Ap\u0103: p&acirc;n\u0103 la 0,5 g; C\u0103p\u0219uni liofilizate: 4 g; Calciu: 130 mg; Potasiu: 220 mg; Fosfor: 100 mg; Fier: 1,4 mg; Magneziu: 12 mg; Zinc: 0,3 mg; Sare: 1 mg; Vitamina D: 5 ug; Vitamina B2: 100 ug; Vitamina B1: 20 ug; Vitamina A: 20 &micro;g RE; Vitamina C: 35 mg; Vitamina B3: 220 pg; Valoare energetic\u0103: 40 Kcal.<\/p>\n<p>Contraindica\u021bii: intoleran\u021b\u0103 la oricare dintre ingredientele produsului. Alergeni: Con\u021bine lactoz\u0103, proteine \u200b\u200bdin lapte!<\/p>\n","protected":false},"excerpt":{"rendered":"<ul>\n<li>&Icirc;nt\u0103re\u0219te sistemul imunitar;<\/li>\n<li>Contribuie la metabolismul normal \u0219i favorizeaz\u0103 digestia;<\/li>\n<li>Vitaminele \u0219i acizii organici protejeaz\u0103 celulele de stresul oxidativ;<\/li>\n<li>C\u0103p\u0219unile sunt bogate &icirc;n vitamine \u0219i minerale utile;<\/li>\n<\/ul>\n","protected":false},"featured_media":13929,"comment_status":"closed","ping_status":"open","template":"","meta":{"_acf_changed":false,"_seopress_robots_primary_cat":"","_seopress_titles_title":"","_seopress_titles_desc":"","_seopress_robots_index":""},"product_brand":[],"product_cat":[5132],"product_tag":[],"class_list":{"0":"post-13928","1":"product","2":"type-product","3":"status-publish","4":"has-post-thumbnail","6":"product_cat-alimentele-probiotice","7":"pa_oldid-321-ro","8":"pa_oldurlbg-https-www-infozdrave-com-probiotik-kids-yagoda-300-g-ro","9":"pa_oldurlel-https-www-infozdrave-com--prolact-kids-300--ro","10":"pa_oldurlen-https-www-infozdrave-com-prolact-kids-berry-300-g-ro","11":"pa_oldurlro-https-www-infozdrave-com-boabe-prolact-kids-300-g-ro","13":"first","14":"instock","15":"purchasable","16":"product-type-simple"},"acf":[],"_links":{"self":[{"href":"https:\/\/www.infozdrave.com\/ro\/wp-json\/wp\/v2\/product\/13928","targetHints":{"allow":["GET"]}}],"collection":[{"href":"https:\/\/www.infozdrave.com\/ro\/wp-json\/wp\/v2\/product"}],"about":[{"href":"https:\/\/www.infozdrave.com\/ro\/wp-json\/wp\/v2\/types\/product"}],"replies":[{"embeddable":true,"href":"https:\/\/www.infozdrave.com\/ro\/wp-json\/wp\/v2\/comments?post=13928"}],"wp:featuredmedia":[{"embeddable":true,"href":"https:\/\/www.infozdrave.com\/ro\/wp-json\/wp\/v2\/media\/13929"}],"wp:attachment":[{"href":"https:\/\/www.infozdrave.com\/ro\/wp-json\/wp\/v2\/media?parent=13928"}],"wp:term":[{"taxonomy":"product_brand","embeddable":true,"href":"https:\/\/www.infozdrave.com\/ro\/wp-json\/wp\/v2\/product_brand?post=13928"},{"taxonomy":"product_cat","embeddable":true,"href":"https:\/\/www.infozdrave.com\/ro\/wp-json\/wp\/v2\/product_cat?post=13928"},{"taxonomy":"product_tag","embeddable":true,"href":"https:\/\/www.infozdrave.com\/ro\/wp-json\/wp\/v2\/product_tag?post=13928"}],"curies":[{"name":"wp","href":"https:\/\/api.w.org\/{rel}","templated":true}]}}