{"id":13948,"date":"2023-07-24T23:52:34","date_gmt":"2023-07-24T20:52:34","guid":{"rendered":"https:\/\/www.infozdrave.com\/p\/prolact-slim-60-capsule\/"},"modified":"2023-08-18T19:30:01","modified_gmt":"2023-08-18T16:30:01","slug":"prolact-slim-60-capsule","status":"publish","type":"product","link":"https:\/\/www.infozdrave.com\/ro\/pr\/prolact-slim-60-capsule\/","title":{"rendered":"Prolact SLIM + 60 capsule"},"content":{"rendered":"<p><strong>ProLact Slim +<\/strong> este un supliment alimentar probiotic cu con\u021binut sc\u0103zut de lactoz\u0103, ob\u021binut prin fermentare \u0219i liofilizare a acidului lactic \u0219i &icirc;mbog\u0103\u021bit cu cafea verde. <strong>ProLact Slim +<\/strong> este o form\u0103 concentrat\u0103 de iaurt tradi\u021bional bulgar. Bacteriile benefice au rezisten\u021b\u0103 maxim\u0103 \u0219i supravie\u021buire &icirc;n timpul depozit\u0103rii, chiar \u0219i la temperatura camerei. Dup\u0103 dizolvare \u0219i trecerea prin tractul gastro-intestinal, bacteriile benefice ating biodisponibilitatea maxim\u0103 \u0219i un efect probiotic puternic. Probioticele \u0219i cafeaua verde, &icirc;n combina\u021bie cu aminoacizii naturali, ajut\u0103 la arderea mai rapid\u0103 a gr\u0103similor \u0219i la men\u021binerea unei greut\u0103\u021bi corporale normale.<\/p>\n<p><strong>ProLact Slim +<\/strong> este un produs natural \u0219i nu con\u021bine microorganisme modificate genetic, gluten, colesterol, coloran\u021bi artificiali, soia, nuci \u0219i conservan\u021bi. Doza zilnic\u0103 recomandat\u0103 de 2 capsule &icirc;nainte de mese, luate cu lichid. Nu exist\u0103 limite de timp pentru admitere. Temperatura de depozitare recomandat\u0103: sub 24 &deg; C, &icirc;ntr-un loc uscat \u0219i &icirc;ntunecat. Potrivit pentru adul\u021bi \u0219i copii cu v&acirc;rsta peste 3 ani. Contraindica\u021bii: intoleran\u021b\u0103 la oricare dintre ingredientele produsului. <strong>Alergeni: Con\u021bine lactoz\u0103, proteine \u200b\u200bdin lapte!<\/strong> ProLact Slim + este un supliment alimentar probiotic original pentru dieta ra\u021bional\u0103. &Icirc;n aten\u021bia utilizatorului: Nu dep\u0103\u0219i\u021bi doza recomandat\u0103! A nu se l\u0103sa la &icirc;ndem&acirc;na copiilor! Suplimentul alimentar nu poate &icirc;nlocui o diet\u0103 variat\u0103.<\/p>\n<p>Compozi\u021bia a 2 capsule pe baz\u0103 de plante (600 mg) pentru adul\u021bi de 2000 KCal: peste 500 de milioane de tulpini probiotice CFU de Lactobacillus delbrueckii spp. bulgaricus \u0219i Streptococcus thermophilus sub forma unui produs probiotic PL-1C, inclusiv un amestec de aminoacizi. Proteine: 290 mg; Gr\u0103sime: 125 mg; Glucide: 85 mg; Pulbere de cafea verde (Coffea): 60 mg; Excipien\u021bi - stearat de magneziu: 40 mg; Calciu: 7,5 mg; Potasiu: 7,5 mg; Fosfor: 3,9 mg; Fier: 0,07 mg; Vitamina D: 0,25 pg; Vitamina A: 1 pg RE; Vitamina B1: 1 pg; Vitamina B2: 7,5 ug; Valoare energetic\u0103: 1,9 Kcal.<\/p>\n","protected":false},"excerpt":{"rendered":"<ul>\n<li>Cafeaua verde \u0219i probioticele ajut\u0103 la descompunerea normal\u0103 a gr\u0103similor;<\/li>\n<li>Reduce foamea \u0219i cre\u0219te senza\u021bia de sa\u021bietate;<\/li>\n<li>Cre\u0219te arderea gr\u0103similor \u0219i favorizeaz\u0103 metabolismul carbohidra\u021bilor;<\/li>\n<li>Men\u021bine ritmul cardiac &icirc;n limite normale \u0219i favorizeaz\u0103 alimentarea normal\u0103 cu s&acirc;nge a organismului.<\/li>\n<\/ul>\n","protected":false},"featured_media":13949,"comment_status":"closed","ping_status":"open","template":"","meta":{"_acf_changed":false,"_seopress_robots_primary_cat":"","_seopress_titles_title":"","_seopress_titles_desc":"","_seopress_robots_index":""},"product_brand":[],"product_cat":[5135],"product_tag":[],"class_list":{"0":"post-13948","1":"product","2":"type-product","3":"status-publish","4":"has-post-thumbnail","6":"product_cat-probiotice-in-capsule","7":"pa_oldid-325-ro","8":"pa_oldurlbg-https-www-infozdrave-com-probiotik-slim-60-kapsuli-ro","9":"pa_oldurlel-https-www-infozdrave-com-prolact-slim-60--ro","10":"pa_oldurlen-https-www-infozdrave-com-prolact-slim-60-capsules-ro","11":"pa_oldurlro-https-www-infozdrave-com-prolact-slim-60-capsule-ro","13":"first","14":"instock","15":"purchasable","16":"product-type-simple"},"acf":[],"_links":{"self":[{"href":"https:\/\/www.infozdrave.com\/ro\/wp-json\/wp\/v2\/product\/13948","targetHints":{"allow":["GET"]}}],"collection":[{"href":"https:\/\/www.infozdrave.com\/ro\/wp-json\/wp\/v2\/product"}],"about":[{"href":"https:\/\/www.infozdrave.com\/ro\/wp-json\/wp\/v2\/types\/product"}],"replies":[{"embeddable":true,"href":"https:\/\/www.infozdrave.com\/ro\/wp-json\/wp\/v2\/comments?post=13948"}],"wp:featuredmedia":[{"embeddable":true,"href":"https:\/\/www.infozdrave.com\/ro\/wp-json\/wp\/v2\/media\/13949"}],"wp:attachment":[{"href":"https:\/\/www.infozdrave.com\/ro\/wp-json\/wp\/v2\/media?parent=13948"}],"wp:term":[{"taxonomy":"product_brand","embeddable":true,"href":"https:\/\/www.infozdrave.com\/ro\/wp-json\/wp\/v2\/product_brand?post=13948"},{"taxonomy":"product_cat","embeddable":true,"href":"https:\/\/www.infozdrave.com\/ro\/wp-json\/wp\/v2\/product_cat?post=13948"},{"taxonomy":"product_tag","embeddable":true,"href":"https:\/\/www.infozdrave.com\/ro\/wp-json\/wp\/v2\/product_tag?post=13948"}],"curies":[{"name":"wp","href":"https:\/\/api.w.org\/{rel}","templated":true}]}}