{"id":13953,"date":"2023-07-24T23:52:34","date_gmt":"2023-07-24T20:52:34","guid":{"rendered":"https:\/\/www.infozdrave.com\/p\/prolact-sport-60-capsule\/"},"modified":"2023-08-18T19:30:02","modified_gmt":"2023-08-18T16:30:02","slug":"prolact-sport-60-capsule","status":"publish","type":"product","link":"https:\/\/www.infozdrave.com\/ro\/pr\/prolact-sport-60-capsule\/","title":{"rendered":"Prolact SPORT + 60 capsule"},"content":{"rendered":"<p><strong>ProLact Sport +<\/strong> este un supliment alimentar probiotic cu con\u021binut sc\u0103zut de lactoz\u0103, ob\u021binut prin fermentare \u0219i liofilizare a acidului lactic \u0219i &icirc;mbog\u0103\u021bit cu extracte de ginseng \u0219i rhodiola. <strong>ProLact Sport +<\/strong> este o form\u0103 concentrat\u0103 de iaurt tradi\u021bional bulgar. Bacteriile benefice au rezisten\u021b\u0103 maxim\u0103 \u0219i supravie\u021buire &icirc;n timpul depozit\u0103rii, chiar \u0219i la temperatura camerei. Dup\u0103 dizolvare \u0219i trecerea prin tractul gastro-intestinal, bacteriile benefice ating biodisponibilitatea maxim\u0103 \u0219i un efect probiotic puternic. Extractele de ginseng \u0219i rhodiola &icirc;n combina\u021bie cu probiotice au un efect sinergic \u0219i sus\u021bin antrenamentul intens prin cre\u0219terea energiei \u0219i a capacit\u0103\u021bii de concentrare, ac\u021bion&acirc;nd ca adaptogen.<\/p>\n<p><strong>ProLact Sport +<\/strong> este un produs natural \u0219i nu con\u021bine microorganisme modificate genetic, gluten, colesterol, coloran\u021bi artificiali, soia, nuci \u0219i conservan\u021bi. Doza zilnic\u0103 recomandat\u0103 de 2 capsule &icirc;nainte de mese, luate cu lichid. Nu exist\u0103 limite de timp pentru admitere. Temperatura de depozitare recomandat\u0103: sub 24 &deg; C, &icirc;ntr-un loc uscat \u0219i &icirc;ntunecat. Potrivit pentru adul\u021bi \u0219i copii cu v&acirc;rsta peste 3 ani. Contraindica\u021bii: intoleran\u021b\u0103 la oricare dintre ingredientele produsului. <strong>Alergeni: Con\u021bine lactoz\u0103, proteine \u200b\u200bdin lapte!<\/strong> ProLact Sport + este un supliment alimentar probiotic original pentru dieta ra\u021bional\u0103. &Icirc;n aten\u021bia utilizatorului: Nu dep\u0103\u0219i\u021bi doza recomandat\u0103! A nu se l\u0103sa la &icirc;ndem&acirc;na copiilor! Suplimentul alimentar nu poate &icirc;nlocui o diet\u0103 variat\u0103.<\/p>\n<p>Compozi\u021bia a 2 capsule pe baz\u0103 de plante (600 mg) pentru adul\u021bi de 2000 KCal: peste 800 de milioane de tulpini probiotice CFU de Lactobacillus delbrueckii spp. bulgaricus \u0219i Streptococcus thermophilus sub forma unui produs probiotic PL-1C, inclusiv un amestec de aminoacizi. Proteine: 209 mg; Gr\u0103sime: 90 mg; Glucide: 61 mg; Extract de ginseng (Panax ginseng): 100 mg; Extract de Rhodiola rosea: 100 mg; Excipien\u021bi - stearat de magneziu: 40 mg; Calciu: 5,4 mg; Potasiu: 5,4 mg; Fosfor: 2,8 mg; Fier: 0,05 mg; Vitamina D: 0,18 ug; Vitamina A: 0,72 &micro;g RE; Vitamina B1: 0,72 pg; Vitamina B2: 5,4 pg; Valoare energetic\u0103: 1,6 Kcal.<\/p>\n","protected":false},"excerpt":{"rendered":"<ul>\n<li>Ajut\u0103 la cur\u0103\u021barea corpului &icirc;n timpul \u0219i dup\u0103 antrenament;<\/li>\n<li>&Icirc;mbun\u0103t\u0103\u021be\u0219te concentrarea \u0219i tonurile;<\/li>\n<li>Sus\u021bine corpul &icirc;n timpul exerci\u021biilor;<\/li>\n<li>Adaptogen.<\/li>\n<\/ul>\n","protected":false},"featured_media":13954,"comment_status":"closed","ping_status":"open","template":"","meta":{"_acf_changed":false,"_seopress_robots_primary_cat":"","_seopress_titles_title":"","_seopress_titles_desc":"","_seopress_robots_index":""},"product_brand":[],"product_cat":[5135],"product_tag":[],"class_list":{"0":"post-13953","1":"product","2":"type-product","3":"status-publish","4":"has-post-thumbnail","6":"product_cat-probiotice-in-capsule","7":"pa_oldid-326-ro","8":"pa_oldurlbg-https-www-infozdrave-com-probiotik-sport-60-kapsuli-ro","9":"pa_oldurlel-https-www-infozdrave-com-prolact-sport-60--ro","10":"pa_oldurlen-https-www-infozdrave-com-prolact-sport-60-capsules-ro","11":"pa_oldurlro-https-www-infozdrave-com-prolact-sport-60-capsule-ro","13":"first","14":"instock","15":"purchasable","16":"product-type-simple"},"acf":[],"_links":{"self":[{"href":"https:\/\/www.infozdrave.com\/ro\/wp-json\/wp\/v2\/product\/13953","targetHints":{"allow":["GET"]}}],"collection":[{"href":"https:\/\/www.infozdrave.com\/ro\/wp-json\/wp\/v2\/product"}],"about":[{"href":"https:\/\/www.infozdrave.com\/ro\/wp-json\/wp\/v2\/types\/product"}],"replies":[{"embeddable":true,"href":"https:\/\/www.infozdrave.com\/ro\/wp-json\/wp\/v2\/comments?post=13953"}],"wp:featuredmedia":[{"embeddable":true,"href":"https:\/\/www.infozdrave.com\/ro\/wp-json\/wp\/v2\/media\/13954"}],"wp:attachment":[{"href":"https:\/\/www.infozdrave.com\/ro\/wp-json\/wp\/v2\/media?parent=13953"}],"wp:term":[{"taxonomy":"product_brand","embeddable":true,"href":"https:\/\/www.infozdrave.com\/ro\/wp-json\/wp\/v2\/product_brand?post=13953"},{"taxonomy":"product_cat","embeddable":true,"href":"https:\/\/www.infozdrave.com\/ro\/wp-json\/wp\/v2\/product_cat?post=13953"},{"taxonomy":"product_tag","embeddable":true,"href":"https:\/\/www.infozdrave.com\/ro\/wp-json\/wp\/v2\/product_tag?post=13953"}],"curies":[{"name":"wp","href":"https:\/\/api.w.org\/{rel}","templated":true}]}}